{"id":126198,"date":"2026-05-12T09:52:31","date_gmt":"2026-05-12T09:52:31","guid":{"rendered":"https:\/\/elamusspa.ee\/?post_type=product&#038;p=126198"},"modified":"2026-05-12T10:21:13","modified_gmt":"2026-05-12T10:21:13","slug":"klassikaline-vihtlemine-tammevihaga","status":"publish","type":"product","link":"https:\/\/elamusspa.ee\/en\/product\/klassikaline-vihtlemine-tammevihaga\/","title":{"rendered":"Klassikaline vihtlemine tammevihaga"},"content":{"rendered":"<p>Protseduur on suunatud keha s\u00fcgavale l\u00f5\u00f5gastumisele ja taastumisele. Aitab t\u00f5husalt leevendada lihaspingeid, parandab lihaste elastsust ning suurendab nende hapnikuga varustatust. Omab tugevat l\u00f5\u00f5gastavat m\u00f5ju nii f\u00fc\u00fcsilise kui ka vaimse koormuse korral.<\/p>\n<p>Tammevihaga saunask\u00e4ik parandab vereringet, tugevdab nahka, avaldab m\u00f5\u00f5dukat toniseerivat toimet ning aitab taastada sisemist tasakaalu.<\/p>\n<p><strong>Hea teada:<br \/>\n* <\/strong>Vihtlemine toimub Spa21+ Turba-suitsusaunas (Elamus spa p\u00e4\u00e4smega k\u00fclalised toimetatakse vihtlemise ajaks Spa21+ alale)<br \/>\n* Naistel palume kanda vihtlemisel soovitatavalt bikiine (vajadusel saab k\u00fcsida \u00fchekordse pesu).<br \/>\n* Palume olla sauna juures kohal 5-10 min enne vihtlemist.<\/p>\n<p>* Teenus ei sisalda spaap\u00e4\u00e4set.<\/p>\n","protected":false},"excerpt":{"rendered":"<p>Protseduur on suunatud keha s\u00fcgavale l\u00f5\u00f5gastumisele ja taastumisele. Aitab t\u00f5husalt leevendada lihaspingeid, parandab lihaste elastsust ning suurendab nende hapnikuga varustatust. Omab tugevat l\u00f5\u00f5gastavat m\u00f5ju nii f\u00fc\u00fcsilise kui ka vaimse koormuse korral. Tammevihaga saunask\u00e4ik parandab vereringet, tugevdab nahka, avaldab m\u00f5\u00f5dukat toniseerivat toimet ning aitab taastada sisemist tasakaalu. Hea teada: * Vihtlemine toimub Spa21+ Turba-suitsusaunas (Elamus spa [&hellip;]<\/p>\n","protected":false},"featured_media":125714,"template":"","meta":{"_acf_changed":false},"product_cat":[192,209],"product_tag":[],"exclude_global_add_ons":[],"addons":[],"acf":[],"yoast_head":"<!-- This site is optimized with the Yoast SEO plugin v24.0 - https:\/\/yoast.com\/wordpress\/plugins\/seo\/ -->\n<title>Klassikaline vihtlemine tammevihaga - Elamus Spa<\/title>\n<meta name=\"robots\" content=\"index, follow, max-snippet:-1, max-image-preview:large, max-video-preview:-1\" \/>\n<link rel=\"canonical\" href=\"https:\/\/elamusspa.ee\/toode\/klassikaline-vihtlemine-tammevihaga\/\" \/>\n<meta property=\"og:locale\" content=\"en_US\" \/>\n<meta property=\"og:type\" content=\"article\" \/>\n<meta property=\"og:title\" content=\"Klassikaline vihtlemine tammevihaga - Elamus Spa\" \/>\n<meta property=\"og:description\" content=\"Protseduur on suunatud keha s\u00fcgavale l\u00f5\u00f5gastumisele ja taastumisele. Aitab t\u00f5husalt leevendada lihaspingeid, parandab lihaste elastsust ning suurendab nende hapnikuga varustatust. Omab tugevat l\u00f5\u00f5gastavat m\u00f5ju nii f\u00fc\u00fcsilise kui ka vaimse koormuse korral. Tammevihaga saunask\u00e4ik parandab vereringet, tugevdab nahka, avaldab m\u00f5\u00f5dukat toniseerivat toimet ning aitab taastada sisemist tasakaalu. Hea teada: * Vihtlemine toimub Spa21+ Turba-suitsusaunas (Elamus spa [&hellip;]\" \/>\n<meta property=\"og:url\" content=\"https:\/\/elamusspa.ee\/toode\/klassikaline-vihtlemine-tammevihaga\/\" \/>\n<meta property=\"og:site_name\" content=\"Elamus Spa\" \/>\n<meta property=\"article:modified_time\" content=\"2026-05-12T10:21:13+00:00\" \/>\n<meta property=\"og:image\" content=\"https:\/\/elamusspa.ee\/wp-content\/uploads\/2026\/05\/privaatvihtlemine-foto-joosep-ints-47.jpg\" \/>\n\t<meta property=\"og:image:width\" content=\"2048\" \/>\n\t<meta property=\"og:image:height\" content=\"1365\" \/>\n\t<meta property=\"og:image:type\" content=\"image\/jpeg\" \/>\n<meta name=\"twitter:card\" content=\"summary_large_image\" \/>\n<meta name=\"twitter:label1\" content=\"Est. reading time\" \/>\n\t<meta name=\"twitter:data1\" content=\"1 minute\" \/>\n<script type=\"application\/ld+json\" class=\"yoast-schema-graph\">{\"@context\":\"https:\/\/schema.org\",\"@graph\":[{\"@type\":\"WebPage\",\"@id\":\"https:\/\/elamusspa.ee\/toode\/klassikaline-vihtlemine-tammevihaga\/\",\"url\":\"https:\/\/elamusspa.ee\/toode\/klassikaline-vihtlemine-tammevihaga\/\",\"name\":\"Klassikaline vihtlemine tammevihaga - Elamus Spa\",\"isPartOf\":{\"@id\":\"https:\/\/elamusspa.ee\/#website\"},\"primaryImageOfPage\":{\"@id\":\"https:\/\/elamusspa.ee\/toode\/klassikaline-vihtlemine-tammevihaga\/#primaryimage\"},\"image\":{\"@id\":\"https:\/\/elamusspa.ee\/toode\/klassikaline-vihtlemine-tammevihaga\/#primaryimage\"},\"thumbnailUrl\":\"https:\/\/elamusspa.ee\/wp-content\/uploads\/2026\/05\/privaatvihtlemine-foto-joosep-ints-47.jpg\",\"datePublished\":\"2026-05-12T09:52:31+00:00\",\"dateModified\":\"2026-05-12T10:21:13+00:00\",\"breadcrumb\":{\"@id\":\"https:\/\/elamusspa.ee\/toode\/klassikaline-vihtlemine-tammevihaga\/#breadcrumb\"},\"inLanguage\":\"en-US\",\"potentialAction\":[{\"@type\":\"ReadAction\",\"target\":[\"https:\/\/elamusspa.ee\/toode\/klassikaline-vihtlemine-tammevihaga\/\"]}]},{\"@type\":\"ImageObject\",\"inLanguage\":\"en-US\",\"@id\":\"https:\/\/elamusspa.ee\/toode\/klassikaline-vihtlemine-tammevihaga\/#primaryimage\",\"url\":\"https:\/\/elamusspa.ee\/wp-content\/uploads\/2026\/05\/privaatvihtlemine-foto-joosep-ints-47.jpg\",\"contentUrl\":\"https:\/\/elamusspa.ee\/wp-content\/uploads\/2026\/05\/privaatvihtlemine-foto-joosep-ints-47.jpg\",\"width\":2048,\"height\":1365},{\"@type\":\"BreadcrumbList\",\"@id\":\"https:\/\/elamusspa.ee\/toode\/klassikaline-vihtlemine-tammevihaga\/#breadcrumb\",\"itemListElement\":[{\"@type\":\"ListItem\",\"position\":1,\"name\":\"HOME\",\"item\":\"https:\/\/elamusspa.ee\/en\/\"},{\"@type\":\"ListItem\",\"position\":2,\"name\":\"Book a treatment\",\"item\":\"https:\/\/elamusspa.ee\/en\/book-a-treatment\/\"},{\"@type\":\"ListItem\",\"position\":3,\"name\":\"Klassikaline vihtlemine tammevihaga\"}]},{\"@type\":\"WebSite\",\"@id\":\"https:\/\/elamusspa.ee\/#website\",\"url\":\"https:\/\/elamusspa.ee\/\",\"name\":\"Elamus Spa\",\"description\":\"Baltikumi suurim SPA\",\"publisher\":{\"@id\":\"https:\/\/elamusspa.ee\/#organization\"},\"potentialAction\":[{\"@type\":\"SearchAction\",\"target\":{\"@type\":\"EntryPoint\",\"urlTemplate\":\"https:\/\/elamusspa.ee\/?s={search_term_string}\"},\"query-input\":{\"@type\":\"PropertyValueSpecification\",\"valueRequired\":true,\"valueName\":\"search_term_string\"}}],\"inLanguage\":\"en-US\"},{\"@type\":\"Organization\",\"@id\":\"https:\/\/elamusspa.ee\/#organization\",\"name\":\"Elamuste SPA\",\"url\":\"https:\/\/elamusspa.ee\/\",\"logo\":{\"@type\":\"ImageObject\",\"inLanguage\":\"en-US\",\"@id\":\"https:\/\/elamusspa.ee\/#\/schema\/logo\/image\/\",\"url\":\"https:\/\/elamusspa.ee\/wp-content\/uploads\/2020\/11\/asset-9elamusspa.png\",\"contentUrl\":\"https:\/\/elamusspa.ee\/wp-content\/uploads\/2020\/11\/asset-9elamusspa.png\",\"width\":184,\"height\":77,\"caption\":\"Elamuste SPA\"},\"image\":{\"@id\":\"https:\/\/elamusspa.ee\/#\/schema\/logo\/image\/\"}}]}<\/script>\n<!-- \/ Yoast SEO plugin. -->","yoast_head_json":{"title":"Klassikaline vihtlemine tammevihaga - Elamus Spa","robots":{"index":"index","follow":"follow","max-snippet":"max-snippet:-1","max-image-preview":"max-image-preview:large","max-video-preview":"max-video-preview:-1"},"canonical":"https:\/\/elamusspa.ee\/toode\/klassikaline-vihtlemine-tammevihaga\/","og_locale":"en_US","og_type":"article","og_title":"Klassikaline vihtlemine tammevihaga - Elamus Spa","og_description":"Protseduur on suunatud keha s\u00fcgavale l\u00f5\u00f5gastumisele ja taastumisele. Aitab t\u00f5husalt leevendada lihaspingeid, parandab lihaste elastsust ning suurendab nende hapnikuga varustatust. Omab tugevat l\u00f5\u00f5gastavat m\u00f5ju nii f\u00fc\u00fcsilise kui ka vaimse koormuse korral. Tammevihaga saunask\u00e4ik parandab vereringet, tugevdab nahka, avaldab m\u00f5\u00f5dukat toniseerivat toimet ning aitab taastada sisemist tasakaalu. Hea teada: * Vihtlemine toimub Spa21+ Turba-suitsusaunas (Elamus spa [&hellip;]","og_url":"https:\/\/elamusspa.ee\/toode\/klassikaline-vihtlemine-tammevihaga\/","og_site_name":"Elamus Spa","article_modified_time":"2026-05-12T10:21:13+00:00","og_image":[{"width":2048,"height":1365,"url":"https:\/\/elamusspa.ee\/wp-content\/uploads\/2026\/05\/privaatvihtlemine-foto-joosep-ints-47.jpg","type":"image\/jpeg"}],"twitter_card":"summary_large_image","twitter_misc":{"Est. reading time":"1 minute"},"schema":{"@context":"https:\/\/schema.org","@graph":[{"@type":"WebPage","@id":"https:\/\/elamusspa.ee\/toode\/klassikaline-vihtlemine-tammevihaga\/","url":"https:\/\/elamusspa.ee\/toode\/klassikaline-vihtlemine-tammevihaga\/","name":"Klassikaline vihtlemine tammevihaga - Elamus Spa","isPartOf":{"@id":"https:\/\/elamusspa.ee\/#website"},"primaryImageOfPage":{"@id":"https:\/\/elamusspa.ee\/toode\/klassikaline-vihtlemine-tammevihaga\/#primaryimage"},"image":{"@id":"https:\/\/elamusspa.ee\/toode\/klassikaline-vihtlemine-tammevihaga\/#primaryimage"},"thumbnailUrl":"https:\/\/elamusspa.ee\/wp-content\/uploads\/2026\/05\/privaatvihtlemine-foto-joosep-ints-47.jpg","datePublished":"2026-05-12T09:52:31+00:00","dateModified":"2026-05-12T10:21:13+00:00","breadcrumb":{"@id":"https:\/\/elamusspa.ee\/toode\/klassikaline-vihtlemine-tammevihaga\/#breadcrumb"},"inLanguage":"en-US","potentialAction":[{"@type":"ReadAction","target":["https:\/\/elamusspa.ee\/toode\/klassikaline-vihtlemine-tammevihaga\/"]}]},{"@type":"ImageObject","inLanguage":"en-US","@id":"https:\/\/elamusspa.ee\/toode\/klassikaline-vihtlemine-tammevihaga\/#primaryimage","url":"https:\/\/elamusspa.ee\/wp-content\/uploads\/2026\/05\/privaatvihtlemine-foto-joosep-ints-47.jpg","contentUrl":"https:\/\/elamusspa.ee\/wp-content\/uploads\/2026\/05\/privaatvihtlemine-foto-joosep-ints-47.jpg","width":2048,"height":1365},{"@type":"BreadcrumbList","@id":"https:\/\/elamusspa.ee\/toode\/klassikaline-vihtlemine-tammevihaga\/#breadcrumb","itemListElement":[{"@type":"ListItem","position":1,"name":"HOME","item":"https:\/\/elamusspa.ee\/en\/"},{"@type":"ListItem","position":2,"name":"Book a treatment","item":"https:\/\/elamusspa.ee\/en\/book-a-treatment\/"},{"@type":"ListItem","position":3,"name":"Klassikaline vihtlemine tammevihaga"}]},{"@type":"WebSite","@id":"https:\/\/elamusspa.ee\/#website","url":"https:\/\/elamusspa.ee\/","name":"Elamus Spa","description":"Baltikumi suurim SPA","publisher":{"@id":"https:\/\/elamusspa.ee\/#organization"},"potentialAction":[{"@type":"SearchAction","target":{"@type":"EntryPoint","urlTemplate":"https:\/\/elamusspa.ee\/?s={search_term_string}"},"query-input":{"@type":"PropertyValueSpecification","valueRequired":true,"valueName":"search_term_string"}}],"inLanguage":"en-US"},{"@type":"Organization","@id":"https:\/\/elamusspa.ee\/#organization","name":"Elamuste SPA","url":"https:\/\/elamusspa.ee\/","logo":{"@type":"ImageObject","inLanguage":"en-US","@id":"https:\/\/elamusspa.ee\/#\/schema\/logo\/image\/","url":"https:\/\/elamusspa.ee\/wp-content\/uploads\/2020\/11\/asset-9elamusspa.png","contentUrl":"https:\/\/elamusspa.ee\/wp-content\/uploads\/2020\/11\/asset-9elamusspa.png","width":184,"height":77,"caption":"Elamuste SPA"},"image":{"@id":"https:\/\/elamusspa.ee\/#\/schema\/logo\/image\/"}}]}},"_links":{"self":[{"href":"https:\/\/elamusspa.ee\/en\/wp-json\/wp\/v2\/product\/126198"}],"collection":[{"href":"https:\/\/elamusspa.ee\/en\/wp-json\/wp\/v2\/product"}],"about":[{"href":"https:\/\/elamusspa.ee\/en\/wp-json\/wp\/v2\/types\/product"}],"wp:featuredmedia":[{"embeddable":true,"href":"https:\/\/elamusspa.ee\/en\/wp-json\/wp\/v2\/media\/125714"}],"wp:attachment":[{"href":"https:\/\/elamusspa.ee\/en\/wp-json\/wp\/v2\/media?parent=126198"}],"wp:term":[{"taxonomy":"product_cat","embeddable":true,"href":"https:\/\/elamusspa.ee\/en\/wp-json\/wp\/v2\/product_cat?post=126198"},{"taxonomy":"product_tag","embeddable":true,"href":"https:\/\/elamusspa.ee\/en\/wp-json\/wp\/v2\/product_tag?post=126198"}],"curies":[{"name":"wp","href":"https:\/\/api.w.org\/{rel}","templated":true}]}}