{"id":23299,"date":"2021-07-05T09:32:28","date_gmt":"2021-07-05T09:32:28","guid":{"rendered":"https:\/\/elamusspa.ee\/?post_type=product&#038;p=23299"},"modified":"2023-11-27T10:34:37","modified_gmt":"2023-11-27T10:34:37","slug":"grapefruit-dead-sea-salt-refreshing-body-peeling-45-min","status":"publish","type":"product","link":"https:\/\/elamusspa.ee\/en\/product\/grapefruit-dead-sea-salt-refreshing-body-peeling-45-min\/","title":{"rendered":"Grapefruit-Dead Sea salt refreshing body peeling, 45 min"},"content":{"rendered":"<p>Hoolitsuse\u00a0k\u00e4igus kooritakse keha greibi eeterlikke \u00f5lisid sisaldava kehakoorijaga\u00a0 ning sellele j\u00e4rgneb massaa\u017e, mis m\u00f5jub l\u00f5\u00f5gastavalt nii vaimse kui ka f\u00fc\u00fcsilise pinge korral. Valikus on suhkruga kehakoorija ja Surnumere soola sisaldav kehakoorija.<\/p>\n<ul>\n<li><u>Suhkruga koorija<\/u> &#8211; lisaks sellele, et suhkrul on mitmeid omadusi, mis muudavad koorimise t\u00f5husamaks, on selles ka hapet, mis eemaldab nahalt mustuse ja surnud naharakud, mis v\u00f5ivad muidu hakata poore ummistama.<\/li>\n<li style=\"text-align: left;\"><u>Surnumere soolaga koorija<\/u> &#8211; Surnumere soolas sisalduvatel mineraalainetel on erinev terapeutiline toime, nt: aeglustab naha vananemisprotsesse, leevendab stressi ja pingeid, tasakaalustab naha niiskustaset, allergiavastane toime, stimuleerib vereringet, toimib rahustava antiseptikuna.NB! Soovitame hoolitsus planeerida spaa-k\u00fclastuse l\u00f5petuseks.<\/li>\n<\/ul>\n","protected":false},"excerpt":{"rendered":"<p>Hoolitsuse\u00a0k\u00e4igus kooritakse keha greibi eeterlikke \u00f5lisid sisaldava kehakoorijaga\u00a0 ning sellele j\u00e4rgneb massaa\u017e, mis m\u00f5jub l\u00f5\u00f5gastavalt nii vaimse kui ka f\u00fc\u00fcsilise pinge korral. Valikus on suhkruga kehakoorija ja Surnumere soola sisaldav kehakoorija. Suhkruga koorija &#8211; lisaks sellele, et suhkrul on mitmeid omadusi, mis muudavad koorimise t\u00f5husamaks, on selles ka hapet, mis eemaldab nahalt mustuse ja surnud [&hellip;]<\/p>\n","protected":false},"featured_media":73473,"template":"","meta":{"_acf_changed":false},"product_cat":[193],"product_tag":[],"acf":[],"yoast_head":"<!-- This site is optimized with the Yoast SEO plugin v24.0 - https:\/\/yoast.com\/wordpress\/plugins\/seo\/ -->\n<title>Grapefruit-Dead Sea salt refreshing body peeling, 45 min - Elamus Spa<\/title>\n<meta name=\"robots\" content=\"index, follow, max-snippet:-1, max-image-preview:large, max-video-preview:-1\" \/>\n<link rel=\"canonical\" href=\"https:\/\/elamusspa.ee\/en\/product\/grapefruit-dead-sea-salt-refreshing-body-peeling-45-min\/\" \/>\n<meta property=\"og:locale\" content=\"en_US\" \/>\n<meta property=\"og:type\" content=\"article\" \/>\n<meta property=\"og:title\" content=\"Grapefruit-Dead Sea salt refreshing body peeling, 45 min - Elamus Spa\" \/>\n<meta property=\"og:description\" content=\"Hoolitsuse\u00a0k\u00e4igus kooritakse keha greibi eeterlikke \u00f5lisid sisaldava kehakoorijaga\u00a0 ning sellele j\u00e4rgneb massaa\u017e, mis m\u00f5jub l\u00f5\u00f5gastavalt nii vaimse kui ka f\u00fc\u00fcsilise pinge korral. Valikus on suhkruga kehakoorija ja Surnumere soola sisaldav kehakoorija. Suhkruga koorija &#8211; lisaks sellele, et suhkrul on mitmeid omadusi, mis muudavad koorimise t\u00f5husamaks, on selles ka hapet, mis eemaldab nahalt mustuse ja surnud [&hellip;]\" \/>\n<meta property=\"og:url\" content=\"https:\/\/elamusspa.ee\/en\/product\/grapefruit-dead-sea-salt-refreshing-body-peeling-45-min\/\" \/>\n<meta property=\"og:site_name\" content=\"Elamus Spa\" \/>\n<meta property=\"article:modified_time\" content=\"2023-11-27T10:34:37+00:00\" \/>\n<meta property=\"og:image\" content=\"https:\/\/elamusspa.ee\/wp-content\/uploads\/2021\/07\/elamusspa07-scaled.jpeg\" \/>\n\t<meta property=\"og:image:width\" content=\"2049\" \/>\n\t<meta property=\"og:image:height\" content=\"1311\" \/>\n\t<meta property=\"og:image:type\" content=\"image\/jpeg\" \/>\n<meta name=\"twitter:card\" content=\"summary_large_image\" \/>\n<meta name=\"twitter:label1\" content=\"Est. reading time\" \/>\n\t<meta name=\"twitter:data1\" content=\"1 minute\" \/>\n<script type=\"application\/ld+json\" class=\"yoast-schema-graph\">{\"@context\":\"https:\/\/schema.org\",\"@graph\":[{\"@type\":\"WebPage\",\"@id\":\"https:\/\/elamusspa.ee\/en\/product\/grapefruit-dead-sea-salt-refreshing-body-peeling-45-min\/\",\"url\":\"https:\/\/elamusspa.ee\/en\/product\/grapefruit-dead-sea-salt-refreshing-body-peeling-45-min\/\",\"name\":\"Grapefruit-Dead Sea salt refreshing body peeling, 45 min - Elamus Spa\",\"isPartOf\":{\"@id\":\"https:\/\/elamusspa.ee\/#website\"},\"primaryImageOfPage\":{\"@id\":\"https:\/\/elamusspa.ee\/en\/product\/grapefruit-dead-sea-salt-refreshing-body-peeling-45-min\/#primaryimage\"},\"image\":{\"@id\":\"https:\/\/elamusspa.ee\/en\/product\/grapefruit-dead-sea-salt-refreshing-body-peeling-45-min\/#primaryimage\"},\"thumbnailUrl\":\"https:\/\/elamusspa.ee\/wp-content\/uploads\/2021\/07\/greibi-koorimine.jpg\",\"datePublished\":\"2021-07-05T09:32:28+00:00\",\"dateModified\":\"2023-11-27T10:34:37+00:00\",\"breadcrumb\":{\"@id\":\"https:\/\/elamusspa.ee\/en\/product\/grapefruit-dead-sea-salt-refreshing-body-peeling-45-min\/#breadcrumb\"},\"inLanguage\":\"en-US\",\"potentialAction\":[{\"@type\":\"ReadAction\",\"target\":[\"https:\/\/elamusspa.ee\/en\/product\/grapefruit-dead-sea-salt-refreshing-body-peeling-45-min\/\"]}]},{\"@type\":\"ImageObject\",\"inLanguage\":\"en-US\",\"@id\":\"https:\/\/elamusspa.ee\/en\/product\/grapefruit-dead-sea-salt-refreshing-body-peeling-45-min\/#primaryimage\",\"url\":\"https:\/\/elamusspa.ee\/wp-content\/uploads\/2021\/07\/greibi-koorimine.jpg\",\"contentUrl\":\"https:\/\/elamusspa.ee\/wp-content\/uploads\/2021\/07\/greibi-koorimine.jpg\",\"width\":1300,\"height\":650},{\"@type\":\"BreadcrumbList\",\"@id\":\"https:\/\/elamusspa.ee\/en\/product\/grapefruit-dead-sea-salt-refreshing-body-peeling-45-min\/#breadcrumb\",\"itemListElement\":[{\"@type\":\"ListItem\",\"position\":1,\"name\":\"HOME\",\"item\":\"https:\/\/elamusspa.ee\/en\/\"},{\"@type\":\"ListItem\",\"position\":2,\"name\":\"Book a treatment\",\"item\":\"https:\/\/elamusspa.ee\/en\/book-a-treatment\/\"},{\"@type\":\"ListItem\",\"position\":3,\"name\":\"Grapefruit-Dead Sea salt refreshing body peeling, 45 min\"}]},{\"@type\":\"WebSite\",\"@id\":\"https:\/\/elamusspa.ee\/#website\",\"url\":\"https:\/\/elamusspa.ee\/\",\"name\":\"Elamus Spa\",\"description\":\"Baltikumi suurim SPA\",\"publisher\":{\"@id\":\"https:\/\/elamusspa.ee\/#organization\"},\"potentialAction\":[{\"@type\":\"SearchAction\",\"target\":{\"@type\":\"EntryPoint\",\"urlTemplate\":\"https:\/\/elamusspa.ee\/?s={search_term_string}\"},\"query-input\":{\"@type\":\"PropertyValueSpecification\",\"valueRequired\":true,\"valueName\":\"search_term_string\"}}],\"inLanguage\":\"en-US\"},{\"@type\":\"Organization\",\"@id\":\"https:\/\/elamusspa.ee\/#organization\",\"name\":\"Elamuste SPA\",\"url\":\"https:\/\/elamusspa.ee\/\",\"logo\":{\"@type\":\"ImageObject\",\"inLanguage\":\"en-US\",\"@id\":\"https:\/\/elamusspa.ee\/#\/schema\/logo\/image\/\",\"url\":\"https:\/\/elamusspa.ee\/wp-content\/uploads\/2020\/11\/asset-9elamusspa.png\",\"contentUrl\":\"https:\/\/elamusspa.ee\/wp-content\/uploads\/2020\/11\/asset-9elamusspa.png\",\"width\":184,\"height\":77,\"caption\":\"Elamuste SPA\"},\"image\":{\"@id\":\"https:\/\/elamusspa.ee\/#\/schema\/logo\/image\/\"}}]}<\/script>\n<!-- \/ Yoast SEO plugin. -->","yoast_head_json":{"title":"Grapefruit-Dead Sea salt refreshing body peeling, 45 min - Elamus Spa","robots":{"index":"index","follow":"follow","max-snippet":"max-snippet:-1","max-image-preview":"max-image-preview:large","max-video-preview":"max-video-preview:-1"},"canonical":"https:\/\/elamusspa.ee\/en\/product\/grapefruit-dead-sea-salt-refreshing-body-peeling-45-min\/","og_locale":"en_US","og_type":"article","og_title":"Grapefruit-Dead Sea salt refreshing body peeling, 45 min - Elamus Spa","og_description":"Hoolitsuse\u00a0k\u00e4igus kooritakse keha greibi eeterlikke \u00f5lisid sisaldava kehakoorijaga\u00a0 ning sellele j\u00e4rgneb massaa\u017e, mis m\u00f5jub l\u00f5\u00f5gastavalt nii vaimse kui ka f\u00fc\u00fcsilise pinge korral. Valikus on suhkruga kehakoorija ja Surnumere soola sisaldav kehakoorija. Suhkruga koorija &#8211; lisaks sellele, et suhkrul on mitmeid omadusi, mis muudavad koorimise t\u00f5husamaks, on selles ka hapet, mis eemaldab nahalt mustuse ja surnud [&hellip;]","og_url":"https:\/\/elamusspa.ee\/en\/product\/grapefruit-dead-sea-salt-refreshing-body-peeling-45-min\/","og_site_name":"Elamus Spa","article_modified_time":"2023-11-27T10:34:37+00:00","og_image":[{"width":2049,"height":1311,"url":"https:\/\/elamusspa.ee\/wp-content\/uploads\/2021\/07\/elamusspa07-scaled.jpeg","type":"image\/jpeg"}],"twitter_card":"summary_large_image","twitter_misc":{"Est. reading time":"1 minute"},"schema":{"@context":"https:\/\/schema.org","@graph":[{"@type":"WebPage","@id":"https:\/\/elamusspa.ee\/en\/product\/grapefruit-dead-sea-salt-refreshing-body-peeling-45-min\/","url":"https:\/\/elamusspa.ee\/en\/product\/grapefruit-dead-sea-salt-refreshing-body-peeling-45-min\/","name":"Grapefruit-Dead Sea salt refreshing body peeling, 45 min - Elamus Spa","isPartOf":{"@id":"https:\/\/elamusspa.ee\/#website"},"primaryImageOfPage":{"@id":"https:\/\/elamusspa.ee\/en\/product\/grapefruit-dead-sea-salt-refreshing-body-peeling-45-min\/#primaryimage"},"image":{"@id":"https:\/\/elamusspa.ee\/en\/product\/grapefruit-dead-sea-salt-refreshing-body-peeling-45-min\/#primaryimage"},"thumbnailUrl":"https:\/\/elamusspa.ee\/wp-content\/uploads\/2021\/07\/greibi-koorimine.jpg","datePublished":"2021-07-05T09:32:28+00:00","dateModified":"2023-11-27T10:34:37+00:00","breadcrumb":{"@id":"https:\/\/elamusspa.ee\/en\/product\/grapefruit-dead-sea-salt-refreshing-body-peeling-45-min\/#breadcrumb"},"inLanguage":"en-US","potentialAction":[{"@type":"ReadAction","target":["https:\/\/elamusspa.ee\/en\/product\/grapefruit-dead-sea-salt-refreshing-body-peeling-45-min\/"]}]},{"@type":"ImageObject","inLanguage":"en-US","@id":"https:\/\/elamusspa.ee\/en\/product\/grapefruit-dead-sea-salt-refreshing-body-peeling-45-min\/#primaryimage","url":"https:\/\/elamusspa.ee\/wp-content\/uploads\/2021\/07\/greibi-koorimine.jpg","contentUrl":"https:\/\/elamusspa.ee\/wp-content\/uploads\/2021\/07\/greibi-koorimine.jpg","width":1300,"height":650},{"@type":"BreadcrumbList","@id":"https:\/\/elamusspa.ee\/en\/product\/grapefruit-dead-sea-salt-refreshing-body-peeling-45-min\/#breadcrumb","itemListElement":[{"@type":"ListItem","position":1,"name":"HOME","item":"https:\/\/elamusspa.ee\/en\/"},{"@type":"ListItem","position":2,"name":"Book a treatment","item":"https:\/\/elamusspa.ee\/en\/book-a-treatment\/"},{"@type":"ListItem","position":3,"name":"Grapefruit-Dead Sea salt refreshing body peeling, 45 min"}]},{"@type":"WebSite","@id":"https:\/\/elamusspa.ee\/#website","url":"https:\/\/elamusspa.ee\/","name":"Elamus Spa","description":"Baltikumi suurim SPA","publisher":{"@id":"https:\/\/elamusspa.ee\/#organization"},"potentialAction":[{"@type":"SearchAction","target":{"@type":"EntryPoint","urlTemplate":"https:\/\/elamusspa.ee\/?s={search_term_string}"},"query-input":{"@type":"PropertyValueSpecification","valueRequired":true,"valueName":"search_term_string"}}],"inLanguage":"en-US"},{"@type":"Organization","@id":"https:\/\/elamusspa.ee\/#organization","name":"Elamuste SPA","url":"https:\/\/elamusspa.ee\/","logo":{"@type":"ImageObject","inLanguage":"en-US","@id":"https:\/\/elamusspa.ee\/#\/schema\/logo\/image\/","url":"https:\/\/elamusspa.ee\/wp-content\/uploads\/2020\/11\/asset-9elamusspa.png","contentUrl":"https:\/\/elamusspa.ee\/wp-content\/uploads\/2020\/11\/asset-9elamusspa.png","width":184,"height":77,"caption":"Elamuste SPA"},"image":{"@id":"https:\/\/elamusspa.ee\/#\/schema\/logo\/image\/"}}]}},"_links":{"self":[{"href":"https:\/\/elamusspa.ee\/en\/wp-json\/wp\/v2\/product\/23299"}],"collection":[{"href":"https:\/\/elamusspa.ee\/en\/wp-json\/wp\/v2\/product"}],"about":[{"href":"https:\/\/elamusspa.ee\/en\/wp-json\/wp\/v2\/types\/product"}],"wp:featuredmedia":[{"embeddable":true,"href":"https:\/\/elamusspa.ee\/en\/wp-json\/wp\/v2\/media\/73473"}],"wp:attachment":[{"href":"https:\/\/elamusspa.ee\/en\/wp-json\/wp\/v2\/media?parent=23299"}],"wp:term":[{"taxonomy":"product_cat","embeddable":true,"href":"https:\/\/elamusspa.ee\/en\/wp-json\/wp\/v2\/product_cat?post=23299"},{"taxonomy":"product_tag","embeddable":true,"href":"https:\/\/elamusspa.ee\/en\/wp-json\/wp\/v2\/product_tag?post=23299"}],"curies":[{"name":"wp","href":"https:\/\/api.w.org\/{rel}","templated":true}]}}