{"id":55319,"date":"2023-03-28T07:32:17","date_gmt":"2023-03-28T07:32:17","guid":{"rendered":"https:\/\/elamusspa.ee\/toode\/elamuskaart-vali-summa\/"},"modified":"2024-04-01T08:31:12","modified_gmt":"2024-04-01T08:31:12","slug":"a-gift-card-select-amount-10-100e","status":"publish","type":"product","link":"https:\/\/elamusspa.ee\/en\/product\/a-gift-card-select-amount-10-100e\/","title":{"rendered":"A gift card select amount 10-100\u20ac"},"content":{"rendered":"<p><strong>KINKEKAART KEHTIB 2 AASTAT!<\/strong><\/p>\n<p>Mustam\u00e4e Elamus Spa elamuskaart on t\u00e4iuslik kingivalik.<br \/>\nV\u00f5imaldab Sinul ja s\u00f5bral teha just seda, mida hing ihaldab:<br \/>\nlihtsalt saunakeskuses m\u00f5nuleda ja rituaalides osaleda,<br \/>\nkosutada end meelp\u00e4rase joogi ja s\u00f6\u00f6giga v\u00f5i<br \/>\nnautida kehale ja vaimule pai tegevaid hoolitsusi.<\/p>\n<p>Elamuskaardid erinevas v\u00e4\u00e4rtuses on saadaval onlines ja Elamus Spas.<br \/>\nKliendil on kohustus peale ostu sooritamist kinkekaart koheselt alla laadida.<\/p>\n<p>&nbsp;<\/p>\n","protected":false},"excerpt":{"rendered":"<p>KINKEKAART KEHTIB 2 AASTAT! Mustam\u00e4e Elamus Spa elamuskaart on t\u00e4iuslik kingivalik. V\u00f5imaldab Sinul ja s\u00f5bral teha just seda, mida hing ihaldab: lihtsalt saunakeskuses m\u00f5nuleda ja rituaalides osaleda, kosutada end meelp\u00e4rase joogi ja s\u00f6\u00f6giga v\u00f5i nautida kehale ja vaimule pai tegevaid hoolitsusi. Elamuskaardid erinevas v\u00e4\u00e4rtuses on saadaval onlines ja Elamus Spas. Kliendil on kohustus peale ostu [&hellip;]<\/p>\n","protected":false},"featured_media":90115,"template":"","meta":{"_acf_changed":false},"product_cat":[197,178],"product_tag":[],"acf":[],"yoast_head":"<!-- This site is optimized with the Yoast SEO plugin v24.0 - https:\/\/yoast.com\/wordpress\/plugins\/seo\/ -->\n<title>A gift card select amount 10-100\u20ac - Elamus Spa<\/title>\n<meta name=\"robots\" content=\"index, follow, max-snippet:-1, max-image-preview:large, max-video-preview:-1\" \/>\n<link rel=\"canonical\" href=\"https:\/\/elamusspa.ee\/en\/product\/a-gift-card-select-amount-10-100e\/\" \/>\n<meta property=\"og:locale\" content=\"en_US\" \/>\n<meta property=\"og:type\" content=\"article\" \/>\n<meta property=\"og:title\" content=\"A gift card select amount 10-100\u20ac - Elamus Spa\" \/>\n<meta property=\"og:description\" content=\"KINKEKAART KEHTIB 2 AASTAT! Mustam\u00e4e Elamus Spa elamuskaart on t\u00e4iuslik kingivalik. V\u00f5imaldab Sinul ja s\u00f5bral teha just seda, mida hing ihaldab: lihtsalt saunakeskuses m\u00f5nuleda ja rituaalides osaleda, kosutada end meelp\u00e4rase joogi ja s\u00f6\u00f6giga v\u00f5i nautida kehale ja vaimule pai tegevaid hoolitsusi. Elamuskaardid erinevas v\u00e4\u00e4rtuses on saadaval onlines ja Elamus Spas. Kliendil on kohustus peale ostu [&hellip;]\" \/>\n<meta property=\"og:url\" content=\"https:\/\/elamusspa.ee\/en\/product\/a-gift-card-select-amount-10-100e\/\" \/>\n<meta property=\"og:site_name\" content=\"Elamus Spa\" \/>\n<meta property=\"article:modified_time\" content=\"2024-04-01T08:31:12+00:00\" \/>\n<meta property=\"og:image\" content=\"https:\/\/elamusspa.ee\/wp-content\/uploads\/2025\/03\/elamuskaart_100e.jpg\" \/>\n\t<meta property=\"og:image:width\" content=\"2000\" \/>\n\t<meta property=\"og:image:height\" content=\"972\" \/>\n\t<meta property=\"og:image:type\" content=\"image\/jpeg\" \/>\n<meta name=\"twitter:card\" content=\"summary_large_image\" \/>\n<meta name=\"twitter:label1\" content=\"Est. reading time\" \/>\n\t<meta name=\"twitter:data1\" content=\"1 minute\" \/>\n<script type=\"application\/ld+json\" class=\"yoast-schema-graph\">{\"@context\":\"https:\/\/schema.org\",\"@graph\":[{\"@type\":\"WebPage\",\"@id\":\"https:\/\/elamusspa.ee\/en\/product\/a-gift-card-select-amount-10-100e\/\",\"url\":\"https:\/\/elamusspa.ee\/en\/product\/a-gift-card-select-amount-10-100e\/\",\"name\":\"A gift card select amount 10-100\u20ac - Elamus Spa\",\"isPartOf\":{\"@id\":\"https:\/\/elamusspa.ee\/#website\"},\"primaryImageOfPage\":{\"@id\":\"https:\/\/elamusspa.ee\/en\/product\/a-gift-card-select-amount-10-100e\/#primaryimage\"},\"image\":{\"@id\":\"https:\/\/elamusspa.ee\/en\/product\/a-gift-card-select-amount-10-100e\/#primaryimage\"},\"thumbnailUrl\":\"https:\/\/elamusspa.ee\/wp-content\/uploads\/2025\/03\/elamuskaart_100e.jpg\",\"datePublished\":\"2023-03-28T07:32:17+00:00\",\"dateModified\":\"2024-04-01T08:31:12+00:00\",\"breadcrumb\":{\"@id\":\"https:\/\/elamusspa.ee\/en\/product\/a-gift-card-select-amount-10-100e\/#breadcrumb\"},\"inLanguage\":\"en-US\",\"potentialAction\":[{\"@type\":\"ReadAction\",\"target\":[\"https:\/\/elamusspa.ee\/en\/product\/a-gift-card-select-amount-10-100e\/\"]}]},{\"@type\":\"ImageObject\",\"inLanguage\":\"en-US\",\"@id\":\"https:\/\/elamusspa.ee\/en\/product\/a-gift-card-select-amount-10-100e\/#primaryimage\",\"url\":\"https:\/\/elamusspa.ee\/wp-content\/uploads\/2025\/03\/elamuskaart_100e.jpg\",\"contentUrl\":\"https:\/\/elamusspa.ee\/wp-content\/uploads\/2025\/03\/elamuskaart_100e.jpg\",\"width\":2000,\"height\":972},{\"@type\":\"BreadcrumbList\",\"@id\":\"https:\/\/elamusspa.ee\/en\/product\/a-gift-card-select-amount-10-100e\/#breadcrumb\",\"itemListElement\":[{\"@type\":\"ListItem\",\"position\":1,\"name\":\"HOME\",\"item\":\"https:\/\/elamusspa.ee\/en\/\"},{\"@type\":\"ListItem\",\"position\":2,\"name\":\"Book a treatment\",\"item\":\"https:\/\/elamusspa.ee\/en\/book-a-treatment\/\"},{\"@type\":\"ListItem\",\"position\":3,\"name\":\"A gift card select amount 10-100\u20ac\"}]},{\"@type\":\"WebSite\",\"@id\":\"https:\/\/elamusspa.ee\/#website\",\"url\":\"https:\/\/elamusspa.ee\/\",\"name\":\"Elamus Spa\",\"description\":\"Baltikumi suurim SPA\",\"publisher\":{\"@id\":\"https:\/\/elamusspa.ee\/#organization\"},\"potentialAction\":[{\"@type\":\"SearchAction\",\"target\":{\"@type\":\"EntryPoint\",\"urlTemplate\":\"https:\/\/elamusspa.ee\/?s={search_term_string}\"},\"query-input\":{\"@type\":\"PropertyValueSpecification\",\"valueRequired\":true,\"valueName\":\"search_term_string\"}}],\"inLanguage\":\"en-US\"},{\"@type\":\"Organization\",\"@id\":\"https:\/\/elamusspa.ee\/#organization\",\"name\":\"Elamuste SPA\",\"url\":\"https:\/\/elamusspa.ee\/\",\"logo\":{\"@type\":\"ImageObject\",\"inLanguage\":\"en-US\",\"@id\":\"https:\/\/elamusspa.ee\/#\/schema\/logo\/image\/\",\"url\":\"https:\/\/elamusspa.ee\/wp-content\/uploads\/2020\/11\/asset-9elamusspa.png\",\"contentUrl\":\"https:\/\/elamusspa.ee\/wp-content\/uploads\/2020\/11\/asset-9elamusspa.png\",\"width\":184,\"height\":77,\"caption\":\"Elamuste SPA\"},\"image\":{\"@id\":\"https:\/\/elamusspa.ee\/#\/schema\/logo\/image\/\"}}]}<\/script>\n<!-- \/ Yoast SEO plugin. -->","yoast_head_json":{"title":"A gift card select amount 10-100\u20ac - Elamus Spa","robots":{"index":"index","follow":"follow","max-snippet":"max-snippet:-1","max-image-preview":"max-image-preview:large","max-video-preview":"max-video-preview:-1"},"canonical":"https:\/\/elamusspa.ee\/en\/product\/a-gift-card-select-amount-10-100e\/","og_locale":"en_US","og_type":"article","og_title":"A gift card select amount 10-100\u20ac - Elamus Spa","og_description":"KINKEKAART KEHTIB 2 AASTAT! Mustam\u00e4e Elamus Spa elamuskaart on t\u00e4iuslik kingivalik. V\u00f5imaldab Sinul ja s\u00f5bral teha just seda, mida hing ihaldab: lihtsalt saunakeskuses m\u00f5nuleda ja rituaalides osaleda, kosutada end meelp\u00e4rase joogi ja s\u00f6\u00f6giga v\u00f5i nautida kehale ja vaimule pai tegevaid hoolitsusi. Elamuskaardid erinevas v\u00e4\u00e4rtuses on saadaval onlines ja Elamus Spas. Kliendil on kohustus peale ostu [&hellip;]","og_url":"https:\/\/elamusspa.ee\/en\/product\/a-gift-card-select-amount-10-100e\/","og_site_name":"Elamus Spa","article_modified_time":"2024-04-01T08:31:12+00:00","og_image":[{"width":2000,"height":972,"url":"https:\/\/elamusspa.ee\/wp-content\/uploads\/2025\/03\/elamuskaart_100e.jpg","type":"image\/jpeg"}],"twitter_card":"summary_large_image","twitter_misc":{"Est. reading time":"1 minute"},"schema":{"@context":"https:\/\/schema.org","@graph":[{"@type":"WebPage","@id":"https:\/\/elamusspa.ee\/en\/product\/a-gift-card-select-amount-10-100e\/","url":"https:\/\/elamusspa.ee\/en\/product\/a-gift-card-select-amount-10-100e\/","name":"A gift card select amount 10-100\u20ac - Elamus Spa","isPartOf":{"@id":"https:\/\/elamusspa.ee\/#website"},"primaryImageOfPage":{"@id":"https:\/\/elamusspa.ee\/en\/product\/a-gift-card-select-amount-10-100e\/#primaryimage"},"image":{"@id":"https:\/\/elamusspa.ee\/en\/product\/a-gift-card-select-amount-10-100e\/#primaryimage"},"thumbnailUrl":"https:\/\/elamusspa.ee\/wp-content\/uploads\/2025\/03\/elamuskaart_100e.jpg","datePublished":"2023-03-28T07:32:17+00:00","dateModified":"2024-04-01T08:31:12+00:00","breadcrumb":{"@id":"https:\/\/elamusspa.ee\/en\/product\/a-gift-card-select-amount-10-100e\/#breadcrumb"},"inLanguage":"en-US","potentialAction":[{"@type":"ReadAction","target":["https:\/\/elamusspa.ee\/en\/product\/a-gift-card-select-amount-10-100e\/"]}]},{"@type":"ImageObject","inLanguage":"en-US","@id":"https:\/\/elamusspa.ee\/en\/product\/a-gift-card-select-amount-10-100e\/#primaryimage","url":"https:\/\/elamusspa.ee\/wp-content\/uploads\/2025\/03\/elamuskaart_100e.jpg","contentUrl":"https:\/\/elamusspa.ee\/wp-content\/uploads\/2025\/03\/elamuskaart_100e.jpg","width":2000,"height":972},{"@type":"BreadcrumbList","@id":"https:\/\/elamusspa.ee\/en\/product\/a-gift-card-select-amount-10-100e\/#breadcrumb","itemListElement":[{"@type":"ListItem","position":1,"name":"HOME","item":"https:\/\/elamusspa.ee\/en\/"},{"@type":"ListItem","position":2,"name":"Book a treatment","item":"https:\/\/elamusspa.ee\/en\/book-a-treatment\/"},{"@type":"ListItem","position":3,"name":"A gift card select amount 10-100\u20ac"}]},{"@type":"WebSite","@id":"https:\/\/elamusspa.ee\/#website","url":"https:\/\/elamusspa.ee\/","name":"Elamus Spa","description":"Baltikumi suurim SPA","publisher":{"@id":"https:\/\/elamusspa.ee\/#organization"},"potentialAction":[{"@type":"SearchAction","target":{"@type":"EntryPoint","urlTemplate":"https:\/\/elamusspa.ee\/?s={search_term_string}"},"query-input":{"@type":"PropertyValueSpecification","valueRequired":true,"valueName":"search_term_string"}}],"inLanguage":"en-US"},{"@type":"Organization","@id":"https:\/\/elamusspa.ee\/#organization","name":"Elamuste SPA","url":"https:\/\/elamusspa.ee\/","logo":{"@type":"ImageObject","inLanguage":"en-US","@id":"https:\/\/elamusspa.ee\/#\/schema\/logo\/image\/","url":"https:\/\/elamusspa.ee\/wp-content\/uploads\/2020\/11\/asset-9elamusspa.png","contentUrl":"https:\/\/elamusspa.ee\/wp-content\/uploads\/2020\/11\/asset-9elamusspa.png","width":184,"height":77,"caption":"Elamuste SPA"},"image":{"@id":"https:\/\/elamusspa.ee\/#\/schema\/logo\/image\/"}}]}},"_links":{"self":[{"href":"https:\/\/elamusspa.ee\/en\/wp-json\/wp\/v2\/product\/55319"}],"collection":[{"href":"https:\/\/elamusspa.ee\/en\/wp-json\/wp\/v2\/product"}],"about":[{"href":"https:\/\/elamusspa.ee\/en\/wp-json\/wp\/v2\/types\/product"}],"wp:featuredmedia":[{"embeddable":true,"href":"https:\/\/elamusspa.ee\/en\/wp-json\/wp\/v2\/media\/90115"}],"wp:attachment":[{"href":"https:\/\/elamusspa.ee\/en\/wp-json\/wp\/v2\/media?parent=55319"}],"wp:term":[{"taxonomy":"product_cat","embeddable":true,"href":"https:\/\/elamusspa.ee\/en\/wp-json\/wp\/v2\/product_cat?post=55319"},{"taxonomy":"product_tag","embeddable":true,"href":"https:\/\/elamusspa.ee\/en\/wp-json\/wp\/v2\/product_tag?post=55319"}],"curies":[{"name":"wp","href":"https:\/\/api.w.org\/{rel}","templated":true}]}}