{"id":56141,"date":"2023-03-28T08:42:39","date_gmt":"2023-03-28T08:42:39","guid":{"rendered":"https:\/\/elamusspa.ee\/toode\/elamuskaart-sokolaadimassaaz-45min\/"},"modified":"2023-11-27T10:21:25","modified_gmt":"2023-11-27T10:21:25","slug":"a-gift-card-chocolate-massage-45-min","status":"publish","type":"product","link":"https:\/\/elamusspa.ee\/en\/product\/a-gift-card-chocolate-massage-45-min\/","title":{"rendered":"A gift card  Chocolate massage 45 min"},"content":{"rendered":"<p><strong>KINKEKAART KEHTIB 2 AASTAT!<\/strong><\/p>\n<p>Elamus Spa hoolitsuste kinkekaart on suurep\u00e4rane kingivalik, mis pakub laia valikut l\u00f5\u00f5gastavaid ja kvaliteetseid hoolitsusi ning v\u00f5imaldab saajal ise valida endale sobiva aja ja hoolitsuse.<\/p>\n<p>Elamuskaardid erinevas v\u00e4\u00e4rtuses ja erinevatele hooltistustele on saadaval onlines ja Elamus Spas.<br \/>\nKliendil on kohustus peale ostu sooritamist kinkekaart koheselt alla laadida.<\/p>\n","protected":false},"excerpt":{"rendered":"<p>KINKEKAART KEHTIB 2 AASTAT! Elamus Spa hoolitsuste kinkekaart on suurep\u00e4rane kingivalik, mis pakub laia valikut l\u00f5\u00f5gastavaid ja kvaliteetseid hoolitsusi ning v\u00f5imaldab saajal ise valida endale sobiva aja ja hoolitsuse. Elamuskaardid erinevas v\u00e4\u00e4rtuses ja erinevatele hooltistustele on saadaval onlines ja Elamus Spas. Kliendil on kohustus peale ostu sooritamist kinkekaart koheselt alla laadida.<\/p>\n","protected":false},"featured_media":41633,"template":"","meta":{"_acf_changed":false},"product_cat":[197,178],"product_tag":[],"acf":[],"yoast_head":"<!-- This site is optimized with the Yoast SEO plugin v24.0 - https:\/\/yoast.com\/wordpress\/plugins\/seo\/ -->\n<title>A gift card Chocolate massage 45 min - Elamus Spa<\/title>\n<meta name=\"robots\" content=\"index, follow, max-snippet:-1, max-image-preview:large, max-video-preview:-1\" \/>\n<link rel=\"canonical\" href=\"https:\/\/elamusspa.ee\/en\/product\/a-gift-card-chocolate-massage-45-min\/\" \/>\n<meta property=\"og:locale\" content=\"en_US\" \/>\n<meta property=\"og:type\" content=\"article\" \/>\n<meta property=\"og:title\" content=\"A gift card Chocolate massage 45 min - Elamus Spa\" \/>\n<meta property=\"og:description\" content=\"KINKEKAART KEHTIB 2 AASTAT! Elamus Spa hoolitsuste kinkekaart on suurep\u00e4rane kingivalik, mis pakub laia valikut l\u00f5\u00f5gastavaid ja kvaliteetseid hoolitsusi ning v\u00f5imaldab saajal ise valida endale sobiva aja ja hoolitsuse. Elamuskaardid erinevas v\u00e4\u00e4rtuses ja erinevatele hooltistustele on saadaval onlines ja Elamus Spas. Kliendil on kohustus peale ostu sooritamist kinkekaart koheselt alla laadida.\" \/>\n<meta property=\"og:url\" content=\"https:\/\/elamusspa.ee\/en\/product\/a-gift-card-chocolate-massage-45-min\/\" \/>\n<meta property=\"og:site_name\" content=\"Elamus Spa\" \/>\n<meta property=\"article:modified_time\" content=\"2023-11-27T10:21:25+00:00\" \/>\n<meta property=\"og:image\" content=\"https:\/\/elamusspa.ee\/wp-content\/uploads\/2023\/02\/elamuskaart_sokolaadimassaaz_page-0001.jpg\" \/>\n\t<meta property=\"og:image:width\" content=\"1276\" \/>\n\t<meta property=\"og:image:height\" content=\"621\" \/>\n\t<meta property=\"og:image:type\" content=\"image\/jpeg\" \/>\n<meta name=\"twitter:card\" content=\"summary_large_image\" \/>\n<meta name=\"twitter:label1\" content=\"Est. reading time\" \/>\n\t<meta name=\"twitter:data1\" content=\"1 minute\" \/>\n<script type=\"application\/ld+json\" class=\"yoast-schema-graph\">{\"@context\":\"https:\/\/schema.org\",\"@graph\":[{\"@type\":\"WebPage\",\"@id\":\"https:\/\/elamusspa.ee\/en\/product\/a-gift-card-chocolate-massage-45-min\/\",\"url\":\"https:\/\/elamusspa.ee\/en\/product\/a-gift-card-chocolate-massage-45-min\/\",\"name\":\"A gift card Chocolate massage 45 min - Elamus Spa\",\"isPartOf\":{\"@id\":\"https:\/\/elamusspa.ee\/#website\"},\"primaryImageOfPage\":{\"@id\":\"https:\/\/elamusspa.ee\/en\/product\/a-gift-card-chocolate-massage-45-min\/#primaryimage\"},\"image\":{\"@id\":\"https:\/\/elamusspa.ee\/en\/product\/a-gift-card-chocolate-massage-45-min\/#primaryimage\"},\"thumbnailUrl\":\"https:\/\/elamusspa.ee\/wp-content\/uploads\/2023\/02\/elamuskaart_sokolaadimassaaz_page-0001.jpg\",\"datePublished\":\"2023-03-28T08:42:39+00:00\",\"dateModified\":\"2023-11-27T10:21:25+00:00\",\"breadcrumb\":{\"@id\":\"https:\/\/elamusspa.ee\/en\/product\/a-gift-card-chocolate-massage-45-min\/#breadcrumb\"},\"inLanguage\":\"en-US\",\"potentialAction\":[{\"@type\":\"ReadAction\",\"target\":[\"https:\/\/elamusspa.ee\/en\/product\/a-gift-card-chocolate-massage-45-min\/\"]}]},{\"@type\":\"ImageObject\",\"inLanguage\":\"en-US\",\"@id\":\"https:\/\/elamusspa.ee\/en\/product\/a-gift-card-chocolate-massage-45-min\/#primaryimage\",\"url\":\"https:\/\/elamusspa.ee\/wp-content\/uploads\/2023\/02\/elamuskaart_sokolaadimassaaz_page-0001.jpg\",\"contentUrl\":\"https:\/\/elamusspa.ee\/wp-content\/uploads\/2023\/02\/elamuskaart_sokolaadimassaaz_page-0001.jpg\",\"width\":1276,\"height\":621},{\"@type\":\"BreadcrumbList\",\"@id\":\"https:\/\/elamusspa.ee\/en\/product\/a-gift-card-chocolate-massage-45-min\/#breadcrumb\",\"itemListElement\":[{\"@type\":\"ListItem\",\"position\":1,\"name\":\"HOME\",\"item\":\"https:\/\/elamusspa.ee\/en\/\"},{\"@type\":\"ListItem\",\"position\":2,\"name\":\"Book a treatment\",\"item\":\"https:\/\/elamusspa.ee\/en\/book-a-treatment\/\"},{\"@type\":\"ListItem\",\"position\":3,\"name\":\"A gift card Chocolate massage 45 min\"}]},{\"@type\":\"WebSite\",\"@id\":\"https:\/\/elamusspa.ee\/#website\",\"url\":\"https:\/\/elamusspa.ee\/\",\"name\":\"Elamus Spa\",\"description\":\"Baltikumi suurim SPA\",\"publisher\":{\"@id\":\"https:\/\/elamusspa.ee\/#organization\"},\"potentialAction\":[{\"@type\":\"SearchAction\",\"target\":{\"@type\":\"EntryPoint\",\"urlTemplate\":\"https:\/\/elamusspa.ee\/?s={search_term_string}\"},\"query-input\":{\"@type\":\"PropertyValueSpecification\",\"valueRequired\":true,\"valueName\":\"search_term_string\"}}],\"inLanguage\":\"en-US\"},{\"@type\":\"Organization\",\"@id\":\"https:\/\/elamusspa.ee\/#organization\",\"name\":\"Elamuste SPA\",\"url\":\"https:\/\/elamusspa.ee\/\",\"logo\":{\"@type\":\"ImageObject\",\"inLanguage\":\"en-US\",\"@id\":\"https:\/\/elamusspa.ee\/#\/schema\/logo\/image\/\",\"url\":\"https:\/\/elamusspa.ee\/wp-content\/uploads\/2020\/11\/asset-9elamusspa.png\",\"contentUrl\":\"https:\/\/elamusspa.ee\/wp-content\/uploads\/2020\/11\/asset-9elamusspa.png\",\"width\":184,\"height\":77,\"caption\":\"Elamuste SPA\"},\"image\":{\"@id\":\"https:\/\/elamusspa.ee\/#\/schema\/logo\/image\/\"}}]}<\/script>\n<!-- \/ Yoast SEO plugin. -->","yoast_head_json":{"title":"A gift card Chocolate massage 45 min - Elamus Spa","robots":{"index":"index","follow":"follow","max-snippet":"max-snippet:-1","max-image-preview":"max-image-preview:large","max-video-preview":"max-video-preview:-1"},"canonical":"https:\/\/elamusspa.ee\/en\/product\/a-gift-card-chocolate-massage-45-min\/","og_locale":"en_US","og_type":"article","og_title":"A gift card Chocolate massage 45 min - Elamus Spa","og_description":"KINKEKAART KEHTIB 2 AASTAT! Elamus Spa hoolitsuste kinkekaart on suurep\u00e4rane kingivalik, mis pakub laia valikut l\u00f5\u00f5gastavaid ja kvaliteetseid hoolitsusi ning v\u00f5imaldab saajal ise valida endale sobiva aja ja hoolitsuse. Elamuskaardid erinevas v\u00e4\u00e4rtuses ja erinevatele hooltistustele on saadaval onlines ja Elamus Spas. Kliendil on kohustus peale ostu sooritamist kinkekaart koheselt alla laadida.","og_url":"https:\/\/elamusspa.ee\/en\/product\/a-gift-card-chocolate-massage-45-min\/","og_site_name":"Elamus Spa","article_modified_time":"2023-11-27T10:21:25+00:00","og_image":[{"width":1276,"height":621,"url":"https:\/\/elamusspa.ee\/wp-content\/uploads\/2023\/02\/elamuskaart_sokolaadimassaaz_page-0001.jpg","type":"image\/jpeg"}],"twitter_card":"summary_large_image","twitter_misc":{"Est. reading time":"1 minute"},"schema":{"@context":"https:\/\/schema.org","@graph":[{"@type":"WebPage","@id":"https:\/\/elamusspa.ee\/en\/product\/a-gift-card-chocolate-massage-45-min\/","url":"https:\/\/elamusspa.ee\/en\/product\/a-gift-card-chocolate-massage-45-min\/","name":"A gift card Chocolate massage 45 min - Elamus Spa","isPartOf":{"@id":"https:\/\/elamusspa.ee\/#website"},"primaryImageOfPage":{"@id":"https:\/\/elamusspa.ee\/en\/product\/a-gift-card-chocolate-massage-45-min\/#primaryimage"},"image":{"@id":"https:\/\/elamusspa.ee\/en\/product\/a-gift-card-chocolate-massage-45-min\/#primaryimage"},"thumbnailUrl":"https:\/\/elamusspa.ee\/wp-content\/uploads\/2023\/02\/elamuskaart_sokolaadimassaaz_page-0001.jpg","datePublished":"2023-03-28T08:42:39+00:00","dateModified":"2023-11-27T10:21:25+00:00","breadcrumb":{"@id":"https:\/\/elamusspa.ee\/en\/product\/a-gift-card-chocolate-massage-45-min\/#breadcrumb"},"inLanguage":"en-US","potentialAction":[{"@type":"ReadAction","target":["https:\/\/elamusspa.ee\/en\/product\/a-gift-card-chocolate-massage-45-min\/"]}]},{"@type":"ImageObject","inLanguage":"en-US","@id":"https:\/\/elamusspa.ee\/en\/product\/a-gift-card-chocolate-massage-45-min\/#primaryimage","url":"https:\/\/elamusspa.ee\/wp-content\/uploads\/2023\/02\/elamuskaart_sokolaadimassaaz_page-0001.jpg","contentUrl":"https:\/\/elamusspa.ee\/wp-content\/uploads\/2023\/02\/elamuskaart_sokolaadimassaaz_page-0001.jpg","width":1276,"height":621},{"@type":"BreadcrumbList","@id":"https:\/\/elamusspa.ee\/en\/product\/a-gift-card-chocolate-massage-45-min\/#breadcrumb","itemListElement":[{"@type":"ListItem","position":1,"name":"HOME","item":"https:\/\/elamusspa.ee\/en\/"},{"@type":"ListItem","position":2,"name":"Book a treatment","item":"https:\/\/elamusspa.ee\/en\/book-a-treatment\/"},{"@type":"ListItem","position":3,"name":"A gift card Chocolate massage 45 min"}]},{"@type":"WebSite","@id":"https:\/\/elamusspa.ee\/#website","url":"https:\/\/elamusspa.ee\/","name":"Elamus Spa","description":"Baltikumi suurim SPA","publisher":{"@id":"https:\/\/elamusspa.ee\/#organization"},"potentialAction":[{"@type":"SearchAction","target":{"@type":"EntryPoint","urlTemplate":"https:\/\/elamusspa.ee\/?s={search_term_string}"},"query-input":{"@type":"PropertyValueSpecification","valueRequired":true,"valueName":"search_term_string"}}],"inLanguage":"en-US"},{"@type":"Organization","@id":"https:\/\/elamusspa.ee\/#organization","name":"Elamuste SPA","url":"https:\/\/elamusspa.ee\/","logo":{"@type":"ImageObject","inLanguage":"en-US","@id":"https:\/\/elamusspa.ee\/#\/schema\/logo\/image\/","url":"https:\/\/elamusspa.ee\/wp-content\/uploads\/2020\/11\/asset-9elamusspa.png","contentUrl":"https:\/\/elamusspa.ee\/wp-content\/uploads\/2020\/11\/asset-9elamusspa.png","width":184,"height":77,"caption":"Elamuste SPA"},"image":{"@id":"https:\/\/elamusspa.ee\/#\/schema\/logo\/image\/"}}]}},"_links":{"self":[{"href":"https:\/\/elamusspa.ee\/en\/wp-json\/wp\/v2\/product\/56141"}],"collection":[{"href":"https:\/\/elamusspa.ee\/en\/wp-json\/wp\/v2\/product"}],"about":[{"href":"https:\/\/elamusspa.ee\/en\/wp-json\/wp\/v2\/types\/product"}],"wp:featuredmedia":[{"embeddable":true,"href":"https:\/\/elamusspa.ee\/en\/wp-json\/wp\/v2\/media\/41633"}],"wp:attachment":[{"href":"https:\/\/elamusspa.ee\/en\/wp-json\/wp\/v2\/media?parent=56141"}],"wp:term":[{"taxonomy":"product_cat","embeddable":true,"href":"https:\/\/elamusspa.ee\/en\/wp-json\/wp\/v2\/product_cat?post=56141"},{"taxonomy":"product_tag","embeddable":true,"href":"https:\/\/elamusspa.ee\/en\/wp-json\/wp\/v2\/product_tag?post=56141"}],"curies":[{"name":"wp","href":"https:\/\/api.w.org\/{rel}","templated":true}]}}