{"id":56151,"date":"2023-01-12T08:42:40","date_gmt":"2023-01-12T08:42:40","guid":{"rendered":"https:\/\/elamusspa.ee\/toode\/varskendav-piparmundi-jalahoolitsus-30-min\/"},"modified":"2023-11-27T10:30:44","modified_gmt":"2023-11-27T10:30:44","slug":"refreshing-peppermint-foot-treatment-30-min","status":"publish","type":"product","link":"https:\/\/elamusspa.ee\/en\/product\/refreshing-peppermint-foot-treatment-30-min\/","title":{"rendered":"Refreshing peppermint foot treatment, 30 min"},"content":{"rendered":"<p>Hoolitsuse k\u00e4igus kooritakse jalgu sheav\u00f5i koorijaga, mis eemaldab surnud naharakud ning niisutab ja pehmendab nahka. Koorimisele j\u00e4rgneb jalamassaa\u017e, mis v\u00e4hendab turseid ja parandab vereringet. Hoolitsusel kasutatav piparm\u00fcndi eeterlikke \u00f5lisid sisaldav emulsioon niisutab ja rahustab v\u00e4sinud jalgu. Jalamassaa\u017ei vastun\u00e4idustused: rasedus, menstruatsioon, viirushaigus, rasked s\u00fcdame- ja veresoonkonna haigused, nahahaigused jalgadel, lahtine haav jalgadel, kasvajad, alkoholijoove.<\/p>\n","protected":false},"excerpt":{"rendered":"<p>Hoolitsuse k\u00e4igus kooritakse jalgu sheav\u00f5i koorijaga, mis eemaldab surnud naharakud ning niisutab ja pehmendab nahka. Koorimisele j\u00e4rgneb jalamassaa\u017e, mis v\u00e4hendab turseid ja parandab vereringet. Hoolitsusel kasutatav piparm\u00fcndi eeterlikke \u00f5lisid sisaldav emulsioon niisutab ja rahustab v\u00e4sinud jalgu. Jalamassaa\u017ei vastun\u00e4idustused: rasedus, menstruatsioon, viirushaigus, rasked s\u00fcdame- ja veresoonkonna haigused, nahahaigused jalgadel, lahtine haav jalgadel, kasvajad, alkoholijoove.<\/p>\n","protected":false},"featured_media":40591,"template":"","meta":{"_acf_changed":false},"product_cat":[193],"product_tag":[],"acf":[],"yoast_head":"<!-- This site is optimized with the Yoast SEO plugin v24.0 - https:\/\/yoast.com\/wordpress\/plugins\/seo\/ -->\n<title>Refreshing peppermint foot treatment, 30 min - Elamus Spa<\/title>\n<meta name=\"robots\" content=\"index, follow, max-snippet:-1, max-image-preview:large, max-video-preview:-1\" \/>\n<link rel=\"canonical\" href=\"https:\/\/elamusspa.ee\/en\/product\/refreshing-peppermint-foot-treatment-30-min\/\" \/>\n<meta property=\"og:locale\" content=\"en_US\" \/>\n<meta property=\"og:type\" content=\"article\" \/>\n<meta property=\"og:title\" content=\"Refreshing peppermint foot treatment, 30 min - Elamus Spa\" \/>\n<meta property=\"og:description\" content=\"Hoolitsuse k\u00e4igus kooritakse jalgu sheav\u00f5i koorijaga, mis eemaldab surnud naharakud ning niisutab ja pehmendab nahka. Koorimisele j\u00e4rgneb jalamassaa\u017e, mis v\u00e4hendab turseid ja parandab vereringet. Hoolitsusel kasutatav piparm\u00fcndi eeterlikke \u00f5lisid sisaldav emulsioon niisutab ja rahustab v\u00e4sinud jalgu. Jalamassaa\u017ei vastun\u00e4idustused: rasedus, menstruatsioon, viirushaigus, rasked s\u00fcdame- ja veresoonkonna haigused, nahahaigused jalgadel, lahtine haav jalgadel, kasvajad, alkoholijoove.\" \/>\n<meta property=\"og:url\" content=\"https:\/\/elamusspa.ee\/en\/product\/refreshing-peppermint-foot-treatment-30-min\/\" \/>\n<meta property=\"og:site_name\" content=\"Elamus Spa\" \/>\n<meta property=\"article:modified_time\" content=\"2023-11-27T10:30:44+00:00\" \/>\n<meta property=\"og:image\" content=\"https:\/\/elamusspa.ee\/wp-content\/uploads\/2023\/01\/adobestock_7059889-scaled.jpeg\" \/>\n\t<meta property=\"og:image:width\" content=\"2049\" \/>\n\t<meta property=\"og:image:height\" content=\"1366\" \/>\n\t<meta property=\"og:image:type\" content=\"image\/jpeg\" \/>\n<meta name=\"twitter:card\" content=\"summary_large_image\" \/>\n<meta name=\"twitter:label1\" content=\"Est. reading time\" \/>\n\t<meta name=\"twitter:data1\" content=\"1 minute\" \/>\n<script type=\"application\/ld+json\" class=\"yoast-schema-graph\">{\"@context\":\"https:\/\/schema.org\",\"@graph\":[{\"@type\":\"WebPage\",\"@id\":\"https:\/\/elamusspa.ee\/en\/product\/refreshing-peppermint-foot-treatment-30-min\/\",\"url\":\"https:\/\/elamusspa.ee\/en\/product\/refreshing-peppermint-foot-treatment-30-min\/\",\"name\":\"Refreshing peppermint foot treatment, 30 min - Elamus Spa\",\"isPartOf\":{\"@id\":\"https:\/\/elamusspa.ee\/#website\"},\"primaryImageOfPage\":{\"@id\":\"https:\/\/elamusspa.ee\/en\/product\/refreshing-peppermint-foot-treatment-30-min\/#primaryimage\"},\"image\":{\"@id\":\"https:\/\/elamusspa.ee\/en\/product\/refreshing-peppermint-foot-treatment-30-min\/#primaryimage\"},\"thumbnailUrl\":\"https:\/\/elamusspa.ee\/wp-content\/uploads\/2023\/01\/adobestock_7059889-scaled.jpeg\",\"datePublished\":\"2023-01-12T08:42:40+00:00\",\"dateModified\":\"2023-11-27T10:30:44+00:00\",\"breadcrumb\":{\"@id\":\"https:\/\/elamusspa.ee\/en\/product\/refreshing-peppermint-foot-treatment-30-min\/#breadcrumb\"},\"inLanguage\":\"en-US\",\"potentialAction\":[{\"@type\":\"ReadAction\",\"target\":[\"https:\/\/elamusspa.ee\/en\/product\/refreshing-peppermint-foot-treatment-30-min\/\"]}]},{\"@type\":\"ImageObject\",\"inLanguage\":\"en-US\",\"@id\":\"https:\/\/elamusspa.ee\/en\/product\/refreshing-peppermint-foot-treatment-30-min\/#primaryimage\",\"url\":\"https:\/\/elamusspa.ee\/wp-content\/uploads\/2023\/01\/adobestock_7059889-scaled.jpeg\",\"contentUrl\":\"https:\/\/elamusspa.ee\/wp-content\/uploads\/2023\/01\/adobestock_7059889-scaled.jpeg\",\"width\":2049,\"height\":1366},{\"@type\":\"BreadcrumbList\",\"@id\":\"https:\/\/elamusspa.ee\/en\/product\/refreshing-peppermint-foot-treatment-30-min\/#breadcrumb\",\"itemListElement\":[{\"@type\":\"ListItem\",\"position\":1,\"name\":\"HOME\",\"item\":\"https:\/\/elamusspa.ee\/en\/\"},{\"@type\":\"ListItem\",\"position\":2,\"name\":\"Book a treatment\",\"item\":\"https:\/\/elamusspa.ee\/en\/book-a-treatment\/\"},{\"@type\":\"ListItem\",\"position\":3,\"name\":\"Refreshing peppermint foot treatment, 30 min\"}]},{\"@type\":\"WebSite\",\"@id\":\"https:\/\/elamusspa.ee\/#website\",\"url\":\"https:\/\/elamusspa.ee\/\",\"name\":\"Elamus Spa\",\"description\":\"Baltikumi suurim SPA\",\"publisher\":{\"@id\":\"https:\/\/elamusspa.ee\/#organization\"},\"potentialAction\":[{\"@type\":\"SearchAction\",\"target\":{\"@type\":\"EntryPoint\",\"urlTemplate\":\"https:\/\/elamusspa.ee\/?s={search_term_string}\"},\"query-input\":{\"@type\":\"PropertyValueSpecification\",\"valueRequired\":true,\"valueName\":\"search_term_string\"}}],\"inLanguage\":\"en-US\"},{\"@type\":\"Organization\",\"@id\":\"https:\/\/elamusspa.ee\/#organization\",\"name\":\"Elamuste SPA\",\"url\":\"https:\/\/elamusspa.ee\/\",\"logo\":{\"@type\":\"ImageObject\",\"inLanguage\":\"en-US\",\"@id\":\"https:\/\/elamusspa.ee\/#\/schema\/logo\/image\/\",\"url\":\"https:\/\/elamusspa.ee\/wp-content\/uploads\/2020\/11\/asset-9elamusspa.png\",\"contentUrl\":\"https:\/\/elamusspa.ee\/wp-content\/uploads\/2020\/11\/asset-9elamusspa.png\",\"width\":184,\"height\":77,\"caption\":\"Elamuste SPA\"},\"image\":{\"@id\":\"https:\/\/elamusspa.ee\/#\/schema\/logo\/image\/\"}}]}<\/script>\n<!-- \/ Yoast SEO plugin. -->","yoast_head_json":{"title":"Refreshing peppermint foot treatment, 30 min - Elamus Spa","robots":{"index":"index","follow":"follow","max-snippet":"max-snippet:-1","max-image-preview":"max-image-preview:large","max-video-preview":"max-video-preview:-1"},"canonical":"https:\/\/elamusspa.ee\/en\/product\/refreshing-peppermint-foot-treatment-30-min\/","og_locale":"en_US","og_type":"article","og_title":"Refreshing peppermint foot treatment, 30 min - Elamus Spa","og_description":"Hoolitsuse k\u00e4igus kooritakse jalgu sheav\u00f5i koorijaga, mis eemaldab surnud naharakud ning niisutab ja pehmendab nahka. Koorimisele j\u00e4rgneb jalamassaa\u017e, mis v\u00e4hendab turseid ja parandab vereringet. Hoolitsusel kasutatav piparm\u00fcndi eeterlikke \u00f5lisid sisaldav emulsioon niisutab ja rahustab v\u00e4sinud jalgu. Jalamassaa\u017ei vastun\u00e4idustused: rasedus, menstruatsioon, viirushaigus, rasked s\u00fcdame- ja veresoonkonna haigused, nahahaigused jalgadel, lahtine haav jalgadel, kasvajad, alkoholijoove.","og_url":"https:\/\/elamusspa.ee\/en\/product\/refreshing-peppermint-foot-treatment-30-min\/","og_site_name":"Elamus Spa","article_modified_time":"2023-11-27T10:30:44+00:00","og_image":[{"width":2049,"height":1366,"url":"https:\/\/elamusspa.ee\/wp-content\/uploads\/2023\/01\/adobestock_7059889-scaled.jpeg","type":"image\/jpeg"}],"twitter_card":"summary_large_image","twitter_misc":{"Est. reading time":"1 minute"},"schema":{"@context":"https:\/\/schema.org","@graph":[{"@type":"WebPage","@id":"https:\/\/elamusspa.ee\/en\/product\/refreshing-peppermint-foot-treatment-30-min\/","url":"https:\/\/elamusspa.ee\/en\/product\/refreshing-peppermint-foot-treatment-30-min\/","name":"Refreshing peppermint foot treatment, 30 min - Elamus Spa","isPartOf":{"@id":"https:\/\/elamusspa.ee\/#website"},"primaryImageOfPage":{"@id":"https:\/\/elamusspa.ee\/en\/product\/refreshing-peppermint-foot-treatment-30-min\/#primaryimage"},"image":{"@id":"https:\/\/elamusspa.ee\/en\/product\/refreshing-peppermint-foot-treatment-30-min\/#primaryimage"},"thumbnailUrl":"https:\/\/elamusspa.ee\/wp-content\/uploads\/2023\/01\/adobestock_7059889-scaled.jpeg","datePublished":"2023-01-12T08:42:40+00:00","dateModified":"2023-11-27T10:30:44+00:00","breadcrumb":{"@id":"https:\/\/elamusspa.ee\/en\/product\/refreshing-peppermint-foot-treatment-30-min\/#breadcrumb"},"inLanguage":"en-US","potentialAction":[{"@type":"ReadAction","target":["https:\/\/elamusspa.ee\/en\/product\/refreshing-peppermint-foot-treatment-30-min\/"]}]},{"@type":"ImageObject","inLanguage":"en-US","@id":"https:\/\/elamusspa.ee\/en\/product\/refreshing-peppermint-foot-treatment-30-min\/#primaryimage","url":"https:\/\/elamusspa.ee\/wp-content\/uploads\/2023\/01\/adobestock_7059889-scaled.jpeg","contentUrl":"https:\/\/elamusspa.ee\/wp-content\/uploads\/2023\/01\/adobestock_7059889-scaled.jpeg","width":2049,"height":1366},{"@type":"BreadcrumbList","@id":"https:\/\/elamusspa.ee\/en\/product\/refreshing-peppermint-foot-treatment-30-min\/#breadcrumb","itemListElement":[{"@type":"ListItem","position":1,"name":"HOME","item":"https:\/\/elamusspa.ee\/en\/"},{"@type":"ListItem","position":2,"name":"Book a treatment","item":"https:\/\/elamusspa.ee\/en\/book-a-treatment\/"},{"@type":"ListItem","position":3,"name":"Refreshing peppermint foot treatment, 30 min"}]},{"@type":"WebSite","@id":"https:\/\/elamusspa.ee\/#website","url":"https:\/\/elamusspa.ee\/","name":"Elamus Spa","description":"Baltikumi suurim SPA","publisher":{"@id":"https:\/\/elamusspa.ee\/#organization"},"potentialAction":[{"@type":"SearchAction","target":{"@type":"EntryPoint","urlTemplate":"https:\/\/elamusspa.ee\/?s={search_term_string}"},"query-input":{"@type":"PropertyValueSpecification","valueRequired":true,"valueName":"search_term_string"}}],"inLanguage":"en-US"},{"@type":"Organization","@id":"https:\/\/elamusspa.ee\/#organization","name":"Elamuste SPA","url":"https:\/\/elamusspa.ee\/","logo":{"@type":"ImageObject","inLanguage":"en-US","@id":"https:\/\/elamusspa.ee\/#\/schema\/logo\/image\/","url":"https:\/\/elamusspa.ee\/wp-content\/uploads\/2020\/11\/asset-9elamusspa.png","contentUrl":"https:\/\/elamusspa.ee\/wp-content\/uploads\/2020\/11\/asset-9elamusspa.png","width":184,"height":77,"caption":"Elamuste SPA"},"image":{"@id":"https:\/\/elamusspa.ee\/#\/schema\/logo\/image\/"}}]}},"_links":{"self":[{"href":"https:\/\/elamusspa.ee\/en\/wp-json\/wp\/v2\/product\/56151"}],"collection":[{"href":"https:\/\/elamusspa.ee\/en\/wp-json\/wp\/v2\/product"}],"about":[{"href":"https:\/\/elamusspa.ee\/en\/wp-json\/wp\/v2\/types\/product"}],"wp:featuredmedia":[{"embeddable":true,"href":"https:\/\/elamusspa.ee\/en\/wp-json\/wp\/v2\/media\/40591"}],"wp:attachment":[{"href":"https:\/\/elamusspa.ee\/en\/wp-json\/wp\/v2\/media?parent=56151"}],"wp:term":[{"taxonomy":"product_cat","embeddable":true,"href":"https:\/\/elamusspa.ee\/en\/wp-json\/wp\/v2\/product_cat?post=56151"},{"taxonomy":"product_tag","embeddable":true,"href":"https:\/\/elamusspa.ee\/en\/wp-json\/wp\/v2\/product_tag?post=56151"}],"curies":[{"name":"wp","href":"https:\/\/api.w.org\/{rel}","templated":true}]}}