{"id":2615,"date":"2019-10-01T14:00:45","date_gmt":"2019-10-01T14:00:45","guid":{"rendered":"https:\/\/elamusspa-ee.vserver.zonevs.eu\/swimming-pool\/"},"modified":"2023-06-15T07:14:56","modified_gmt":"2023-06-15T07:14:56","slug":"uimahalli","status":"publish","type":"page","link":"https:\/\/elamusspa.ee\/fi\/uimahalli\/","title":{"rendered":"UIMAHALLI"},"content":{"rendered":"\t\t<div data-elementor-type=\"wp-page\" data-elementor-id=\"2615\" class=\"elementor elementor-2615 elementor-16\" data-elementor-post-type=\"page\">\n\t\t\t\t\t\t<section class=\"elementor-section elementor-top-section elementor-element elementor-element-7f9ba9d8 elementor-section-boxed elementor-section-height-default elementor-section-height-default\" data-id=\"7f9ba9d8\" data-element_type=\"section\" data-settings=\"{&quot;jet_parallax_layout_list&quot;:[]}\">\n\t\t\t\t\t\t<div class=\"elementor-container elementor-column-gap-default\">\n\t\t\t\t\t<div class=\"elementor-column elementor-col-100 elementor-top-column elementor-element elementor-element-2ed8841e\" data-id=\"2ed8841e\" data-element_type=\"column\">\n\t\t\t<div class=\"elementor-widget-wrap elementor-element-populated\">\n\t\t\t\t\t\t<div class=\"elementor-element elementor-element-544bcb1 elementor-widget elementor-widget-text-editor\" data-id=\"544bcb1\" data-element_type=\"widget\" data-widget_type=\"text-editor.default\">\n\t\t\t\t<div class=\"elementor-widget-container\">\n\t\t\t\t\t\t\t<p>El\u00e4myskeskuksen veden syvyyksiss\u00e4 voit tavata sek\u00e4 kaikkivaltiaita merijumalia ett\u00e4 houkuttelevia aallottaria: Poseidonin, Okeanoksen, Nereuksen ja h\u00e4nen tytt\u00e4rens\u00e4, merinymfej\u00e4 nereidej\u00e4. Tiesitk\u00f6, ett\u00e4 Akhilleuksen \u00e4iti, Poseidonin vaimo Amphitrite, oli my\u00f6s nereidi? He kaikki auttoivat luomaan vesisankareille mukavan paikan viett\u00e4\u00e4 aikaa ja hioa uintitaitojaan. Luonnollisesti siksi, ett\u00e4 sinulla olisi voimia pit\u00e4\u00e4 niiden kanssa hauskaa meren syvyyksiss\u00e4.<\/p><p>Veden l\u00e4mp\u00f6tila uima-altaassa (25 m) on 27 astetta. 6 rataa ovat 125\u2013165 cm syvi\u00e4. Erikseen merkityt radat kuntouimareille ja urheilijoille.<\/p>\t\t\t\t\t\t<\/div>\n\t\t\t\t<\/div>\n\t\t\t\t\t<\/div>\n\t\t<\/div>\n\t\t\t\t\t<\/div>\n\t\t<\/section>\n\t\t\t\t<section class=\"elementor-section elementor-top-section elementor-element elementor-element-135acb9 elementor-section-boxed elementor-section-height-default elementor-section-height-default\" data-id=\"135acb9\" data-element_type=\"section\" data-settings=\"{&quot;jet_parallax_layout_list&quot;:[]}\">\n\t\t\t\t\t\t<div class=\"elementor-container elementor-column-gap-default\">\n\t\t\t\t\t<div class=\"elementor-column elementor-col-33 elementor-top-column elementor-element elementor-element-b64cdd4\" data-id=\"b64cdd4\" data-element_type=\"column\">\n\t\t\t<div class=\"elementor-widget-wrap elementor-element-populated\">\n\t\t\t\t\t\t<div class=\"elementor-element elementor-element-b518a72 elementor-position-top elementor-widget elementor-widget-image-box\" data-id=\"b518a72\" data-element_type=\"widget\" data-widget_type=\"image-box.default\">\n\t\t\t\t<div class=\"elementor-widget-container\">\n\t\t\t<div class=\"elementor-image-box-wrapper\"><figure class=\"elementor-image-box-img\"><img fetchpriority=\"high\" decoding=\"async\" width=\"531\" height=\"329\" src=\"https:\/\/elamusspa.ee\/wp-content\/uploads\/2023\/04\/asset-3elamusspa-e1570378502241.jpg\" class=\"attachment-full size-full wp-image-44264\" alt=\"\" srcset=\"https:\/\/elamusspa.ee\/wp-content\/uploads\/2023\/04\/asset-3elamusspa-e1570378502241.jpg 531w, https:\/\/elamusspa.ee\/wp-content\/uploads\/2023\/04\/asset-3elamusspa-e1570378502241-300x186.jpg 300w, https:\/\/elamusspa.ee\/wp-content\/uploads\/2023\/04\/asset-3elamusspa-e1570378502241-100x62.jpg 100w\" sizes=\"(max-width: 531px) 100vw, 531px\" \/><\/figure><div class=\"elementor-image-box-content\"><h2 class=\"elementor-image-box-title\">URHEILUALLAS<\/h2><p class=\"elementor-image-box-description\">El\u00e4myskeskuksen veden syvyyksiss\u00e4 voit tavata sek\u00e4 kaikkivaltiaita merijumalia ett\u00e4 houkuttelevia aallottaria: Poseidonin, Okeanoksen, Nereuksen ja h\u00e4nen tytt\u00e4rens\u00e4, merinymfej\u00e4 nereidej\u00e4. Tiesitk\u00f6, ett\u00e4 Akhilleuksen \u00e4iti, Poseidonin vaimo Amphitrite, oli my\u00f6s nereidi? He kaikki auttoivat luomaan vesisankareille mukavan paikan viett\u00e4\u00e4 aikaa ja hioa uintitaitojaan. Luonnollisesti siksi, ett\u00e4 sinulla olisi voimia pit\u00e4\u00e4 niiden kanssa hauskaa meren syvyyksiss\u00e4. Veden l\u00e4mp\u00f6tila uima-altaassa (25 m) on 27 astetta. 6 rataa ovat 125\u2013165 cm syvi\u00e4. Erikseen merkityt radat kuntouimareille ja urheilijoille. <\/p><\/div><\/div>\t\t<\/div>\n\t\t\t\t<\/div>\n\t\t\t\t\t<\/div>\n\t\t<\/div>\n\t\t\t\t<div class=\"elementor-column elementor-col-33 elementor-top-column elementor-element elementor-element-ecaabfe\" data-id=\"ecaabfe\" data-element_type=\"column\">\n\t\t\t<div class=\"elementor-widget-wrap elementor-element-populated\">\n\t\t\t\t\t\t<div class=\"elementor-element elementor-element-bcec861 elementor-position-top elementor-widget elementor-widget-image-box\" data-id=\"bcec861\" data-element_type=\"widget\" data-widget_type=\"image-box.default\">\n\t\t\t\t<div class=\"elementor-widget-container\">\n\t\t\t<div class=\"elementor-image-box-wrapper\"><figure class=\"elementor-image-box-img\"><img decoding=\"async\" width=\"1500\" height=\"997\" src=\"https:\/\/elamusspa.ee\/wp-content\/uploads\/2023\/04\/5b9a8ddd313f9_beebiujumine.jpg\" class=\"attachment-full size-full wp-image-44268\" alt=\"\" srcset=\"https:\/\/elamusspa.ee\/wp-content\/uploads\/2023\/04\/5b9a8ddd313f9_beebiujumine.jpg 1500w, https:\/\/elamusspa.ee\/wp-content\/uploads\/2023\/04\/5b9a8ddd313f9_beebiujumine-300x199.jpg 300w, https:\/\/elamusspa.ee\/wp-content\/uploads\/2023\/04\/5b9a8ddd313f9_beebiujumine-1024x681.jpg 1024w, https:\/\/elamusspa.ee\/wp-content\/uploads\/2023\/04\/5b9a8ddd313f9_beebiujumine-768x510.jpg 768w, https:\/\/elamusspa.ee\/wp-content\/uploads\/2023\/04\/5b9a8ddd313f9_beebiujumine-700x465.jpg 700w, https:\/\/elamusspa.ee\/wp-content\/uploads\/2023\/04\/5b9a8ddd313f9_beebiujumine-100x66.jpg 100w\" sizes=\"(max-width: 1500px) 100vw, 1500px\" \/><\/figure><div class=\"elementor-image-box-content\"><h2 class=\"elementor-image-box-title\">PIKKULASTEN ALLAS<\/h2><p class=\"elementor-image-box-description\">Mukava pulikointimahdollisuus pikkusankareille 32-asteisessa vedess\u00e4. Altaan syvyys on 90 cm ja pituus 10 m. Sopii sek\u00e4 vauvauintiin ett\u00e4 pikkulasten uintiharjoituksiin. HUOM! Lasten harjoitteluallas on varattu harjoittelua varten tiettyin\u00e4 aikoina. Vapaat ajat l\u00f6ytyv\u00e4t harjoittelukalenterista. <\/p><\/div><\/div>\t\t<\/div>\n\t\t\t\t<\/div>\n\t\t\t\t\t<\/div>\n\t\t<\/div>\n\t\t\t\t<div class=\"elementor-column elementor-col-33 elementor-top-column elementor-element elementor-element-fa62cd8\" data-id=\"fa62cd8\" data-element_type=\"column\">\n\t\t\t<div class=\"elementor-widget-wrap elementor-element-populated\">\n\t\t\t\t\t\t<div class=\"elementor-element elementor-element-0b6a07f elementor-position-top elementor-widget elementor-widget-image-box\" data-id=\"0b6a07f\" data-element_type=\"widget\" data-widget_type=\"image-box.default\">\n\t\t\t\t<div class=\"elementor-widget-container\">\n\t\t\t<div class=\"elementor-image-box-wrapper\"><figure class=\"elementor-image-box-img\"><img decoding=\"async\" width=\"1500\" height=\"1000\" src=\"https:\/\/elamusspa.ee\/wp-content\/uploads\/2023\/04\/5b9a863e2d2b9_elamusspa_saunad_illustreerimiseks.jpg\" class=\"attachment-full size-full wp-image-44272\" alt=\"\" srcset=\"https:\/\/elamusspa.ee\/wp-content\/uploads\/2023\/04\/5b9a863e2d2b9_elamusspa_saunad_illustreerimiseks.jpg 1500w, https:\/\/elamusspa.ee\/wp-content\/uploads\/2023\/04\/5b9a863e2d2b9_elamusspa_saunad_illustreerimiseks-300x200.jpg 300w, https:\/\/elamusspa.ee\/wp-content\/uploads\/2023\/04\/5b9a863e2d2b9_elamusspa_saunad_illustreerimiseks-1024x683.jpg 1024w, https:\/\/elamusspa.ee\/wp-content\/uploads\/2023\/04\/5b9a863e2d2b9_elamusspa_saunad_illustreerimiseks-768x512.jpg 768w, https:\/\/elamusspa.ee\/wp-content\/uploads\/2023\/04\/5b9a863e2d2b9_elamusspa_saunad_illustreerimiseks-700x467.jpg 700w, https:\/\/elamusspa.ee\/wp-content\/uploads\/2023\/04\/5b9a863e2d2b9_elamusspa_saunad_illustreerimiseks-100x67.jpg 100w\" sizes=\"(max-width: 1500px) 100vw, 1500px\" \/><\/figure><div class=\"elementor-image-box-content\"><h2 class=\"elementor-image-box-title\">VAATEHUONESAUNA<\/h2><p class=\"elementor-image-box-description\">Perinteinen sauna parhaimmillaan!<\/p><\/div><\/div>\t\t<\/div>\n\t\t\t\t<\/div>\n\t\t\t\t\t<\/div>\n\t\t<\/div>\n\t\t\t\t\t<\/div>\n\t\t<\/section>\n\t\t\t\t<\/div>\n\t\t","protected":false},"excerpt":{"rendered":"<p>El\u00e4myskeskuksen veden syvyyksiss\u00e4 voit tavata sek\u00e4 kaikkivaltiaita merijumalia ett\u00e4 houkuttelevia aallottaria: Poseidonin, Okeanoksen, Nereuksen ja h\u00e4nen tytt\u00e4rens\u00e4, merinymfej\u00e4 nereidej\u00e4. Tiesitk\u00f6, ett\u00e4 Akhilleuksen \u00e4iti, Poseidonin vaimo Amphitrite, oli my\u00f6s nereidi? He kaikki auttoivat luomaan vesisankareille mukavan paikan viett\u00e4\u00e4 aikaa ja hioa uintitaitojaan. Luonnollisesti siksi, ett\u00e4 sinulla olisi voimia pit\u00e4\u00e4 niiden kanssa hauskaa meren syvyyksiss\u00e4. Veden l\u00e4mp\u00f6tila [&hellip;]<\/p>\n","protected":false},"author":1,"featured_media":2402,"parent":0,"menu_order":113,"comment_status":"closed","ping_status":"closed","template":"","meta":{"_acf_changed":false,"footnotes":""},"acf":[],"yoast_head":"<!-- This site is optimized with the Yoast SEO plugin v24.0 - https:\/\/yoast.com\/wordpress\/plugins\/seo\/ -->\n<title>UIMAHALLI - Elamus Spa<\/title>\n<meta name=\"robots\" content=\"index, follow, max-snippet:-1, max-image-preview:large, max-video-preview:-1\" \/>\n<link rel=\"canonical\" href=\"https:\/\/elamusspa.ee\/ujula\/\" \/>\n<meta property=\"og:locale\" content=\"fi_FI\" \/>\n<meta property=\"og:type\" content=\"article\" \/>\n<meta property=\"og:title\" content=\"UIMAHALLI - Elamus Spa\" \/>\n<meta property=\"og:description\" content=\"El\u00e4myskeskuksen veden syvyyksiss\u00e4 voit tavata sek\u00e4 kaikkivaltiaita merijumalia ett\u00e4 houkuttelevia aallottaria: Poseidonin, Okeanoksen, Nereuksen ja h\u00e4nen tytt\u00e4rens\u00e4, merinymfej\u00e4 nereidej\u00e4. Tiesitk\u00f6, ett\u00e4 Akhilleuksen \u00e4iti, Poseidonin vaimo Amphitrite, oli my\u00f6s nereidi? He kaikki auttoivat luomaan vesisankareille mukavan paikan viett\u00e4\u00e4 aikaa ja hioa uintitaitojaan. Luonnollisesti siksi, ett\u00e4 sinulla olisi voimia pit\u00e4\u00e4 niiden kanssa hauskaa meren syvyyksiss\u00e4. Veden l\u00e4mp\u00f6tila [&hellip;]\" \/>\n<meta property=\"og:url\" content=\"https:\/\/elamusspa.ee\/ujula\/\" \/>\n<meta property=\"og:site_name\" content=\"Elamus Spa\" \/>\n<meta property=\"article:modified_time\" content=\"2023-06-15T07:14:56+00:00\" \/>\n<meta property=\"og:image\" content=\"https:\/\/elamusspa.ee\/wp-content\/uploads\/2019\/11\/dsc5627.jpg\" \/>\n\t<meta property=\"og:image:width\" content=\"1400\" \/>\n\t<meta property=\"og:image:height\" content=\"932\" \/>\n\t<meta property=\"og:image:type\" content=\"image\/jpeg\" \/>\n<meta name=\"twitter:card\" content=\"summary_large_image\" \/>\n<meta name=\"twitter:label1\" content=\"Arvioitu lukuaika\" \/>\n\t<meta name=\"twitter:data1\" content=\"2 minuuttia\" \/>\n<script type=\"application\/ld+json\" class=\"yoast-schema-graph\">{\"@context\":\"https:\/\/schema.org\",\"@graph\":[{\"@type\":\"WebPage\",\"@id\":\"https:\/\/elamusspa.ee\/ujula\/\",\"url\":\"https:\/\/elamusspa.ee\/ujula\/\",\"name\":\"UIMAHALLI - Elamus Spa\",\"isPartOf\":{\"@id\":\"https:\/\/elamusspa.ee\/#website\"},\"primaryImageOfPage\":{\"@id\":\"https:\/\/elamusspa.ee\/ujula\/#primaryimage\"},\"image\":{\"@id\":\"https:\/\/elamusspa.ee\/ujula\/#primaryimage\"},\"thumbnailUrl\":\"https:\/\/elamusspa.ee\/wp-content\/uploads\/2019\/11\/dsc5627.jpg\",\"datePublished\":\"2019-10-01T14:00:45+00:00\",\"dateModified\":\"2023-06-15T07:14:56+00:00\",\"breadcrumb\":{\"@id\":\"https:\/\/elamusspa.ee\/ujula\/#breadcrumb\"},\"inLanguage\":\"fi\",\"potentialAction\":[{\"@type\":\"ReadAction\",\"target\":[\"https:\/\/elamusspa.ee\/ujula\/\"]}]},{\"@type\":\"ImageObject\",\"inLanguage\":\"fi\",\"@id\":\"https:\/\/elamusspa.ee\/ujula\/#primaryimage\",\"url\":\"https:\/\/elamusspa.ee\/wp-content\/uploads\/2019\/11\/dsc5627.jpg\",\"contentUrl\":\"https:\/\/elamusspa.ee\/wp-content\/uploads\/2019\/11\/dsc5627.jpg\",\"width\":1400,\"height\":932},{\"@type\":\"BreadcrumbList\",\"@id\":\"https:\/\/elamusspa.ee\/ujula\/#breadcrumb\",\"itemListElement\":[{\"@type\":\"ListItem\",\"position\":1,\"name\":\"Avaleht\",\"item\":\"https:\/\/elamusspa.ee\/fi\/\"},{\"@type\":\"ListItem\",\"position\":2,\"name\":\"UIMAHALLI\"}]},{\"@type\":\"WebSite\",\"@id\":\"https:\/\/elamusspa.ee\/#website\",\"url\":\"https:\/\/elamusspa.ee\/\",\"name\":\"Elamus Spa\",\"description\":\"Baltikumi suurim SPA\",\"publisher\":{\"@id\":\"https:\/\/elamusspa.ee\/#organization\"},\"potentialAction\":[{\"@type\":\"SearchAction\",\"target\":{\"@type\":\"EntryPoint\",\"urlTemplate\":\"https:\/\/elamusspa.ee\/?s={search_term_string}\"},\"query-input\":{\"@type\":\"PropertyValueSpecification\",\"valueRequired\":true,\"valueName\":\"search_term_string\"}}],\"inLanguage\":\"fi\"},{\"@type\":\"Organization\",\"@id\":\"https:\/\/elamusspa.ee\/#organization\",\"name\":\"Elamuste SPA\",\"url\":\"https:\/\/elamusspa.ee\/\",\"logo\":{\"@type\":\"ImageObject\",\"inLanguage\":\"fi\",\"@id\":\"https:\/\/elamusspa.ee\/#\/schema\/logo\/image\/\",\"url\":\"https:\/\/elamusspa.ee\/wp-content\/uploads\/2020\/11\/asset-9elamusspa.png\",\"contentUrl\":\"https:\/\/elamusspa.ee\/wp-content\/uploads\/2020\/11\/asset-9elamusspa.png\",\"width\":184,\"height\":77,\"caption\":\"Elamuste SPA\"},\"image\":{\"@id\":\"https:\/\/elamusspa.ee\/#\/schema\/logo\/image\/\"}}]}<\/script>\n<!-- \/ Yoast SEO plugin. -->","yoast_head_json":{"title":"UIMAHALLI - Elamus Spa","robots":{"index":"index","follow":"follow","max-snippet":"max-snippet:-1","max-image-preview":"max-image-preview:large","max-video-preview":"max-video-preview:-1"},"canonical":"https:\/\/elamusspa.ee\/ujula\/","og_locale":"fi_FI","og_type":"article","og_title":"UIMAHALLI - Elamus Spa","og_description":"El\u00e4myskeskuksen veden syvyyksiss\u00e4 voit tavata sek\u00e4 kaikkivaltiaita merijumalia ett\u00e4 houkuttelevia aallottaria: Poseidonin, Okeanoksen, Nereuksen ja h\u00e4nen tytt\u00e4rens\u00e4, merinymfej\u00e4 nereidej\u00e4. Tiesitk\u00f6, ett\u00e4 Akhilleuksen \u00e4iti, Poseidonin vaimo Amphitrite, oli my\u00f6s nereidi? He kaikki auttoivat luomaan vesisankareille mukavan paikan viett\u00e4\u00e4 aikaa ja hioa uintitaitojaan. Luonnollisesti siksi, ett\u00e4 sinulla olisi voimia pit\u00e4\u00e4 niiden kanssa hauskaa meren syvyyksiss\u00e4. Veden l\u00e4mp\u00f6tila [&hellip;]","og_url":"https:\/\/elamusspa.ee\/ujula\/","og_site_name":"Elamus Spa","article_modified_time":"2023-06-15T07:14:56+00:00","og_image":[{"width":1400,"height":932,"url":"https:\/\/elamusspa.ee\/wp-content\/uploads\/2019\/11\/dsc5627.jpg","type":"image\/jpeg"}],"twitter_card":"summary_large_image","twitter_misc":{"Arvioitu lukuaika":"2 minuuttia"},"schema":{"@context":"https:\/\/schema.org","@graph":[{"@type":"WebPage","@id":"https:\/\/elamusspa.ee\/ujula\/","url":"https:\/\/elamusspa.ee\/ujula\/","name":"UIMAHALLI - Elamus Spa","isPartOf":{"@id":"https:\/\/elamusspa.ee\/#website"},"primaryImageOfPage":{"@id":"https:\/\/elamusspa.ee\/ujula\/#primaryimage"},"image":{"@id":"https:\/\/elamusspa.ee\/ujula\/#primaryimage"},"thumbnailUrl":"https:\/\/elamusspa.ee\/wp-content\/uploads\/2019\/11\/dsc5627.jpg","datePublished":"2019-10-01T14:00:45+00:00","dateModified":"2023-06-15T07:14:56+00:00","breadcrumb":{"@id":"https:\/\/elamusspa.ee\/ujula\/#breadcrumb"},"inLanguage":"fi","potentialAction":[{"@type":"ReadAction","target":["https:\/\/elamusspa.ee\/ujula\/"]}]},{"@type":"ImageObject","inLanguage":"fi","@id":"https:\/\/elamusspa.ee\/ujula\/#primaryimage","url":"https:\/\/elamusspa.ee\/wp-content\/uploads\/2019\/11\/dsc5627.jpg","contentUrl":"https:\/\/elamusspa.ee\/wp-content\/uploads\/2019\/11\/dsc5627.jpg","width":1400,"height":932},{"@type":"BreadcrumbList","@id":"https:\/\/elamusspa.ee\/ujula\/#breadcrumb","itemListElement":[{"@type":"ListItem","position":1,"name":"Avaleht","item":"https:\/\/elamusspa.ee\/fi\/"},{"@type":"ListItem","position":2,"name":"UIMAHALLI"}]},{"@type":"WebSite","@id":"https:\/\/elamusspa.ee\/#website","url":"https:\/\/elamusspa.ee\/","name":"Elamus Spa","description":"Baltikumi suurim SPA","publisher":{"@id":"https:\/\/elamusspa.ee\/#organization"},"potentialAction":[{"@type":"SearchAction","target":{"@type":"EntryPoint","urlTemplate":"https:\/\/elamusspa.ee\/?s={search_term_string}"},"query-input":{"@type":"PropertyValueSpecification","valueRequired":true,"valueName":"search_term_string"}}],"inLanguage":"fi"},{"@type":"Organization","@id":"https:\/\/elamusspa.ee\/#organization","name":"Elamuste SPA","url":"https:\/\/elamusspa.ee\/","logo":{"@type":"ImageObject","inLanguage":"fi","@id":"https:\/\/elamusspa.ee\/#\/schema\/logo\/image\/","url":"https:\/\/elamusspa.ee\/wp-content\/uploads\/2020\/11\/asset-9elamusspa.png","contentUrl":"https:\/\/elamusspa.ee\/wp-content\/uploads\/2020\/11\/asset-9elamusspa.png","width":184,"height":77,"caption":"Elamuste SPA"},"image":{"@id":"https:\/\/elamusspa.ee\/#\/schema\/logo\/image\/"}}]}},"_links":{"self":[{"href":"https:\/\/elamusspa.ee\/fi\/wp-json\/wp\/v2\/pages\/2615"}],"collection":[{"href":"https:\/\/elamusspa.ee\/fi\/wp-json\/wp\/v2\/pages"}],"about":[{"href":"https:\/\/elamusspa.ee\/fi\/wp-json\/wp\/v2\/types\/page"}],"author":[{"embeddable":true,"href":"https:\/\/elamusspa.ee\/fi\/wp-json\/wp\/v2\/users\/1"}],"replies":[{"embeddable":true,"href":"https:\/\/elamusspa.ee\/fi\/wp-json\/wp\/v2\/comments?post=2615"}],"version-history":[{"count":3,"href":"https:\/\/elamusspa.ee\/fi\/wp-json\/wp\/v2\/pages\/2615\/revisions"}],"predecessor-version":[{"id":47004,"href":"https:\/\/elamusspa.ee\/fi\/wp-json\/wp\/v2\/pages\/2615\/revisions\/47004"}],"wp:featuredmedia":[{"embeddable":true,"href":"https:\/\/elamusspa.ee\/fi\/wp-json\/wp\/v2\/media\/2402"}],"wp:attachment":[{"href":"https:\/\/elamusspa.ee\/fi\/wp-json\/wp\/v2\/media?parent=2615"}],"curies":[{"name":"wp","href":"https:\/\/api.w.org\/{rel}","templated":true}]}}