{"id":46908,"date":"2019-10-10T11:09:24","date_gmt":"2019-10-10T11:09:24","guid":{"rendered":"https:\/\/elamusspa.ee\/muugitingimused\/"},"modified":"2023-06-12T09:36:11","modified_gmt":"2023-06-12T09:36:11","slug":"myyntiehdot","status":"publish","type":"page","link":"https:\/\/elamusspa.ee\/fi\/myyntiehdot\/","title":{"rendered":"MYYNTIEHDOT"},"content":{"rendered":"<ol>\n<li><strong>Myyntiehdot<\/strong>\n<ol>\n<li>N\u00e4m\u00e4 Mustam\u00e4e Spa O\u00dc:n, j\u00e4ljemp\u00e4n\u00e4 Elamus Spa, sivuston\/verkkokaupan myyntiehdot (j\u00e4ljemp\u00e4n\u00e4 Ehdot) s\u00e4\u00e4telev\u00e4t osoitteessa www.elamusspa.ee sijaitsevan Elamus Span sivuston\/verkkokaupan (j\u00e4ljemp\u00e4n\u00e4 verkkokauppa) hallinnoitsijan, joka on Mustam\u00e4e Spa O\u00dc (y-tunnus 14490634, kotipaikka Akadeemia tee 30, Tallinna 12613, Viro, s\u00e4hk\u00f6posti info@elamusspa.ee, j\u00e4ljemp\u00e4n\u00e4 Myyj\u00e4), ja verkkokaupan yksityisen\u00e4 henkil\u00f6n\u00e4 tai oikeushenkil\u00f6n\u00e4 olevan k\u00e4ytt\u00e4j\u00e4n (j\u00e4ljemp\u00e4n\u00e4 Ostaja) oikeussuhteita, jotka johtuvat verkkokaupan k\u00e4yt\u00f6st\u00e4 ja t\u00e4llaisen k\u00e4yt\u00f6n yhteydess\u00e4 tehdyist\u00e4 toimista<\/li>\n<li>N\u00e4iden ehtojen lis\u00e4ksi Elamus Span sivuston\/verkkokaupan kautta palvelujen ostamisen yhteydess\u00e4 syntyvi\u00e4 oikeussuhteita s\u00e4\u00e4telee Viron tasavallassa voimassa oleva lains\u00e4\u00e4d\u00e4nt\u00f6.<\/li>\n<li>Mik\u00e4li n\u00e4iden ehtojen ja myyntisopimuksen m\u00e4\u00e4r\u00e4ysten v\u00e4lill\u00e4 on ristiriita, etusija m\u00e4\u00e4r\u00e4ytyy myyntisopimuksen perusteella.<\/li>\n<li>Elamus Spa:lla on oikeus muuttaa ja t\u00e4ydent\u00e4\u00e4 n\u00e4it\u00e4 ehtoja sek\u00e4 hinnastoa Elamus Spa -verkkokaupan kehitt\u00e4misen johdosta sek\u00e4 verkkokaupan paremman ja turvallisemman k\u00e4yt\u00f6n varmistamiseksi. Ehtojen ja hinnaston muutoksista ja t\u00e4ydennyksist\u00e4 ilmoitetaan verkkosivustolla www.elamusspa.ee.<\/li>\n<\/ol>\n<\/li>\n<\/ol>\n<p>&nbsp;<\/p>\n<ol start=\"2\">\n<li><strong>Hinnat<\/strong>\n<ol>\n<li>Kaikkien verkkokaupassa myyt\u00e4vien palveluiden (j\u00e4ljemp\u00e4n\u00e4 Tavara) hinnat ovat euroina, ja ne sis\u00e4lt\u00e4v\u00e4t Viron tasavallassa myyntitoimen toteutushetkell\u00e4 voimassa olevan arvolis\u00e4veron sek\u00e4 muut valtion tai paikallishallinnon m\u00e4\u00e4r\u00e4\u00e4m\u00e4t verot.<\/li>\n<li>Palvelun hinta ja Palvelun saatavuus voivat muuttua milloin tahansa ilman ennakkoilmoitusta. Jos Ostaja on tehnyt tilauksen ennen Palvelun hinnan muuttamista, sovelletaan tilaushetkell\u00e4 voimassa ollutta hintaa.<\/li>\n<li>Myyj\u00e4ll\u00e4 on oikeus peruuttaa verkkokaupan kautta tehty myyntisopimus ilman seuraamuksia ja olla tarjoamatta varattua Palvelua, jos Palvelua ei voida tarjota tilap\u00e4isesti tai pysyv\u00e4sti ja\/tai jos Palvelun hinta tai ominaisuudet on n\u00e4ytetty verkkokaupassa v\u00e4\u00e4rin j\u00e4rjestelm\u00e4virheen vuoksi.<\/li>\n<li>Jos Myyj\u00e4 ei pysty t\u00e4ytt\u00e4m\u00e4\u00e4n tilausta, Ostajaan otetaan yhteytt\u00e4 ja maksettu summa palautetaan, jos Ostaja on maksanut Palvelusta ennakkoon.<\/li>\n<li>\u00a0Lahjakortin ostamisen j\u00e4lkeen se l\u00e4hetet\u00e4\u00e4n v\u00e4litt\u00f6m\u00e4sti s\u00e4hk\u00f6postitse Ostajan s\u00e4hk\u00f6postiosoitteeseen.<\/li>\n<li>Lahjakortti on voimassa 1 kalenterivuoden ostop\u00e4iv\u00e4st\u00e4 ja tulee voimaan heti.<\/li>\n<li>Lahjakortin esitt\u00e4j\u00e4 voi maksaa palveluista lahjakortilla kassalla<\/li>\n<li>Lahjakortin summan voi k\u00e4ytt\u00e4\u00e4 eriss\u00e4.<\/li>\n<li>Lahjakorttia ei voi vaihtaa rahaksi.<\/li>\n<\/ol>\n<\/li>\n<\/ol>\n<ol start=\"3\">\n<li><strong>Ostoskori ja myyntisopimuksen solmimine<\/strong>\n<ol>\n<li>Ostajan verkkokaupasta valitseman Palvelun myyntitoimen toteuttamiseksi Ostajan tulee ensin lis\u00e4t\u00e4 haluamansa Palvelu virtuaaliseen ostoskoriin (j\u00e4ljemp\u00e4n\u00e4 Ostoskori), napsauttamalla Palvelun tuotetietosivulla olevaa lis\u00e4\u00e4misen painiketta soveltuvin osin kerran tai useampia kertoja. Mik\u00e4li Ostaja haluaa ostaa useampia Palveluita saman myyntitoimen puitteissa, h\u00e4nen on suoritettava edell\u00e4 kuvattu toiminto jokaisen Palvelun osalta, jonka h\u00e4n haluaa ostaa.<\/li>\n<li>Tuotekuvat ovat vain havainnollistavia.<\/li>\n<li>Tilauksen tekemisen jatkamiseksi tulee sy\u00f6tt\u00e4\u00e4 yhteystiedot, koska n\u00e4iden tietojen perusteella l\u00e4hetet\u00e4\u00e4n s\u00e4hk\u00f6inen kuitti Palvelun ostosta s\u00e4hk\u00f6postitse.<\/li>\n<li>Tuotteiden myyntisopimus katsotaan solmituksi (Sopimuksen voimaantulo) siit\u00e4 hetkest\u00e4, kun tilausvahvistuksen mukaan maksettavaksi kuuluva summa on suoritettu Maksukeskuksen maksurajapinnan kautta.<\/li>\n<\/ol>\n<\/li>\n<\/ol>\n<p>&nbsp;<\/p>\n<ol start=\"4\">\n<li><strong>M\u00fc\u00fcgilepingu eest tasumine<\/strong>\n<ol>\n<li>Pangalingiga-E-poes saab tasuda Teenuse eest j\u00e4rgnevate pankade pangalingi kaudu: Swedbank, SEB, Coop, LHV ja Luminor.<\/li>\n<\/ol>\n<\/li>\n<li><strong>Palvelun tarjoaminen<\/strong>\n<ol>\n<li>\u00a0Myyj\u00e4 sitoutuu sopimuksen voimaantuloa koskevien tietojen vastaanottamisen j\u00e4lkeen varmistamaan myyntitapahtumassa m\u00e4\u00e4riteltyjen Palvelujen suorittamisen myyntitapahtumassa ilmoitettuna p\u00e4iv\u00e4n\u00e4, kellonaikana ja m\u00e4\u00e4r\u00e4n\u00e4 sek\u00e4 Ostajan valitsemissa tiloissa.<\/li>\n<li>Myyj\u00e4 sitoutuu mahdollistamaan Ostajan valitseman ja maksaman Palvelun ajan, m\u00e4\u00e4r\u00e4n ja tilan muuttamisen, mik\u00e4li siihen l\u00f6ytyy vakanssi.<\/li>\n<li>Ostajan on varmistettava, ett\u00e4 tilauksen tekemisen yhteydess\u00e4 annetut yhteystiedot ovat oikein, jotta Palvelun tietojen ja s\u00e4hk\u00f6isen vahvistuksen v\u00e4lityksess\u00e4 ei synny viiv\u00e4styksi\u00e4 ja v\u00e4\u00e4rink\u00e4sityksi\u00e4.<\/li>\n<\/ol>\n<\/li>\n<\/ol>\n<p>&nbsp;<\/p>\n<ol start=\"6\">\n<li><strong>Myyntisopimuksen peruuttaminen<\/strong>\n<ol>\n<li>Ostajalla on oikeus peruuttaa tilaus sen j\u00e4lkeen, kun h\u00e4n on maksanut Palvelun, mutta ennen Palvelun k\u00e4ytt\u00e4mist\u00e4, viimeist\u00e4\u00e4n 3 p\u00e4iv\u00e4\u00e4 ennen t\u00e4m\u00e4n tilauksen t\u00e4ytt\u00e4misp\u00e4iv\u00e4\u00e4 l\u00e4hett\u00e4m\u00e4ll\u00e4 ilmoitus Myyj\u00e4n s\u00e4hk\u00f6postiosoitteeseen info@elamusspa.ee yhdess\u00e4 tilausnumeron ja pankkitilin numeron kanssa tai soittamalla Elamus Spa:n puhelimen numeroon +372 650 2000.<\/li>\n<li>Ostajalla, joka on luonnollinen henkil\u00f6, on oikeus peruuttaa myyntisopimus 14 kalenterip\u00e4iv\u00e4n kuluessa Palvelusta. Palvelun kulutuksen todistaa Ostajan vierailu Myyj\u00e4n tiloissa. Peruuttaakseen myyntisopimus Ostajan on toimitettava Myyj\u00e4lle asetetussa m\u00e4\u00e4r\u00e4ajassa peruutuslomake kirjallista uudelleenesityst\u00e4 mahdollistavassa muodossa, jossa Ostaja ilmoittaa, haluaako h\u00e4n peruuttamalla sopimuksen saada Myyj\u00e4lt\u00e4 takaisin Palvelun hinnan vai vaihtaa ostamansa Palvelun toiseen Myyj\u00e4n tarjoamaan Palveluun. Peruuttamisoikeuden k\u00e4ytt\u00e4miseksi Ostaja voi k\u00e4ytt\u00e4\u00e4 Ehdoissa olevaa 14 p\u00e4iv\u00e4n peruuttamisoikeuden mukaista peruuttamisilmoituksen esimerkki\u00e4. Ostajan katsotaan t\u00e4ytt\u00e4neen esineen palautusvelvollisuutensa ajallaan, jos h\u00e4n on palauttanut sopimuksen kohteena olevan esineen 14 p\u00e4iv\u00e4n kuluessa peruuttamisilmoituksen tekemisest\u00e4.<\/li>\n<li>Ostajalla, joka on luonnollinen henkil\u00f6, ei ole oikeutta peruuttaa myyntisopimusta Ehtojen kohdan 6.2. perusteella, mik\u00e4li myyntisopimuksen kohteena ovat seuraavat Tavarat:\n<ol>\n<li>Ostajan henkil\u00f6kohtaisiin tarpeisiin r\u00e4\u00e4t\u00e4l\u00f6ity Palvelu;<\/li>\n<li>Palvelu, jota ei luonteensa vuoksi voi palauttaa, joka on helposti pilaantuva tai jonka k\u00e4ytt\u00f6aika on kulunut umpeen.<\/li>\n<\/ol>\n<\/li>\n<\/ol>\n<\/li>\n<\/ol>\n<p>&nbsp;<\/p>\n<ol start=\"7\">\n<li><strong>Reklamaatiomenettely ja Myyj\u00e4n vastuu, mik\u00e4li Palvelu ei vastaa vaatimuksia<\/strong>\n<ol>\n<li><strong>Reklamaation tekemisen oikeus<\/strong>\n<ol>\n<li>Myyj\u00e4 vastaa Palvelun sopimusehdoista poikkeamisesta ja Palvelun k\u00e4yt\u00f6n aikana ilmenevist\u00e4 puutteista. Tarjottaessa Palvelua Ostajalle, edellytet\u00e4\u00e4n, ett\u00e4 Palvelu on tarjottu vaatimusten mukaisesti. Ao. edellytyksen kumoaminen on Ostajan velvollisuutena. Myyj\u00e4 vastaa aina reklamaatiotapauksessa Palvelun korvaamisesta aiheutuvista kustannuksista, erityisesti ty\u00f6- ja materiaalikustannuksista (velvoiteoikeuslain 222 \u00a7:n 4 momentti).<\/li>\n<li>Pyyd\u00e4mme v\u00e4litt\u00f6m\u00e4sti lopettamaan Palvelun k\u00e4ytt\u00f6, mik\u00e4li Palvelussa ilmenee puute.<\/li>\n<li>Mik\u00e4li Palvelu on puutteellinen, Ostajalla on oikeus tehd\u00e4 reklamaatio Myyj\u00e4lle. Reklamaatio on toimitettava viivyttelem\u00e4tt\u00e4 kuitenkin viimeist\u00e4\u00e4n kahden kuukauden kuluessa Palvelun puutteen havaitsemisesta. Mik\u00e4li Palvelussa ilmenee vaatimustenvastaisuuksia tai puutteita, pyyd\u00e4mme l\u00e4hett\u00e4m\u00e4\u00e4n reklamaatio s\u00e4hk\u00f6postiosoitteeseen info@elamusspa.ee. Reklamaatiosta tulee k\u00e4yd\u00e4 ilmi Ostajan nimi, yhteyspuhelin, tilauksen numero ja tuotteen vaatimustenvastaisuuden tai puutteen tarkka kuvaus. Vaatimusten selvitt\u00e4miseksi Ostajan on s\u00e4ilytett\u00e4v\u00e4 Tavaran ostamisen todistavat ostoasiakirjat (lasku, sopimus jne.). Myynti\u00e4 todistavan asiakirjan puuttuessa Myyj\u00e4 voi j\u00e4tt\u00e4\u00e4 ongelmaa k\u00e4sittelem\u00e4tt\u00e4.<\/li>\n<li>\u00a0Kaikki reklamaatiot k\u00e4sitell\u00e4\u00e4n ja Ostajaan otetaan yhteytt\u00e4 mahdollisimman nopeasti, mutta kuitenkin viimeist\u00e4\u00e4n 15 p\u00e4iv\u00e4n kuluessa reklamaation vastaanottamisesta.<\/li>\n<li>Myyj\u00e4 ei vastaa Palvelun puutteista, jotka ovat syntyneet Palvelun k\u00e4ytt\u00f6tarkoituksen vastaisesta k\u00e4yt\u00f6st\u00e4 tai kulutuksesta.<\/li>\n<li>Ostajalla on oikeus vaatia Myyj\u00e4lt\u00e4 ostohinnan alentamista tai sopimuksen purkamista ja Palvelusta maksetun rahan palauttamista, mik\u00e4li Myyj\u00e4 ei pysty parantamaan tai korvaamaan Palvelun laatua; Palvelun laadun parantaminen tai korvaaminen ep\u00e4onnistuu; Myyj\u00e4 ei ole poistanut Palvelun puutetta kohtuullisessa ajassa ja Ostajalle on aiheutunut siit\u00e4 kohtuutonta haittaa.<\/li>\n<li>Ellei Palvelu ole sopimusehtojen mukainen, Ostaja voi vedota laissa s\u00e4\u00e4dettyihin oikeuskeinoihin, mukaan lukien vaatia sopimuksen t\u00e4ytt\u00e4mist\u00e4, hinnan alentamista, vahingonkorvausta ja sopimuksen purkamista.<\/li>\n<li>Jos sopimus puretaan, Ostajalle palautetaan se, mit\u00e4 h\u00e4n on saanut sopimuksen perusteella, 14 p\u00e4iv\u00e4n kuluessa p\u00e4\u00e4t\u00f6ksen tekemisest\u00e4.<\/li>\n<\/ol>\n<\/li>\n<li><strong>Myyj\u00e4n vastuu, mik\u00e4li Palvelu ei ole vaatimusten mukainen<\/strong>\n<ol>\n<li>Myyj\u00e4 ei vastaa Palvelun puutteista, jotka ovat syntyneet Palvelun ep\u00e4asianmukaisesta k\u00e4yt\u00f6st\u00e4, huollosta tai rikkomisesta.<\/li>\n<li>Myyntitakuun mukaisten oikeuksien lis\u00e4ksi Ostajalla on my\u00f6s muita lain mukaisia oikeuksia. Ellei Palvelu ole sopimusehtojen mukainen, Ostaja voi vedota laissa s\u00e4\u00e4dettyihin oikeuskeinoihin, mukaan lukien vaatia sopimuksen t\u00e4ytt\u00e4mist\u00e4, hinnan alentamista, vahingonkorvausta ja sopimuksen purkamista.<\/li>\n<li>Jos sopimus puretaan, Ostajalle palautetaan se, mit\u00e4 h\u00e4n on saanut sopimuksen perusteella, 14 p\u00e4iv\u00e4n kuluessa p\u00e4\u00e4t\u00f6ksen tekemisest\u00e4.<\/li>\n<\/ol>\n<\/li>\n<\/ol>\n<\/li>\n<\/ol>\n<p>&nbsp;<\/p>\n<ol start=\"8\">\n<li><strong>Ehtojen muuttaminen, riitojen ratkaisu<\/strong>\n<ol>\n<li>Myyj\u00e4ll\u00e4 on oikeus muuttaa Ehtoja osittain tai kokonaan yksipuolisesti ja ilman ennakkoilmoitusta. Muutokset tulevat voimaan, kun ne on julkaistu verkkosivulla www.elamusspa.ee. Mik\u00e4li Ostaja on tehnyt tilauksen ennen Ehtojen muutosten voimaantuloa, Ostajan ja Myyj\u00e4n v\u00e4liseen oikeussuhteeseen sovelletaan Ostajan tilauksen tekohetkell\u00e4 voimassa olleita Ehtoja, ellei laissa tai Ehdoissa toisin m\u00e4\u00e4r\u00e4t\u00e4.<\/li>\n<li>Ehtojen osapuolet ovat vastuussa toisilleen Ehtojen rikkomisesta aiheutuneista vahingoista Viron tasavallassa voimassa olevassa lains\u00e4\u00e4d\u00e4nn\u00f6ss\u00e4 s\u00e4\u00e4detyiss\u00e4 tapauksissa ja laajuudessa. Myyj\u00e4 ei vastaa Ostajalle aiheutuneesta vahingosta tai palvelun k\u00e4ytt\u00e4m\u00e4tt\u00e4 j\u00e4tt\u00e4misest\u00e4, jos vahinko tai palvelun k\u00e4ytt\u00e4m\u00e4tt\u00e4 j\u00e4tt\u00e4minen johtuu Myyj\u00e4st\u00e4 riippumattomasta syyst\u00e4, jota Myyj\u00e4 ei ole ennakoinut eik\u00e4 ole voinut ennakoida (ylivoimainen este).<\/li>\n<li>Ostajalla on oikeus l\u00e4hett\u00e4\u00e4 Myyj\u00e4n verkkokauppaa koskevia reklamaatioita s\u00e4hk\u00f6postitse osoitteeseen info@elamusspa.ee tai soittaa puhelimeen +372 650 2000.<\/li>\n<li>Mik\u00e4li Myyj\u00e4 kielt\u00e4ytyy ratkaisemasta Ostajan valitusta tai Ostaja ei suostu Myyj\u00e4n tarjoamaan ratkaisuun ja katsoo, ett\u00e4 h\u00e4nen oikeuksiaan tai h\u00e4nen etujaan on loukattu, Ostaja voi valittaa kuluttajavalituslautakunnalle Kuluttajansuojaviraston (Tarbijakaitseamet) kautta, verkkopalvelun http:\/\/ec.europa.eu\/odr kautta tai tuomioistuimelle. Menettely\u00e4 koskevat ehdot l\u00f6ytyv\u00e4t t\u00e4\u00e4lt\u00e4. Ostaja voi tehd\u00e4 valituksen itse tai edustajan v\u00e4lityksell\u00e4. Kuluttajariitalautakuntaa koskevat tiedot l\u00f6ytyv\u00e4t Kuluttajansuojaviraston verkkosivuilta. Kuluttajavalituslautakunnan toimivaltaan kuuluu Ostajan ja Myyj\u00e4n v\u00e4lisest\u00e4 sopimuksesta johtuvien erimielisyyksien ratkaisu. Euroopan unionin j\u00e4senvaltioissa ilmenevien ongelmien ratkaisemiseksi ota yhteytt\u00e4 Euroopan unionin Kuluttajaneuvontaan. Ostaja ja Myyj\u00e4 ovat sopineet, ett\u00e4 jos asia pannaan vireille tuomioistuimessa, toimivaltainen on Myyj\u00e4n kotipaikan mukainen tuomioistuin.<\/li>\n<\/ol>\n<\/li>\n<\/ol>\n<p><strong>\u00a0<\/strong><\/p>\n<ol start=\"9\">\n<li><strong>Henkil\u00f6tietojen k\u00e4sitteleminen<\/strong>\n<ol>\n<li>Sy\u00f6tt\u00e4m\u00e4ll\u00e4 tietoja verkkokauppaan ja asianmukaisella vahvistuksella Ostaja antaa oikeuden ker\u00e4t\u00e4 ja k\u00e4sitell\u00e4 Ostajan henkil\u00f6tietoja (nimi, puhelinnumero, s\u00e4hk\u00f6postiosoite) sek\u00e4 v\u00e4litt\u00e4\u00e4 henkil\u00f6tiedot logistiikkakumppanille s\u00e4hk\u00f6postin toimittamista varten. Henkil\u00f6tietoja v\u00e4litet\u00e4\u00e4n vain siin\u00e4 laajuudessa, kuin se on tarpeen tilattujen palvelujen toteuttamiseksi.<\/li>\n<li>Elamus Spa -verkkokaupalla on oikeus k\u00e4ytt\u00e4\u00e4 Ostajan s\u00e4hk\u00f6postiosoitetta mainosten ja muiden tietojen v\u00e4litt\u00e4miseen Ostajalle.<\/li>\n<li>Ostaja voi kielt\u00e4\u00e4 henkil\u00f6tietojensa ker\u00e4\u00e4misen ja k\u00e4yt\u00f6n milloin tahansa, paitsi jos se on tarpeen sopimuksesta johtuvien saatavien perimiseksi tai tavaran toimittamiseksi<\/li>\n<li>S\u00e4hk\u00f6isi\u00e4 henkil\u00f6tietoja k\u00e4ytet\u00e4\u00e4n suorapostitukseen vain silloin, kun Ostaja on antanut siihen erillisen suostumuksena verkkosivuilla.<\/li>\n<li>Ostosten maksamiseen liittyv\u00e4 salattu viestint\u00e4 pankkien kanssa takaa Ostajan henkil\u00f6kohtaisten pankkipalveluiden turvallisuuden, eik\u00e4 Myyj\u00e4ll\u00e4 ole niihin p\u00e4\u00e4sy\u00e4.<\/li>\n<\/ol>\n<\/li>\n<\/ol>\n<p>&nbsp;<\/p>\n","protected":false},"excerpt":{"rendered":"<p>Myyntiehdot N\u00e4m\u00e4 Mustam\u00e4e Spa O\u00dc:n, j\u00e4ljemp\u00e4n\u00e4 Elamus Spa, sivuston\/verkkokaupan myyntiehdot (j\u00e4ljemp\u00e4n\u00e4 Ehdot) s\u00e4\u00e4telev\u00e4t osoitteessa www.elamusspa.ee sijaitsevan Elamus Span sivuston\/verkkokaupan (j\u00e4ljemp\u00e4n\u00e4 verkkokauppa) hallinnoitsijan, joka on Mustam\u00e4e Spa O\u00dc (y-tunnus 14490634, kotipaikka Akadeemia tee 30, Tallinna 12613, Viro, s\u00e4hk\u00f6posti info@elamusspa.ee, j\u00e4ljemp\u00e4n\u00e4 Myyj\u00e4), ja verkkokaupan yksityisen\u00e4 henkil\u00f6n\u00e4 tai oikeushenkil\u00f6n\u00e4 olevan k\u00e4ytt\u00e4j\u00e4n (j\u00e4ljemp\u00e4n\u00e4 Ostaja) oikeussuhteita, jotka johtuvat verkkokaupan k\u00e4yt\u00f6st\u00e4 [&hellip;]<\/p>\n","protected":false},"author":1,"featured_media":0,"parent":0,"menu_order":56,"comment_status":"closed","ping_status":"closed","template":"","meta":{"_acf_changed":false,"footnotes":""},"acf":[],"yoast_head":"<!-- This site is optimized with the Yoast SEO plugin v24.0 - https:\/\/yoast.com\/wordpress\/plugins\/seo\/ -->\n<title>MYYNTIEHDOT - Elamus Spa<\/title>\n<meta name=\"robots\" content=\"index, follow, max-snippet:-1, max-image-preview:large, max-video-preview:-1\" \/>\n<link rel=\"canonical\" href=\"https:\/\/elamusspa.ee\/fi\/myyntiehdot\/\" \/>\n<meta property=\"og:locale\" content=\"fi_FI\" \/>\n<meta property=\"og:type\" content=\"article\" \/>\n<meta property=\"og:title\" content=\"MYYNTIEHDOT - Elamus Spa\" \/>\n<meta property=\"og:description\" content=\"Myyntiehdot N\u00e4m\u00e4 Mustam\u00e4e Spa O\u00dc:n, j\u00e4ljemp\u00e4n\u00e4 Elamus Spa, sivuston\/verkkokaupan myyntiehdot (j\u00e4ljemp\u00e4n\u00e4 Ehdot) s\u00e4\u00e4telev\u00e4t osoitteessa www.elamusspa.ee sijaitsevan Elamus Span sivuston\/verkkokaupan (j\u00e4ljemp\u00e4n\u00e4 verkkokauppa) hallinnoitsijan, joka on Mustam\u00e4e Spa O\u00dc (y-tunnus 14490634, kotipaikka Akadeemia tee 30, Tallinna 12613, Viro, s\u00e4hk\u00f6posti info@elamusspa.ee, j\u00e4ljemp\u00e4n\u00e4 Myyj\u00e4), ja verkkokaupan yksityisen\u00e4 henkil\u00f6n\u00e4 tai oikeushenkil\u00f6n\u00e4 olevan k\u00e4ytt\u00e4j\u00e4n (j\u00e4ljemp\u00e4n\u00e4 Ostaja) oikeussuhteita, jotka johtuvat verkkokaupan k\u00e4yt\u00f6st\u00e4 [&hellip;]\" \/>\n<meta property=\"og:url\" content=\"https:\/\/elamusspa.ee\/fi\/myyntiehdot\/\" \/>\n<meta property=\"og:site_name\" content=\"Elamus Spa\" \/>\n<meta property=\"article:modified_time\" content=\"2023-06-12T09:36:11+00:00\" \/>\n<meta property=\"og:image\" content=\"https:\/\/elamusspa.ee\/wp-content\/uploads\/2020\/11\/asset-9elamusspa.png\" \/>\n\t<meta property=\"og:image:width\" content=\"184\" \/>\n\t<meta property=\"og:image:height\" content=\"77\" \/>\n\t<meta property=\"og:image:type\" content=\"image\/png\" \/>\n<meta name=\"twitter:card\" content=\"summary_large_image\" \/>\n<meta name=\"twitter:label1\" content=\"Arvioitu lukuaika\" \/>\n\t<meta name=\"twitter:data1\" content=\"6 minuuttia\" \/>\n<script type=\"application\/ld+json\" class=\"yoast-schema-graph\">{\"@context\":\"https:\/\/schema.org\",\"@graph\":[{\"@type\":\"WebPage\",\"@id\":\"https:\/\/elamusspa.ee\/fi\/myyntiehdot\/\",\"url\":\"https:\/\/elamusspa.ee\/fi\/myyntiehdot\/\",\"name\":\"MYYNTIEHDOT - Elamus Spa\",\"isPartOf\":{\"@id\":\"https:\/\/elamusspa.ee\/#website\"},\"datePublished\":\"2019-10-10T11:09:24+00:00\",\"dateModified\":\"2023-06-12T09:36:11+00:00\",\"breadcrumb\":{\"@id\":\"https:\/\/elamusspa.ee\/fi\/myyntiehdot\/#breadcrumb\"},\"inLanguage\":\"fi\",\"potentialAction\":[{\"@type\":\"ReadAction\",\"target\":[\"https:\/\/elamusspa.ee\/fi\/myyntiehdot\/\"]}]},{\"@type\":\"BreadcrumbList\",\"@id\":\"https:\/\/elamusspa.ee\/fi\/myyntiehdot\/#breadcrumb\",\"itemListElement\":[{\"@type\":\"ListItem\",\"position\":1,\"name\":\"Avaleht\",\"item\":\"https:\/\/elamusspa.ee\/fi\/\"},{\"@type\":\"ListItem\",\"position\":2,\"name\":\"MYYNTIEHDOT\"}]},{\"@type\":\"WebSite\",\"@id\":\"https:\/\/elamusspa.ee\/#website\",\"url\":\"https:\/\/elamusspa.ee\/\",\"name\":\"Elamus Spa\",\"description\":\"Baltikumi suurim SPA\",\"publisher\":{\"@id\":\"https:\/\/elamusspa.ee\/#organization\"},\"potentialAction\":[{\"@type\":\"SearchAction\",\"target\":{\"@type\":\"EntryPoint\",\"urlTemplate\":\"https:\/\/elamusspa.ee\/?s={search_term_string}\"},\"query-input\":{\"@type\":\"PropertyValueSpecification\",\"valueRequired\":true,\"valueName\":\"search_term_string\"}}],\"inLanguage\":\"fi\"},{\"@type\":\"Organization\",\"@id\":\"https:\/\/elamusspa.ee\/#organization\",\"name\":\"Elamuste SPA\",\"url\":\"https:\/\/elamusspa.ee\/\",\"logo\":{\"@type\":\"ImageObject\",\"inLanguage\":\"fi\",\"@id\":\"https:\/\/elamusspa.ee\/#\/schema\/logo\/image\/\",\"url\":\"https:\/\/elamusspa.ee\/wp-content\/uploads\/2020\/11\/asset-9elamusspa.png\",\"contentUrl\":\"https:\/\/elamusspa.ee\/wp-content\/uploads\/2020\/11\/asset-9elamusspa.png\",\"width\":184,\"height\":77,\"caption\":\"Elamuste SPA\"},\"image\":{\"@id\":\"https:\/\/elamusspa.ee\/#\/schema\/logo\/image\/\"}}]}<\/script>\n<!-- \/ Yoast SEO plugin. -->","yoast_head_json":{"title":"MYYNTIEHDOT - Elamus Spa","robots":{"index":"index","follow":"follow","max-snippet":"max-snippet:-1","max-image-preview":"max-image-preview:large","max-video-preview":"max-video-preview:-1"},"canonical":"https:\/\/elamusspa.ee\/fi\/myyntiehdot\/","og_locale":"fi_FI","og_type":"article","og_title":"MYYNTIEHDOT - Elamus Spa","og_description":"Myyntiehdot N\u00e4m\u00e4 Mustam\u00e4e Spa O\u00dc:n, j\u00e4ljemp\u00e4n\u00e4 Elamus Spa, sivuston\/verkkokaupan myyntiehdot (j\u00e4ljemp\u00e4n\u00e4 Ehdot) s\u00e4\u00e4telev\u00e4t osoitteessa www.elamusspa.ee sijaitsevan Elamus Span sivuston\/verkkokaupan (j\u00e4ljemp\u00e4n\u00e4 verkkokauppa) hallinnoitsijan, joka on Mustam\u00e4e Spa O\u00dc (y-tunnus 14490634, kotipaikka Akadeemia tee 30, Tallinna 12613, Viro, s\u00e4hk\u00f6posti info@elamusspa.ee, j\u00e4ljemp\u00e4n\u00e4 Myyj\u00e4), ja verkkokaupan yksityisen\u00e4 henkil\u00f6n\u00e4 tai oikeushenkil\u00f6n\u00e4 olevan k\u00e4ytt\u00e4j\u00e4n (j\u00e4ljemp\u00e4n\u00e4 Ostaja) oikeussuhteita, jotka johtuvat verkkokaupan k\u00e4yt\u00f6st\u00e4 [&hellip;]","og_url":"https:\/\/elamusspa.ee\/fi\/myyntiehdot\/","og_site_name":"Elamus Spa","article_modified_time":"2023-06-12T09:36:11+00:00","og_image":[{"width":184,"height":77,"url":"https:\/\/elamusspa.ee\/wp-content\/uploads\/2020\/11\/asset-9elamusspa.png","type":"image\/png"}],"twitter_card":"summary_large_image","twitter_misc":{"Arvioitu lukuaika":"6 minuuttia"},"schema":{"@context":"https:\/\/schema.org","@graph":[{"@type":"WebPage","@id":"https:\/\/elamusspa.ee\/fi\/myyntiehdot\/","url":"https:\/\/elamusspa.ee\/fi\/myyntiehdot\/","name":"MYYNTIEHDOT - Elamus Spa","isPartOf":{"@id":"https:\/\/elamusspa.ee\/#website"},"datePublished":"2019-10-10T11:09:24+00:00","dateModified":"2023-06-12T09:36:11+00:00","breadcrumb":{"@id":"https:\/\/elamusspa.ee\/fi\/myyntiehdot\/#breadcrumb"},"inLanguage":"fi","potentialAction":[{"@type":"ReadAction","target":["https:\/\/elamusspa.ee\/fi\/myyntiehdot\/"]}]},{"@type":"BreadcrumbList","@id":"https:\/\/elamusspa.ee\/fi\/myyntiehdot\/#breadcrumb","itemListElement":[{"@type":"ListItem","position":1,"name":"Avaleht","item":"https:\/\/elamusspa.ee\/fi\/"},{"@type":"ListItem","position":2,"name":"MYYNTIEHDOT"}]},{"@type":"WebSite","@id":"https:\/\/elamusspa.ee\/#website","url":"https:\/\/elamusspa.ee\/","name":"Elamus Spa","description":"Baltikumi suurim SPA","publisher":{"@id":"https:\/\/elamusspa.ee\/#organization"},"potentialAction":[{"@type":"SearchAction","target":{"@type":"EntryPoint","urlTemplate":"https:\/\/elamusspa.ee\/?s={search_term_string}"},"query-input":{"@type":"PropertyValueSpecification","valueRequired":true,"valueName":"search_term_string"}}],"inLanguage":"fi"},{"@type":"Organization","@id":"https:\/\/elamusspa.ee\/#organization","name":"Elamuste SPA","url":"https:\/\/elamusspa.ee\/","logo":{"@type":"ImageObject","inLanguage":"fi","@id":"https:\/\/elamusspa.ee\/#\/schema\/logo\/image\/","url":"https:\/\/elamusspa.ee\/wp-content\/uploads\/2020\/11\/asset-9elamusspa.png","contentUrl":"https:\/\/elamusspa.ee\/wp-content\/uploads\/2020\/11\/asset-9elamusspa.png","width":184,"height":77,"caption":"Elamuste SPA"},"image":{"@id":"https:\/\/elamusspa.ee\/#\/schema\/logo\/image\/"}}]}},"_links":{"self":[{"href":"https:\/\/elamusspa.ee\/fi\/wp-json\/wp\/v2\/pages\/46908"}],"collection":[{"href":"https:\/\/elamusspa.ee\/fi\/wp-json\/wp\/v2\/pages"}],"about":[{"href":"https:\/\/elamusspa.ee\/fi\/wp-json\/wp\/v2\/types\/page"}],"author":[{"embeddable":true,"href":"https:\/\/elamusspa.ee\/fi\/wp-json\/wp\/v2\/users\/1"}],"replies":[{"embeddable":true,"href":"https:\/\/elamusspa.ee\/fi\/wp-json\/wp\/v2\/comments?post=46908"}],"version-history":[{"count":2,"href":"https:\/\/elamusspa.ee\/fi\/wp-json\/wp\/v2\/pages\/46908\/revisions"}],"predecessor-version":[{"id":46909,"href":"https:\/\/elamusspa.ee\/fi\/wp-json\/wp\/v2\/pages\/46908\/revisions\/46909"}],"wp:attachment":[{"href":"https:\/\/elamusspa.ee\/fi\/wp-json\/wp\/v2\/media?parent=46908"}],"curies":[{"name":"wp","href":"https:\/\/api.w.org\/{rel}","templated":true}]}}