{"id":80420,"date":"2024-12-02T19:19:47","date_gmt":"2024-12-02T19:19:47","guid":{"rendered":"https:\/\/elamusspa.ee\/?page_id=80420"},"modified":"2024-12-02T19:25:16","modified_gmt":"2024-12-02T19:25:16","slug":"liukumaet","status":"publish","type":"page","link":"https:\/\/elamusspa.ee\/fi\/elamus-spa\/liukumaet\/","title":{"rendered":"Liukum\u00e4et"},"content":{"rendered":"\t\t<div data-elementor-type=\"wp-page\" data-elementor-id=\"80420\" class=\"elementor elementor-80420 elementor-76369\" data-elementor-post-type=\"page\">\n\t\t\t\t\t\t<section class=\"elementor-section elementor-top-section elementor-element elementor-element-e8f071d elementor-section-boxed elementor-section-height-default elementor-section-height-default\" data-id=\"e8f071d\" data-element_type=\"section\" data-settings=\"{&quot;jet_parallax_layout_list&quot;:[]}\">\n\t\t\t\t\t\t<div class=\"elementor-container elementor-column-gap-default\">\n\t\t\t\t\t<div class=\"elementor-column elementor-col-100 elementor-top-column elementor-element elementor-element-1678d56\" data-id=\"1678d56\" data-element_type=\"column\">\n\t\t\t<div class=\"elementor-widget-wrap elementor-element-populated\">\n\t\t\t\t\t\t<div class=\"elementor-element elementor-element-a227c71 elementor-widget elementor-widget-text-editor\" data-id=\"a227c71\" data-element_type=\"widget\" data-widget_type=\"text-editor.default\">\n\t\t\t\t<div class=\"elementor-widget-container\">\n\t\t\t\t\t\t\t<p>Elamus Span lastenalueella on 3 liukum\u00e4ke\u00e4 vesinautinnon yst\u00e4ville. Kaikissa putkissa on erityiset valotehosteet ja ne ovat l\u00e4mmitettyj\u00e4. Jokainen liukum\u00e4ki p\u00e4\u00e4ttyy 25 cm syv\u00e4\u00e4n laskukouruun. Varmistaaksesi, ett\u00e4 jokainen liukum\u00e4ki on turvallinen ja ett\u00e4 sinulla on parhaat muistot putkista, sinun tulee ensin tutustua alla olevaan k\u00e4ytt\u00f6ohjeeseen.<\/p>\t\t\t\t\t\t<\/div>\n\t\t\t\t<\/div>\n\t\t\t\t\t<\/div>\n\t\t<\/div>\n\t\t\t\t\t<\/div>\n\t\t<\/section>\n\t\t\t\t<section class=\"elementor-section elementor-top-section elementor-element elementor-element-751b11a elementor-section-boxed elementor-section-height-default elementor-section-height-default\" data-id=\"751b11a\" data-element_type=\"section\" data-settings=\"{&quot;jet_parallax_layout_list&quot;:[]}\">\n\t\t\t\t\t\t<div class=\"elementor-container elementor-column-gap-default\">\n\t\t\t\t\t<div class=\"elementor-column elementor-col-100 elementor-top-column elementor-element elementor-element-cd507d8\" data-id=\"cd507d8\" data-element_type=\"column\">\n\t\t\t<div class=\"elementor-widget-wrap elementor-element-populated\">\n\t\t\t\t\t\t<div class=\"elementor-element elementor-element-79d07ac elementor-widget elementor-widget-image\" data-id=\"79d07ac\" data-element_type=\"widget\" data-widget_type=\"image.default\">\n\t\t\t\t<div class=\"elementor-widget-container\">\n\t\t\t\t\t\t\t\t\t\t\t\t\t<img decoding=\"async\" src=\"https:\/\/elamusspa.ee\/wp-content\/uploads\/2024\/12\/liutorude-reeglid-1920x1080px_fin-\u2013-koopia.jpg\" title=\"Liutorude reeglid 1920x1080px_FIN\" alt=\"Liutorude reeglid 1920x1080px_FIN\" loading=\"lazy\" \/>\t\t\t\t\t\t\t\t\t\t\t\t\t<\/div>\n\t\t\t\t<\/div>\n\t\t\t\t\t<\/div>\n\t\t<\/div>\n\t\t\t\t\t<\/div>\n\t\t<\/section>\n\t\t\t\t<section class=\"elementor-section elementor-top-section elementor-element elementor-element-fcbb6e5 elementor-section-boxed elementor-section-height-default elementor-section-height-default\" data-id=\"fcbb6e5\" data-element_type=\"section\" data-settings=\"{&quot;jet_parallax_layout_list&quot;:[]}\">\n\t\t\t\t\t\t<div class=\"elementor-container elementor-column-gap-default\">\n\t\t\t\t\t<div class=\"elementor-column elementor-col-100 elementor-top-column elementor-element elementor-element-29791d7\" data-id=\"29791d7\" data-element_type=\"column\">\n\t\t\t<div class=\"elementor-widget-wrap elementor-element-populated\">\n\t\t\t\t\t\t<div class=\"elementor-element elementor-element-9c8bb2b elementor-widget elementor-widget-heading\" data-id=\"9c8bb2b\" data-element_type=\"widget\" data-widget_type=\"heading.default\">\n\t\t\t\t<div class=\"elementor-widget-container\">\n\t\t\t<h2 class=\"elementor-heading-title elementor-size-default\">Liukum\u00e4et<\/h2>\t\t<\/div>\n\t\t\t\t<\/div>\n\t\t\t\t\t<\/div>\n\t\t<\/div>\n\t\t\t\t\t<\/div>\n\t\t<\/section>\n\t\t\t\t<section class=\"elementor-section elementor-top-section elementor-element elementor-element-b0ad9c1 elementor-section-boxed elementor-section-height-default elementor-section-height-default\" data-id=\"b0ad9c1\" data-element_type=\"section\" data-settings=\"{&quot;jet_parallax_layout_list&quot;:[]}\">\n\t\t\t\t\t\t<div class=\"elementor-container elementor-column-gap-default\">\n\t\t\t\t\t<div class=\"elementor-column elementor-col-50 elementor-top-column elementor-element elementor-element-b1af76c\" data-id=\"b1af76c\" data-element_type=\"column\">\n\t\t\t<div class=\"elementor-widget-wrap elementor-element-populated\">\n\t\t\t\t\t\t<div class=\"elementor-element elementor-element-2affcf9 elementor-widget elementor-widget-text-editor\" data-id=\"2affcf9\" data-element_type=\"widget\" data-widget_type=\"text-editor.default\">\n\t\t\t\t<div class=\"elementor-widget-container\">\n\t\t\t\t\t\t\t<p><strong>Oranssi liukum\u00e4ki<\/strong><\/p><p>Liukunopeus: kohtalainen<\/p><p>Liukun pituus: 60,3 m<\/p><p>Voit ampua t\u00e4m\u00e4n putken alas yst\u00e4v\u00e4si kanssa voittaaksesi. Liukum\u00e4ki on kohtalaisen nopea ja siin\u00e4 on valotehosteita.<\/p><p>L\u00f6yd\u00e4t oranssin putken k\u00e4ytt\u00f6ohjeen<strong>\u00a0<a href=\"https:\/\/elamusspa.ee\/wp-content\/uploads\/2024\/10\/oranz-liutoru-kleebis_700x600mm5mmb.pdf\">t\u00e4\u00e4lt\u00e4<\/a> .<\/strong><\/p><p>\u00a0<\/p>\t\t\t\t\t\t<\/div>\n\t\t\t\t<\/div>\n\t\t\t\t\t<\/div>\n\t\t<\/div>\n\t\t\t\t<div class=\"elementor-column elementor-col-50 elementor-top-column elementor-element elementor-element-e543551\" data-id=\"e543551\" data-element_type=\"column\">\n\t\t\t<div class=\"elementor-widget-wrap elementor-element-populated\">\n\t\t\t\t\t\t<div class=\"elementor-element elementor-element-dc05467 elementor-widget elementor-widget-image\" data-id=\"dc05467\" data-element_type=\"widget\" data-widget_type=\"image.default\">\n\t\t\t\t<div class=\"elementor-widget-container\">\n\t\t\t\t\t\t\t\t\t\t\t\t\t<img fetchpriority=\"high\" decoding=\"async\" width=\"800\" height=\"534\" src=\"https:\/\/elamusspa.ee\/wp-content\/uploads\/2024\/10\/elamusspalastealatanuuritusfotoevelinkruusgoodnews131-1024x683.jpg\" class=\"attachment-large size-large wp-image-75491\" alt=\"\" srcset=\"https:\/\/elamusspa.ee\/wp-content\/uploads\/2024\/10\/elamusspalastealatanuuritusfotoevelinkruusgoodnews131-1024x683.jpg 1024w, https:\/\/elamusspa.ee\/wp-content\/uploads\/2024\/10\/elamusspalastealatanuuritusfotoevelinkruusgoodnews131-300x200.jpg 300w, https:\/\/elamusspa.ee\/wp-content\/uploads\/2024\/10\/elamusspalastealatanuuritusfotoevelinkruusgoodnews131-768x512.jpg 768w, https:\/\/elamusspa.ee\/wp-content\/uploads\/2024\/10\/elamusspalastealatanuuritusfotoevelinkruusgoodnews131-1536x1024.jpg 1536w, https:\/\/elamusspa.ee\/wp-content\/uploads\/2024\/10\/elamusspalastealatanuuritusfotoevelinkruusgoodnews131-2048x1365.jpg 2048w, https:\/\/elamusspa.ee\/wp-content\/uploads\/2024\/10\/elamusspalastealatanuuritusfotoevelinkruusgoodnews131-700x467.jpg 700w, https:\/\/elamusspa.ee\/wp-content\/uploads\/2024\/10\/elamusspalastealatanuuritusfotoevelinkruusgoodnews131-100x67.jpg 100w\" sizes=\"(max-width: 800px) 100vw, 800px\" \/>\t\t\t\t\t\t\t\t\t\t\t\t\t<\/div>\n\t\t\t\t<\/div>\n\t\t\t\t\t<\/div>\n\t\t<\/div>\n\t\t\t\t\t<\/div>\n\t\t<\/section>\n\t\t\t\t<section class=\"elementor-section elementor-top-section elementor-element elementor-element-14d7978 elementor-section-boxed elementor-section-height-default elementor-section-height-default\" data-id=\"14d7978\" data-element_type=\"section\" data-settings=\"{&quot;jet_parallax_layout_list&quot;:[]}\">\n\t\t\t\t\t\t<div class=\"elementor-container elementor-column-gap-default\">\n\t\t\t\t\t<div class=\"elementor-column elementor-col-50 elementor-top-column elementor-element elementor-element-13aa6dd\" data-id=\"13aa6dd\" data-element_type=\"column\">\n\t\t\t<div class=\"elementor-widget-wrap elementor-element-populated\">\n\t\t\t\t\t\t<div class=\"elementor-element elementor-element-6667e3e elementor-widget elementor-widget-image\" data-id=\"6667e3e\" data-element_type=\"widget\" data-widget_type=\"image.default\">\n\t\t\t\t<div class=\"elementor-widget-container\">\n\t\t\t\t\t\t\t\t\t\t\t\t\t<img decoding=\"async\" width=\"800\" height=\"534\" src=\"https:\/\/elamusspa.ee\/wp-content\/uploads\/2024\/10\/elamusspalastealatanuuritusfotoevelinkruusgoodnews124-1024x683.jpg\" class=\"attachment-large size-large wp-image-76392\" alt=\"\" srcset=\"https:\/\/elamusspa.ee\/wp-content\/uploads\/2024\/10\/elamusspalastealatanuuritusfotoevelinkruusgoodnews124-1024x683.jpg 1024w, https:\/\/elamusspa.ee\/wp-content\/uploads\/2024\/10\/elamusspalastealatanuuritusfotoevelinkruusgoodnews124-300x200.jpg 300w, https:\/\/elamusspa.ee\/wp-content\/uploads\/2024\/10\/elamusspalastealatanuuritusfotoevelinkruusgoodnews124-768x512.jpg 768w, https:\/\/elamusspa.ee\/wp-content\/uploads\/2024\/10\/elamusspalastealatanuuritusfotoevelinkruusgoodnews124-1536x1024.jpg 1536w, https:\/\/elamusspa.ee\/wp-content\/uploads\/2024\/10\/elamusspalastealatanuuritusfotoevelinkruusgoodnews124-2048x1365.jpg 2048w, https:\/\/elamusspa.ee\/wp-content\/uploads\/2024\/10\/elamusspalastealatanuuritusfotoevelinkruusgoodnews124-700x467.jpg 700w, https:\/\/elamusspa.ee\/wp-content\/uploads\/2024\/10\/elamusspalastealatanuuritusfotoevelinkruusgoodnews124-100x67.jpg 100w\" sizes=\"(max-width: 800px) 100vw, 800px\" \/>\t\t\t\t\t\t\t\t\t\t\t\t\t<\/div>\n\t\t\t\t<\/div>\n\t\t\t\t\t<\/div>\n\t\t<\/div>\n\t\t\t\t<div class=\"elementor-column elementor-col-50 elementor-top-column elementor-element elementor-element-0c19ea6\" data-id=\"0c19ea6\" data-element_type=\"column\">\n\t\t\t<div class=\"elementor-widget-wrap elementor-element-populated\">\n\t\t\t\t\t\t<div class=\"elementor-element elementor-element-79d242a elementor-widget elementor-widget-text-editor\" data-id=\"79d242a\" data-element_type=\"widget\" data-widget_type=\"text-editor.default\">\n\t\t\t\t<div class=\"elementor-widget-container\">\n\t\t\t\t\t\t\t<p><strong>Musta liukum\u00e4ki<\/strong><\/p><p>Liukunopeus: Nopea liuku<\/p><p>Liukun pituus: 53,7 m<\/p><p>Sopii niille, jotka rakastavat nopeutta putkia ammuttaessa.<\/p><p>L\u00f6yd\u00e4t mustan putken k\u00e4ytt\u00f6ohjeen <strong><a href=\"https:\/\/elamusspa.ee\/wp-content\/uploads\/2024\/10\/must-liutoru-kleebis_700x600mm5mmb.pdf\">t\u00e4\u00e4lt\u00e4<\/a>.<\/strong><\/p>\t\t\t\t\t\t<\/div>\n\t\t\t\t<\/div>\n\t\t\t\t\t<\/div>\n\t\t<\/div>\n\t\t\t\t\t<\/div>\n\t\t<\/section>\n\t\t\t\t<section class=\"elementor-section elementor-top-section elementor-element elementor-element-e61b675 elementor-section-boxed elementor-section-height-default elementor-section-height-default\" data-id=\"e61b675\" data-element_type=\"section\" data-settings=\"{&quot;jet_parallax_layout_list&quot;:[]}\">\n\t\t\t\t\t\t<div class=\"elementor-container elementor-column-gap-default\">\n\t\t\t\t\t<div class=\"elementor-column elementor-col-50 elementor-top-column elementor-element elementor-element-8f2e31e\" data-id=\"8f2e31e\" data-element_type=\"column\">\n\t\t\t<div class=\"elementor-widget-wrap elementor-element-populated\">\n\t\t\t\t\t\t<div class=\"elementor-element elementor-element-0468b8f elementor-widget elementor-widget-text-editor\" data-id=\"0468b8f\" data-element_type=\"widget\" data-widget_type=\"text-editor.default\">\n\t\t\t\t<div class=\"elementor-widget-container\">\n\t\t\t\t\t\t\t<p><strong>Sininen liukum\u00e4ki<\/strong><\/p><p>Liukunopeus: kohtalainen<\/p><p>Liukun pituus: n. 60m<\/p><p>Jos etsit j\u00e4nnityst\u00e4 putkissa, valitse t\u00e4m\u00e4 putki. T\u00e4m\u00e4n putken keskell\u00e4 on kartio, joka antaa putkelle tehokkaan py\u00f6rteen.<\/p><p>L\u00f6yd\u00e4t sinisen liukuputken k\u00e4ytt\u00f6ohjeen <strong style=\"font-size: 1rem;\"><a href=\"https:\/\/elamusspa.ee\/wp-content\/uploads\/2024\/10\/sinine-liutoru-kleebis_700x600mm5mmb.pdf\">t\u00e4\u00e4lt\u00e4<\/a><\/strong><span style=\"font-size: 1rem;\">.<\/span><\/p>\t\t\t\t\t\t<\/div>\n\t\t\t\t<\/div>\n\t\t\t\t\t<\/div>\n\t\t<\/div>\n\t\t\t\t<div class=\"elementor-column elementor-col-50 elementor-top-column elementor-element elementor-element-88b0b8d\" data-id=\"88b0b8d\" data-element_type=\"column\">\n\t\t\t<div class=\"elementor-widget-wrap elementor-element-populated\">\n\t\t\t\t\t\t<div class=\"elementor-element elementor-element-6fcadda elementor-widget elementor-widget-image\" data-id=\"6fcadda\" data-element_type=\"widget\" data-widget_type=\"image.default\">\n\t\t\t\t<div class=\"elementor-widget-container\">\n\t\t\t\t\t\t\t\t\t\t\t\t\t<img decoding=\"async\" width=\"800\" height=\"537\" src=\"https:\/\/elamusspa.ee\/wp-content\/uploads\/2024\/10\/sinine-toru-1024x687.jpg\" class=\"attachment-large size-large wp-image-76541\" alt=\"\" srcset=\"https:\/\/elamusspa.ee\/wp-content\/uploads\/2024\/10\/sinine-toru-1024x687.jpg 1024w, https:\/\/elamusspa.ee\/wp-content\/uploads\/2024\/10\/sinine-toru-300x201.jpg 300w, https:\/\/elamusspa.ee\/wp-content\/uploads\/2024\/10\/sinine-toru-768x515.jpg 768w, https:\/\/elamusspa.ee\/wp-content\/uploads\/2024\/10\/sinine-toru-1536x1031.jpg 1536w, https:\/\/elamusspa.ee\/wp-content\/uploads\/2024\/10\/sinine-toru-2048x1374.jpg 2048w, https:\/\/elamusspa.ee\/wp-content\/uploads\/2024\/10\/sinine-toru-700x470.jpg 700w, https:\/\/elamusspa.ee\/wp-content\/uploads\/2024\/10\/sinine-toru-100x67.jpg 100w\" sizes=\"(max-width: 800px) 100vw, 800px\" \/>\t\t\t\t\t\t\t\t\t\t\t\t\t<\/div>\n\t\t\t\t<\/div>\n\t\t\t\t\t<\/div>\n\t\t<\/div>\n\t\t\t\t\t<\/div>\n\t\t<\/section>\n\t\t\t\t<\/div>\n\t\t","protected":false},"excerpt":{"rendered":"<p>Elamus Span lastenalueella on 3 liukum\u00e4ke\u00e4 vesinautinnon yst\u00e4ville. Kaikissa putkissa on erityiset valotehosteet ja ne ovat l\u00e4mmitettyj\u00e4. Jokainen liukum\u00e4ki p\u00e4\u00e4ttyy 25 cm syv\u00e4\u00e4n laskukouruun. Varmistaaksesi, ett\u00e4 jokainen liukum\u00e4ki on turvallinen ja ett\u00e4 sinulla on parhaat muistot putkista, sinun tulee ensin tutustua alla olevaan k\u00e4ytt\u00f6ohjeeseen. Liukum\u00e4et Oranssi liukum\u00e4ki Liukunopeus: kohtalainen Liukun pituus: 60,3 m Voit ampua [&hellip;]<\/p>\n","protected":false},"author":50,"featured_media":76377,"parent":2851,"menu_order":0,"comment_status":"closed","ping_status":"closed","template":"","meta":{"_acf_changed":false,"footnotes":""},"acf":[],"yoast_head":"<!-- This site is optimized with the Yoast SEO plugin v24.0 - https:\/\/yoast.com\/wordpress\/plugins\/seo\/ -->\n<title>Liukum\u00e4et - Elamus Spa<\/title>\n<meta name=\"robots\" content=\"index, follow, max-snippet:-1, max-image-preview:large, max-video-preview:-1\" \/>\n<link rel=\"canonical\" href=\"https:\/\/elamusspa.ee\/fi\/elamus-spa\/liukumaet\/\" \/>\n<meta property=\"og:locale\" content=\"fi_FI\" \/>\n<meta property=\"og:type\" content=\"article\" \/>\n<meta property=\"og:title\" content=\"Liukum\u00e4et - Elamus Spa\" \/>\n<meta property=\"og:description\" content=\"Elamus Span lastenalueella on 3 liukum\u00e4ke\u00e4 vesinautinnon yst\u00e4ville. Kaikissa putkissa on erityiset valotehosteet ja ne ovat l\u00e4mmitettyj\u00e4. Jokainen liukum\u00e4ki p\u00e4\u00e4ttyy 25 cm syv\u00e4\u00e4n laskukouruun. Varmistaaksesi, ett\u00e4 jokainen liukum\u00e4ki on turvallinen ja ett\u00e4 sinulla on parhaat muistot putkista, sinun tulee ensin tutustua alla olevaan k\u00e4ytt\u00f6ohjeeseen. Liukum\u00e4et Oranssi liukum\u00e4ki Liukunopeus: kohtalainen Liukun pituus: 60,3 m Voit ampua [&hellip;]\" \/>\n<meta property=\"og:url\" content=\"https:\/\/elamusspa.ee\/fi\/elamus-spa\/liukumaet\/\" \/>\n<meta property=\"og:site_name\" content=\"Elamus Spa\" \/>\n<meta property=\"article:modified_time\" content=\"2024-12-02T19:25:16+00:00\" \/>\n<meta property=\"og:image\" content=\"https:\/\/elamusspa.ee\/wp-content\/uploads\/2024\/10\/liutoorud.jpg\" \/>\n\t<meta property=\"og:image:width\" content=\"1983\" \/>\n\t<meta property=\"og:image:height\" content=\"1080\" \/>\n\t<meta property=\"og:image:type\" content=\"image\/jpeg\" \/>\n<meta name=\"twitter:card\" content=\"summary_large_image\" \/>\n<meta name=\"twitter:label1\" content=\"Arvioitu lukuaika\" \/>\n\t<meta name=\"twitter:data1\" content=\"2 minuuttia\" \/>\n<script type=\"application\/ld+json\" class=\"yoast-schema-graph\">{\"@context\":\"https:\/\/schema.org\",\"@graph\":[{\"@type\":\"WebPage\",\"@id\":\"https:\/\/elamusspa.ee\/fi\/elamus-spa\/liukumaet\/\",\"url\":\"https:\/\/elamusspa.ee\/fi\/elamus-spa\/liukumaet\/\",\"name\":\"Liukum\u00e4et - Elamus Spa\",\"isPartOf\":{\"@id\":\"https:\/\/elamusspa.ee\/#website\"},\"primaryImageOfPage\":{\"@id\":\"https:\/\/elamusspa.ee\/fi\/elamus-spa\/liukumaet\/#primaryimage\"},\"image\":{\"@id\":\"https:\/\/elamusspa.ee\/fi\/elamus-spa\/liukumaet\/#primaryimage\"},\"thumbnailUrl\":\"https:\/\/elamusspa.ee\/wp-content\/uploads\/2024\/10\/liutoorud.jpg\",\"datePublished\":\"2024-12-02T19:19:47+00:00\",\"dateModified\":\"2024-12-02T19:25:16+00:00\",\"breadcrumb\":{\"@id\":\"https:\/\/elamusspa.ee\/fi\/elamus-spa\/liukumaet\/#breadcrumb\"},\"inLanguage\":\"fi\",\"potentialAction\":[{\"@type\":\"ReadAction\",\"target\":[\"https:\/\/elamusspa.ee\/fi\/elamus-spa\/liukumaet\/\"]}]},{\"@type\":\"ImageObject\",\"inLanguage\":\"fi\",\"@id\":\"https:\/\/elamusspa.ee\/fi\/elamus-spa\/liukumaet\/#primaryimage\",\"url\":\"https:\/\/elamusspa.ee\/wp-content\/uploads\/2024\/10\/liutoorud.jpg\",\"contentUrl\":\"https:\/\/elamusspa.ee\/wp-content\/uploads\/2024\/10\/liutoorud.jpg\",\"width\":1983,\"height\":1080},{\"@type\":\"BreadcrumbList\",\"@id\":\"https:\/\/elamusspa.ee\/fi\/elamus-spa\/liukumaet\/#breadcrumb\",\"itemListElement\":[{\"@type\":\"ListItem\",\"position\":1,\"name\":\"Avaleht\",\"item\":\"https:\/\/elamusspa.ee\/fi\/\"},{\"@type\":\"ListItem\",\"position\":2,\"name\":\"ELAMUS SPA\",\"item\":\"https:\/\/elamusspa.ee\/ru\/elamus-spa\/\"},{\"@type\":\"ListItem\",\"position\":3,\"name\":\"Liukum\u00e4et\"}]},{\"@type\":\"WebSite\",\"@id\":\"https:\/\/elamusspa.ee\/#website\",\"url\":\"https:\/\/elamusspa.ee\/\",\"name\":\"Elamus Spa\",\"description\":\"Baltikumi suurim SPA\",\"publisher\":{\"@id\":\"https:\/\/elamusspa.ee\/#organization\"},\"potentialAction\":[{\"@type\":\"SearchAction\",\"target\":{\"@type\":\"EntryPoint\",\"urlTemplate\":\"https:\/\/elamusspa.ee\/?s={search_term_string}\"},\"query-input\":{\"@type\":\"PropertyValueSpecification\",\"valueRequired\":true,\"valueName\":\"search_term_string\"}}],\"inLanguage\":\"fi\"},{\"@type\":\"Organization\",\"@id\":\"https:\/\/elamusspa.ee\/#organization\",\"name\":\"Elamuste SPA\",\"url\":\"https:\/\/elamusspa.ee\/\",\"logo\":{\"@type\":\"ImageObject\",\"inLanguage\":\"fi\",\"@id\":\"https:\/\/elamusspa.ee\/#\/schema\/logo\/image\/\",\"url\":\"https:\/\/elamusspa.ee\/wp-content\/uploads\/2020\/11\/asset-9elamusspa.png\",\"contentUrl\":\"https:\/\/elamusspa.ee\/wp-content\/uploads\/2020\/11\/asset-9elamusspa.png\",\"width\":184,\"height\":77,\"caption\":\"Elamuste SPA\"},\"image\":{\"@id\":\"https:\/\/elamusspa.ee\/#\/schema\/logo\/image\/\"}}]}<\/script>\n<!-- \/ Yoast SEO plugin. -->","yoast_head_json":{"title":"Liukum\u00e4et - Elamus Spa","robots":{"index":"index","follow":"follow","max-snippet":"max-snippet:-1","max-image-preview":"max-image-preview:large","max-video-preview":"max-video-preview:-1"},"canonical":"https:\/\/elamusspa.ee\/fi\/elamus-spa\/liukumaet\/","og_locale":"fi_FI","og_type":"article","og_title":"Liukum\u00e4et - Elamus Spa","og_description":"Elamus Span lastenalueella on 3 liukum\u00e4ke\u00e4 vesinautinnon yst\u00e4ville. Kaikissa putkissa on erityiset valotehosteet ja ne ovat l\u00e4mmitettyj\u00e4. Jokainen liukum\u00e4ki p\u00e4\u00e4ttyy 25 cm syv\u00e4\u00e4n laskukouruun. Varmistaaksesi, ett\u00e4 jokainen liukum\u00e4ki on turvallinen ja ett\u00e4 sinulla on parhaat muistot putkista, sinun tulee ensin tutustua alla olevaan k\u00e4ytt\u00f6ohjeeseen. Liukum\u00e4et Oranssi liukum\u00e4ki Liukunopeus: kohtalainen Liukun pituus: 60,3 m Voit ampua [&hellip;]","og_url":"https:\/\/elamusspa.ee\/fi\/elamus-spa\/liukumaet\/","og_site_name":"Elamus Spa","article_modified_time":"2024-12-02T19:25:16+00:00","og_image":[{"width":1983,"height":1080,"url":"https:\/\/elamusspa.ee\/wp-content\/uploads\/2024\/10\/liutoorud.jpg","type":"image\/jpeg"}],"twitter_card":"summary_large_image","twitter_misc":{"Arvioitu lukuaika":"2 minuuttia"},"schema":{"@context":"https:\/\/schema.org","@graph":[{"@type":"WebPage","@id":"https:\/\/elamusspa.ee\/fi\/elamus-spa\/liukumaet\/","url":"https:\/\/elamusspa.ee\/fi\/elamus-spa\/liukumaet\/","name":"Liukum\u00e4et - Elamus Spa","isPartOf":{"@id":"https:\/\/elamusspa.ee\/#website"},"primaryImageOfPage":{"@id":"https:\/\/elamusspa.ee\/fi\/elamus-spa\/liukumaet\/#primaryimage"},"image":{"@id":"https:\/\/elamusspa.ee\/fi\/elamus-spa\/liukumaet\/#primaryimage"},"thumbnailUrl":"https:\/\/elamusspa.ee\/wp-content\/uploads\/2024\/10\/liutoorud.jpg","datePublished":"2024-12-02T19:19:47+00:00","dateModified":"2024-12-02T19:25:16+00:00","breadcrumb":{"@id":"https:\/\/elamusspa.ee\/fi\/elamus-spa\/liukumaet\/#breadcrumb"},"inLanguage":"fi","potentialAction":[{"@type":"ReadAction","target":["https:\/\/elamusspa.ee\/fi\/elamus-spa\/liukumaet\/"]}]},{"@type":"ImageObject","inLanguage":"fi","@id":"https:\/\/elamusspa.ee\/fi\/elamus-spa\/liukumaet\/#primaryimage","url":"https:\/\/elamusspa.ee\/wp-content\/uploads\/2024\/10\/liutoorud.jpg","contentUrl":"https:\/\/elamusspa.ee\/wp-content\/uploads\/2024\/10\/liutoorud.jpg","width":1983,"height":1080},{"@type":"BreadcrumbList","@id":"https:\/\/elamusspa.ee\/fi\/elamus-spa\/liukumaet\/#breadcrumb","itemListElement":[{"@type":"ListItem","position":1,"name":"Avaleht","item":"https:\/\/elamusspa.ee\/fi\/"},{"@type":"ListItem","position":2,"name":"ELAMUS SPA","item":"https:\/\/elamusspa.ee\/ru\/elamus-spa\/"},{"@type":"ListItem","position":3,"name":"Liukum\u00e4et"}]},{"@type":"WebSite","@id":"https:\/\/elamusspa.ee\/#website","url":"https:\/\/elamusspa.ee\/","name":"Elamus Spa","description":"Baltikumi suurim SPA","publisher":{"@id":"https:\/\/elamusspa.ee\/#organization"},"potentialAction":[{"@type":"SearchAction","target":{"@type":"EntryPoint","urlTemplate":"https:\/\/elamusspa.ee\/?s={search_term_string}"},"query-input":{"@type":"PropertyValueSpecification","valueRequired":true,"valueName":"search_term_string"}}],"inLanguage":"fi"},{"@type":"Organization","@id":"https:\/\/elamusspa.ee\/#organization","name":"Elamuste SPA","url":"https:\/\/elamusspa.ee\/","logo":{"@type":"ImageObject","inLanguage":"fi","@id":"https:\/\/elamusspa.ee\/#\/schema\/logo\/image\/","url":"https:\/\/elamusspa.ee\/wp-content\/uploads\/2020\/11\/asset-9elamusspa.png","contentUrl":"https:\/\/elamusspa.ee\/wp-content\/uploads\/2020\/11\/asset-9elamusspa.png","width":184,"height":77,"caption":"Elamuste SPA"},"image":{"@id":"https:\/\/elamusspa.ee\/#\/schema\/logo\/image\/"}}]}},"_links":{"self":[{"href":"https:\/\/elamusspa.ee\/fi\/wp-json\/wp\/v2\/pages\/80420"}],"collection":[{"href":"https:\/\/elamusspa.ee\/fi\/wp-json\/wp\/v2\/pages"}],"about":[{"href":"https:\/\/elamusspa.ee\/fi\/wp-json\/wp\/v2\/types\/page"}],"author":[{"embeddable":true,"href":"https:\/\/elamusspa.ee\/fi\/wp-json\/wp\/v2\/users\/50"}],"replies":[{"embeddable":true,"href":"https:\/\/elamusspa.ee\/fi\/wp-json\/wp\/v2\/comments?post=80420"}],"version-history":[{"count":4,"href":"https:\/\/elamusspa.ee\/fi\/wp-json\/wp\/v2\/pages\/80420\/revisions"}],"predecessor-version":[{"id":80433,"href":"https:\/\/elamusspa.ee\/fi\/wp-json\/wp\/v2\/pages\/80420\/revisions\/80433"}],"up":[{"embeddable":true,"href":"https:\/\/elamusspa.ee\/fi\/wp-json\/wp\/v2\/pages\/2851"}],"wp:featuredmedia":[{"embeddable":true,"href":"https:\/\/elamusspa.ee\/fi\/wp-json\/wp\/v2\/media\/76377"}],"wp:attachment":[{"href":"https:\/\/elamusspa.ee\/fi\/wp-json\/wp\/v2\/media?parent=80420"}],"curies":[{"name":"wp","href":"https:\/\/api.w.org\/{rel}","templated":true}]}}