{"id":114015,"date":"2026-01-09T12:08:02","date_gmt":"2026-01-09T12:08:02","guid":{"rendered":"https:\/\/elamusspa.ee\/?post_type=product&#038;p=114015"},"modified":"2026-01-09T12:30:10","modified_gmt":"2026-01-09T12:30:10","slug":"thaimaalainen-oljyhieronta-60-min","status":"publish","type":"product","link":"https:\/\/elamusspa.ee\/fi\/artikkeli\/thaimaalainen-oljyhieronta-60-min\/","title":{"rendered":"Thaimaalainen \u00f6ljyhieronta 60 min"},"content":{"rendered":"<p>Thaimaalaisessa \u00f6ljyhieronnassa k\u00e4ytet\u00e4\u00e4n perinteisi\u00e4 thaimaalaisia \u200b\u200bhierontatekniikoita. T\u00e4m\u00e4 hieronta on erityisesti suunniteltu lievitt\u00e4m\u00e4\u00e4n stressi\u00e4, v\u00e4hent\u00e4m\u00e4\u00e4n lihaskipuja ja hoitamaan tulehdusta.<br \/>\nToisin kuin perinteinen klassinen hieronta, thaimaalainen \u00f6ljyhieronta on yhdistelm\u00e4 tarkasti kohdistettuja painopisteit\u00e4 ja venytyksi\u00e4. Hieronnan suorittaa aito thaimaalainen hieroja, jonka liikkeet ovat rytmisi\u00e4 ja keskittyv\u00e4t j\u00e4nnityksen poistamiseen, kehon ja mielen tasapainon parantamiseen ja palauttamiseen.<\/p>\n","protected":false},"excerpt":{"rendered":"<p>Thaimaalaisessa \u00f6ljyhieronnassa k\u00e4ytet\u00e4\u00e4n perinteisi\u00e4 thaimaalaisia \u200b\u200bhierontatekniikoita. T\u00e4m\u00e4 hieronta on erityisesti suunniteltu lievitt\u00e4m\u00e4\u00e4n stressi\u00e4, v\u00e4hent\u00e4m\u00e4\u00e4n lihaskipuja ja hoitamaan tulehdusta. Toisin kuin perinteinen klassinen hieronta, thaimaalainen \u00f6ljyhieronta on yhdistelm\u00e4 tarkasti kohdistettuja painopisteit\u00e4 ja venytyksi\u00e4. Hieronnan suorittaa aito thaimaalainen hieroja, jonka liikkeet ovat rytmisi\u00e4 ja keskittyv\u00e4t j\u00e4nnityksen poistamiseen, kehon ja mielen tasapainon parantamiseen ja palauttamiseen.<\/p>\n","protected":false},"featured_media":19701,"template":"","meta":{"_acf_changed":false},"product_cat":[194],"product_tag":[],"acf":[],"yoast_head":"<!-- This site is optimized with the Yoast SEO plugin v24.0 - https:\/\/yoast.com\/wordpress\/plugins\/seo\/ -->\n<title>Thaimaalainen \u00f6ljyhieronta 60 min - Elamus Spa<\/title>\n<meta name=\"robots\" content=\"index, follow, max-snippet:-1, max-image-preview:large, max-video-preview:-1\" \/>\n<link rel=\"canonical\" href=\"https:\/\/elamusspa.ee\/fi\/artikkeli\/thaimaalainen-oljyhieronta-60-min\/\" \/>\n<meta property=\"og:locale\" content=\"fi_FI\" \/>\n<meta property=\"og:type\" content=\"article\" \/>\n<meta property=\"og:title\" content=\"Thaimaalainen \u00f6ljyhieronta 60 min - Elamus Spa\" \/>\n<meta property=\"og:description\" content=\"Thaimaalaisessa \u00f6ljyhieronnassa k\u00e4ytet\u00e4\u00e4n perinteisi\u00e4 thaimaalaisia \u200b\u200bhierontatekniikoita. T\u00e4m\u00e4 hieronta on erityisesti suunniteltu lievitt\u00e4m\u00e4\u00e4n stressi\u00e4, v\u00e4hent\u00e4m\u00e4\u00e4n lihaskipuja ja hoitamaan tulehdusta. Toisin kuin perinteinen klassinen hieronta, thaimaalainen \u00f6ljyhieronta on yhdistelm\u00e4 tarkasti kohdistettuja painopisteit\u00e4 ja venytyksi\u00e4. Hieronnan suorittaa aito thaimaalainen hieroja, jonka liikkeet ovat rytmisi\u00e4 ja keskittyv\u00e4t j\u00e4nnityksen poistamiseen, kehon ja mielen tasapainon parantamiseen ja palauttamiseen.\" \/>\n<meta property=\"og:url\" content=\"https:\/\/elamusspa.ee\/fi\/artikkeli\/thaimaalainen-oljyhieronta-60-min\/\" \/>\n<meta property=\"og:site_name\" content=\"Elamus Spa\" \/>\n<meta property=\"article:modified_time\" content=\"2026-01-09T12:30:10+00:00\" \/>\n<meta property=\"og:image\" content=\"https:\/\/elamusspa.ee\/wp-content\/uploads\/2019\/11\/elamusspa09-scaled.jpeg\" \/>\n\t<meta property=\"og:image:width\" content=\"2560\" \/>\n\t<meta property=\"og:image:height\" content=\"1604\" \/>\n\t<meta property=\"og:image:type\" content=\"image\/jpeg\" \/>\n<meta name=\"twitter:card\" content=\"summary_large_image\" \/>\n<meta name=\"twitter:label1\" content=\"Arvioitu lukuaika\" \/>\n\t<meta name=\"twitter:data1\" content=\"1 minuutti\" \/>\n<script type=\"application\/ld+json\" class=\"yoast-schema-graph\">{\"@context\":\"https:\/\/schema.org\",\"@graph\":[{\"@type\":\"WebPage\",\"@id\":\"https:\/\/elamusspa.ee\/fi\/artikkeli\/thaimaalainen-oljyhieronta-60-min\/\",\"url\":\"https:\/\/elamusspa.ee\/fi\/artikkeli\/thaimaalainen-oljyhieronta-60-min\/\",\"name\":\"Thaimaalainen \u00f6ljyhieronta 60 min - Elamus Spa\",\"isPartOf\":{\"@id\":\"https:\/\/elamusspa.ee\/#website\"},\"primaryImageOfPage\":{\"@id\":\"https:\/\/elamusspa.ee\/fi\/artikkeli\/thaimaalainen-oljyhieronta-60-min\/#primaryimage\"},\"image\":{\"@id\":\"https:\/\/elamusspa.ee\/fi\/artikkeli\/thaimaalainen-oljyhieronta-60-min\/#primaryimage\"},\"thumbnailUrl\":\"https:\/\/elamusspa.ee\/wp-content\/uploads\/2019\/11\/elamusspa09-scaled.jpeg\",\"datePublished\":\"2026-01-09T12:08:02+00:00\",\"dateModified\":\"2026-01-09T12:30:10+00:00\",\"breadcrumb\":{\"@id\":\"https:\/\/elamusspa.ee\/fi\/artikkeli\/thaimaalainen-oljyhieronta-60-min\/#breadcrumb\"},\"inLanguage\":\"fi\",\"potentialAction\":[{\"@type\":\"ReadAction\",\"target\":[\"https:\/\/elamusspa.ee\/fi\/artikkeli\/thaimaalainen-oljyhieronta-60-min\/\"]}]},{\"@type\":\"ImageObject\",\"inLanguage\":\"fi\",\"@id\":\"https:\/\/elamusspa.ee\/fi\/artikkeli\/thaimaalainen-oljyhieronta-60-min\/#primaryimage\",\"url\":\"https:\/\/elamusspa.ee\/wp-content\/uploads\/2019\/11\/elamusspa09-scaled.jpeg\",\"contentUrl\":\"https:\/\/elamusspa.ee\/wp-content\/uploads\/2019\/11\/elamusspa09-scaled.jpeg\",\"width\":2560,\"height\":1604,\"caption\":\"Spa Treatment\"},{\"@type\":\"BreadcrumbList\",\"@id\":\"https:\/\/elamusspa.ee\/fi\/artikkeli\/thaimaalainen-oljyhieronta-60-min\/#breadcrumb\",\"itemListElement\":[{\"@type\":\"ListItem\",\"position\":1,\"name\":\"Avaleht\",\"item\":\"https:\/\/elamusspa.ee\/fi\/\"},{\"@type\":\"ListItem\",\"position\":2,\"name\":\"Varaa hoito\",\"item\":\"https:\/\/elamusspa.ee\/fi\/varaa-hoito\/\"},{\"@type\":\"ListItem\",\"position\":3,\"name\":\"Thaimaalainen \u00f6ljyhieronta 60 min\"}]},{\"@type\":\"WebSite\",\"@id\":\"https:\/\/elamusspa.ee\/#website\",\"url\":\"https:\/\/elamusspa.ee\/\",\"name\":\"Elamus Spa\",\"description\":\"Baltikumi suurim SPA\",\"publisher\":{\"@id\":\"https:\/\/elamusspa.ee\/#organization\"},\"potentialAction\":[{\"@type\":\"SearchAction\",\"target\":{\"@type\":\"EntryPoint\",\"urlTemplate\":\"https:\/\/elamusspa.ee\/?s={search_term_string}\"},\"query-input\":{\"@type\":\"PropertyValueSpecification\",\"valueRequired\":true,\"valueName\":\"search_term_string\"}}],\"inLanguage\":\"fi\"},{\"@type\":\"Organization\",\"@id\":\"https:\/\/elamusspa.ee\/#organization\",\"name\":\"Elamuste SPA\",\"url\":\"https:\/\/elamusspa.ee\/\",\"logo\":{\"@type\":\"ImageObject\",\"inLanguage\":\"fi\",\"@id\":\"https:\/\/elamusspa.ee\/#\/schema\/logo\/image\/\",\"url\":\"https:\/\/elamusspa.ee\/wp-content\/uploads\/2020\/11\/asset-9elamusspa.png\",\"contentUrl\":\"https:\/\/elamusspa.ee\/wp-content\/uploads\/2020\/11\/asset-9elamusspa.png\",\"width\":184,\"height\":77,\"caption\":\"Elamuste SPA\"},\"image\":{\"@id\":\"https:\/\/elamusspa.ee\/#\/schema\/logo\/image\/\"}}]}<\/script>\n<!-- \/ Yoast SEO plugin. -->","yoast_head_json":{"title":"Thaimaalainen \u00f6ljyhieronta 60 min - Elamus Spa","robots":{"index":"index","follow":"follow","max-snippet":"max-snippet:-1","max-image-preview":"max-image-preview:large","max-video-preview":"max-video-preview:-1"},"canonical":"https:\/\/elamusspa.ee\/fi\/artikkeli\/thaimaalainen-oljyhieronta-60-min\/","og_locale":"fi_FI","og_type":"article","og_title":"Thaimaalainen \u00f6ljyhieronta 60 min - Elamus Spa","og_description":"Thaimaalaisessa \u00f6ljyhieronnassa k\u00e4ytet\u00e4\u00e4n perinteisi\u00e4 thaimaalaisia \u200b\u200bhierontatekniikoita. T\u00e4m\u00e4 hieronta on erityisesti suunniteltu lievitt\u00e4m\u00e4\u00e4n stressi\u00e4, v\u00e4hent\u00e4m\u00e4\u00e4n lihaskipuja ja hoitamaan tulehdusta. Toisin kuin perinteinen klassinen hieronta, thaimaalainen \u00f6ljyhieronta on yhdistelm\u00e4 tarkasti kohdistettuja painopisteit\u00e4 ja venytyksi\u00e4. Hieronnan suorittaa aito thaimaalainen hieroja, jonka liikkeet ovat rytmisi\u00e4 ja keskittyv\u00e4t j\u00e4nnityksen poistamiseen, kehon ja mielen tasapainon parantamiseen ja palauttamiseen.","og_url":"https:\/\/elamusspa.ee\/fi\/artikkeli\/thaimaalainen-oljyhieronta-60-min\/","og_site_name":"Elamus Spa","article_modified_time":"2026-01-09T12:30:10+00:00","og_image":[{"width":2560,"height":1604,"url":"https:\/\/elamusspa.ee\/wp-content\/uploads\/2019\/11\/elamusspa09-scaled.jpeg","type":"image\/jpeg"}],"twitter_card":"summary_large_image","twitter_misc":{"Arvioitu lukuaika":"1 minuutti"},"schema":{"@context":"https:\/\/schema.org","@graph":[{"@type":"WebPage","@id":"https:\/\/elamusspa.ee\/fi\/artikkeli\/thaimaalainen-oljyhieronta-60-min\/","url":"https:\/\/elamusspa.ee\/fi\/artikkeli\/thaimaalainen-oljyhieronta-60-min\/","name":"Thaimaalainen \u00f6ljyhieronta 60 min - Elamus Spa","isPartOf":{"@id":"https:\/\/elamusspa.ee\/#website"},"primaryImageOfPage":{"@id":"https:\/\/elamusspa.ee\/fi\/artikkeli\/thaimaalainen-oljyhieronta-60-min\/#primaryimage"},"image":{"@id":"https:\/\/elamusspa.ee\/fi\/artikkeli\/thaimaalainen-oljyhieronta-60-min\/#primaryimage"},"thumbnailUrl":"https:\/\/elamusspa.ee\/wp-content\/uploads\/2019\/11\/elamusspa09-scaled.jpeg","datePublished":"2026-01-09T12:08:02+00:00","dateModified":"2026-01-09T12:30:10+00:00","breadcrumb":{"@id":"https:\/\/elamusspa.ee\/fi\/artikkeli\/thaimaalainen-oljyhieronta-60-min\/#breadcrumb"},"inLanguage":"fi","potentialAction":[{"@type":"ReadAction","target":["https:\/\/elamusspa.ee\/fi\/artikkeli\/thaimaalainen-oljyhieronta-60-min\/"]}]},{"@type":"ImageObject","inLanguage":"fi","@id":"https:\/\/elamusspa.ee\/fi\/artikkeli\/thaimaalainen-oljyhieronta-60-min\/#primaryimage","url":"https:\/\/elamusspa.ee\/wp-content\/uploads\/2019\/11\/elamusspa09-scaled.jpeg","contentUrl":"https:\/\/elamusspa.ee\/wp-content\/uploads\/2019\/11\/elamusspa09-scaled.jpeg","width":2560,"height":1604,"caption":"Spa Treatment"},{"@type":"BreadcrumbList","@id":"https:\/\/elamusspa.ee\/fi\/artikkeli\/thaimaalainen-oljyhieronta-60-min\/#breadcrumb","itemListElement":[{"@type":"ListItem","position":1,"name":"Avaleht","item":"https:\/\/elamusspa.ee\/fi\/"},{"@type":"ListItem","position":2,"name":"Varaa hoito","item":"https:\/\/elamusspa.ee\/fi\/varaa-hoito\/"},{"@type":"ListItem","position":3,"name":"Thaimaalainen \u00f6ljyhieronta 60 min"}]},{"@type":"WebSite","@id":"https:\/\/elamusspa.ee\/#website","url":"https:\/\/elamusspa.ee\/","name":"Elamus Spa","description":"Baltikumi suurim SPA","publisher":{"@id":"https:\/\/elamusspa.ee\/#organization"},"potentialAction":[{"@type":"SearchAction","target":{"@type":"EntryPoint","urlTemplate":"https:\/\/elamusspa.ee\/?s={search_term_string}"},"query-input":{"@type":"PropertyValueSpecification","valueRequired":true,"valueName":"search_term_string"}}],"inLanguage":"fi"},{"@type":"Organization","@id":"https:\/\/elamusspa.ee\/#organization","name":"Elamuste SPA","url":"https:\/\/elamusspa.ee\/","logo":{"@type":"ImageObject","inLanguage":"fi","@id":"https:\/\/elamusspa.ee\/#\/schema\/logo\/image\/","url":"https:\/\/elamusspa.ee\/wp-content\/uploads\/2020\/11\/asset-9elamusspa.png","contentUrl":"https:\/\/elamusspa.ee\/wp-content\/uploads\/2020\/11\/asset-9elamusspa.png","width":184,"height":77,"caption":"Elamuste SPA"},"image":{"@id":"https:\/\/elamusspa.ee\/#\/schema\/logo\/image\/"}}]}},"_links":{"self":[{"href":"https:\/\/elamusspa.ee\/fi\/wp-json\/wp\/v2\/product\/114015"}],"collection":[{"href":"https:\/\/elamusspa.ee\/fi\/wp-json\/wp\/v2\/product"}],"about":[{"href":"https:\/\/elamusspa.ee\/fi\/wp-json\/wp\/v2\/types\/product"}],"wp:featuredmedia":[{"embeddable":true,"href":"https:\/\/elamusspa.ee\/fi\/wp-json\/wp\/v2\/media\/19701"}],"wp:attachment":[{"href":"https:\/\/elamusspa.ee\/fi\/wp-json\/wp\/v2\/media?parent=114015"}],"wp:term":[{"taxonomy":"product_cat","embeddable":true,"href":"https:\/\/elamusspa.ee\/fi\/wp-json\/wp\/v2\/product_cat?post=114015"},{"taxonomy":"product_tag","embeddable":true,"href":"https:\/\/elamusspa.ee\/fi\/wp-json\/wp\/v2\/product_tag?post=114015"}],"curies":[{"name":"wp","href":"https:\/\/api.w.org\/{rel}","templated":true}]}}