{"id":114245,"date":"2026-01-11T22:14:36","date_gmt":"2026-01-12T00:22:16","guid":{"rendered":"https:\/\/elamusspa.ee\/?post_type=product&#038;p=114245"},"modified":"2026-01-12T07:59:58","modified_gmt":"2026-01-12T07:59:58","slug":"matkailumessujen-tarjous-31-08-2026-asti-elamus-bowlingpubi","status":"publish","type":"product","link":"https:\/\/elamusspa.ee\/fi\/artikkeli\/matkailumessujen-tarjous-31-08-2026-asti-elamus-bowlingpubi\/","title":{"rendered":"Matkailumessujen tarjous 31.08.2026 asti &#8211; Elamus Bowling&#038;Pubi"},"content":{"rendered":"<p>Elamus Bowling&amp;Pubi on Viron suurin ja teknisesti parhaiten varusteltu keilahalli, jossa on 16 Brunswick-keilarataa. Radoilla on ainutlaatuinen SPARK-multimediaratkaisu, joka tarjoaa j\u00e4nnitt\u00e4vi\u00e4 erikoistehosteita. 200-paikkaisessa pubissa on mahdollista juhlia syntym\u00e4p\u00e4ivi\u00e4, yritystapahtumia, katsoa kilpailuja ja urheilul\u00e4hetyksi\u00e4. Lis\u00e4tietoja ja varaukset t\u00e4\u00e4lt\u00e4. Kenkien vuokraus lis\u00e4t\u00e4\u00e4n paikan p\u00e4\u00e4ll\u00e4 &#8211; 2 \u20ac\/pari<\/p>\n<p><strong>Saat messutarjouksen alennuksen lis\u00e4\u00e4m\u00e4ll\u00e4 alennuskoodin ostoskoriin tai skannaamalla sen QR-koodista. Tarjous ja alennus ovat voimassa 31.08.2026 asti.<\/strong><\/p>\n","protected":false},"excerpt":{"rendered":"<p>Elamus Bowling&amp;Pubi on Viron suurin ja teknisesti parhaiten varusteltu keilahalli, jossa on 16 Brunswick-keilarataa. Radoilla on ainutlaatuinen SPARK-multimediaratkaisu, joka tarjoaa j\u00e4nnitt\u00e4vi\u00e4 erikoistehosteita. 200-paikkaisessa pubissa on mahdollista juhlia syntym\u00e4p\u00e4ivi\u00e4, yritystapahtumia, katsoa kilpailuja ja urheilul\u00e4hetyksi\u00e4. Lis\u00e4tietoja ja varaukset t\u00e4\u00e4lt\u00e4. Kenkien vuokraus lis\u00e4t\u00e4\u00e4n paikan p\u00e4\u00e4ll\u00e4 &#8211; 2 \u20ac\/pari Saat messutarjouksen alennuksen lis\u00e4\u00e4m\u00e4ll\u00e4 alennuskoodin ostoskoriin tai skannaamalla sen QR-koodista. [&hellip;]<\/p>\n","protected":false},"featured_media":105036,"template":"","meta":{"_acf_changed":false},"product_cat":[103,199],"product_tag":[],"acf":[],"yoast_head":"<!-- This site is optimized with the Yoast SEO plugin v24.0 - https:\/\/yoast.com\/wordpress\/plugins\/seo\/ -->\n<title>Matkailumessujen tarjous 31.08.2026 asti - Elamus Bowling&amp;Pubi - Elamus Spa<\/title>\n<meta name=\"robots\" content=\"index, follow, max-snippet:-1, max-image-preview:large, max-video-preview:-1\" \/>\n<link rel=\"canonical\" href=\"https:\/\/elamusspa.ee\/fi\/artikkeli\/matkailumessujen-tarjous-31-08-2026-asti-elamus-bowlingpubi\/\" \/>\n<meta property=\"og:locale\" content=\"fi_FI\" \/>\n<meta property=\"og:type\" content=\"article\" \/>\n<meta property=\"og:title\" content=\"Matkailumessujen tarjous 31.08.2026 asti - Elamus Bowling&amp;Pubi - Elamus Spa\" \/>\n<meta property=\"og:description\" content=\"Elamus Bowling&amp;Pubi on Viron suurin ja teknisesti parhaiten varusteltu keilahalli, jossa on 16 Brunswick-keilarataa. Radoilla on ainutlaatuinen SPARK-multimediaratkaisu, joka tarjoaa j\u00e4nnitt\u00e4vi\u00e4 erikoistehosteita. 200-paikkaisessa pubissa on mahdollista juhlia syntym\u00e4p\u00e4ivi\u00e4, yritystapahtumia, katsoa kilpailuja ja urheilul\u00e4hetyksi\u00e4. Lis\u00e4tietoja ja varaukset t\u00e4\u00e4lt\u00e4. Kenkien vuokraus lis\u00e4t\u00e4\u00e4n paikan p\u00e4\u00e4ll\u00e4 &#8211; 2 \u20ac\/pari Saat messutarjouksen alennuksen lis\u00e4\u00e4m\u00e4ll\u00e4 alennuskoodin ostoskoriin tai skannaamalla sen QR-koodista. [&hellip;]\" \/>\n<meta property=\"og:url\" content=\"https:\/\/elamusspa.ee\/fi\/artikkeli\/matkailumessujen-tarjous-31-08-2026-asti-elamus-bowlingpubi\/\" \/>\n<meta property=\"og:site_name\" content=\"Elamus Spa\" \/>\n<meta property=\"article:modified_time\" content=\"2026-01-12T07:59:58+00:00\" \/>\n<meta property=\"og:image\" content=\"https:\/\/elamusspa.ee\/wp-content\/uploads\/2025\/10\/elamus-bowling-foto-joosep-ints-085.jpg\" \/>\n\t<meta property=\"og:image:width\" content=\"2048\" \/>\n\t<meta property=\"og:image:height\" content=\"1329\" \/>\n\t<meta property=\"og:image:type\" content=\"image\/jpeg\" \/>\n<meta name=\"twitter:card\" content=\"summary_large_image\" \/>\n<meta name=\"twitter:label1\" content=\"Arvioitu lukuaika\" \/>\n\t<meta name=\"twitter:data1\" content=\"1 minuutti\" \/>\n<script type=\"application\/ld+json\" class=\"yoast-schema-graph\">{\"@context\":\"https:\/\/schema.org\",\"@graph\":[{\"@type\":\"WebPage\",\"@id\":\"https:\/\/elamusspa.ee\/fi\/artikkeli\/matkailumessujen-tarjous-31-08-2026-asti-elamus-bowlingpubi\/\",\"url\":\"https:\/\/elamusspa.ee\/fi\/artikkeli\/matkailumessujen-tarjous-31-08-2026-asti-elamus-bowlingpubi\/\",\"name\":\"Matkailumessujen tarjous 31.08.2026 asti - Elamus Bowling&Pubi - Elamus Spa\",\"isPartOf\":{\"@id\":\"https:\/\/elamusspa.ee\/#website\"},\"primaryImageOfPage\":{\"@id\":\"https:\/\/elamusspa.ee\/fi\/artikkeli\/matkailumessujen-tarjous-31-08-2026-asti-elamus-bowlingpubi\/#primaryimage\"},\"image\":{\"@id\":\"https:\/\/elamusspa.ee\/fi\/artikkeli\/matkailumessujen-tarjous-31-08-2026-asti-elamus-bowlingpubi\/#primaryimage\"},\"thumbnailUrl\":\"https:\/\/elamusspa.ee\/wp-content\/uploads\/2025\/10\/elamus-bowling-foto-joosep-ints-085.jpg\",\"datePublished\":\"2026-01-12T00:22:16+00:00\",\"dateModified\":\"2026-01-12T07:59:58+00:00\",\"breadcrumb\":{\"@id\":\"https:\/\/elamusspa.ee\/fi\/artikkeli\/matkailumessujen-tarjous-31-08-2026-asti-elamus-bowlingpubi\/#breadcrumb\"},\"inLanguage\":\"fi\",\"potentialAction\":[{\"@type\":\"ReadAction\",\"target\":[\"https:\/\/elamusspa.ee\/fi\/artikkeli\/matkailumessujen-tarjous-31-08-2026-asti-elamus-bowlingpubi\/\"]}]},{\"@type\":\"ImageObject\",\"inLanguage\":\"fi\",\"@id\":\"https:\/\/elamusspa.ee\/fi\/artikkeli\/matkailumessujen-tarjous-31-08-2026-asti-elamus-bowlingpubi\/#primaryimage\",\"url\":\"https:\/\/elamusspa.ee\/wp-content\/uploads\/2025\/10\/elamus-bowling-foto-joosep-ints-085.jpg\",\"contentUrl\":\"https:\/\/elamusspa.ee\/wp-content\/uploads\/2025\/10\/elamus-bowling-foto-joosep-ints-085.jpg\",\"width\":2048,\"height\":1329,\"caption\":\"Elamus Bowling. Foto: GoodNews, Joosep Ints\"},{\"@type\":\"BreadcrumbList\",\"@id\":\"https:\/\/elamusspa.ee\/fi\/artikkeli\/matkailumessujen-tarjous-31-08-2026-asti-elamus-bowlingpubi\/#breadcrumb\",\"itemListElement\":[{\"@type\":\"ListItem\",\"position\":1,\"name\":\"Avaleht\",\"item\":\"https:\/\/elamusspa.ee\/fi\/\"},{\"@type\":\"ListItem\",\"position\":2,\"name\":\"Varaa hoito\",\"item\":\"https:\/\/elamusspa.ee\/fi\/varaa-hoito\/\"},{\"@type\":\"ListItem\",\"position\":3,\"name\":\"Matkailumessujen tarjous 31.08.2026 asti &#8211; Elamus Bowling&#038;Pubi\"}]},{\"@type\":\"WebSite\",\"@id\":\"https:\/\/elamusspa.ee\/#website\",\"url\":\"https:\/\/elamusspa.ee\/\",\"name\":\"Elamus Spa\",\"description\":\"Baltikumi suurim SPA\",\"publisher\":{\"@id\":\"https:\/\/elamusspa.ee\/#organization\"},\"potentialAction\":[{\"@type\":\"SearchAction\",\"target\":{\"@type\":\"EntryPoint\",\"urlTemplate\":\"https:\/\/elamusspa.ee\/?s={search_term_string}\"},\"query-input\":{\"@type\":\"PropertyValueSpecification\",\"valueRequired\":true,\"valueName\":\"search_term_string\"}}],\"inLanguage\":\"fi\"},{\"@type\":\"Organization\",\"@id\":\"https:\/\/elamusspa.ee\/#organization\",\"name\":\"Elamuste SPA\",\"url\":\"https:\/\/elamusspa.ee\/\",\"logo\":{\"@type\":\"ImageObject\",\"inLanguage\":\"fi\",\"@id\":\"https:\/\/elamusspa.ee\/#\/schema\/logo\/image\/\",\"url\":\"https:\/\/elamusspa.ee\/wp-content\/uploads\/2020\/11\/asset-9elamusspa.png\",\"contentUrl\":\"https:\/\/elamusspa.ee\/wp-content\/uploads\/2020\/11\/asset-9elamusspa.png\",\"width\":184,\"height\":77,\"caption\":\"Elamuste SPA\"},\"image\":{\"@id\":\"https:\/\/elamusspa.ee\/#\/schema\/logo\/image\/\"}}]}<\/script>\n<!-- \/ Yoast SEO plugin. -->","yoast_head_json":{"title":"Matkailumessujen tarjous 31.08.2026 asti - Elamus Bowling&Pubi - Elamus Spa","robots":{"index":"index","follow":"follow","max-snippet":"max-snippet:-1","max-image-preview":"max-image-preview:large","max-video-preview":"max-video-preview:-1"},"canonical":"https:\/\/elamusspa.ee\/fi\/artikkeli\/matkailumessujen-tarjous-31-08-2026-asti-elamus-bowlingpubi\/","og_locale":"fi_FI","og_type":"article","og_title":"Matkailumessujen tarjous 31.08.2026 asti - Elamus Bowling&Pubi - Elamus Spa","og_description":"Elamus Bowling&amp;Pubi on Viron suurin ja teknisesti parhaiten varusteltu keilahalli, jossa on 16 Brunswick-keilarataa. Radoilla on ainutlaatuinen SPARK-multimediaratkaisu, joka tarjoaa j\u00e4nnitt\u00e4vi\u00e4 erikoistehosteita. 200-paikkaisessa pubissa on mahdollista juhlia syntym\u00e4p\u00e4ivi\u00e4, yritystapahtumia, katsoa kilpailuja ja urheilul\u00e4hetyksi\u00e4. Lis\u00e4tietoja ja varaukset t\u00e4\u00e4lt\u00e4. Kenkien vuokraus lis\u00e4t\u00e4\u00e4n paikan p\u00e4\u00e4ll\u00e4 &#8211; 2 \u20ac\/pari Saat messutarjouksen alennuksen lis\u00e4\u00e4m\u00e4ll\u00e4 alennuskoodin ostoskoriin tai skannaamalla sen QR-koodista. [&hellip;]","og_url":"https:\/\/elamusspa.ee\/fi\/artikkeli\/matkailumessujen-tarjous-31-08-2026-asti-elamus-bowlingpubi\/","og_site_name":"Elamus Spa","article_modified_time":"2026-01-12T07:59:58+00:00","og_image":[{"width":2048,"height":1329,"url":"https:\/\/elamusspa.ee\/wp-content\/uploads\/2025\/10\/elamus-bowling-foto-joosep-ints-085.jpg","type":"image\/jpeg"}],"twitter_card":"summary_large_image","twitter_misc":{"Arvioitu lukuaika":"1 minuutti"},"schema":{"@context":"https:\/\/schema.org","@graph":[{"@type":"WebPage","@id":"https:\/\/elamusspa.ee\/fi\/artikkeli\/matkailumessujen-tarjous-31-08-2026-asti-elamus-bowlingpubi\/","url":"https:\/\/elamusspa.ee\/fi\/artikkeli\/matkailumessujen-tarjous-31-08-2026-asti-elamus-bowlingpubi\/","name":"Matkailumessujen tarjous 31.08.2026 asti - Elamus Bowling&Pubi - Elamus Spa","isPartOf":{"@id":"https:\/\/elamusspa.ee\/#website"},"primaryImageOfPage":{"@id":"https:\/\/elamusspa.ee\/fi\/artikkeli\/matkailumessujen-tarjous-31-08-2026-asti-elamus-bowlingpubi\/#primaryimage"},"image":{"@id":"https:\/\/elamusspa.ee\/fi\/artikkeli\/matkailumessujen-tarjous-31-08-2026-asti-elamus-bowlingpubi\/#primaryimage"},"thumbnailUrl":"https:\/\/elamusspa.ee\/wp-content\/uploads\/2025\/10\/elamus-bowling-foto-joosep-ints-085.jpg","datePublished":"2026-01-12T00:22:16+00:00","dateModified":"2026-01-12T07:59:58+00:00","breadcrumb":{"@id":"https:\/\/elamusspa.ee\/fi\/artikkeli\/matkailumessujen-tarjous-31-08-2026-asti-elamus-bowlingpubi\/#breadcrumb"},"inLanguage":"fi","potentialAction":[{"@type":"ReadAction","target":["https:\/\/elamusspa.ee\/fi\/artikkeli\/matkailumessujen-tarjous-31-08-2026-asti-elamus-bowlingpubi\/"]}]},{"@type":"ImageObject","inLanguage":"fi","@id":"https:\/\/elamusspa.ee\/fi\/artikkeli\/matkailumessujen-tarjous-31-08-2026-asti-elamus-bowlingpubi\/#primaryimage","url":"https:\/\/elamusspa.ee\/wp-content\/uploads\/2025\/10\/elamus-bowling-foto-joosep-ints-085.jpg","contentUrl":"https:\/\/elamusspa.ee\/wp-content\/uploads\/2025\/10\/elamus-bowling-foto-joosep-ints-085.jpg","width":2048,"height":1329,"caption":"Elamus Bowling. Foto: GoodNews, Joosep Ints"},{"@type":"BreadcrumbList","@id":"https:\/\/elamusspa.ee\/fi\/artikkeli\/matkailumessujen-tarjous-31-08-2026-asti-elamus-bowlingpubi\/#breadcrumb","itemListElement":[{"@type":"ListItem","position":1,"name":"Avaleht","item":"https:\/\/elamusspa.ee\/fi\/"},{"@type":"ListItem","position":2,"name":"Varaa hoito","item":"https:\/\/elamusspa.ee\/fi\/varaa-hoito\/"},{"@type":"ListItem","position":3,"name":"Matkailumessujen tarjous 31.08.2026 asti &#8211; Elamus Bowling&#038;Pubi"}]},{"@type":"WebSite","@id":"https:\/\/elamusspa.ee\/#website","url":"https:\/\/elamusspa.ee\/","name":"Elamus Spa","description":"Baltikumi suurim SPA","publisher":{"@id":"https:\/\/elamusspa.ee\/#organization"},"potentialAction":[{"@type":"SearchAction","target":{"@type":"EntryPoint","urlTemplate":"https:\/\/elamusspa.ee\/?s={search_term_string}"},"query-input":{"@type":"PropertyValueSpecification","valueRequired":true,"valueName":"search_term_string"}}],"inLanguage":"fi"},{"@type":"Organization","@id":"https:\/\/elamusspa.ee\/#organization","name":"Elamuste SPA","url":"https:\/\/elamusspa.ee\/","logo":{"@type":"ImageObject","inLanguage":"fi","@id":"https:\/\/elamusspa.ee\/#\/schema\/logo\/image\/","url":"https:\/\/elamusspa.ee\/wp-content\/uploads\/2020\/11\/asset-9elamusspa.png","contentUrl":"https:\/\/elamusspa.ee\/wp-content\/uploads\/2020\/11\/asset-9elamusspa.png","width":184,"height":77,"caption":"Elamuste SPA"},"image":{"@id":"https:\/\/elamusspa.ee\/#\/schema\/logo\/image\/"}}]}},"_links":{"self":[{"href":"https:\/\/elamusspa.ee\/fi\/wp-json\/wp\/v2\/product\/114245"}],"collection":[{"href":"https:\/\/elamusspa.ee\/fi\/wp-json\/wp\/v2\/product"}],"about":[{"href":"https:\/\/elamusspa.ee\/fi\/wp-json\/wp\/v2\/types\/product"}],"wp:featuredmedia":[{"embeddable":true,"href":"https:\/\/elamusspa.ee\/fi\/wp-json\/wp\/v2\/media\/105036"}],"wp:attachment":[{"href":"https:\/\/elamusspa.ee\/fi\/wp-json\/wp\/v2\/media?parent=114245"}],"wp:term":[{"taxonomy":"product_cat","embeddable":true,"href":"https:\/\/elamusspa.ee\/fi\/wp-json\/wp\/v2\/product_cat?post=114245"},{"taxonomy":"product_tag","embeddable":true,"href":"https:\/\/elamusspa.ee\/fi\/wp-json\/wp\/v2\/product_tag?post=114245"}],"curies":[{"name":"wp","href":"https:\/\/api.w.org\/{rel}","templated":true}]}}