{"id":114289,"date":"2026-01-12T08:29:28","date_gmt":"2026-01-12T08:29:29","guid":{"rendered":"https:\/\/elamusspa.ee\/?post_type=product&#038;p=114289"},"modified":"2026-01-16T22:45:53","modified_gmt":"2026-01-16T22:45:53","slug":"matkailutarjous-elamus-spa","status":"publish","type":"product","link":"https:\/\/elamusspa.ee\/fi\/artikkeli\/matkailutarjous-elamus-spa\/","title":{"rendered":"Matkailumessujen tarjous 31.08.2026 asti &#8211; Elamus Spa"},"content":{"rendered":"<p>Pyh\u00e4p\u00e4ivin\u00e4 ja koulujen loma-aikoina (lukuun ottamatta kes\u00e4lomia) on voimassa viikonloppuhinnasto.<\/p>\n<p>Saat messutarjouksen alennuksen lis\u00e4\u00e4m\u00e4ll\u00e4 alennuskoodin ostoskoriisi tai skannaamalla sen QR-koodista. Tarjous ja alennus ovat voimassa 31.08.2026 asti.<\/p>\n","protected":false},"excerpt":{"rendered":"<p>Pyh\u00e4p\u00e4ivin\u00e4 ja koulujen loma-aikoina (lukuun ottamatta kes\u00e4lomia) on voimassa viikonloppuhinnasto. Saat messutarjouksen alennuksen lis\u00e4\u00e4m\u00e4ll\u00e4 alennuskoodin ostoskoriisi tai skannaamalla sen QR-koodista. Tarjous ja alennus ovat voimassa 31.08.2026 asti.<\/p>\n","protected":false},"featured_media":2490,"template":"","meta":{"_acf_changed":false},"product_cat":[177,199],"product_tag":[],"acf":[],"yoast_head":"<!-- This site is optimized with the Yoast SEO plugin v24.0 - https:\/\/yoast.com\/wordpress\/plugins\/seo\/ -->\n<title>Matkailumessujen tarjous 31.08.2026 asti - Elamus Spa - Elamus Spa<\/title>\n<meta name=\"robots\" content=\"index, follow, max-snippet:-1, max-image-preview:large, max-video-preview:-1\" \/>\n<link rel=\"canonical\" href=\"https:\/\/elamusspa.ee\/fi\/artikkeli\/matkailutarjous-elamus-spa\/\" \/>\n<meta property=\"og:locale\" content=\"fi_FI\" \/>\n<meta property=\"og:type\" content=\"article\" \/>\n<meta property=\"og:title\" content=\"Matkailumessujen tarjous 31.08.2026 asti - Elamus Spa - Elamus Spa\" \/>\n<meta property=\"og:description\" content=\"Pyh\u00e4p\u00e4ivin\u00e4 ja koulujen loma-aikoina (lukuun ottamatta kes\u00e4lomia) on voimassa viikonloppuhinnasto. Saat messutarjouksen alennuksen lis\u00e4\u00e4m\u00e4ll\u00e4 alennuskoodin ostoskoriisi tai skannaamalla sen QR-koodista. Tarjous ja alennus ovat voimassa 31.08.2026 asti.\" \/>\n<meta property=\"og:url\" content=\"https:\/\/elamusspa.ee\/fi\/artikkeli\/matkailutarjous-elamus-spa\/\" \/>\n<meta property=\"og:site_name\" content=\"Elamus Spa\" \/>\n<meta property=\"article:modified_time\" content=\"2026-01-16T22:45:53+00:00\" \/>\n<meta property=\"og:image\" content=\"https:\/\/elamusspa.ee\/wp-content\/uploads\/2019\/11\/dsc5718.jpg\" \/>\n\t<meta property=\"og:image:width\" content=\"1400\" \/>\n\t<meta property=\"og:image:height\" content=\"932\" \/>\n\t<meta property=\"og:image:type\" content=\"image\/jpeg\" \/>\n<meta name=\"twitter:card\" content=\"summary_large_image\" \/>\n<meta name=\"twitter:label1\" content=\"Arvioitu lukuaika\" \/>\n\t<meta name=\"twitter:data1\" content=\"1 minuutti\" \/>\n<script type=\"application\/ld+json\" class=\"yoast-schema-graph\">{\"@context\":\"https:\/\/schema.org\",\"@graph\":[{\"@type\":\"WebPage\",\"@id\":\"https:\/\/elamusspa.ee\/fi\/artikkeli\/matkailutarjous-elamus-spa\/\",\"url\":\"https:\/\/elamusspa.ee\/fi\/artikkeli\/matkailutarjous-elamus-spa\/\",\"name\":\"Matkailumessujen tarjous 31.08.2026 asti - Elamus Spa - Elamus Spa\",\"isPartOf\":{\"@id\":\"https:\/\/elamusspa.ee\/#website\"},\"primaryImageOfPage\":{\"@id\":\"https:\/\/elamusspa.ee\/fi\/artikkeli\/matkailutarjous-elamus-spa\/#primaryimage\"},\"image\":{\"@id\":\"https:\/\/elamusspa.ee\/fi\/artikkeli\/matkailutarjous-elamus-spa\/#primaryimage\"},\"thumbnailUrl\":\"https:\/\/elamusspa.ee\/wp-content\/uploads\/2019\/11\/dsc5718.jpg\",\"datePublished\":\"2026-01-12T08:29:29+00:00\",\"dateModified\":\"2026-01-16T22:45:53+00:00\",\"breadcrumb\":{\"@id\":\"https:\/\/elamusspa.ee\/fi\/artikkeli\/matkailutarjous-elamus-spa\/#breadcrumb\"},\"inLanguage\":\"fi\",\"potentialAction\":[{\"@type\":\"ReadAction\",\"target\":[\"https:\/\/elamusspa.ee\/fi\/artikkeli\/matkailutarjous-elamus-spa\/\"]}]},{\"@type\":\"ImageObject\",\"inLanguage\":\"fi\",\"@id\":\"https:\/\/elamusspa.ee\/fi\/artikkeli\/matkailutarjous-elamus-spa\/#primaryimage\",\"url\":\"https:\/\/elamusspa.ee\/wp-content\/uploads\/2019\/11\/dsc5718.jpg\",\"contentUrl\":\"https:\/\/elamusspa.ee\/wp-content\/uploads\/2019\/11\/dsc5718.jpg\",\"width\":1400,\"height\":932},{\"@type\":\"BreadcrumbList\",\"@id\":\"https:\/\/elamusspa.ee\/fi\/artikkeli\/matkailutarjous-elamus-spa\/#breadcrumb\",\"itemListElement\":[{\"@type\":\"ListItem\",\"position\":1,\"name\":\"Avaleht\",\"item\":\"https:\/\/elamusspa.ee\/fi\/\"},{\"@type\":\"ListItem\",\"position\":2,\"name\":\"Varaa hoito\",\"item\":\"https:\/\/elamusspa.ee\/fi\/varaa-hoito\/\"},{\"@type\":\"ListItem\",\"position\":3,\"name\":\"Matkailumessujen tarjous 31.08.2026 asti &#8211; Elamus Spa\"}]},{\"@type\":\"WebSite\",\"@id\":\"https:\/\/elamusspa.ee\/#website\",\"url\":\"https:\/\/elamusspa.ee\/\",\"name\":\"Elamus Spa\",\"description\":\"Baltikumi suurim SPA\",\"publisher\":{\"@id\":\"https:\/\/elamusspa.ee\/#organization\"},\"potentialAction\":[{\"@type\":\"SearchAction\",\"target\":{\"@type\":\"EntryPoint\",\"urlTemplate\":\"https:\/\/elamusspa.ee\/?s={search_term_string}\"},\"query-input\":{\"@type\":\"PropertyValueSpecification\",\"valueRequired\":true,\"valueName\":\"search_term_string\"}}],\"inLanguage\":\"fi\"},{\"@type\":\"Organization\",\"@id\":\"https:\/\/elamusspa.ee\/#organization\",\"name\":\"Elamuste SPA\",\"url\":\"https:\/\/elamusspa.ee\/\",\"logo\":{\"@type\":\"ImageObject\",\"inLanguage\":\"fi\",\"@id\":\"https:\/\/elamusspa.ee\/#\/schema\/logo\/image\/\",\"url\":\"https:\/\/elamusspa.ee\/wp-content\/uploads\/2020\/11\/asset-9elamusspa.png\",\"contentUrl\":\"https:\/\/elamusspa.ee\/wp-content\/uploads\/2020\/11\/asset-9elamusspa.png\",\"width\":184,\"height\":77,\"caption\":\"Elamuste SPA\"},\"image\":{\"@id\":\"https:\/\/elamusspa.ee\/#\/schema\/logo\/image\/\"}}]}<\/script>\n<!-- \/ Yoast SEO plugin. -->","yoast_head_json":{"title":"Matkailumessujen tarjous 31.08.2026 asti - Elamus Spa - Elamus Spa","robots":{"index":"index","follow":"follow","max-snippet":"max-snippet:-1","max-image-preview":"max-image-preview:large","max-video-preview":"max-video-preview:-1"},"canonical":"https:\/\/elamusspa.ee\/fi\/artikkeli\/matkailutarjous-elamus-spa\/","og_locale":"fi_FI","og_type":"article","og_title":"Matkailumessujen tarjous 31.08.2026 asti - Elamus Spa - Elamus Spa","og_description":"Pyh\u00e4p\u00e4ivin\u00e4 ja koulujen loma-aikoina (lukuun ottamatta kes\u00e4lomia) on voimassa viikonloppuhinnasto. Saat messutarjouksen alennuksen lis\u00e4\u00e4m\u00e4ll\u00e4 alennuskoodin ostoskoriisi tai skannaamalla sen QR-koodista. Tarjous ja alennus ovat voimassa 31.08.2026 asti.","og_url":"https:\/\/elamusspa.ee\/fi\/artikkeli\/matkailutarjous-elamus-spa\/","og_site_name":"Elamus Spa","article_modified_time":"2026-01-16T22:45:53+00:00","og_image":[{"width":1400,"height":932,"url":"https:\/\/elamusspa.ee\/wp-content\/uploads\/2019\/11\/dsc5718.jpg","type":"image\/jpeg"}],"twitter_card":"summary_large_image","twitter_misc":{"Arvioitu lukuaika":"1 minuutti"},"schema":{"@context":"https:\/\/schema.org","@graph":[{"@type":"WebPage","@id":"https:\/\/elamusspa.ee\/fi\/artikkeli\/matkailutarjous-elamus-spa\/","url":"https:\/\/elamusspa.ee\/fi\/artikkeli\/matkailutarjous-elamus-spa\/","name":"Matkailumessujen tarjous 31.08.2026 asti - Elamus Spa - Elamus Spa","isPartOf":{"@id":"https:\/\/elamusspa.ee\/#website"},"primaryImageOfPage":{"@id":"https:\/\/elamusspa.ee\/fi\/artikkeli\/matkailutarjous-elamus-spa\/#primaryimage"},"image":{"@id":"https:\/\/elamusspa.ee\/fi\/artikkeli\/matkailutarjous-elamus-spa\/#primaryimage"},"thumbnailUrl":"https:\/\/elamusspa.ee\/wp-content\/uploads\/2019\/11\/dsc5718.jpg","datePublished":"2026-01-12T08:29:29+00:00","dateModified":"2026-01-16T22:45:53+00:00","breadcrumb":{"@id":"https:\/\/elamusspa.ee\/fi\/artikkeli\/matkailutarjous-elamus-spa\/#breadcrumb"},"inLanguage":"fi","potentialAction":[{"@type":"ReadAction","target":["https:\/\/elamusspa.ee\/fi\/artikkeli\/matkailutarjous-elamus-spa\/"]}]},{"@type":"ImageObject","inLanguage":"fi","@id":"https:\/\/elamusspa.ee\/fi\/artikkeli\/matkailutarjous-elamus-spa\/#primaryimage","url":"https:\/\/elamusspa.ee\/wp-content\/uploads\/2019\/11\/dsc5718.jpg","contentUrl":"https:\/\/elamusspa.ee\/wp-content\/uploads\/2019\/11\/dsc5718.jpg","width":1400,"height":932},{"@type":"BreadcrumbList","@id":"https:\/\/elamusspa.ee\/fi\/artikkeli\/matkailutarjous-elamus-spa\/#breadcrumb","itemListElement":[{"@type":"ListItem","position":1,"name":"Avaleht","item":"https:\/\/elamusspa.ee\/fi\/"},{"@type":"ListItem","position":2,"name":"Varaa hoito","item":"https:\/\/elamusspa.ee\/fi\/varaa-hoito\/"},{"@type":"ListItem","position":3,"name":"Matkailumessujen tarjous 31.08.2026 asti &#8211; Elamus Spa"}]},{"@type":"WebSite","@id":"https:\/\/elamusspa.ee\/#website","url":"https:\/\/elamusspa.ee\/","name":"Elamus Spa","description":"Baltikumi suurim SPA","publisher":{"@id":"https:\/\/elamusspa.ee\/#organization"},"potentialAction":[{"@type":"SearchAction","target":{"@type":"EntryPoint","urlTemplate":"https:\/\/elamusspa.ee\/?s={search_term_string}"},"query-input":{"@type":"PropertyValueSpecification","valueRequired":true,"valueName":"search_term_string"}}],"inLanguage":"fi"},{"@type":"Organization","@id":"https:\/\/elamusspa.ee\/#organization","name":"Elamuste SPA","url":"https:\/\/elamusspa.ee\/","logo":{"@type":"ImageObject","inLanguage":"fi","@id":"https:\/\/elamusspa.ee\/#\/schema\/logo\/image\/","url":"https:\/\/elamusspa.ee\/wp-content\/uploads\/2020\/11\/asset-9elamusspa.png","contentUrl":"https:\/\/elamusspa.ee\/wp-content\/uploads\/2020\/11\/asset-9elamusspa.png","width":184,"height":77,"caption":"Elamuste SPA"},"image":{"@id":"https:\/\/elamusspa.ee\/#\/schema\/logo\/image\/"}}]}},"_links":{"self":[{"href":"https:\/\/elamusspa.ee\/fi\/wp-json\/wp\/v2\/product\/114289"}],"collection":[{"href":"https:\/\/elamusspa.ee\/fi\/wp-json\/wp\/v2\/product"}],"about":[{"href":"https:\/\/elamusspa.ee\/fi\/wp-json\/wp\/v2\/types\/product"}],"wp:featuredmedia":[{"embeddable":true,"href":"https:\/\/elamusspa.ee\/fi\/wp-json\/wp\/v2\/media\/2490"}],"wp:attachment":[{"href":"https:\/\/elamusspa.ee\/fi\/wp-json\/wp\/v2\/media?parent=114289"}],"wp:term":[{"taxonomy":"product_cat","embeddable":true,"href":"https:\/\/elamusspa.ee\/fi\/wp-json\/wp\/v2\/product_cat?post=114289"},{"taxonomy":"product_tag","embeddable":true,"href":"https:\/\/elamusspa.ee\/fi\/wp-json\/wp\/v2\/product_tag?post=114289"}],"curies":[{"name":"wp","href":"https:\/\/api.w.org\/{rel}","templated":true}]}}