{"id":126200,"date":"2026-05-12T10:21:32","date_gmt":"2026-05-12T10:21:32","guid":{"rendered":"https:\/\/elamusspa.ee\/?post_type=product&#038;p=126200"},"modified":"2026-05-12T10:23:44","modified_gmt":"2026-05-12T10:23:44","slug":"toniseeriv-vihtlemine-tammevihaga","status":"publish","type":"product","link":"https:\/\/elamusspa.ee\/fi\/artikkeli\/toniseeriv-vihtlemine-tammevihaga\/","title":{"rendered":"Toniseeriv vihtlemine tammevihaga"},"content":{"rendered":"<p>Aktiivne protseduur, mis on suunatud keha \u00e4ratamisele ja eluj\u00f5u taastamisele. Tammevihaga saunarituaal stimuleerib vereringet, aktiveerib ainevahetusprotsesse ning t\u00f5stab t\u00f6\u00f6v\u00f5imet. Aitab leevendada v\u00e4simust, taastada energiat ja sisemist j\u00f5utunnet, eriti p\u00e4rast intensiivset f\u00fc\u00fcsilist koormust.<\/p>\n<p><strong>Hea teada:<br \/>\n* <\/strong>Vihtlemine toimub Spa21+ Turba-suitsusaunas (Elamus spa p\u00e4\u00e4smega k\u00fclalised toimetatakse vihtlemise ajaks Spa21+ alale)<br \/>\n* Naistel palume kanda vihtlemisel soovitatavalt bikiine (vajadusel saab k\u00fcsida \u00fchekordse pesu).<br \/>\n* Palume olla sauna juures kohal 5-10 min enne vihtlemist.<\/p>\n<p>* Teenus ei sisalda spaap\u00e4\u00e4set.<\/p>\n","protected":false},"excerpt":{"rendered":"<p>Aktiivne protseduur, mis on suunatud keha \u00e4ratamisele ja eluj\u00f5u taastamisele. Tammevihaga saunarituaal stimuleerib vereringet, aktiveerib ainevahetusprotsesse ning t\u00f5stab t\u00f6\u00f6v\u00f5imet. Aitab leevendada v\u00e4simust, taastada energiat ja sisemist j\u00f5utunnet, eriti p\u00e4rast intensiivset f\u00fc\u00fcsilist koormust. Hea teada: * Vihtlemine toimub Spa21+ Turba-suitsusaunas (Elamus spa p\u00e4\u00e4smega k\u00fclalised toimetatakse vihtlemise ajaks Spa21+ alale) * Naistel palume kanda vihtlemisel soovitatavalt bikiine [&hellip;]<\/p>\n","protected":false},"featured_media":125714,"template":"","meta":{"_acf_changed":false},"product_cat":[192,209],"product_tag":[],"exclude_global_add_ons":[],"addons":[],"acf":[],"yoast_head":"<!-- This site is optimized with the Yoast SEO plugin v24.0 - https:\/\/yoast.com\/wordpress\/plugins\/seo\/ -->\n<title>Toniseeriv vihtlemine tammevihaga - Elamus Spa<\/title>\n<meta name=\"robots\" content=\"index, follow, max-snippet:-1, max-image-preview:large, max-video-preview:-1\" \/>\n<link rel=\"canonical\" href=\"https:\/\/elamusspa.ee\/toode\/toniseeriv-vihtlemine-tammevihaga\/\" \/>\n<meta property=\"og:locale\" content=\"fi_FI\" \/>\n<meta property=\"og:type\" content=\"article\" \/>\n<meta property=\"og:title\" content=\"Toniseeriv vihtlemine tammevihaga - Elamus Spa\" \/>\n<meta property=\"og:description\" content=\"Aktiivne protseduur, mis on suunatud keha \u00e4ratamisele ja eluj\u00f5u taastamisele. Tammevihaga saunarituaal stimuleerib vereringet, aktiveerib ainevahetusprotsesse ning t\u00f5stab t\u00f6\u00f6v\u00f5imet. Aitab leevendada v\u00e4simust, taastada energiat ja sisemist j\u00f5utunnet, eriti p\u00e4rast intensiivset f\u00fc\u00fcsilist koormust. Hea teada: * Vihtlemine toimub Spa21+ Turba-suitsusaunas (Elamus spa p\u00e4\u00e4smega k\u00fclalised toimetatakse vihtlemise ajaks Spa21+ alale) * Naistel palume kanda vihtlemisel soovitatavalt bikiine [&hellip;]\" \/>\n<meta property=\"og:url\" content=\"https:\/\/elamusspa.ee\/toode\/toniseeriv-vihtlemine-tammevihaga\/\" \/>\n<meta property=\"og:site_name\" content=\"Elamus Spa\" \/>\n<meta property=\"article:modified_time\" content=\"2026-05-12T10:23:44+00:00\" \/>\n<meta property=\"og:image\" content=\"https:\/\/elamusspa.ee\/wp-content\/uploads\/2026\/05\/privaatvihtlemine-foto-joosep-ints-47.jpg\" \/>\n\t<meta property=\"og:image:width\" content=\"2048\" \/>\n\t<meta property=\"og:image:height\" content=\"1365\" \/>\n\t<meta property=\"og:image:type\" content=\"image\/jpeg\" \/>\n<meta name=\"twitter:card\" content=\"summary_large_image\" \/>\n<meta name=\"twitter:label1\" content=\"Arvioitu lukuaika\" \/>\n\t<meta name=\"twitter:data1\" content=\"1 minuutti\" \/>\n<script type=\"application\/ld+json\" class=\"yoast-schema-graph\">{\"@context\":\"https:\/\/schema.org\",\"@graph\":[{\"@type\":\"WebPage\",\"@id\":\"https:\/\/elamusspa.ee\/toode\/toniseeriv-vihtlemine-tammevihaga\/\",\"url\":\"https:\/\/elamusspa.ee\/toode\/toniseeriv-vihtlemine-tammevihaga\/\",\"name\":\"Toniseeriv vihtlemine tammevihaga - Elamus Spa\",\"isPartOf\":{\"@id\":\"https:\/\/elamusspa.ee\/#website\"},\"primaryImageOfPage\":{\"@id\":\"https:\/\/elamusspa.ee\/toode\/toniseeriv-vihtlemine-tammevihaga\/#primaryimage\"},\"image\":{\"@id\":\"https:\/\/elamusspa.ee\/toode\/toniseeriv-vihtlemine-tammevihaga\/#primaryimage\"},\"thumbnailUrl\":\"https:\/\/elamusspa.ee\/wp-content\/uploads\/2026\/05\/privaatvihtlemine-foto-joosep-ints-47.jpg\",\"datePublished\":\"2026-05-12T10:21:32+00:00\",\"dateModified\":\"2026-05-12T10:23:44+00:00\",\"breadcrumb\":{\"@id\":\"https:\/\/elamusspa.ee\/toode\/toniseeriv-vihtlemine-tammevihaga\/#breadcrumb\"},\"inLanguage\":\"fi\",\"potentialAction\":[{\"@type\":\"ReadAction\",\"target\":[\"https:\/\/elamusspa.ee\/toode\/toniseeriv-vihtlemine-tammevihaga\/\"]}]},{\"@type\":\"ImageObject\",\"inLanguage\":\"fi\",\"@id\":\"https:\/\/elamusspa.ee\/toode\/toniseeriv-vihtlemine-tammevihaga\/#primaryimage\",\"url\":\"https:\/\/elamusspa.ee\/wp-content\/uploads\/2026\/05\/privaatvihtlemine-foto-joosep-ints-47.jpg\",\"contentUrl\":\"https:\/\/elamusspa.ee\/wp-content\/uploads\/2026\/05\/privaatvihtlemine-foto-joosep-ints-47.jpg\",\"width\":2048,\"height\":1365},{\"@type\":\"BreadcrumbList\",\"@id\":\"https:\/\/elamusspa.ee\/toode\/toniseeriv-vihtlemine-tammevihaga\/#breadcrumb\",\"itemListElement\":[{\"@type\":\"ListItem\",\"position\":1,\"name\":\"Avaleht\",\"item\":\"https:\/\/elamusspa.ee\/fi\/\"},{\"@type\":\"ListItem\",\"position\":2,\"name\":\"Varaa hoito\",\"item\":\"https:\/\/elamusspa.ee\/fi\/varaa-hoito\/\"},{\"@type\":\"ListItem\",\"position\":3,\"name\":\"Toniseeriv vihtlemine tammevihaga\"}]},{\"@type\":\"WebSite\",\"@id\":\"https:\/\/elamusspa.ee\/#website\",\"url\":\"https:\/\/elamusspa.ee\/\",\"name\":\"Elamus Spa\",\"description\":\"Baltikumi suurim SPA\",\"publisher\":{\"@id\":\"https:\/\/elamusspa.ee\/#organization\"},\"potentialAction\":[{\"@type\":\"SearchAction\",\"target\":{\"@type\":\"EntryPoint\",\"urlTemplate\":\"https:\/\/elamusspa.ee\/?s={search_term_string}\"},\"query-input\":{\"@type\":\"PropertyValueSpecification\",\"valueRequired\":true,\"valueName\":\"search_term_string\"}}],\"inLanguage\":\"fi\"},{\"@type\":\"Organization\",\"@id\":\"https:\/\/elamusspa.ee\/#organization\",\"name\":\"Elamuste SPA\",\"url\":\"https:\/\/elamusspa.ee\/\",\"logo\":{\"@type\":\"ImageObject\",\"inLanguage\":\"fi\",\"@id\":\"https:\/\/elamusspa.ee\/#\/schema\/logo\/image\/\",\"url\":\"https:\/\/elamusspa.ee\/wp-content\/uploads\/2020\/11\/asset-9elamusspa.png\",\"contentUrl\":\"https:\/\/elamusspa.ee\/wp-content\/uploads\/2020\/11\/asset-9elamusspa.png\",\"width\":184,\"height\":77,\"caption\":\"Elamuste SPA\"},\"image\":{\"@id\":\"https:\/\/elamusspa.ee\/#\/schema\/logo\/image\/\"}}]}<\/script>\n<!-- \/ Yoast SEO plugin. -->","yoast_head_json":{"title":"Toniseeriv vihtlemine tammevihaga - Elamus Spa","robots":{"index":"index","follow":"follow","max-snippet":"max-snippet:-1","max-image-preview":"max-image-preview:large","max-video-preview":"max-video-preview:-1"},"canonical":"https:\/\/elamusspa.ee\/toode\/toniseeriv-vihtlemine-tammevihaga\/","og_locale":"fi_FI","og_type":"article","og_title":"Toniseeriv vihtlemine tammevihaga - Elamus Spa","og_description":"Aktiivne protseduur, mis on suunatud keha \u00e4ratamisele ja eluj\u00f5u taastamisele. Tammevihaga saunarituaal stimuleerib vereringet, aktiveerib ainevahetusprotsesse ning t\u00f5stab t\u00f6\u00f6v\u00f5imet. Aitab leevendada v\u00e4simust, taastada energiat ja sisemist j\u00f5utunnet, eriti p\u00e4rast intensiivset f\u00fc\u00fcsilist koormust. Hea teada: * Vihtlemine toimub Spa21+ Turba-suitsusaunas (Elamus spa p\u00e4\u00e4smega k\u00fclalised toimetatakse vihtlemise ajaks Spa21+ alale) * Naistel palume kanda vihtlemisel soovitatavalt bikiine [&hellip;]","og_url":"https:\/\/elamusspa.ee\/toode\/toniseeriv-vihtlemine-tammevihaga\/","og_site_name":"Elamus Spa","article_modified_time":"2026-05-12T10:23:44+00:00","og_image":[{"width":2048,"height":1365,"url":"https:\/\/elamusspa.ee\/wp-content\/uploads\/2026\/05\/privaatvihtlemine-foto-joosep-ints-47.jpg","type":"image\/jpeg"}],"twitter_card":"summary_large_image","twitter_misc":{"Arvioitu lukuaika":"1 minuutti"},"schema":{"@context":"https:\/\/schema.org","@graph":[{"@type":"WebPage","@id":"https:\/\/elamusspa.ee\/toode\/toniseeriv-vihtlemine-tammevihaga\/","url":"https:\/\/elamusspa.ee\/toode\/toniseeriv-vihtlemine-tammevihaga\/","name":"Toniseeriv vihtlemine tammevihaga - Elamus Spa","isPartOf":{"@id":"https:\/\/elamusspa.ee\/#website"},"primaryImageOfPage":{"@id":"https:\/\/elamusspa.ee\/toode\/toniseeriv-vihtlemine-tammevihaga\/#primaryimage"},"image":{"@id":"https:\/\/elamusspa.ee\/toode\/toniseeriv-vihtlemine-tammevihaga\/#primaryimage"},"thumbnailUrl":"https:\/\/elamusspa.ee\/wp-content\/uploads\/2026\/05\/privaatvihtlemine-foto-joosep-ints-47.jpg","datePublished":"2026-05-12T10:21:32+00:00","dateModified":"2026-05-12T10:23:44+00:00","breadcrumb":{"@id":"https:\/\/elamusspa.ee\/toode\/toniseeriv-vihtlemine-tammevihaga\/#breadcrumb"},"inLanguage":"fi","potentialAction":[{"@type":"ReadAction","target":["https:\/\/elamusspa.ee\/toode\/toniseeriv-vihtlemine-tammevihaga\/"]}]},{"@type":"ImageObject","inLanguage":"fi","@id":"https:\/\/elamusspa.ee\/toode\/toniseeriv-vihtlemine-tammevihaga\/#primaryimage","url":"https:\/\/elamusspa.ee\/wp-content\/uploads\/2026\/05\/privaatvihtlemine-foto-joosep-ints-47.jpg","contentUrl":"https:\/\/elamusspa.ee\/wp-content\/uploads\/2026\/05\/privaatvihtlemine-foto-joosep-ints-47.jpg","width":2048,"height":1365},{"@type":"BreadcrumbList","@id":"https:\/\/elamusspa.ee\/toode\/toniseeriv-vihtlemine-tammevihaga\/#breadcrumb","itemListElement":[{"@type":"ListItem","position":1,"name":"Avaleht","item":"https:\/\/elamusspa.ee\/fi\/"},{"@type":"ListItem","position":2,"name":"Varaa hoito","item":"https:\/\/elamusspa.ee\/fi\/varaa-hoito\/"},{"@type":"ListItem","position":3,"name":"Toniseeriv vihtlemine tammevihaga"}]},{"@type":"WebSite","@id":"https:\/\/elamusspa.ee\/#website","url":"https:\/\/elamusspa.ee\/","name":"Elamus Spa","description":"Baltikumi suurim SPA","publisher":{"@id":"https:\/\/elamusspa.ee\/#organization"},"potentialAction":[{"@type":"SearchAction","target":{"@type":"EntryPoint","urlTemplate":"https:\/\/elamusspa.ee\/?s={search_term_string}"},"query-input":{"@type":"PropertyValueSpecification","valueRequired":true,"valueName":"search_term_string"}}],"inLanguage":"fi"},{"@type":"Organization","@id":"https:\/\/elamusspa.ee\/#organization","name":"Elamuste SPA","url":"https:\/\/elamusspa.ee\/","logo":{"@type":"ImageObject","inLanguage":"fi","@id":"https:\/\/elamusspa.ee\/#\/schema\/logo\/image\/","url":"https:\/\/elamusspa.ee\/wp-content\/uploads\/2020\/11\/asset-9elamusspa.png","contentUrl":"https:\/\/elamusspa.ee\/wp-content\/uploads\/2020\/11\/asset-9elamusspa.png","width":184,"height":77,"caption":"Elamuste SPA"},"image":{"@id":"https:\/\/elamusspa.ee\/#\/schema\/logo\/image\/"}}]}},"_links":{"self":[{"href":"https:\/\/elamusspa.ee\/fi\/wp-json\/wp\/v2\/product\/126200"}],"collection":[{"href":"https:\/\/elamusspa.ee\/fi\/wp-json\/wp\/v2\/product"}],"about":[{"href":"https:\/\/elamusspa.ee\/fi\/wp-json\/wp\/v2\/types\/product"}],"wp:featuredmedia":[{"embeddable":true,"href":"https:\/\/elamusspa.ee\/fi\/wp-json\/wp\/v2\/media\/125714"}],"wp:attachment":[{"href":"https:\/\/elamusspa.ee\/fi\/wp-json\/wp\/v2\/media?parent=126200"}],"wp:term":[{"taxonomy":"product_cat","embeddable":true,"href":"https:\/\/elamusspa.ee\/fi\/wp-json\/wp\/v2\/product_cat?post=126200"},{"taxonomy":"product_tag","embeddable":true,"href":"https:\/\/elamusspa.ee\/fi\/wp-json\/wp\/v2\/product_tag?post=126200"}],"curies":[{"name":"wp","href":"https:\/\/api.w.org\/{rel}","templated":true}]}}