{"id":19983,"date":"2020-11-24T17:55:33","date_gmt":"2020-11-24T17:55:33","guid":{"rendered":"https:\/\/elamusspa.ee\/toode\/import-placeholder-for-19355\/"},"modified":"2024-05-24T11:56:56","modified_gmt":"2024-05-24T11:56:56","slug":"kasitoo-sheavoi-kehatruflid","status":"publish","type":"product","link":"https:\/\/elamusspa.ee\/fi\/toode\/kasitoo-sheavoi-kehatruflid\/","title":{"rendered":"K\u00e4sit\u00f6\u00f6 Sheav\u00f5i kehatr\u00fchvlid"},"content":{"rendered":"<p>V\u00f5ta tr\u00fchvel paberist v\u00e4lja ja kasuta soojale kehale masseerimiseks- n\u00e4iteks saunas, peale p\u00e4evitamist jne.<\/p>\n<p>H\u00e4sti taastava, toitva ja niisutava toimega, nahk j\u00e4\u00e4b siidpehme, elastne ja l\u00f5hnav.<br \/>\nHoida jahedas!<\/p>\n<p>Koostis: Sheav\u00f5i, sojavaha, aroomi\u00f5li<br \/>\nLisa m\u00e4rkuste kasti aroomi eelistus &#8211; vaarikas, ananass, j\u00f5hvikas, greip, mandariin, p\u00e4rna\u00f5is, mango<\/p>\n<p>Ainult v\u00e4lispidiseks kasutamiseks<\/p>\n","protected":false},"excerpt":{"rendered":"<p>V\u00f5ta tr\u00fchvel paberist v\u00e4lja ja kasuta soojale kehale masseerimiseks- n\u00e4iteks saunas, peale p\u00e4evitamist jne. H\u00e4sti taastava, toitva ja niisutava toimega, nahk j\u00e4\u00e4b siidpehme, elastne ja l\u00f5hnav. Hoida jahedas! Koostis: Sheav\u00f5i, sojavaha, aroomi\u00f5li Lisa m\u00e4rkuste kasti aroomi eelistus &#8211; vaarikas, ananass, j\u00f5hvikas, greip, mandariin, p\u00e4rna\u00f5is, mango Ainult v\u00e4lispidiseks kasutamiseks<\/p>\n","protected":false},"featured_media":19994,"template":"","meta":{"_acf_changed":false},"product_cat":[196,172,171],"product_tag":[],"acf":[],"yoast_head":"<!-- This site is optimized with the Yoast SEO plugin v24.0 - https:\/\/yoast.com\/wordpress\/plugins\/seo\/ -->\n<title>K\u00e4sit\u00f6\u00f6 Sheav\u00f5i kehatr\u00fchvlid - Elamus Spa<\/title>\n<meta name=\"robots\" content=\"index, follow, max-snippet:-1, max-image-preview:large, max-video-preview:-1\" \/>\n<link rel=\"canonical\" href=\"https:\/\/elamusspa.ee\/toode\/kasitoo-sheavoi-kehatruflid\/\" \/>\n<meta property=\"og:locale\" content=\"fi_FI\" \/>\n<meta property=\"og:type\" content=\"article\" \/>\n<meta property=\"og:title\" content=\"K\u00e4sit\u00f6\u00f6 Sheav\u00f5i kehatr\u00fchvlid - Elamus Spa\" \/>\n<meta property=\"og:description\" content=\"V\u00f5ta tr\u00fchvel paberist v\u00e4lja ja kasuta soojale kehale masseerimiseks- n\u00e4iteks saunas, peale p\u00e4evitamist jne. H\u00e4sti taastava, toitva ja niisutava toimega, nahk j\u00e4\u00e4b siidpehme, elastne ja l\u00f5hnav. Hoida jahedas! Koostis: Sheav\u00f5i, sojavaha, aroomi\u00f5li Lisa m\u00e4rkuste kasti aroomi eelistus &#8211; vaarikas, ananass, j\u00f5hvikas, greip, mandariin, p\u00e4rna\u00f5is, mango Ainult v\u00e4lispidiseks kasutamiseks\" \/>\n<meta property=\"og:url\" content=\"https:\/\/elamusspa.ee\/toode\/kasitoo-sheavoi-kehatruflid\/\" \/>\n<meta property=\"og:site_name\" content=\"Elamus Spa\" \/>\n<meta property=\"article:modified_time\" content=\"2024-05-24T11:56:56+00:00\" \/>\n<meta property=\"og:image\" content=\"https:\/\/elamusspa.ee\/wp-content\/uploads\/2020\/11\/image00028.jpg\" \/>\n\t<meta property=\"og:image:width\" content=\"1200\" \/>\n\t<meta property=\"og:image:height\" content=\"1600\" \/>\n\t<meta property=\"og:image:type\" content=\"image\/jpeg\" \/>\n<meta name=\"twitter:card\" content=\"summary_large_image\" \/>\n<meta name=\"twitter:label1\" content=\"Arvioitu lukuaika\" \/>\n\t<meta name=\"twitter:data1\" content=\"1 minuutti\" \/>\n<script type=\"application\/ld+json\" class=\"yoast-schema-graph\">{\"@context\":\"https:\/\/schema.org\",\"@graph\":[{\"@type\":\"WebPage\",\"@id\":\"https:\/\/elamusspa.ee\/toode\/kasitoo-sheavoi-kehatruflid\/\",\"url\":\"https:\/\/elamusspa.ee\/toode\/kasitoo-sheavoi-kehatruflid\/\",\"name\":\"K\u00e4sit\u00f6\u00f6 Sheav\u00f5i kehatr\u00fchvlid - Elamus Spa\",\"isPartOf\":{\"@id\":\"https:\/\/elamusspa.ee\/#website\"},\"primaryImageOfPage\":{\"@id\":\"https:\/\/elamusspa.ee\/toode\/kasitoo-sheavoi-kehatruflid\/#primaryimage\"},\"image\":{\"@id\":\"https:\/\/elamusspa.ee\/toode\/kasitoo-sheavoi-kehatruflid\/#primaryimage\"},\"thumbnailUrl\":\"https:\/\/elamusspa.ee\/wp-content\/uploads\/2020\/11\/image00028.jpg\",\"datePublished\":\"2020-11-24T17:55:33+00:00\",\"dateModified\":\"2024-05-24T11:56:56+00:00\",\"breadcrumb\":{\"@id\":\"https:\/\/elamusspa.ee\/toode\/kasitoo-sheavoi-kehatruflid\/#breadcrumb\"},\"inLanguage\":\"fi\",\"potentialAction\":[{\"@type\":\"ReadAction\",\"target\":[\"https:\/\/elamusspa.ee\/toode\/kasitoo-sheavoi-kehatruflid\/\"]}]},{\"@type\":\"ImageObject\",\"inLanguage\":\"fi\",\"@id\":\"https:\/\/elamusspa.ee\/toode\/kasitoo-sheavoi-kehatruflid\/#primaryimage\",\"url\":\"https:\/\/elamusspa.ee\/wp-content\/uploads\/2020\/11\/image00028.jpg\",\"contentUrl\":\"https:\/\/elamusspa.ee\/wp-content\/uploads\/2020\/11\/image00028.jpg\",\"width\":1200,\"height\":1600},{\"@type\":\"BreadcrumbList\",\"@id\":\"https:\/\/elamusspa.ee\/toode\/kasitoo-sheavoi-kehatruflid\/#breadcrumb\",\"itemListElement\":[{\"@type\":\"ListItem\",\"position\":1,\"name\":\"Avaleht\",\"item\":\"https:\/\/elamusspa.ee\/fi\/\"},{\"@type\":\"ListItem\",\"position\":2,\"name\":\"Varaa hoito\",\"item\":\"https:\/\/elamusspa.ee\/fi\/varaa-hoito\/\"},{\"@type\":\"ListItem\",\"position\":3,\"name\":\"K\u00e4sit\u00f6\u00f6 Sheav\u00f5i kehatr\u00fchvlid\"}]},{\"@type\":\"WebSite\",\"@id\":\"https:\/\/elamusspa.ee\/#website\",\"url\":\"https:\/\/elamusspa.ee\/\",\"name\":\"Elamus Spa\",\"description\":\"Baltikumi suurim SPA\",\"publisher\":{\"@id\":\"https:\/\/elamusspa.ee\/#organization\"},\"potentialAction\":[{\"@type\":\"SearchAction\",\"target\":{\"@type\":\"EntryPoint\",\"urlTemplate\":\"https:\/\/elamusspa.ee\/?s={search_term_string}\"},\"query-input\":{\"@type\":\"PropertyValueSpecification\",\"valueRequired\":true,\"valueName\":\"search_term_string\"}}],\"inLanguage\":\"fi\"},{\"@type\":\"Organization\",\"@id\":\"https:\/\/elamusspa.ee\/#organization\",\"name\":\"Elamuste SPA\",\"url\":\"https:\/\/elamusspa.ee\/\",\"logo\":{\"@type\":\"ImageObject\",\"inLanguage\":\"fi\",\"@id\":\"https:\/\/elamusspa.ee\/#\/schema\/logo\/image\/\",\"url\":\"https:\/\/elamusspa.ee\/wp-content\/uploads\/2020\/11\/asset-9elamusspa.png\",\"contentUrl\":\"https:\/\/elamusspa.ee\/wp-content\/uploads\/2020\/11\/asset-9elamusspa.png\",\"width\":184,\"height\":77,\"caption\":\"Elamuste SPA\"},\"image\":{\"@id\":\"https:\/\/elamusspa.ee\/#\/schema\/logo\/image\/\"}}]}<\/script>\n<!-- \/ Yoast SEO plugin. -->","yoast_head_json":{"title":"K\u00e4sit\u00f6\u00f6 Sheav\u00f5i kehatr\u00fchvlid - Elamus Spa","robots":{"index":"index","follow":"follow","max-snippet":"max-snippet:-1","max-image-preview":"max-image-preview:large","max-video-preview":"max-video-preview:-1"},"canonical":"https:\/\/elamusspa.ee\/toode\/kasitoo-sheavoi-kehatruflid\/","og_locale":"fi_FI","og_type":"article","og_title":"K\u00e4sit\u00f6\u00f6 Sheav\u00f5i kehatr\u00fchvlid - Elamus Spa","og_description":"V\u00f5ta tr\u00fchvel paberist v\u00e4lja ja kasuta soojale kehale masseerimiseks- n\u00e4iteks saunas, peale p\u00e4evitamist jne. H\u00e4sti taastava, toitva ja niisutava toimega, nahk j\u00e4\u00e4b siidpehme, elastne ja l\u00f5hnav. Hoida jahedas! Koostis: Sheav\u00f5i, sojavaha, aroomi\u00f5li Lisa m\u00e4rkuste kasti aroomi eelistus &#8211; vaarikas, ananass, j\u00f5hvikas, greip, mandariin, p\u00e4rna\u00f5is, mango Ainult v\u00e4lispidiseks kasutamiseks","og_url":"https:\/\/elamusspa.ee\/toode\/kasitoo-sheavoi-kehatruflid\/","og_site_name":"Elamus Spa","article_modified_time":"2024-05-24T11:56:56+00:00","og_image":[{"width":1200,"height":1600,"url":"https:\/\/elamusspa.ee\/wp-content\/uploads\/2020\/11\/image00028.jpg","type":"image\/jpeg"}],"twitter_card":"summary_large_image","twitter_misc":{"Arvioitu lukuaika":"1 minuutti"},"schema":{"@context":"https:\/\/schema.org","@graph":[{"@type":"WebPage","@id":"https:\/\/elamusspa.ee\/toode\/kasitoo-sheavoi-kehatruflid\/","url":"https:\/\/elamusspa.ee\/toode\/kasitoo-sheavoi-kehatruflid\/","name":"K\u00e4sit\u00f6\u00f6 Sheav\u00f5i kehatr\u00fchvlid - Elamus Spa","isPartOf":{"@id":"https:\/\/elamusspa.ee\/#website"},"primaryImageOfPage":{"@id":"https:\/\/elamusspa.ee\/toode\/kasitoo-sheavoi-kehatruflid\/#primaryimage"},"image":{"@id":"https:\/\/elamusspa.ee\/toode\/kasitoo-sheavoi-kehatruflid\/#primaryimage"},"thumbnailUrl":"https:\/\/elamusspa.ee\/wp-content\/uploads\/2020\/11\/image00028.jpg","datePublished":"2020-11-24T17:55:33+00:00","dateModified":"2024-05-24T11:56:56+00:00","breadcrumb":{"@id":"https:\/\/elamusspa.ee\/toode\/kasitoo-sheavoi-kehatruflid\/#breadcrumb"},"inLanguage":"fi","potentialAction":[{"@type":"ReadAction","target":["https:\/\/elamusspa.ee\/toode\/kasitoo-sheavoi-kehatruflid\/"]}]},{"@type":"ImageObject","inLanguage":"fi","@id":"https:\/\/elamusspa.ee\/toode\/kasitoo-sheavoi-kehatruflid\/#primaryimage","url":"https:\/\/elamusspa.ee\/wp-content\/uploads\/2020\/11\/image00028.jpg","contentUrl":"https:\/\/elamusspa.ee\/wp-content\/uploads\/2020\/11\/image00028.jpg","width":1200,"height":1600},{"@type":"BreadcrumbList","@id":"https:\/\/elamusspa.ee\/toode\/kasitoo-sheavoi-kehatruflid\/#breadcrumb","itemListElement":[{"@type":"ListItem","position":1,"name":"Avaleht","item":"https:\/\/elamusspa.ee\/fi\/"},{"@type":"ListItem","position":2,"name":"Varaa hoito","item":"https:\/\/elamusspa.ee\/fi\/varaa-hoito\/"},{"@type":"ListItem","position":3,"name":"K\u00e4sit\u00f6\u00f6 Sheav\u00f5i kehatr\u00fchvlid"}]},{"@type":"WebSite","@id":"https:\/\/elamusspa.ee\/#website","url":"https:\/\/elamusspa.ee\/","name":"Elamus Spa","description":"Baltikumi suurim SPA","publisher":{"@id":"https:\/\/elamusspa.ee\/#organization"},"potentialAction":[{"@type":"SearchAction","target":{"@type":"EntryPoint","urlTemplate":"https:\/\/elamusspa.ee\/?s={search_term_string}"},"query-input":{"@type":"PropertyValueSpecification","valueRequired":true,"valueName":"search_term_string"}}],"inLanguage":"fi"},{"@type":"Organization","@id":"https:\/\/elamusspa.ee\/#organization","name":"Elamuste SPA","url":"https:\/\/elamusspa.ee\/","logo":{"@type":"ImageObject","inLanguage":"fi","@id":"https:\/\/elamusspa.ee\/#\/schema\/logo\/image\/","url":"https:\/\/elamusspa.ee\/wp-content\/uploads\/2020\/11\/asset-9elamusspa.png","contentUrl":"https:\/\/elamusspa.ee\/wp-content\/uploads\/2020\/11\/asset-9elamusspa.png","width":184,"height":77,"caption":"Elamuste SPA"},"image":{"@id":"https:\/\/elamusspa.ee\/#\/schema\/logo\/image\/"}}]}},"_links":{"self":[{"href":"https:\/\/elamusspa.ee\/fi\/wp-json\/wp\/v2\/product\/19983"}],"collection":[{"href":"https:\/\/elamusspa.ee\/fi\/wp-json\/wp\/v2\/product"}],"about":[{"href":"https:\/\/elamusspa.ee\/fi\/wp-json\/wp\/v2\/types\/product"}],"wp:featuredmedia":[{"embeddable":true,"href":"https:\/\/elamusspa.ee\/fi\/wp-json\/wp\/v2\/media\/19994"}],"wp:attachment":[{"href":"https:\/\/elamusspa.ee\/fi\/wp-json\/wp\/v2\/media?parent=19983"}],"wp:term":[{"taxonomy":"product_cat","embeddable":true,"href":"https:\/\/elamusspa.ee\/fi\/wp-json\/wp\/v2\/product_cat?post=19983"},{"taxonomy":"product_tag","embeddable":true,"href":"https:\/\/elamusspa.ee\/fi\/wp-json\/wp\/v2\/product_tag?post=19983"}],"curies":[{"name":"wp","href":"https:\/\/api.w.org\/{rel}","templated":true}]}}