{"id":3094,"date":"2019-11-12T13:49:49","date_gmt":"2019-11-12T13:49:49","guid":{"rendered":"https:\/\/elamusspa-ee.vserver.zonevs.eu\/toode\/varpaat-vedessa-kokous\/"},"modified":"2020-03-24T17:52:36","modified_gmt":"2020-03-24T17:52:36","slug":"varpaat-vedessa-kokous","status":"publish","type":"product","link":"https:\/\/elamusspa.ee\/fi\/artikkeli\/varpaat-vedessa-kokous\/","title":{"rendered":"VARPAAT VEDESS\u00c4 -KOKOUS"},"content":{"rendered":"<p>Vierailu Spa21+ -kylpyl\u00e4ss\u00e4 ja Elamus Spassa ilman aikarajaa.<br \/>\n\u2022 Kylpytakki ja pyyhe k\u00e4ytt\u00f6\u00f6n p\u00e4iv\u00e4n ajaksi.<br \/>\n\u2022 Kokoustekniikalla varustetun seminaaritilan k\u00e4ytt\u00f6 4h (lis\u00e4tunnit 29\u20ac \/ tunti).<br \/>\n\u2022 21 erilaista saunaa ja valikoima mielenkiintoisia saunarituaaleja.<br \/>\n\u2022 25-metrinen uima-allas ja valikoima pore- ja rentoutusaltaita.<br \/>\n\u2022 Mahdollisuus tilata lis\u00e4maksusta virkist\u00e4vi\u00e4 juomia sek\u00e4 erilaisia hoitoja joko paikan p\u00e4\u00e4ll\u00e4 tai etuk\u00e4teen.<br \/>\n\u2022 Mahdollisuus osallistua vesiaerobiciin.<br \/>\n\u2022 Yli 10 hengen ryhmille yksityinen saunarituaali maksutta.<\/p>\n","protected":false},"excerpt":{"rendered":"<blockquote><p>Kokousta varpaat vedess\u00e4, hio strategiaa saunan lauteilla ja inspiroidu saunarituaaleista. J\u00e4rjest\u00e4 kerrankin erilainen kokous ja tuo tiimisi kylpyl\u00e4\u00e4n.<\/p><\/blockquote>\n","protected":false},"featured_media":3089,"template":"","meta":{"_acf_changed":false},"product_cat":[130],"product_tag":[],"acf":[],"yoast_head":"<!-- This site is optimized with the Yoast SEO plugin v24.0 - https:\/\/yoast.com\/wordpress\/plugins\/seo\/ -->\n<title>VARPAAT VEDESS\u00c4 -KOKOUS - Elamus Spa<\/title>\n<meta name=\"robots\" content=\"index, follow, max-snippet:-1, max-image-preview:large, max-video-preview:-1\" \/>\n<link rel=\"canonical\" href=\"https:\/\/elamusspa.ee\/fi\/artikkeli\/varpaat-vedessa-kokous\/\" \/>\n<meta property=\"og:locale\" content=\"fi_FI\" \/>\n<meta property=\"og:type\" content=\"article\" \/>\n<meta property=\"og:title\" content=\"VARPAAT VEDESS\u00c4 -KOKOUS - Elamus Spa\" \/>\n<meta property=\"og:description\" content=\"Kokousta varpaat vedess\u00e4, hio strategiaa saunan lauteilla ja inspiroidu saunarituaaleista. J\u00e4rjest\u00e4 kerrankin erilainen kokous ja tuo tiimisi kylpyl\u00e4\u00e4n.\" \/>\n<meta property=\"og:url\" content=\"https:\/\/elamusspa.ee\/fi\/artikkeli\/varpaat-vedessa-kokous\/\" \/>\n<meta property=\"og:site_name\" content=\"Elamus Spa\" \/>\n<meta property=\"article:modified_time\" content=\"2020-03-24T17:52:36+00:00\" \/>\n<meta property=\"og:image\" content=\"https:\/\/elamusspa.ee\/wp-content\/uploads\/2019\/11\/elamusspa-koosolekvees.jpg\" \/>\n\t<meta property=\"og:image:width\" content=\"1400\" \/>\n\t<meta property=\"og:image:height\" content=\"692\" \/>\n\t<meta property=\"og:image:type\" content=\"image\/jpeg\" \/>\n<meta name=\"twitter:card\" content=\"summary_large_image\" \/>\n<script type=\"application\/ld+json\" class=\"yoast-schema-graph\">{\"@context\":\"https:\/\/schema.org\",\"@graph\":[{\"@type\":\"WebPage\",\"@id\":\"https:\/\/elamusspa.ee\/fi\/artikkeli\/varpaat-vedessa-kokous\/\",\"url\":\"https:\/\/elamusspa.ee\/fi\/artikkeli\/varpaat-vedessa-kokous\/\",\"name\":\"VARPAAT VEDESS\u00c4 -KOKOUS - Elamus Spa\",\"isPartOf\":{\"@id\":\"https:\/\/elamusspa.ee\/#website\"},\"primaryImageOfPage\":{\"@id\":\"https:\/\/elamusspa.ee\/fi\/artikkeli\/varpaat-vedessa-kokous\/#primaryimage\"},\"image\":{\"@id\":\"https:\/\/elamusspa.ee\/fi\/artikkeli\/varpaat-vedessa-kokous\/#primaryimage\"},\"thumbnailUrl\":\"https:\/\/elamusspa.ee\/wp-content\/uploads\/2019\/11\/elamusspa-koosolekvees.jpg\",\"datePublished\":\"2019-11-12T13:49:49+00:00\",\"dateModified\":\"2020-03-24T17:52:36+00:00\",\"breadcrumb\":{\"@id\":\"https:\/\/elamusspa.ee\/fi\/artikkeli\/varpaat-vedessa-kokous\/#breadcrumb\"},\"inLanguage\":\"fi\",\"potentialAction\":[{\"@type\":\"ReadAction\",\"target\":[\"https:\/\/elamusspa.ee\/fi\/artikkeli\/varpaat-vedessa-kokous\/\"]}]},{\"@type\":\"ImageObject\",\"inLanguage\":\"fi\",\"@id\":\"https:\/\/elamusspa.ee\/fi\/artikkeli\/varpaat-vedessa-kokous\/#primaryimage\",\"url\":\"https:\/\/elamusspa.ee\/wp-content\/uploads\/2019\/11\/elamusspa-koosolekvees.jpg\",\"contentUrl\":\"https:\/\/elamusspa.ee\/wp-content\/uploads\/2019\/11\/elamusspa-koosolekvees.jpg\",\"width\":1400,\"height\":692},{\"@type\":\"BreadcrumbList\",\"@id\":\"https:\/\/elamusspa.ee\/fi\/artikkeli\/varpaat-vedessa-kokous\/#breadcrumb\",\"itemListElement\":[{\"@type\":\"ListItem\",\"position\":1,\"name\":\"Avaleht\",\"item\":\"https:\/\/elamusspa.ee\/fi\/\"},{\"@type\":\"ListItem\",\"position\":2,\"name\":\"Varaa hoito\",\"item\":\"https:\/\/elamusspa.ee\/fi\/varaa-hoito\/\"},{\"@type\":\"ListItem\",\"position\":3,\"name\":\"VARPAAT VEDESS\u00c4 -KOKOUS\"}]},{\"@type\":\"WebSite\",\"@id\":\"https:\/\/elamusspa.ee\/#website\",\"url\":\"https:\/\/elamusspa.ee\/\",\"name\":\"Elamus Spa\",\"description\":\"Baltikumi suurim SPA\",\"publisher\":{\"@id\":\"https:\/\/elamusspa.ee\/#organization\"},\"potentialAction\":[{\"@type\":\"SearchAction\",\"target\":{\"@type\":\"EntryPoint\",\"urlTemplate\":\"https:\/\/elamusspa.ee\/?s={search_term_string}\"},\"query-input\":{\"@type\":\"PropertyValueSpecification\",\"valueRequired\":true,\"valueName\":\"search_term_string\"}}],\"inLanguage\":\"fi\"},{\"@type\":\"Organization\",\"@id\":\"https:\/\/elamusspa.ee\/#organization\",\"name\":\"Elamuste SPA\",\"url\":\"https:\/\/elamusspa.ee\/\",\"logo\":{\"@type\":\"ImageObject\",\"inLanguage\":\"fi\",\"@id\":\"https:\/\/elamusspa.ee\/#\/schema\/logo\/image\/\",\"url\":\"https:\/\/elamusspa.ee\/wp-content\/uploads\/2020\/11\/asset-9elamusspa.png\",\"contentUrl\":\"https:\/\/elamusspa.ee\/wp-content\/uploads\/2020\/11\/asset-9elamusspa.png\",\"width\":184,\"height\":77,\"caption\":\"Elamuste SPA\"},\"image\":{\"@id\":\"https:\/\/elamusspa.ee\/#\/schema\/logo\/image\/\"}}]}<\/script>\n<!-- \/ Yoast SEO plugin. -->","yoast_head_json":{"title":"VARPAAT VEDESS\u00c4 -KOKOUS - Elamus Spa","robots":{"index":"index","follow":"follow","max-snippet":"max-snippet:-1","max-image-preview":"max-image-preview:large","max-video-preview":"max-video-preview:-1"},"canonical":"https:\/\/elamusspa.ee\/fi\/artikkeli\/varpaat-vedessa-kokous\/","og_locale":"fi_FI","og_type":"article","og_title":"VARPAAT VEDESS\u00c4 -KOKOUS - Elamus Spa","og_description":"Kokousta varpaat vedess\u00e4, hio strategiaa saunan lauteilla ja inspiroidu saunarituaaleista. J\u00e4rjest\u00e4 kerrankin erilainen kokous ja tuo tiimisi kylpyl\u00e4\u00e4n.","og_url":"https:\/\/elamusspa.ee\/fi\/artikkeli\/varpaat-vedessa-kokous\/","og_site_name":"Elamus Spa","article_modified_time":"2020-03-24T17:52:36+00:00","og_image":[{"width":1400,"height":692,"url":"https:\/\/elamusspa.ee\/wp-content\/uploads\/2019\/11\/elamusspa-koosolekvees.jpg","type":"image\/jpeg"}],"twitter_card":"summary_large_image","schema":{"@context":"https:\/\/schema.org","@graph":[{"@type":"WebPage","@id":"https:\/\/elamusspa.ee\/fi\/artikkeli\/varpaat-vedessa-kokous\/","url":"https:\/\/elamusspa.ee\/fi\/artikkeli\/varpaat-vedessa-kokous\/","name":"VARPAAT VEDESS\u00c4 -KOKOUS - Elamus Spa","isPartOf":{"@id":"https:\/\/elamusspa.ee\/#website"},"primaryImageOfPage":{"@id":"https:\/\/elamusspa.ee\/fi\/artikkeli\/varpaat-vedessa-kokous\/#primaryimage"},"image":{"@id":"https:\/\/elamusspa.ee\/fi\/artikkeli\/varpaat-vedessa-kokous\/#primaryimage"},"thumbnailUrl":"https:\/\/elamusspa.ee\/wp-content\/uploads\/2019\/11\/elamusspa-koosolekvees.jpg","datePublished":"2019-11-12T13:49:49+00:00","dateModified":"2020-03-24T17:52:36+00:00","breadcrumb":{"@id":"https:\/\/elamusspa.ee\/fi\/artikkeli\/varpaat-vedessa-kokous\/#breadcrumb"},"inLanguage":"fi","potentialAction":[{"@type":"ReadAction","target":["https:\/\/elamusspa.ee\/fi\/artikkeli\/varpaat-vedessa-kokous\/"]}]},{"@type":"ImageObject","inLanguage":"fi","@id":"https:\/\/elamusspa.ee\/fi\/artikkeli\/varpaat-vedessa-kokous\/#primaryimage","url":"https:\/\/elamusspa.ee\/wp-content\/uploads\/2019\/11\/elamusspa-koosolekvees.jpg","contentUrl":"https:\/\/elamusspa.ee\/wp-content\/uploads\/2019\/11\/elamusspa-koosolekvees.jpg","width":1400,"height":692},{"@type":"BreadcrumbList","@id":"https:\/\/elamusspa.ee\/fi\/artikkeli\/varpaat-vedessa-kokous\/#breadcrumb","itemListElement":[{"@type":"ListItem","position":1,"name":"Avaleht","item":"https:\/\/elamusspa.ee\/fi\/"},{"@type":"ListItem","position":2,"name":"Varaa hoito","item":"https:\/\/elamusspa.ee\/fi\/varaa-hoito\/"},{"@type":"ListItem","position":3,"name":"VARPAAT VEDESS\u00c4 -KOKOUS"}]},{"@type":"WebSite","@id":"https:\/\/elamusspa.ee\/#website","url":"https:\/\/elamusspa.ee\/","name":"Elamus Spa","description":"Baltikumi suurim SPA","publisher":{"@id":"https:\/\/elamusspa.ee\/#organization"},"potentialAction":[{"@type":"SearchAction","target":{"@type":"EntryPoint","urlTemplate":"https:\/\/elamusspa.ee\/?s={search_term_string}"},"query-input":{"@type":"PropertyValueSpecification","valueRequired":true,"valueName":"search_term_string"}}],"inLanguage":"fi"},{"@type":"Organization","@id":"https:\/\/elamusspa.ee\/#organization","name":"Elamuste SPA","url":"https:\/\/elamusspa.ee\/","logo":{"@type":"ImageObject","inLanguage":"fi","@id":"https:\/\/elamusspa.ee\/#\/schema\/logo\/image\/","url":"https:\/\/elamusspa.ee\/wp-content\/uploads\/2020\/11\/asset-9elamusspa.png","contentUrl":"https:\/\/elamusspa.ee\/wp-content\/uploads\/2020\/11\/asset-9elamusspa.png","width":184,"height":77,"caption":"Elamuste SPA"},"image":{"@id":"https:\/\/elamusspa.ee\/#\/schema\/logo\/image\/"}}]}},"_links":{"self":[{"href":"https:\/\/elamusspa.ee\/fi\/wp-json\/wp\/v2\/product\/3094"}],"collection":[{"href":"https:\/\/elamusspa.ee\/fi\/wp-json\/wp\/v2\/product"}],"about":[{"href":"https:\/\/elamusspa.ee\/fi\/wp-json\/wp\/v2\/types\/product"}],"wp:featuredmedia":[{"embeddable":true,"href":"https:\/\/elamusspa.ee\/fi\/wp-json\/wp\/v2\/media\/3089"}],"wp:attachment":[{"href":"https:\/\/elamusspa.ee\/fi\/wp-json\/wp\/v2\/media?parent=3094"}],"wp:term":[{"taxonomy":"product_cat","embeddable":true,"href":"https:\/\/elamusspa.ee\/fi\/wp-json\/wp\/v2\/product_cat?post=3094"},{"taxonomy":"product_tag","embeddable":true,"href":"https:\/\/elamusspa.ee\/fi\/wp-json\/wp\/v2\/product_tag?post=3094"}],"curies":[{"name":"wp","href":"https:\/\/api.w.org\/{rel}","templated":true}]}}