{"id":40613,"date":"2023-01-12T09:01:56","date_gmt":"2023-01-12T09:01:56","guid":{"rendered":"https:\/\/elamusspa.ee\/?post_type=product&#038;p=40613"},"modified":"2024-05-21T08:29:50","modified_gmt":"2024-05-21T08:29:50","slug":"sokolaadimassaaz-45-min","status":"publish","type":"product","link":"https:\/\/elamusspa.ee\/fi\/toode\/sokolaadimassaaz-45-min\/","title":{"rendered":"\u0160okolaadimassaa\u017e 45 min"},"content":{"rendered":"<p>Meelierutav \u0161okolaadimassaa\u017e on kergelt kooriv massaa\u017e, mis on t\u00f5eline nauding, kuna ahvatlev \u0161okolaadi aroom koos sujuva puudutusega loob rikkaliku atmosf\u00e4\u00e4ri. Kakao soodustab endorfiinide ehk \u00f5nnemolekulide teket ning muudab naha siidiselt pehmeks. Massaa\u017e sobib k\u00f5igile, kes soovivad lasta oma keha ja vaimu hellitada, l\u00f5\u00f5gastunud olek ja hea enesetunne garanteeritud!<\/p>\n","protected":false},"excerpt":{"rendered":"<p>Meelierutav \u0161okolaadimassaa\u017e on kergelt kooriv massaa\u017e, mis on t\u00f5eline nauding, kuna ahvatlev \u0161okolaadi aroom koos sujuva puudutusega loob rikkaliku atmosf\u00e4\u00e4ri. Kakao soodustab endorfiinide ehk \u00f5nnemolekulide teket ning muudab naha siidiselt pehmeks. Massaa\u017e sobib k\u00f5igile, kes soovivad lasta oma keha ja vaimu hellitada, l\u00f5\u00f5gastunud olek ja hea enesetunne garanteeritud!<\/p>\n","protected":false},"featured_media":40598,"template":"","meta":{"_acf_changed":false},"product_cat":[192],"product_tag":[],"acf":[],"yoast_head":"<!-- This site is optimized with the Yoast SEO plugin v24.0 - https:\/\/yoast.com\/wordpress\/plugins\/seo\/ -->\n<title>\u0160okolaadimassaa\u017e 45 min - Elamus Spa<\/title>\n<meta name=\"robots\" content=\"index, follow, max-snippet:-1, max-image-preview:large, max-video-preview:-1\" \/>\n<link rel=\"canonical\" href=\"https:\/\/elamusspa.ee\/toode\/sokolaadimassaaz-45-min\/\" \/>\n<meta property=\"og:locale\" content=\"fi_FI\" \/>\n<meta property=\"og:type\" content=\"article\" \/>\n<meta property=\"og:title\" content=\"\u0160okolaadimassaa\u017e 45 min - Elamus Spa\" \/>\n<meta property=\"og:description\" content=\"Meelierutav \u0161okolaadimassaa\u017e on kergelt kooriv massaa\u017e, mis on t\u00f5eline nauding, kuna ahvatlev \u0161okolaadi aroom koos sujuva puudutusega loob rikkaliku atmosf\u00e4\u00e4ri. Kakao soodustab endorfiinide ehk \u00f5nnemolekulide teket ning muudab naha siidiselt pehmeks. Massaa\u017e sobib k\u00f5igile, kes soovivad lasta oma keha ja vaimu hellitada, l\u00f5\u00f5gastunud olek ja hea enesetunne garanteeritud!\" \/>\n<meta property=\"og:url\" content=\"https:\/\/elamusspa.ee\/toode\/sokolaadimassaaz-45-min\/\" \/>\n<meta property=\"og:site_name\" content=\"Elamus Spa\" \/>\n<meta property=\"article:modified_time\" content=\"2024-05-21T08:29:50+00:00\" \/>\n<meta property=\"og:image\" content=\"https:\/\/elamusspa.ee\/wp-content\/uploads\/2023\/01\/adobestock_106793631-scaled.jpeg\" \/>\n\t<meta property=\"og:image:width\" content=\"2049\" \/>\n\t<meta property=\"og:image:height\" content=\"1366\" \/>\n\t<meta property=\"og:image:type\" content=\"image\/jpeg\" \/>\n<meta name=\"twitter:card\" content=\"summary_large_image\" \/>\n<meta name=\"twitter:label1\" content=\"Arvioitu lukuaika\" \/>\n\t<meta name=\"twitter:data1\" content=\"1 minuutti\" \/>\n<script type=\"application\/ld+json\" class=\"yoast-schema-graph\">{\"@context\":\"https:\/\/schema.org\",\"@graph\":[{\"@type\":\"WebPage\",\"@id\":\"https:\/\/elamusspa.ee\/toode\/sokolaadimassaaz-45-min\/\",\"url\":\"https:\/\/elamusspa.ee\/toode\/sokolaadimassaaz-45-min\/\",\"name\":\"\u0160okolaadimassaa\u017e 45 min - Elamus Spa\",\"isPartOf\":{\"@id\":\"https:\/\/elamusspa.ee\/#website\"},\"primaryImageOfPage\":{\"@id\":\"https:\/\/elamusspa.ee\/toode\/sokolaadimassaaz-45-min\/#primaryimage\"},\"image\":{\"@id\":\"https:\/\/elamusspa.ee\/toode\/sokolaadimassaaz-45-min\/#primaryimage\"},\"thumbnailUrl\":\"https:\/\/elamusspa.ee\/wp-content\/uploads\/2023\/01\/adobestock_106793631-scaled.jpeg\",\"datePublished\":\"2023-01-12T09:01:56+00:00\",\"dateModified\":\"2024-05-21T08:29:50+00:00\",\"breadcrumb\":{\"@id\":\"https:\/\/elamusspa.ee\/toode\/sokolaadimassaaz-45-min\/#breadcrumb\"},\"inLanguage\":\"fi\",\"potentialAction\":[{\"@type\":\"ReadAction\",\"target\":[\"https:\/\/elamusspa.ee\/toode\/sokolaadimassaaz-45-min\/\"]}]},{\"@type\":\"ImageObject\",\"inLanguage\":\"fi\",\"@id\":\"https:\/\/elamusspa.ee\/toode\/sokolaadimassaaz-45-min\/#primaryimage\",\"url\":\"https:\/\/elamusspa.ee\/wp-content\/uploads\/2023\/01\/adobestock_106793631-scaled.jpeg\",\"contentUrl\":\"https:\/\/elamusspa.ee\/wp-content\/uploads\/2023\/01\/adobestock_106793631-scaled.jpeg\",\"width\":2049,\"height\":1366},{\"@type\":\"BreadcrumbList\",\"@id\":\"https:\/\/elamusspa.ee\/toode\/sokolaadimassaaz-45-min\/#breadcrumb\",\"itemListElement\":[{\"@type\":\"ListItem\",\"position\":1,\"name\":\"Avaleht\",\"item\":\"https:\/\/elamusspa.ee\/fi\/\"},{\"@type\":\"ListItem\",\"position\":2,\"name\":\"Varaa hoito\",\"item\":\"https:\/\/elamusspa.ee\/fi\/varaa-hoito\/\"},{\"@type\":\"ListItem\",\"position\":3,\"name\":\"\u0160okolaadimassaa\u017e 45 min\"}]},{\"@type\":\"WebSite\",\"@id\":\"https:\/\/elamusspa.ee\/#website\",\"url\":\"https:\/\/elamusspa.ee\/\",\"name\":\"Elamus Spa\",\"description\":\"Baltikumi suurim SPA\",\"publisher\":{\"@id\":\"https:\/\/elamusspa.ee\/#organization\"},\"potentialAction\":[{\"@type\":\"SearchAction\",\"target\":{\"@type\":\"EntryPoint\",\"urlTemplate\":\"https:\/\/elamusspa.ee\/?s={search_term_string}\"},\"query-input\":{\"@type\":\"PropertyValueSpecification\",\"valueRequired\":true,\"valueName\":\"search_term_string\"}}],\"inLanguage\":\"fi\"},{\"@type\":\"Organization\",\"@id\":\"https:\/\/elamusspa.ee\/#organization\",\"name\":\"Elamuste SPA\",\"url\":\"https:\/\/elamusspa.ee\/\",\"logo\":{\"@type\":\"ImageObject\",\"inLanguage\":\"fi\",\"@id\":\"https:\/\/elamusspa.ee\/#\/schema\/logo\/image\/\",\"url\":\"https:\/\/elamusspa.ee\/wp-content\/uploads\/2020\/11\/asset-9elamusspa.png\",\"contentUrl\":\"https:\/\/elamusspa.ee\/wp-content\/uploads\/2020\/11\/asset-9elamusspa.png\",\"width\":184,\"height\":77,\"caption\":\"Elamuste SPA\"},\"image\":{\"@id\":\"https:\/\/elamusspa.ee\/#\/schema\/logo\/image\/\"}}]}<\/script>\n<!-- \/ Yoast SEO plugin. -->","yoast_head_json":{"title":"\u0160okolaadimassaa\u017e 45 min - Elamus Spa","robots":{"index":"index","follow":"follow","max-snippet":"max-snippet:-1","max-image-preview":"max-image-preview:large","max-video-preview":"max-video-preview:-1"},"canonical":"https:\/\/elamusspa.ee\/toode\/sokolaadimassaaz-45-min\/","og_locale":"fi_FI","og_type":"article","og_title":"\u0160okolaadimassaa\u017e 45 min - Elamus Spa","og_description":"Meelierutav \u0161okolaadimassaa\u017e on kergelt kooriv massaa\u017e, mis on t\u00f5eline nauding, kuna ahvatlev \u0161okolaadi aroom koos sujuva puudutusega loob rikkaliku atmosf\u00e4\u00e4ri. Kakao soodustab endorfiinide ehk \u00f5nnemolekulide teket ning muudab naha siidiselt pehmeks. Massaa\u017e sobib k\u00f5igile, kes soovivad lasta oma keha ja vaimu hellitada, l\u00f5\u00f5gastunud olek ja hea enesetunne garanteeritud!","og_url":"https:\/\/elamusspa.ee\/toode\/sokolaadimassaaz-45-min\/","og_site_name":"Elamus Spa","article_modified_time":"2024-05-21T08:29:50+00:00","og_image":[{"width":2049,"height":1366,"url":"https:\/\/elamusspa.ee\/wp-content\/uploads\/2023\/01\/adobestock_106793631-scaled.jpeg","type":"image\/jpeg"}],"twitter_card":"summary_large_image","twitter_misc":{"Arvioitu lukuaika":"1 minuutti"},"schema":{"@context":"https:\/\/schema.org","@graph":[{"@type":"WebPage","@id":"https:\/\/elamusspa.ee\/toode\/sokolaadimassaaz-45-min\/","url":"https:\/\/elamusspa.ee\/toode\/sokolaadimassaaz-45-min\/","name":"\u0160okolaadimassaa\u017e 45 min - Elamus Spa","isPartOf":{"@id":"https:\/\/elamusspa.ee\/#website"},"primaryImageOfPage":{"@id":"https:\/\/elamusspa.ee\/toode\/sokolaadimassaaz-45-min\/#primaryimage"},"image":{"@id":"https:\/\/elamusspa.ee\/toode\/sokolaadimassaaz-45-min\/#primaryimage"},"thumbnailUrl":"https:\/\/elamusspa.ee\/wp-content\/uploads\/2023\/01\/adobestock_106793631-scaled.jpeg","datePublished":"2023-01-12T09:01:56+00:00","dateModified":"2024-05-21T08:29:50+00:00","breadcrumb":{"@id":"https:\/\/elamusspa.ee\/toode\/sokolaadimassaaz-45-min\/#breadcrumb"},"inLanguage":"fi","potentialAction":[{"@type":"ReadAction","target":["https:\/\/elamusspa.ee\/toode\/sokolaadimassaaz-45-min\/"]}]},{"@type":"ImageObject","inLanguage":"fi","@id":"https:\/\/elamusspa.ee\/toode\/sokolaadimassaaz-45-min\/#primaryimage","url":"https:\/\/elamusspa.ee\/wp-content\/uploads\/2023\/01\/adobestock_106793631-scaled.jpeg","contentUrl":"https:\/\/elamusspa.ee\/wp-content\/uploads\/2023\/01\/adobestock_106793631-scaled.jpeg","width":2049,"height":1366},{"@type":"BreadcrumbList","@id":"https:\/\/elamusspa.ee\/toode\/sokolaadimassaaz-45-min\/#breadcrumb","itemListElement":[{"@type":"ListItem","position":1,"name":"Avaleht","item":"https:\/\/elamusspa.ee\/fi\/"},{"@type":"ListItem","position":2,"name":"Varaa hoito","item":"https:\/\/elamusspa.ee\/fi\/varaa-hoito\/"},{"@type":"ListItem","position":3,"name":"\u0160okolaadimassaa\u017e 45 min"}]},{"@type":"WebSite","@id":"https:\/\/elamusspa.ee\/#website","url":"https:\/\/elamusspa.ee\/","name":"Elamus Spa","description":"Baltikumi suurim SPA","publisher":{"@id":"https:\/\/elamusspa.ee\/#organization"},"potentialAction":[{"@type":"SearchAction","target":{"@type":"EntryPoint","urlTemplate":"https:\/\/elamusspa.ee\/?s={search_term_string}"},"query-input":{"@type":"PropertyValueSpecification","valueRequired":true,"valueName":"search_term_string"}}],"inLanguage":"fi"},{"@type":"Organization","@id":"https:\/\/elamusspa.ee\/#organization","name":"Elamuste SPA","url":"https:\/\/elamusspa.ee\/","logo":{"@type":"ImageObject","inLanguage":"fi","@id":"https:\/\/elamusspa.ee\/#\/schema\/logo\/image\/","url":"https:\/\/elamusspa.ee\/wp-content\/uploads\/2020\/11\/asset-9elamusspa.png","contentUrl":"https:\/\/elamusspa.ee\/wp-content\/uploads\/2020\/11\/asset-9elamusspa.png","width":184,"height":77,"caption":"Elamuste SPA"},"image":{"@id":"https:\/\/elamusspa.ee\/#\/schema\/logo\/image\/"}}]}},"_links":{"self":[{"href":"https:\/\/elamusspa.ee\/fi\/wp-json\/wp\/v2\/product\/40613"}],"collection":[{"href":"https:\/\/elamusspa.ee\/fi\/wp-json\/wp\/v2\/product"}],"about":[{"href":"https:\/\/elamusspa.ee\/fi\/wp-json\/wp\/v2\/types\/product"}],"wp:featuredmedia":[{"embeddable":true,"href":"https:\/\/elamusspa.ee\/fi\/wp-json\/wp\/v2\/media\/40598"}],"wp:attachment":[{"href":"https:\/\/elamusspa.ee\/fi\/wp-json\/wp\/v2\/media?parent=40613"}],"wp:term":[{"taxonomy":"product_cat","embeddable":true,"href":"https:\/\/elamusspa.ee\/fi\/wp-json\/wp\/v2\/product_cat?post=40613"},{"taxonomy":"product_tag","embeddable":true,"href":"https:\/\/elamusspa.ee\/fi\/wp-json\/wp\/v2\/product_tag?post=40613"}],"curies":[{"name":"wp","href":"https:\/\/api.w.org\/{rel}","templated":true}]}}