{"id":49153,"date":"2023-08-04T07:37:48","date_gmt":"2023-08-04T07:37:48","guid":{"rendered":"https:\/\/elamusspa.ee\/?post_type=product&#038;p=49153"},"modified":"2026-02-23T07:52:03","modified_gmt":"2026-02-23T07:52:03","slug":"tahtpaevad-seminarid-koosviibimised-spaas","status":"publish","type":"product","link":"https:\/\/elamusspa.ee\/fi\/toode\/tahtpaevad-seminarid-koosviibimised-spaas\/","title":{"rendered":"T\u00e4htp\u00e4evad, seminarid, koosviibimised spaas"},"content":{"rendered":"<p><strong>Otsid kohta, kus t\u00e4histada s\u00f5pradega \u00fcht meeldej\u00e4\u00e4vamat s\u00fcnnip\u00e4eva? V\u00f5i soovid koos t\u00f6\u00f6kaaslastega \u00fche tavap\u00e4rasest erineva seminari? Meil on pakkuda Teile troopilises \u00f5hkkonnas privaatruum, kuhu saab mugavalt mahutada kuni 15 inimest.\u00a0<\/strong><\/p>\n<p>Privaatruumis Troopikaaed on v\u00f5imalus kasutada suurt ekraani esitluste ja videote esitamiseks, kuulata muusikat ning on olemas ka valge tahvli kasutamise v\u00f5imalus.<\/p>\n<p><strong>Privaatruumi hind broneerimiseks 1 tund &#8211; 29\u20ac, 3 tundi &#8211; 58\u20ac. <\/strong><strong>Hinnale lisanduvad Spa21+ p\u00e4\u00e4smed ja tellitud toitlustus.<\/strong><\/p>\n<p><strong>Gruppidele alates 10 inimesest saame teha soodustuse:<\/strong><\/p>\n<ul>\n<li><strong>E-R 10:00-13:00 &#8211; 31\u20ac\/in<\/strong> (tavahind: 34\u20ac)<\/li>\n<li><strong>E-R 13:00-00:00 &#8211; 36\u20ac\/in<\/strong> (tavahind: 41\u20ac)<\/li>\n<li><strong>L-P &#8211; 48\u20ac\/in<\/strong> (tavahind: 54\u20ac)<\/li>\n<\/ul>\n<p>Muud soodustused privaatruumi broneerimisel ei kehti. Riiklikel p\u00fchadel kehtib Spa21+ p\u00e4\u00e4smetele n\u00e4dalavahetuse hinnakiri.<\/p>\n<p><strong>Privaatruumi saame Teile pakkuda ettetellimusena toitlustust meie\u00a0<a href=\"https:\/\/elamusspa.ee\/wp-content\/uploads\/2025\/08\/a4_grupimenuu_est_aug2025.pdf\" target=\"_blank\" rel=\"noopener\">grupimen\u00fc\u00fcst. <\/a><\/strong>Lisasoove ja joogivalikud on v\u00f5imalik valida ka <strong>saunabaari\u00a0<a href=\"https:\/\/elamusspa.ee\/21-spa\/saunabaar\/\" target=\"_blank\" rel=\"noopener\">men\u00fc\u00fcst.<\/a><\/strong><\/p>\n<p><strong>Lisaks on olemas ka v\u00f5imalus tellida privaatset saunarituaali,<\/strong> mille viib l\u00e4bi Saunameister ainult Teie seltskonnale. Valikus on leili-, aroomi- ja helirituaal. Leilirituaali hind on 120\u20ac\/rituaal (kuni 20 in). Aroomi- ja helirituaali hind 100\u20ac\/rituaal (kuni 15 in).<\/p>\n<p>Suurematele seltskondadele kuni 100in pakume ka privaatset Aufguss rituaali hinnaga 300\u20ac\/rituaal.<\/p>\n<p><strong>Tasumine toitlustuse, lisateenuste ja ruumi rendi eest peaks toimuma 3 p\u00e4eva enne s\u00fcndmust. Piletid makstakse kohapeal vastavalt saabujate arvule.<\/strong><\/p>\n<p><strong>Pakkumise saamiseks palume kirjutada meilile<\/strong> <strong><a href=\"mailto:elamused@elamused.ee\">elamused@elamusspa.ee<\/a><\/strong><\/p>\n<ul>\n<li>Ees- ja perekonnanimi<\/li>\n<li>Telefoninumber<\/li>\n<li>Kuup\u00e4ev<\/li>\n<li>Osalejate arv<\/li>\n<li>Men\u00fc\u00fc valikud<\/li>\n<li>Lisasoovid<\/li>\n<\/ul>\n<p>&nbsp;<\/p>\n<p><strong>S\u00fcndmuse paremaks \u00f5nnestumiseks on hea teada veel:<\/strong><\/p>\n<ul>\n<li>Palume saabuda 15 min enne s\u00fcndmuse algust.<\/li>\n<li>Sisenemine kogu seltskonnaga koos.<\/li>\n<li>Soovi korral saab enne privaatruumi dekoreerida.<\/li>\n<li>Oma jookide ja s\u00f6\u00f6kide kaasa v\u00f5tmine pole lubatud (va tort)<\/li>\n<li>Kohapeal tarbitud s\u00f6\u00f6gid ja joogid saab lisada k\u00e4epaelale ja tasuda v\u00e4ljudes.<\/li>\n<\/ul>\n","protected":false},"excerpt":{"rendered":"<p>Otsid kohta, kus t\u00e4histada s\u00f5pradega \u00fcht meeldej\u00e4\u00e4vamat s\u00fcnnip\u00e4eva? V\u00f5i soovid koos t\u00f6\u00f6kaaslastega \u00fche tavap\u00e4rasest erineva seminari? Meil on pakkuda Teile troopilises \u00f5hkkonnas privaatruum, kuhu saab mugavalt mahutada kuni 15 inimest.\u00a0 Privaatruumis Troopikaaed on v\u00f5imalus kasutada suurt ekraani esitluste ja videote esitamiseks, kuulata muusikat ning on olemas ka valge tahvli kasutamise v\u00f5imalus. Privaatruumi hind broneerimiseks 1 [&hellip;]<\/p>\n","protected":false},"featured_media":76481,"template":"","meta":{"_acf_changed":false},"product_cat":[196,180],"product_tag":[185],"acf":[],"yoast_head":"<!-- This site is optimized with the Yoast SEO plugin v24.0 - https:\/\/yoast.com\/wordpress\/plugins\/seo\/ -->\n<title>T\u00e4htp\u00e4evad, seminarid, koosviibimised spaas - Elamus Spa<\/title>\n<meta name=\"robots\" content=\"index, follow, max-snippet:-1, max-image-preview:large, max-video-preview:-1\" \/>\n<link rel=\"canonical\" href=\"https:\/\/elamusspa.ee\/toode\/tahtpaevad-seminarid-koosviibimised-spaas\/\" \/>\n<meta property=\"og:locale\" content=\"fi_FI\" \/>\n<meta property=\"og:type\" content=\"article\" \/>\n<meta property=\"og:title\" content=\"T\u00e4htp\u00e4evad, seminarid, koosviibimised spaas - Elamus Spa\" \/>\n<meta property=\"og:description\" content=\"Otsid kohta, kus t\u00e4histada s\u00f5pradega \u00fcht meeldej\u00e4\u00e4vamat s\u00fcnnip\u00e4eva? V\u00f5i soovid koos t\u00f6\u00f6kaaslastega \u00fche tavap\u00e4rasest erineva seminari? Meil on pakkuda Teile troopilises \u00f5hkkonnas privaatruum, kuhu saab mugavalt mahutada kuni 15 inimest.\u00a0 Privaatruumis Troopikaaed on v\u00f5imalus kasutada suurt ekraani esitluste ja videote esitamiseks, kuulata muusikat ning on olemas ka valge tahvli kasutamise v\u00f5imalus. Privaatruumi hind broneerimiseks 1 [&hellip;]\" \/>\n<meta property=\"og:url\" content=\"https:\/\/elamusspa.ee\/toode\/tahtpaevad-seminarid-koosviibimised-spaas\/\" \/>\n<meta property=\"og:site_name\" content=\"Elamus Spa\" \/>\n<meta property=\"article:modified_time\" content=\"2026-02-23T07:52:03+00:00\" \/>\n<meta property=\"og:image\" content=\"https:\/\/elamusspa.ee\/wp-content\/uploads\/2024\/10\/dsc3275-pano.jpg\" \/>\n\t<meta property=\"og:image:width\" content=\"2048\" \/>\n\t<meta property=\"og:image:height\" content=\"1495\" \/>\n\t<meta property=\"og:image:type\" content=\"image\/jpeg\" \/>\n<meta name=\"twitter:card\" content=\"summary_large_image\" \/>\n<meta name=\"twitter:label1\" content=\"Arvioitu lukuaika\" \/>\n\t<meta name=\"twitter:data1\" content=\"2 minuuttia\" \/>\n<script type=\"application\/ld+json\" class=\"yoast-schema-graph\">{\"@context\":\"https:\/\/schema.org\",\"@graph\":[{\"@type\":\"WebPage\",\"@id\":\"https:\/\/elamusspa.ee\/toode\/tahtpaevad-seminarid-koosviibimised-spaas\/\",\"url\":\"https:\/\/elamusspa.ee\/toode\/tahtpaevad-seminarid-koosviibimised-spaas\/\",\"name\":\"T\u00e4htp\u00e4evad, seminarid, koosviibimised spaas - Elamus Spa\",\"isPartOf\":{\"@id\":\"https:\/\/elamusspa.ee\/#website\"},\"primaryImageOfPage\":{\"@id\":\"https:\/\/elamusspa.ee\/toode\/tahtpaevad-seminarid-koosviibimised-spaas\/#primaryimage\"},\"image\":{\"@id\":\"https:\/\/elamusspa.ee\/toode\/tahtpaevad-seminarid-koosviibimised-spaas\/#primaryimage\"},\"thumbnailUrl\":\"https:\/\/elamusspa.ee\/wp-content\/uploads\/2024\/10\/dsc3275-pano.jpg\",\"datePublished\":\"2023-08-04T07:37:48+00:00\",\"dateModified\":\"2026-02-23T07:52:03+00:00\",\"breadcrumb\":{\"@id\":\"https:\/\/elamusspa.ee\/toode\/tahtpaevad-seminarid-koosviibimised-spaas\/#breadcrumb\"},\"inLanguage\":\"fi\",\"potentialAction\":[{\"@type\":\"ReadAction\",\"target\":[\"https:\/\/elamusspa.ee\/toode\/tahtpaevad-seminarid-koosviibimised-spaas\/\"]}]},{\"@type\":\"ImageObject\",\"inLanguage\":\"fi\",\"@id\":\"https:\/\/elamusspa.ee\/toode\/tahtpaevad-seminarid-koosviibimised-spaas\/#primaryimage\",\"url\":\"https:\/\/elamusspa.ee\/wp-content\/uploads\/2024\/10\/dsc3275-pano.jpg\",\"contentUrl\":\"https:\/\/elamusspa.ee\/wp-content\/uploads\/2024\/10\/dsc3275-pano.jpg\",\"width\":2048,\"height\":1495},{\"@type\":\"BreadcrumbList\",\"@id\":\"https:\/\/elamusspa.ee\/toode\/tahtpaevad-seminarid-koosviibimised-spaas\/#breadcrumb\",\"itemListElement\":[{\"@type\":\"ListItem\",\"position\":1,\"name\":\"Avaleht\",\"item\":\"https:\/\/elamusspa.ee\/fi\/\"},{\"@type\":\"ListItem\",\"position\":2,\"name\":\"Varaa hoito\",\"item\":\"https:\/\/elamusspa.ee\/fi\/varaa-hoito\/\"},{\"@type\":\"ListItem\",\"position\":3,\"name\":\"T\u00e4htp\u00e4evad, seminarid, koosviibimised spaas\"}]},{\"@type\":\"WebSite\",\"@id\":\"https:\/\/elamusspa.ee\/#website\",\"url\":\"https:\/\/elamusspa.ee\/\",\"name\":\"Elamus Spa\",\"description\":\"Baltikumi suurim SPA\",\"publisher\":{\"@id\":\"https:\/\/elamusspa.ee\/#organization\"},\"potentialAction\":[{\"@type\":\"SearchAction\",\"target\":{\"@type\":\"EntryPoint\",\"urlTemplate\":\"https:\/\/elamusspa.ee\/?s={search_term_string}\"},\"query-input\":{\"@type\":\"PropertyValueSpecification\",\"valueRequired\":true,\"valueName\":\"search_term_string\"}}],\"inLanguage\":\"fi\"},{\"@type\":\"Organization\",\"@id\":\"https:\/\/elamusspa.ee\/#organization\",\"name\":\"Elamuste SPA\",\"url\":\"https:\/\/elamusspa.ee\/\",\"logo\":{\"@type\":\"ImageObject\",\"inLanguage\":\"fi\",\"@id\":\"https:\/\/elamusspa.ee\/#\/schema\/logo\/image\/\",\"url\":\"https:\/\/elamusspa.ee\/wp-content\/uploads\/2020\/11\/asset-9elamusspa.png\",\"contentUrl\":\"https:\/\/elamusspa.ee\/wp-content\/uploads\/2020\/11\/asset-9elamusspa.png\",\"width\":184,\"height\":77,\"caption\":\"Elamuste SPA\"},\"image\":{\"@id\":\"https:\/\/elamusspa.ee\/#\/schema\/logo\/image\/\"}}]}<\/script>\n<!-- \/ Yoast SEO plugin. -->","yoast_head_json":{"title":"T\u00e4htp\u00e4evad, seminarid, koosviibimised spaas - Elamus Spa","robots":{"index":"index","follow":"follow","max-snippet":"max-snippet:-1","max-image-preview":"max-image-preview:large","max-video-preview":"max-video-preview:-1"},"canonical":"https:\/\/elamusspa.ee\/toode\/tahtpaevad-seminarid-koosviibimised-spaas\/","og_locale":"fi_FI","og_type":"article","og_title":"T\u00e4htp\u00e4evad, seminarid, koosviibimised spaas - Elamus Spa","og_description":"Otsid kohta, kus t\u00e4histada s\u00f5pradega \u00fcht meeldej\u00e4\u00e4vamat s\u00fcnnip\u00e4eva? V\u00f5i soovid koos t\u00f6\u00f6kaaslastega \u00fche tavap\u00e4rasest erineva seminari? Meil on pakkuda Teile troopilises \u00f5hkkonnas privaatruum, kuhu saab mugavalt mahutada kuni 15 inimest.\u00a0 Privaatruumis Troopikaaed on v\u00f5imalus kasutada suurt ekraani esitluste ja videote esitamiseks, kuulata muusikat ning on olemas ka valge tahvli kasutamise v\u00f5imalus. Privaatruumi hind broneerimiseks 1 [&hellip;]","og_url":"https:\/\/elamusspa.ee\/toode\/tahtpaevad-seminarid-koosviibimised-spaas\/","og_site_name":"Elamus Spa","article_modified_time":"2026-02-23T07:52:03+00:00","og_image":[{"width":2048,"height":1495,"url":"https:\/\/elamusspa.ee\/wp-content\/uploads\/2024\/10\/dsc3275-pano.jpg","type":"image\/jpeg"}],"twitter_card":"summary_large_image","twitter_misc":{"Arvioitu lukuaika":"2 minuuttia"},"schema":{"@context":"https:\/\/schema.org","@graph":[{"@type":"WebPage","@id":"https:\/\/elamusspa.ee\/toode\/tahtpaevad-seminarid-koosviibimised-spaas\/","url":"https:\/\/elamusspa.ee\/toode\/tahtpaevad-seminarid-koosviibimised-spaas\/","name":"T\u00e4htp\u00e4evad, seminarid, koosviibimised spaas - Elamus Spa","isPartOf":{"@id":"https:\/\/elamusspa.ee\/#website"},"primaryImageOfPage":{"@id":"https:\/\/elamusspa.ee\/toode\/tahtpaevad-seminarid-koosviibimised-spaas\/#primaryimage"},"image":{"@id":"https:\/\/elamusspa.ee\/toode\/tahtpaevad-seminarid-koosviibimised-spaas\/#primaryimage"},"thumbnailUrl":"https:\/\/elamusspa.ee\/wp-content\/uploads\/2024\/10\/dsc3275-pano.jpg","datePublished":"2023-08-04T07:37:48+00:00","dateModified":"2026-02-23T07:52:03+00:00","breadcrumb":{"@id":"https:\/\/elamusspa.ee\/toode\/tahtpaevad-seminarid-koosviibimised-spaas\/#breadcrumb"},"inLanguage":"fi","potentialAction":[{"@type":"ReadAction","target":["https:\/\/elamusspa.ee\/toode\/tahtpaevad-seminarid-koosviibimised-spaas\/"]}]},{"@type":"ImageObject","inLanguage":"fi","@id":"https:\/\/elamusspa.ee\/toode\/tahtpaevad-seminarid-koosviibimised-spaas\/#primaryimage","url":"https:\/\/elamusspa.ee\/wp-content\/uploads\/2024\/10\/dsc3275-pano.jpg","contentUrl":"https:\/\/elamusspa.ee\/wp-content\/uploads\/2024\/10\/dsc3275-pano.jpg","width":2048,"height":1495},{"@type":"BreadcrumbList","@id":"https:\/\/elamusspa.ee\/toode\/tahtpaevad-seminarid-koosviibimised-spaas\/#breadcrumb","itemListElement":[{"@type":"ListItem","position":1,"name":"Avaleht","item":"https:\/\/elamusspa.ee\/fi\/"},{"@type":"ListItem","position":2,"name":"Varaa hoito","item":"https:\/\/elamusspa.ee\/fi\/varaa-hoito\/"},{"@type":"ListItem","position":3,"name":"T\u00e4htp\u00e4evad, seminarid, koosviibimised spaas"}]},{"@type":"WebSite","@id":"https:\/\/elamusspa.ee\/#website","url":"https:\/\/elamusspa.ee\/","name":"Elamus Spa","description":"Baltikumi suurim SPA","publisher":{"@id":"https:\/\/elamusspa.ee\/#organization"},"potentialAction":[{"@type":"SearchAction","target":{"@type":"EntryPoint","urlTemplate":"https:\/\/elamusspa.ee\/?s={search_term_string}"},"query-input":{"@type":"PropertyValueSpecification","valueRequired":true,"valueName":"search_term_string"}}],"inLanguage":"fi"},{"@type":"Organization","@id":"https:\/\/elamusspa.ee\/#organization","name":"Elamuste SPA","url":"https:\/\/elamusspa.ee\/","logo":{"@type":"ImageObject","inLanguage":"fi","@id":"https:\/\/elamusspa.ee\/#\/schema\/logo\/image\/","url":"https:\/\/elamusspa.ee\/wp-content\/uploads\/2020\/11\/asset-9elamusspa.png","contentUrl":"https:\/\/elamusspa.ee\/wp-content\/uploads\/2020\/11\/asset-9elamusspa.png","width":184,"height":77,"caption":"Elamuste SPA"},"image":{"@id":"https:\/\/elamusspa.ee\/#\/schema\/logo\/image\/"}}]}},"_links":{"self":[{"href":"https:\/\/elamusspa.ee\/fi\/wp-json\/wp\/v2\/product\/49153"}],"collection":[{"href":"https:\/\/elamusspa.ee\/fi\/wp-json\/wp\/v2\/product"}],"about":[{"href":"https:\/\/elamusspa.ee\/fi\/wp-json\/wp\/v2\/types\/product"}],"wp:featuredmedia":[{"embeddable":true,"href":"https:\/\/elamusspa.ee\/fi\/wp-json\/wp\/v2\/media\/76481"}],"wp:attachment":[{"href":"https:\/\/elamusspa.ee\/fi\/wp-json\/wp\/v2\/media?parent=49153"}],"wp:term":[{"taxonomy":"product_cat","embeddable":true,"href":"https:\/\/elamusspa.ee\/fi\/wp-json\/wp\/v2\/product_cat?post=49153"},{"taxonomy":"product_tag","embeddable":true,"href":"https:\/\/elamusspa.ee\/fi\/wp-json\/wp\/v2\/product_tag?post=49153"}],"curies":[{"name":"wp","href":"https:\/\/api.w.org\/{rel}","templated":true}]}}