{"id":49166,"date":"2023-08-04T07:38:02","date_gmt":"2023-08-04T07:38:02","guid":{"rendered":"https:\/\/elamusspa.ee\/?post_type=product&#038;p=49166"},"modified":"2025-12-18T06:59:51","modified_gmt":"2025-12-18T06:59:51","slug":"sunnipaev-spaas-2","status":"publish","type":"product","link":"https:\/\/elamusspa.ee\/fi\/toode\/sunnipaev-spaas-2\/","title":{"rendered":"S\u00fcnnip\u00e4ev spaas"},"content":{"rendered":"<p><strong>Kas otsid erilist viisi, kuidas t\u00e4histada oma lapse s\u00fcnnip\u00e4eva? Tulge Elamus Spasse, et veeta meeleolukas p\u00e4ev keset troopilist kuumust ja veepritsmeid.<br \/>\nParima pakkumise saamiseks edasta oma soov e-postiaadressil: <a href=\"mailto:elamused@elamusspa.ee\">elamused@elamusspa.ee<\/a><br \/>\nLisa kirjale kindlasti:<\/strong><\/p>\n<ul>\n<li>Ees- ja perekonnanimi<\/li>\n<li>Telefon<\/li>\n<li>Kuup\u00e4ev<\/li>\n<li>Osalejate arv<\/li>\n<\/ul>\n<p><strong>Saame Teile pakkuda s\u00fcnnip\u00e4evalauda Elamus Spa lastealal 3 tunniks. Peolauale s\u00f6\u00f6gid ja joogid leiate eraldi <a href=\"https:\/\/elamusspa.ee\/wp-content\/uploads\/2025\/08\/a4_grupimenuu_est_aug2025.pdf\">men\u00fc\u00fcst<\/a>, oma s\u00f6\u00f6gid ja joogid meie spaas ei ole lubatud.<\/strong><\/p>\n<p><strong>S\u00fcnnip\u00e4eva broneerimisel kehtivad vaid \u00fcksikp\u00e4\u00e4smed. Alates 10 liikmelisest seltskonnast teeme grupisoodustuse, mille hind s\u00f5ltub n\u00e4dalap\u00e4evast:<\/strong><\/p>\n<ul>\n<li>E-R 10.00-13.00 lastele al.7 eluaastast <strong>15\u20ac<\/strong> (tavahind: 16,90\u20ac), t\u00e4iskasvanutele <strong>21\u20ac<\/strong> (tavahind:24\u20ac)<\/li>\n<li>E-R 13.00-00.00 lastele al.7 eluaastast <strong>23\u20ac<\/strong> (tavahind: 26\u20ac), t\u00e4iskasvanutele <strong>27\u20ac<\/strong> (tavahind:31\u20ac)<\/li>\n<li>\u00a0L-P 10.00-00.00 lastele al.7 eluaastast <strong>27\u20ac<\/strong> (tavahind: 31\u20ac), t\u00e4iskasvanutele <strong>32\u20ac<\/strong> (tavahind:36\u20ac)<\/li>\n<li>Lastele vanuses 2-6a on piletihind spaasse <strong>6,9\u20ac<\/strong>.<\/li>\n<li><strong>S\u00fcnnip\u00e4evalaps saab spaak\u00fclastuse tasuta.<\/strong><\/li>\n<\/ul>\n<p>Koolivaheaegadel ja riiklikel p\u00fchadel kehtib Elamus Spa p\u00e4\u00e4smetele n\u00e4dalavahetuse hinnakiri.<\/p>\n<p><strong>Vahva peo \u00f5nnestumiseks on peo seltskonnal hea teada veel:<\/strong><\/p>\n<ul>\n<li>Kogunemine spaa vastuv\u00f5ttu 15 min enne peo algust<\/li>\n<li>Spaa k\u00e4epaelad v\u00e4ljastatakse vastuv\u00f5tus k\u00f5igile korraga<\/li>\n<li>Soovi korral v\u00f5ite tordi kaasa v\u00f5tta<\/li>\n<li>Tordi peal palume kasutada tavalisi tordik\u00fc\u00fcnlaid, kuna vulkaank\u00fc\u00fcnlad v\u00f5ivad k\u00e4ivitada meie tulet\u00f5rjealarmi<\/li>\n<\/ul>\n<p><strong>S\u00f6\u00f6gid ja joogid lisanduvad juurde vastavalt Teie tellimusele. Toitlustus tuleks kinnitada ja tasuda hiljemalt 3 t\u00f6\u00f6p\u00e4eva enne \u00fcritust. Toitlustusele koostame ettemaksuarve, piletid tasutakse kohapeal vastavalt saabujate arvule.<\/strong><\/p>\n<p><strong>Lae lapse s\u00fcnnip\u00e4evale kutse alla <a href=\"https:\/\/elamusspa.ee\/wp-content\/uploads\/2024\/10\/elamus-spa-laste-sunnipaeva-kutse_a5.pdf\">siit<\/a>.<\/strong><\/p>\n","protected":false},"excerpt":{"rendered":"<p>Kas otsid erilist viisi, kuidas t\u00e4histada oma lapse s\u00fcnnip\u00e4eva? Tulge Elamus Spasse, et veeta meeleolukas p\u00e4ev keset troopilist kuumust ja veepritsmeid. Parima pakkumise saamiseks edasta oma soov e-postiaadressil: elamused@elamusspa.ee Lisa kirjale kindlasti: Ees- ja perekonnanimi Telefon Kuup\u00e4ev Osalejate arv Saame Teile pakkuda s\u00fcnnip\u00e4evalauda Elamus Spa lastealal 3 tunniks. Peolauale s\u00f6\u00f6gid ja joogid leiate eraldi men\u00fc\u00fcst, [&hellip;]<\/p>\n","protected":false},"featured_media":78781,"template":"","meta":{"_acf_changed":false},"product_cat":[23,97,183],"product_tag":[],"acf":[],"yoast_head":"<!-- This site is optimized with the Yoast SEO plugin v24.0 - https:\/\/yoast.com\/wordpress\/plugins\/seo\/ -->\n<title>S\u00fcnnip\u00e4ev spaas - Elamus Spa<\/title>\n<meta name=\"robots\" content=\"index, follow, max-snippet:-1, max-image-preview:large, max-video-preview:-1\" \/>\n<link rel=\"canonical\" href=\"https:\/\/elamusspa.ee\/toode\/sunnipaev-spaas-2\/\" \/>\n<meta property=\"og:locale\" content=\"fi_FI\" \/>\n<meta property=\"og:type\" content=\"article\" \/>\n<meta property=\"og:title\" content=\"S\u00fcnnip\u00e4ev spaas - Elamus Spa\" \/>\n<meta property=\"og:description\" content=\"Kas otsid erilist viisi, kuidas t\u00e4histada oma lapse s\u00fcnnip\u00e4eva? Tulge Elamus Spasse, et veeta meeleolukas p\u00e4ev keset troopilist kuumust ja veepritsmeid. Parima pakkumise saamiseks edasta oma soov e-postiaadressil: elamused@elamusspa.ee Lisa kirjale kindlasti: Ees- ja perekonnanimi Telefon Kuup\u00e4ev Osalejate arv Saame Teile pakkuda s\u00fcnnip\u00e4evalauda Elamus Spa lastealal 3 tunniks. Peolauale s\u00f6\u00f6gid ja joogid leiate eraldi men\u00fc\u00fcst, [&hellip;]\" \/>\n<meta property=\"og:url\" content=\"https:\/\/elamusspa.ee\/toode\/sunnipaev-spaas-2\/\" \/>\n<meta property=\"og:site_name\" content=\"Elamus Spa\" \/>\n<meta property=\"article:modified_time\" content=\"2025-12-18T06:59:51+00:00\" \/>\n<meta property=\"og:image\" content=\"https:\/\/elamusspa.ee\/wp-content\/uploads\/2021\/11\/elamus-spa-lasteala-foto-karen-harms.jpg\" \/>\n\t<meta property=\"og:image:width\" content=\"2048\" \/>\n\t<meta property=\"og:image:height\" content=\"1365\" \/>\n\t<meta property=\"og:image:type\" content=\"image\/jpeg\" \/>\n<meta name=\"twitter:card\" content=\"summary_large_image\" \/>\n<meta name=\"twitter:label1\" content=\"Arvioitu lukuaika\" \/>\n\t<meta name=\"twitter:data1\" content=\"2 minuuttia\" \/>\n<script type=\"application\/ld+json\" class=\"yoast-schema-graph\">{\"@context\":\"https:\/\/schema.org\",\"@graph\":[{\"@type\":\"WebPage\",\"@id\":\"https:\/\/elamusspa.ee\/toode\/sunnipaev-spaas-2\/\",\"url\":\"https:\/\/elamusspa.ee\/toode\/sunnipaev-spaas-2\/\",\"name\":\"S\u00fcnnip\u00e4ev spaas - Elamus Spa\",\"isPartOf\":{\"@id\":\"https:\/\/elamusspa.ee\/#website\"},\"primaryImageOfPage\":{\"@id\":\"https:\/\/elamusspa.ee\/toode\/sunnipaev-spaas-2\/#primaryimage\"},\"image\":{\"@id\":\"https:\/\/elamusspa.ee\/toode\/sunnipaev-spaas-2\/#primaryimage\"},\"thumbnailUrl\":\"https:\/\/elamusspa.ee\/wp-content\/uploads\/2021\/11\/elamus-spa-lasteala-foto-karen-harms.jpg\",\"datePublished\":\"2023-08-04T07:38:02+00:00\",\"dateModified\":\"2025-12-18T06:59:51+00:00\",\"breadcrumb\":{\"@id\":\"https:\/\/elamusspa.ee\/toode\/sunnipaev-spaas-2\/#breadcrumb\"},\"inLanguage\":\"fi\",\"potentialAction\":[{\"@type\":\"ReadAction\",\"target\":[\"https:\/\/elamusspa.ee\/toode\/sunnipaev-spaas-2\/\"]}]},{\"@type\":\"ImageObject\",\"inLanguage\":\"fi\",\"@id\":\"https:\/\/elamusspa.ee\/toode\/sunnipaev-spaas-2\/#primaryimage\",\"url\":\"https:\/\/elamusspa.ee\/wp-content\/uploads\/2021\/11\/elamus-spa-lasteala-foto-karen-harms.jpg\",\"contentUrl\":\"https:\/\/elamusspa.ee\/wp-content\/uploads\/2021\/11\/elamus-spa-lasteala-foto-karen-harms.jpg\",\"width\":2048,\"height\":1365,\"caption\":\"Foto: Karen H\u00e4rms\"},{\"@type\":\"BreadcrumbList\",\"@id\":\"https:\/\/elamusspa.ee\/toode\/sunnipaev-spaas-2\/#breadcrumb\",\"itemListElement\":[{\"@type\":\"ListItem\",\"position\":1,\"name\":\"Avaleht\",\"item\":\"https:\/\/elamusspa.ee\/fi\/\"},{\"@type\":\"ListItem\",\"position\":2,\"name\":\"Varaa hoito\",\"item\":\"https:\/\/elamusspa.ee\/fi\/varaa-hoito\/\"},{\"@type\":\"ListItem\",\"position\":3,\"name\":\"S\u00fcnnip\u00e4ev spaas\"}]},{\"@type\":\"WebSite\",\"@id\":\"https:\/\/elamusspa.ee\/#website\",\"url\":\"https:\/\/elamusspa.ee\/\",\"name\":\"Elamus Spa\",\"description\":\"Baltikumi suurim SPA\",\"publisher\":{\"@id\":\"https:\/\/elamusspa.ee\/#organization\"},\"potentialAction\":[{\"@type\":\"SearchAction\",\"target\":{\"@type\":\"EntryPoint\",\"urlTemplate\":\"https:\/\/elamusspa.ee\/?s={search_term_string}\"},\"query-input\":{\"@type\":\"PropertyValueSpecification\",\"valueRequired\":true,\"valueName\":\"search_term_string\"}}],\"inLanguage\":\"fi\"},{\"@type\":\"Organization\",\"@id\":\"https:\/\/elamusspa.ee\/#organization\",\"name\":\"Elamuste SPA\",\"url\":\"https:\/\/elamusspa.ee\/\",\"logo\":{\"@type\":\"ImageObject\",\"inLanguage\":\"fi\",\"@id\":\"https:\/\/elamusspa.ee\/#\/schema\/logo\/image\/\",\"url\":\"https:\/\/elamusspa.ee\/wp-content\/uploads\/2020\/11\/asset-9elamusspa.png\",\"contentUrl\":\"https:\/\/elamusspa.ee\/wp-content\/uploads\/2020\/11\/asset-9elamusspa.png\",\"width\":184,\"height\":77,\"caption\":\"Elamuste SPA\"},\"image\":{\"@id\":\"https:\/\/elamusspa.ee\/#\/schema\/logo\/image\/\"}}]}<\/script>\n<!-- \/ Yoast SEO plugin. -->","yoast_head_json":{"title":"S\u00fcnnip\u00e4ev spaas - Elamus Spa","robots":{"index":"index","follow":"follow","max-snippet":"max-snippet:-1","max-image-preview":"max-image-preview:large","max-video-preview":"max-video-preview:-1"},"canonical":"https:\/\/elamusspa.ee\/toode\/sunnipaev-spaas-2\/","og_locale":"fi_FI","og_type":"article","og_title":"S\u00fcnnip\u00e4ev spaas - Elamus Spa","og_description":"Kas otsid erilist viisi, kuidas t\u00e4histada oma lapse s\u00fcnnip\u00e4eva? Tulge Elamus Spasse, et veeta meeleolukas p\u00e4ev keset troopilist kuumust ja veepritsmeid. Parima pakkumise saamiseks edasta oma soov e-postiaadressil: elamused@elamusspa.ee Lisa kirjale kindlasti: Ees- ja perekonnanimi Telefon Kuup\u00e4ev Osalejate arv Saame Teile pakkuda s\u00fcnnip\u00e4evalauda Elamus Spa lastealal 3 tunniks. Peolauale s\u00f6\u00f6gid ja joogid leiate eraldi men\u00fc\u00fcst, [&hellip;]","og_url":"https:\/\/elamusspa.ee\/toode\/sunnipaev-spaas-2\/","og_site_name":"Elamus Spa","article_modified_time":"2025-12-18T06:59:51+00:00","og_image":[{"width":2048,"height":1365,"url":"https:\/\/elamusspa.ee\/wp-content\/uploads\/2021\/11\/elamus-spa-lasteala-foto-karen-harms.jpg","type":"image\/jpeg"}],"twitter_card":"summary_large_image","twitter_misc":{"Arvioitu lukuaika":"2 minuuttia"},"schema":{"@context":"https:\/\/schema.org","@graph":[{"@type":"WebPage","@id":"https:\/\/elamusspa.ee\/toode\/sunnipaev-spaas-2\/","url":"https:\/\/elamusspa.ee\/toode\/sunnipaev-spaas-2\/","name":"S\u00fcnnip\u00e4ev spaas - Elamus Spa","isPartOf":{"@id":"https:\/\/elamusspa.ee\/#website"},"primaryImageOfPage":{"@id":"https:\/\/elamusspa.ee\/toode\/sunnipaev-spaas-2\/#primaryimage"},"image":{"@id":"https:\/\/elamusspa.ee\/toode\/sunnipaev-spaas-2\/#primaryimage"},"thumbnailUrl":"https:\/\/elamusspa.ee\/wp-content\/uploads\/2021\/11\/elamus-spa-lasteala-foto-karen-harms.jpg","datePublished":"2023-08-04T07:38:02+00:00","dateModified":"2025-12-18T06:59:51+00:00","breadcrumb":{"@id":"https:\/\/elamusspa.ee\/toode\/sunnipaev-spaas-2\/#breadcrumb"},"inLanguage":"fi","potentialAction":[{"@type":"ReadAction","target":["https:\/\/elamusspa.ee\/toode\/sunnipaev-spaas-2\/"]}]},{"@type":"ImageObject","inLanguage":"fi","@id":"https:\/\/elamusspa.ee\/toode\/sunnipaev-spaas-2\/#primaryimage","url":"https:\/\/elamusspa.ee\/wp-content\/uploads\/2021\/11\/elamus-spa-lasteala-foto-karen-harms.jpg","contentUrl":"https:\/\/elamusspa.ee\/wp-content\/uploads\/2021\/11\/elamus-spa-lasteala-foto-karen-harms.jpg","width":2048,"height":1365,"caption":"Foto: Karen H\u00e4rms"},{"@type":"BreadcrumbList","@id":"https:\/\/elamusspa.ee\/toode\/sunnipaev-spaas-2\/#breadcrumb","itemListElement":[{"@type":"ListItem","position":1,"name":"Avaleht","item":"https:\/\/elamusspa.ee\/fi\/"},{"@type":"ListItem","position":2,"name":"Varaa hoito","item":"https:\/\/elamusspa.ee\/fi\/varaa-hoito\/"},{"@type":"ListItem","position":3,"name":"S\u00fcnnip\u00e4ev spaas"}]},{"@type":"WebSite","@id":"https:\/\/elamusspa.ee\/#website","url":"https:\/\/elamusspa.ee\/","name":"Elamus Spa","description":"Baltikumi suurim SPA","publisher":{"@id":"https:\/\/elamusspa.ee\/#organization"},"potentialAction":[{"@type":"SearchAction","target":{"@type":"EntryPoint","urlTemplate":"https:\/\/elamusspa.ee\/?s={search_term_string}"},"query-input":{"@type":"PropertyValueSpecification","valueRequired":true,"valueName":"search_term_string"}}],"inLanguage":"fi"},{"@type":"Organization","@id":"https:\/\/elamusspa.ee\/#organization","name":"Elamuste SPA","url":"https:\/\/elamusspa.ee\/","logo":{"@type":"ImageObject","inLanguage":"fi","@id":"https:\/\/elamusspa.ee\/#\/schema\/logo\/image\/","url":"https:\/\/elamusspa.ee\/wp-content\/uploads\/2020\/11\/asset-9elamusspa.png","contentUrl":"https:\/\/elamusspa.ee\/wp-content\/uploads\/2020\/11\/asset-9elamusspa.png","width":184,"height":77,"caption":"Elamuste SPA"},"image":{"@id":"https:\/\/elamusspa.ee\/#\/schema\/logo\/image\/"}}]}},"_links":{"self":[{"href":"https:\/\/elamusspa.ee\/fi\/wp-json\/wp\/v2\/product\/49166"}],"collection":[{"href":"https:\/\/elamusspa.ee\/fi\/wp-json\/wp\/v2\/product"}],"about":[{"href":"https:\/\/elamusspa.ee\/fi\/wp-json\/wp\/v2\/types\/product"}],"wp:featuredmedia":[{"embeddable":true,"href":"https:\/\/elamusspa.ee\/fi\/wp-json\/wp\/v2\/media\/78781"}],"wp:attachment":[{"href":"https:\/\/elamusspa.ee\/fi\/wp-json\/wp\/v2\/media?parent=49166"}],"wp:term":[{"taxonomy":"product_cat","embeddable":true,"href":"https:\/\/elamusspa.ee\/fi\/wp-json\/wp\/v2\/product_cat?post=49166"},{"taxonomy":"product_tag","embeddable":true,"href":"https:\/\/elamusspa.ee\/fi\/wp-json\/wp\/v2\/product_tag?post=49166"}],"curies":[{"name":"wp","href":"https:\/\/api.w.org\/{rel}","templated":true}]}}