{"id":67052,"date":"2024-04-26T10:00:45","date_gmt":"2024-04-26T10:00:45","guid":{"rendered":"https:\/\/elamusspa.ee\/?post_type=product&#038;p=67052"},"modified":"2024-04-27T13:45:09","modified_gmt":"2024-04-27T13:45:09","slug":"yksityinen-vihellyksen-ja-loyly-rituaali","status":"publish","type":"product","link":"https:\/\/elamusspa.ee\/fi\/artikkeli\/yksityinen-vihellyksen-ja-loyly-rituaali\/","title":{"rendered":"Yksityinen vihellyksen ja l\u00f6yly rituaali"},"content":{"rendered":"<p>Kuuma sauna ja vihtominen ovat olleet virolaisille ominaisia esi-isiemme ajoista l\u00e4htien. Sauna parantaa mielt\u00e4, rentouttaa lihaksia, v\u00e4hent\u00e4\u00e4 luu- ja nivelkipuja sek\u00e4 aktivoi aineenvaihduntaa. L\u00f6yly\u00e4 heitt\u00e4m\u00e4ll\u00e4 ja hikoilemalla keho vapautuu myrkkyist\u00e4 ja paino laskee. Makea uni on taattu.<\/p>\n<p>1-15 henkil\u00f6\u00e4<br \/>\nEi sis\u00e4ll\u00e4 kylpyl\u00e4lippua<\/p>\n","protected":false},"excerpt":{"rendered":"<p>Kuuma sauna ja vihtominen ovat olleet virolaisille ominaisia esi-isiemme ajoista l\u00e4htien. Sauna parantaa mielt\u00e4, rentouttaa lihaksia, v\u00e4hent\u00e4\u00e4 luu- ja nivelkipuja sek\u00e4 aktivoi aineenvaihduntaa. L\u00f6yly\u00e4 heitt\u00e4m\u00e4ll\u00e4 ja hikoilemalla keho vapautuu myrkkyist\u00e4 ja paino laskee. Makea uni on taattu. 1-15 henkil\u00f6\u00e4 Ei sis\u00e4ll\u00e4 kylpyl\u00e4lippua<\/p>\n","protected":false},"featured_media":67045,"template":"","meta":{"_acf_changed":false},"product_cat":[194],"product_tag":[],"acf":[],"yoast_head":"<!-- This site is optimized with the Yoast SEO plugin v24.0 - https:\/\/yoast.com\/wordpress\/plugins\/seo\/ -->\n<title>Yksityinen vihellyksen ja l\u00f6yly rituaali - Elamus Spa<\/title>\n<meta name=\"robots\" content=\"index, follow, max-snippet:-1, max-image-preview:large, max-video-preview:-1\" \/>\n<link rel=\"canonical\" href=\"https:\/\/elamusspa.ee\/fi\/artikkeli\/yksityinen-vihellyksen-ja-loyly-rituaali\/\" \/>\n<meta property=\"og:locale\" content=\"fi_FI\" \/>\n<meta property=\"og:type\" content=\"article\" \/>\n<meta property=\"og:title\" content=\"Yksityinen vihellyksen ja l\u00f6yly rituaali - Elamus Spa\" \/>\n<meta property=\"og:description\" content=\"Kuuma sauna ja vihtominen ovat olleet virolaisille ominaisia esi-isiemme ajoista l\u00e4htien. Sauna parantaa mielt\u00e4, rentouttaa lihaksia, v\u00e4hent\u00e4\u00e4 luu- ja nivelkipuja sek\u00e4 aktivoi aineenvaihduntaa. L\u00f6yly\u00e4 heitt\u00e4m\u00e4ll\u00e4 ja hikoilemalla keho vapautuu myrkkyist\u00e4 ja paino laskee. Makea uni on taattu. 1-15 henkil\u00f6\u00e4 Ei sis\u00e4ll\u00e4 kylpyl\u00e4lippua\" \/>\n<meta property=\"og:url\" content=\"https:\/\/elamusspa.ee\/fi\/artikkeli\/yksityinen-vihellyksen-ja-loyly-rituaali\/\" \/>\n<meta property=\"og:site_name\" content=\"Elamus Spa\" \/>\n<meta property=\"article:modified_time\" content=\"2024-04-27T13:45:09+00:00\" \/>\n<meta property=\"og:image\" content=\"https:\/\/elamusspa.ee\/wp-content\/uploads\/2024\/04\/elamus-spa_leil-by-karen-harms.jpg\" \/>\n\t<meta property=\"og:image:width\" content=\"2557\" \/>\n\t<meta property=\"og:image:height\" content=\"1705\" \/>\n\t<meta property=\"og:image:type\" content=\"image\/jpeg\" \/>\n<meta name=\"twitter:card\" content=\"summary_large_image\" \/>\n<meta name=\"twitter:label1\" content=\"Arvioitu lukuaika\" \/>\n\t<meta name=\"twitter:data1\" content=\"1 minuutti\" \/>\n<script type=\"application\/ld+json\" class=\"yoast-schema-graph\">{\"@context\":\"https:\/\/schema.org\",\"@graph\":[{\"@type\":\"WebPage\",\"@id\":\"https:\/\/elamusspa.ee\/fi\/artikkeli\/yksityinen-vihellyksen-ja-loyly-rituaali\/\",\"url\":\"https:\/\/elamusspa.ee\/fi\/artikkeli\/yksityinen-vihellyksen-ja-loyly-rituaali\/\",\"name\":\"Yksityinen vihellyksen ja l\u00f6yly rituaali - Elamus Spa\",\"isPartOf\":{\"@id\":\"https:\/\/elamusspa.ee\/#website\"},\"primaryImageOfPage\":{\"@id\":\"https:\/\/elamusspa.ee\/fi\/artikkeli\/yksityinen-vihellyksen-ja-loyly-rituaali\/#primaryimage\"},\"image\":{\"@id\":\"https:\/\/elamusspa.ee\/fi\/artikkeli\/yksityinen-vihellyksen-ja-loyly-rituaali\/#primaryimage\"},\"thumbnailUrl\":\"https:\/\/elamusspa.ee\/wp-content\/uploads\/2024\/04\/elamus-spa_leil-by-karen-harms.jpg\",\"datePublished\":\"2024-04-26T10:00:45+00:00\",\"dateModified\":\"2024-04-27T13:45:09+00:00\",\"breadcrumb\":{\"@id\":\"https:\/\/elamusspa.ee\/fi\/artikkeli\/yksityinen-vihellyksen-ja-loyly-rituaali\/#breadcrumb\"},\"inLanguage\":\"fi\",\"potentialAction\":[{\"@type\":\"ReadAction\",\"target\":[\"https:\/\/elamusspa.ee\/fi\/artikkeli\/yksityinen-vihellyksen-ja-loyly-rituaali\/\"]}]},{\"@type\":\"ImageObject\",\"inLanguage\":\"fi\",\"@id\":\"https:\/\/elamusspa.ee\/fi\/artikkeli\/yksityinen-vihellyksen-ja-loyly-rituaali\/#primaryimage\",\"url\":\"https:\/\/elamusspa.ee\/wp-content\/uploads\/2024\/04\/elamus-spa_leil-by-karen-harms.jpg\",\"contentUrl\":\"https:\/\/elamusspa.ee\/wp-content\/uploads\/2024\/04\/elamus-spa_leil-by-karen-harms.jpg\",\"width\":2557,\"height\":1705},{\"@type\":\"BreadcrumbList\",\"@id\":\"https:\/\/elamusspa.ee\/fi\/artikkeli\/yksityinen-vihellyksen-ja-loyly-rituaali\/#breadcrumb\",\"itemListElement\":[{\"@type\":\"ListItem\",\"position\":1,\"name\":\"Avaleht\",\"item\":\"https:\/\/elamusspa.ee\/fi\/\"},{\"@type\":\"ListItem\",\"position\":2,\"name\":\"Varaa hoito\",\"item\":\"https:\/\/elamusspa.ee\/fi\/varaa-hoito\/\"},{\"@type\":\"ListItem\",\"position\":3,\"name\":\"Yksityinen vihellyksen ja l\u00f6yly rituaali\"}]},{\"@type\":\"WebSite\",\"@id\":\"https:\/\/elamusspa.ee\/#website\",\"url\":\"https:\/\/elamusspa.ee\/\",\"name\":\"Elamus Spa\",\"description\":\"Baltikumi suurim SPA\",\"publisher\":{\"@id\":\"https:\/\/elamusspa.ee\/#organization\"},\"potentialAction\":[{\"@type\":\"SearchAction\",\"target\":{\"@type\":\"EntryPoint\",\"urlTemplate\":\"https:\/\/elamusspa.ee\/?s={search_term_string}\"},\"query-input\":{\"@type\":\"PropertyValueSpecification\",\"valueRequired\":true,\"valueName\":\"search_term_string\"}}],\"inLanguage\":\"fi\"},{\"@type\":\"Organization\",\"@id\":\"https:\/\/elamusspa.ee\/#organization\",\"name\":\"Elamuste SPA\",\"url\":\"https:\/\/elamusspa.ee\/\",\"logo\":{\"@type\":\"ImageObject\",\"inLanguage\":\"fi\",\"@id\":\"https:\/\/elamusspa.ee\/#\/schema\/logo\/image\/\",\"url\":\"https:\/\/elamusspa.ee\/wp-content\/uploads\/2020\/11\/asset-9elamusspa.png\",\"contentUrl\":\"https:\/\/elamusspa.ee\/wp-content\/uploads\/2020\/11\/asset-9elamusspa.png\",\"width\":184,\"height\":77,\"caption\":\"Elamuste SPA\"},\"image\":{\"@id\":\"https:\/\/elamusspa.ee\/#\/schema\/logo\/image\/\"}}]}<\/script>\n<!-- \/ Yoast SEO plugin. -->","yoast_head_json":{"title":"Yksityinen vihellyksen ja l\u00f6yly rituaali - Elamus Spa","robots":{"index":"index","follow":"follow","max-snippet":"max-snippet:-1","max-image-preview":"max-image-preview:large","max-video-preview":"max-video-preview:-1"},"canonical":"https:\/\/elamusspa.ee\/fi\/artikkeli\/yksityinen-vihellyksen-ja-loyly-rituaali\/","og_locale":"fi_FI","og_type":"article","og_title":"Yksityinen vihellyksen ja l\u00f6yly rituaali - Elamus Spa","og_description":"Kuuma sauna ja vihtominen ovat olleet virolaisille ominaisia esi-isiemme ajoista l\u00e4htien. Sauna parantaa mielt\u00e4, rentouttaa lihaksia, v\u00e4hent\u00e4\u00e4 luu- ja nivelkipuja sek\u00e4 aktivoi aineenvaihduntaa. L\u00f6yly\u00e4 heitt\u00e4m\u00e4ll\u00e4 ja hikoilemalla keho vapautuu myrkkyist\u00e4 ja paino laskee. Makea uni on taattu. 1-15 henkil\u00f6\u00e4 Ei sis\u00e4ll\u00e4 kylpyl\u00e4lippua","og_url":"https:\/\/elamusspa.ee\/fi\/artikkeli\/yksityinen-vihellyksen-ja-loyly-rituaali\/","og_site_name":"Elamus Spa","article_modified_time":"2024-04-27T13:45:09+00:00","og_image":[{"width":2557,"height":1705,"url":"https:\/\/elamusspa.ee\/wp-content\/uploads\/2024\/04\/elamus-spa_leil-by-karen-harms.jpg","type":"image\/jpeg"}],"twitter_card":"summary_large_image","twitter_misc":{"Arvioitu lukuaika":"1 minuutti"},"schema":{"@context":"https:\/\/schema.org","@graph":[{"@type":"WebPage","@id":"https:\/\/elamusspa.ee\/fi\/artikkeli\/yksityinen-vihellyksen-ja-loyly-rituaali\/","url":"https:\/\/elamusspa.ee\/fi\/artikkeli\/yksityinen-vihellyksen-ja-loyly-rituaali\/","name":"Yksityinen vihellyksen ja l\u00f6yly rituaali - Elamus Spa","isPartOf":{"@id":"https:\/\/elamusspa.ee\/#website"},"primaryImageOfPage":{"@id":"https:\/\/elamusspa.ee\/fi\/artikkeli\/yksityinen-vihellyksen-ja-loyly-rituaali\/#primaryimage"},"image":{"@id":"https:\/\/elamusspa.ee\/fi\/artikkeli\/yksityinen-vihellyksen-ja-loyly-rituaali\/#primaryimage"},"thumbnailUrl":"https:\/\/elamusspa.ee\/wp-content\/uploads\/2024\/04\/elamus-spa_leil-by-karen-harms.jpg","datePublished":"2024-04-26T10:00:45+00:00","dateModified":"2024-04-27T13:45:09+00:00","breadcrumb":{"@id":"https:\/\/elamusspa.ee\/fi\/artikkeli\/yksityinen-vihellyksen-ja-loyly-rituaali\/#breadcrumb"},"inLanguage":"fi","potentialAction":[{"@type":"ReadAction","target":["https:\/\/elamusspa.ee\/fi\/artikkeli\/yksityinen-vihellyksen-ja-loyly-rituaali\/"]}]},{"@type":"ImageObject","inLanguage":"fi","@id":"https:\/\/elamusspa.ee\/fi\/artikkeli\/yksityinen-vihellyksen-ja-loyly-rituaali\/#primaryimage","url":"https:\/\/elamusspa.ee\/wp-content\/uploads\/2024\/04\/elamus-spa_leil-by-karen-harms.jpg","contentUrl":"https:\/\/elamusspa.ee\/wp-content\/uploads\/2024\/04\/elamus-spa_leil-by-karen-harms.jpg","width":2557,"height":1705},{"@type":"BreadcrumbList","@id":"https:\/\/elamusspa.ee\/fi\/artikkeli\/yksityinen-vihellyksen-ja-loyly-rituaali\/#breadcrumb","itemListElement":[{"@type":"ListItem","position":1,"name":"Avaleht","item":"https:\/\/elamusspa.ee\/fi\/"},{"@type":"ListItem","position":2,"name":"Varaa hoito","item":"https:\/\/elamusspa.ee\/fi\/varaa-hoito\/"},{"@type":"ListItem","position":3,"name":"Yksityinen vihellyksen ja l\u00f6yly rituaali"}]},{"@type":"WebSite","@id":"https:\/\/elamusspa.ee\/#website","url":"https:\/\/elamusspa.ee\/","name":"Elamus Spa","description":"Baltikumi suurim SPA","publisher":{"@id":"https:\/\/elamusspa.ee\/#organization"},"potentialAction":[{"@type":"SearchAction","target":{"@type":"EntryPoint","urlTemplate":"https:\/\/elamusspa.ee\/?s={search_term_string}"},"query-input":{"@type":"PropertyValueSpecification","valueRequired":true,"valueName":"search_term_string"}}],"inLanguage":"fi"},{"@type":"Organization","@id":"https:\/\/elamusspa.ee\/#organization","name":"Elamuste SPA","url":"https:\/\/elamusspa.ee\/","logo":{"@type":"ImageObject","inLanguage":"fi","@id":"https:\/\/elamusspa.ee\/#\/schema\/logo\/image\/","url":"https:\/\/elamusspa.ee\/wp-content\/uploads\/2020\/11\/asset-9elamusspa.png","contentUrl":"https:\/\/elamusspa.ee\/wp-content\/uploads\/2020\/11\/asset-9elamusspa.png","width":184,"height":77,"caption":"Elamuste SPA"},"image":{"@id":"https:\/\/elamusspa.ee\/#\/schema\/logo\/image\/"}}]}},"_links":{"self":[{"href":"https:\/\/elamusspa.ee\/fi\/wp-json\/wp\/v2\/product\/67052"}],"collection":[{"href":"https:\/\/elamusspa.ee\/fi\/wp-json\/wp\/v2\/product"}],"about":[{"href":"https:\/\/elamusspa.ee\/fi\/wp-json\/wp\/v2\/types\/product"}],"wp:featuredmedia":[{"embeddable":true,"href":"https:\/\/elamusspa.ee\/fi\/wp-json\/wp\/v2\/media\/67045"}],"wp:attachment":[{"href":"https:\/\/elamusspa.ee\/fi\/wp-json\/wp\/v2\/media?parent=67052"}],"wp:term":[{"taxonomy":"product_cat","embeddable":true,"href":"https:\/\/elamusspa.ee\/fi\/wp-json\/wp\/v2\/product_cat?post=67052"},{"taxonomy":"product_tag","embeddable":true,"href":"https:\/\/elamusspa.ee\/fi\/wp-json\/wp\/v2\/product_tag?post=67052"}],"curies":[{"name":"wp","href":"https:\/\/api.w.org\/{rel}","templated":true}]}}