{"id":67054,"date":"2024-04-27T13:20:23","date_gmt":"2024-04-27T13:46:45","guid":{"rendered":"https:\/\/elamusspa.ee\/?post_type=product&#038;p=67054"},"modified":"2024-04-27T13:46:45","modified_gmt":"2024-04-27T13:46:45","slug":"private-aanirituaali","status":"publish","type":"product","link":"https:\/\/elamusspa.ee\/fi\/artikkeli\/private-aanirituaali\/","title":{"rendered":"Private \u00e4\u00e4nirituaali"},"content":{"rendered":"<p>Musiikki luo tunnelmaa. \u00c4\u00e4nirituaalin aikana k\u00e4yt\u00e4mme erilaisia soittimia rauhoittamaan mielt\u00e4 ja unohtamaan huolet.<\/p>\n<p>1-15 henkil\u00f6\u00e4<br \/>\nEi sis\u00e4ll\u00e4 kylpyl\u00e4lippua<\/p>\n","protected":false},"excerpt":{"rendered":"<p>Musiikki luo tunnelmaa. \u00c4\u00e4nirituaalin aikana k\u00e4yt\u00e4mme erilaisia soittimia rauhoittamaan mielt\u00e4 ja unohtamaan huolet. 1-15 henkil\u00f6\u00e4 Ei sis\u00e4ll\u00e4 kylpyl\u00e4lippua<\/p>\n","protected":false},"featured_media":67041,"template":"","meta":{"_acf_changed":false},"product_cat":[194],"product_tag":[],"acf":[],"yoast_head":"<!-- This site is optimized with the Yoast SEO plugin v24.0 - https:\/\/yoast.com\/wordpress\/plugins\/seo\/ -->\n<title>Private \u00e4\u00e4nirituaali - Elamus Spa<\/title>\n<meta name=\"robots\" content=\"index, follow, max-snippet:-1, max-image-preview:large, max-video-preview:-1\" \/>\n<link rel=\"canonical\" href=\"https:\/\/elamusspa.ee\/fi\/artikkeli\/private-aanirituaali\/\" \/>\n<meta property=\"og:locale\" content=\"fi_FI\" \/>\n<meta property=\"og:type\" content=\"article\" \/>\n<meta property=\"og:title\" content=\"Private \u00e4\u00e4nirituaali - Elamus Spa\" \/>\n<meta property=\"og:description\" content=\"Musiikki luo tunnelmaa. \u00c4\u00e4nirituaalin aikana k\u00e4yt\u00e4mme erilaisia soittimia rauhoittamaan mielt\u00e4 ja unohtamaan huolet. 1-15 henkil\u00f6\u00e4 Ei sis\u00e4ll\u00e4 kylpyl\u00e4lippua\" \/>\n<meta property=\"og:url\" content=\"https:\/\/elamusspa.ee\/fi\/artikkeli\/private-aanirituaali\/\" \/>\n<meta property=\"og:site_name\" content=\"Elamus Spa\" \/>\n<meta property=\"og:image\" content=\"https:\/\/elamusspa.ee\/wp-content\/uploads\/2024\/04\/elamus-spa_helirituaal_1-by-karen-harms.jpg\" \/>\n\t<meta property=\"og:image:width\" content=\"2625\" \/>\n\t<meta property=\"og:image:height\" content=\"1750\" \/>\n\t<meta property=\"og:image:type\" content=\"image\/jpeg\" \/>\n<meta name=\"twitter:card\" content=\"summary_large_image\" \/>\n<meta name=\"twitter:label1\" content=\"Arvioitu lukuaika\" \/>\n\t<meta name=\"twitter:data1\" content=\"1 minuutti\" \/>\n<script type=\"application\/ld+json\" class=\"yoast-schema-graph\">{\"@context\":\"https:\/\/schema.org\",\"@graph\":[{\"@type\":\"WebPage\",\"@id\":\"https:\/\/elamusspa.ee\/fi\/artikkeli\/private-aanirituaali\/\",\"url\":\"https:\/\/elamusspa.ee\/fi\/artikkeli\/private-aanirituaali\/\",\"name\":\"Private \u00e4\u00e4nirituaali - Elamus Spa\",\"isPartOf\":{\"@id\":\"https:\/\/elamusspa.ee\/#website\"},\"primaryImageOfPage\":{\"@id\":\"https:\/\/elamusspa.ee\/fi\/artikkeli\/private-aanirituaali\/#primaryimage\"},\"image\":{\"@id\":\"https:\/\/elamusspa.ee\/fi\/artikkeli\/private-aanirituaali\/#primaryimage\"},\"thumbnailUrl\":\"https:\/\/elamusspa.ee\/wp-content\/uploads\/2024\/04\/elamus-spa_helirituaal_1-by-karen-harms.jpg\",\"datePublished\":\"2024-04-27T13:46:45+00:00\",\"dateModified\":\"2024-04-27T13:46:45+00:00\",\"breadcrumb\":{\"@id\":\"https:\/\/elamusspa.ee\/fi\/artikkeli\/private-aanirituaali\/#breadcrumb\"},\"inLanguage\":\"fi\",\"potentialAction\":[{\"@type\":\"ReadAction\",\"target\":[\"https:\/\/elamusspa.ee\/fi\/artikkeli\/private-aanirituaali\/\"]}]},{\"@type\":\"ImageObject\",\"inLanguage\":\"fi\",\"@id\":\"https:\/\/elamusspa.ee\/fi\/artikkeli\/private-aanirituaali\/#primaryimage\",\"url\":\"https:\/\/elamusspa.ee\/wp-content\/uploads\/2024\/04\/elamus-spa_helirituaal_1-by-karen-harms.jpg\",\"contentUrl\":\"https:\/\/elamusspa.ee\/wp-content\/uploads\/2024\/04\/elamus-spa_helirituaal_1-by-karen-harms.jpg\",\"width\":2625,\"height\":1750},{\"@type\":\"BreadcrumbList\",\"@id\":\"https:\/\/elamusspa.ee\/fi\/artikkeli\/private-aanirituaali\/#breadcrumb\",\"itemListElement\":[{\"@type\":\"ListItem\",\"position\":1,\"name\":\"Avaleht\",\"item\":\"https:\/\/elamusspa.ee\/fi\/\"},{\"@type\":\"ListItem\",\"position\":2,\"name\":\"Varaa hoito\",\"item\":\"https:\/\/elamusspa.ee\/fi\/varaa-hoito\/\"},{\"@type\":\"ListItem\",\"position\":3,\"name\":\"Private \u00e4\u00e4nirituaali\"}]},{\"@type\":\"WebSite\",\"@id\":\"https:\/\/elamusspa.ee\/#website\",\"url\":\"https:\/\/elamusspa.ee\/\",\"name\":\"Elamus Spa\",\"description\":\"Baltikumi suurim SPA\",\"publisher\":{\"@id\":\"https:\/\/elamusspa.ee\/#organization\"},\"potentialAction\":[{\"@type\":\"SearchAction\",\"target\":{\"@type\":\"EntryPoint\",\"urlTemplate\":\"https:\/\/elamusspa.ee\/?s={search_term_string}\"},\"query-input\":{\"@type\":\"PropertyValueSpecification\",\"valueRequired\":true,\"valueName\":\"search_term_string\"}}],\"inLanguage\":\"fi\"},{\"@type\":\"Organization\",\"@id\":\"https:\/\/elamusspa.ee\/#organization\",\"name\":\"Elamuste SPA\",\"url\":\"https:\/\/elamusspa.ee\/\",\"logo\":{\"@type\":\"ImageObject\",\"inLanguage\":\"fi\",\"@id\":\"https:\/\/elamusspa.ee\/#\/schema\/logo\/image\/\",\"url\":\"https:\/\/elamusspa.ee\/wp-content\/uploads\/2020\/11\/asset-9elamusspa.png\",\"contentUrl\":\"https:\/\/elamusspa.ee\/wp-content\/uploads\/2020\/11\/asset-9elamusspa.png\",\"width\":184,\"height\":77,\"caption\":\"Elamuste SPA\"},\"image\":{\"@id\":\"https:\/\/elamusspa.ee\/#\/schema\/logo\/image\/\"}}]}<\/script>\n<!-- \/ Yoast SEO plugin. -->","yoast_head_json":{"title":"Private \u00e4\u00e4nirituaali - Elamus Spa","robots":{"index":"index","follow":"follow","max-snippet":"max-snippet:-1","max-image-preview":"max-image-preview:large","max-video-preview":"max-video-preview:-1"},"canonical":"https:\/\/elamusspa.ee\/fi\/artikkeli\/private-aanirituaali\/","og_locale":"fi_FI","og_type":"article","og_title":"Private \u00e4\u00e4nirituaali - Elamus Spa","og_description":"Musiikki luo tunnelmaa. \u00c4\u00e4nirituaalin aikana k\u00e4yt\u00e4mme erilaisia soittimia rauhoittamaan mielt\u00e4 ja unohtamaan huolet. 1-15 henkil\u00f6\u00e4 Ei sis\u00e4ll\u00e4 kylpyl\u00e4lippua","og_url":"https:\/\/elamusspa.ee\/fi\/artikkeli\/private-aanirituaali\/","og_site_name":"Elamus Spa","og_image":[{"width":2625,"height":1750,"url":"https:\/\/elamusspa.ee\/wp-content\/uploads\/2024\/04\/elamus-spa_helirituaal_1-by-karen-harms.jpg","type":"image\/jpeg"}],"twitter_card":"summary_large_image","twitter_misc":{"Arvioitu lukuaika":"1 minuutti"},"schema":{"@context":"https:\/\/schema.org","@graph":[{"@type":"WebPage","@id":"https:\/\/elamusspa.ee\/fi\/artikkeli\/private-aanirituaali\/","url":"https:\/\/elamusspa.ee\/fi\/artikkeli\/private-aanirituaali\/","name":"Private \u00e4\u00e4nirituaali - Elamus Spa","isPartOf":{"@id":"https:\/\/elamusspa.ee\/#website"},"primaryImageOfPage":{"@id":"https:\/\/elamusspa.ee\/fi\/artikkeli\/private-aanirituaali\/#primaryimage"},"image":{"@id":"https:\/\/elamusspa.ee\/fi\/artikkeli\/private-aanirituaali\/#primaryimage"},"thumbnailUrl":"https:\/\/elamusspa.ee\/wp-content\/uploads\/2024\/04\/elamus-spa_helirituaal_1-by-karen-harms.jpg","datePublished":"2024-04-27T13:46:45+00:00","dateModified":"2024-04-27T13:46:45+00:00","breadcrumb":{"@id":"https:\/\/elamusspa.ee\/fi\/artikkeli\/private-aanirituaali\/#breadcrumb"},"inLanguage":"fi","potentialAction":[{"@type":"ReadAction","target":["https:\/\/elamusspa.ee\/fi\/artikkeli\/private-aanirituaali\/"]}]},{"@type":"ImageObject","inLanguage":"fi","@id":"https:\/\/elamusspa.ee\/fi\/artikkeli\/private-aanirituaali\/#primaryimage","url":"https:\/\/elamusspa.ee\/wp-content\/uploads\/2024\/04\/elamus-spa_helirituaal_1-by-karen-harms.jpg","contentUrl":"https:\/\/elamusspa.ee\/wp-content\/uploads\/2024\/04\/elamus-spa_helirituaal_1-by-karen-harms.jpg","width":2625,"height":1750},{"@type":"BreadcrumbList","@id":"https:\/\/elamusspa.ee\/fi\/artikkeli\/private-aanirituaali\/#breadcrumb","itemListElement":[{"@type":"ListItem","position":1,"name":"Avaleht","item":"https:\/\/elamusspa.ee\/fi\/"},{"@type":"ListItem","position":2,"name":"Varaa hoito","item":"https:\/\/elamusspa.ee\/fi\/varaa-hoito\/"},{"@type":"ListItem","position":3,"name":"Private \u00e4\u00e4nirituaali"}]},{"@type":"WebSite","@id":"https:\/\/elamusspa.ee\/#website","url":"https:\/\/elamusspa.ee\/","name":"Elamus Spa","description":"Baltikumi suurim SPA","publisher":{"@id":"https:\/\/elamusspa.ee\/#organization"},"potentialAction":[{"@type":"SearchAction","target":{"@type":"EntryPoint","urlTemplate":"https:\/\/elamusspa.ee\/?s={search_term_string}"},"query-input":{"@type":"PropertyValueSpecification","valueRequired":true,"valueName":"search_term_string"}}],"inLanguage":"fi"},{"@type":"Organization","@id":"https:\/\/elamusspa.ee\/#organization","name":"Elamuste SPA","url":"https:\/\/elamusspa.ee\/","logo":{"@type":"ImageObject","inLanguage":"fi","@id":"https:\/\/elamusspa.ee\/#\/schema\/logo\/image\/","url":"https:\/\/elamusspa.ee\/wp-content\/uploads\/2020\/11\/asset-9elamusspa.png","contentUrl":"https:\/\/elamusspa.ee\/wp-content\/uploads\/2020\/11\/asset-9elamusspa.png","width":184,"height":77,"caption":"Elamuste SPA"},"image":{"@id":"https:\/\/elamusspa.ee\/#\/schema\/logo\/image\/"}}]}},"_links":{"self":[{"href":"https:\/\/elamusspa.ee\/fi\/wp-json\/wp\/v2\/product\/67054"}],"collection":[{"href":"https:\/\/elamusspa.ee\/fi\/wp-json\/wp\/v2\/product"}],"about":[{"href":"https:\/\/elamusspa.ee\/fi\/wp-json\/wp\/v2\/types\/product"}],"wp:featuredmedia":[{"embeddable":true,"href":"https:\/\/elamusspa.ee\/fi\/wp-json\/wp\/v2\/media\/67041"}],"wp:attachment":[{"href":"https:\/\/elamusspa.ee\/fi\/wp-json\/wp\/v2\/media?parent=67054"}],"wp:term":[{"taxonomy":"product_cat","embeddable":true,"href":"https:\/\/elamusspa.ee\/fi\/wp-json\/wp\/v2\/product_cat?post=67054"},{"taxonomy":"product_tag","embeddable":true,"href":"https:\/\/elamusspa.ee\/fi\/wp-json\/wp\/v2\/product_tag?post=67054"}],"curies":[{"name":"wp","href":"https:\/\/api.w.org\/{rel}","templated":true}]}}