{"id":73447,"date":"2024-09-11T06:04:15","date_gmt":"2024-09-11T06:04:15","guid":{"rendered":"https:\/\/elamusspa.ee\/toode\/luksuslik-merevaigu-kehahoolitsus-45-min-65-eur\/"},"modified":"2024-09-11T06:13:04","modified_gmt":"2024-09-11T06:13:04","slug":"luksuslik-merevaigu-kehahoolitsus-45-min-65-eur","status":"publish","type":"product","link":"https:\/\/elamusspa.ee\/fi\/artikkeli\/luksuslik-merevaigu-kehahoolitsus-45-min-65-eur\/","title":{"rendered":"Ylellinen meripihkan vartalonhoito"},"content":{"rendered":"<p>Vartalohoidon aikana vartalo kuoritaan aromaattisella meripihkaisella vartalokuorintamalla, joka sis\u00e4lt\u00e4\u00e4 merisuolaa ja parantavaa meripihkajauhetta. Meripihka symboloi rohkeutta ja menestyst\u00e4 ja on yleinen kehon puhdistusaine, joka poistaa negatiivista energiaa kehosta. Meripihkaa kutsutaan my\u00f6s &#8221;meren kullaksi&#8221;, siin\u00e4 yhdistyv\u00e4t luonnollinen havupuuhartsi ja meren parantava voima ja energia. Vartalokuorintaa seuraa rentouttava hieronta meripihkaa sis\u00e4lt\u00e4v\u00e4ll\u00e4 hierontabalsamilla. HUOM! Suosittelemme suunnittelemaan hoidon kylpyl\u00e4k\u00e4ynnin p\u00e4\u00e4tteeksi.<\/p>\n","protected":false},"excerpt":{"rendered":"<p>Vartalohoidon aikana vartalo kuoritaan aromaattisella meripihkaisella vartalokuorintamalla, joka sis\u00e4lt\u00e4\u00e4 merisuolaa ja parantavaa meripihkajauhetta. Meripihka symboloi rohkeutta ja menestyst\u00e4 ja on yleinen kehon puhdistusaine, joka poistaa negatiivista energiaa kehosta. Meripihkaa kutsutaan my\u00f6s &#8221;meren kullaksi&#8221;, siin\u00e4 yhdistyv\u00e4t luonnollinen havupuuhartsi ja meren parantava voima ja energia. Vartalokuorintaa seuraa rentouttava hieronta meripihkaa sis\u00e4lt\u00e4v\u00e4ll\u00e4 hierontabalsamilla. HUOM! Suosittelemme suunnittelemaan hoidon kylpyl\u00e4k\u00e4ynnin [&hellip;]<\/p>\n","protected":false},"featured_media":73439,"template":"","meta":{"_acf_changed":false},"product_cat":[194],"product_tag":[],"acf":[],"yoast_head":"<!-- This site is optimized with the Yoast SEO plugin v24.0 - https:\/\/yoast.com\/wordpress\/plugins\/seo\/ -->\n<title>Ylellinen meripihkan vartalonhoito - Elamus Spa<\/title>\n<meta name=\"robots\" content=\"index, follow, max-snippet:-1, max-image-preview:large, max-video-preview:-1\" \/>\n<link rel=\"canonical\" href=\"https:\/\/elamusspa.ee\/fi\/artikkeli\/luksuslik-merevaigu-kehahoolitsus-45-min-65-eur\/\" \/>\n<meta property=\"og:locale\" content=\"fi_FI\" \/>\n<meta property=\"og:type\" content=\"article\" \/>\n<meta property=\"og:title\" content=\"Ylellinen meripihkan vartalonhoito - Elamus Spa\" \/>\n<meta property=\"og:description\" content=\"Vartalohoidon aikana vartalo kuoritaan aromaattisella meripihkaisella vartalokuorintamalla, joka sis\u00e4lt\u00e4\u00e4 merisuolaa ja parantavaa meripihkajauhetta. Meripihka symboloi rohkeutta ja menestyst\u00e4 ja on yleinen kehon puhdistusaine, joka poistaa negatiivista energiaa kehosta. Meripihkaa kutsutaan my\u00f6s &#8221;meren kullaksi&#8221;, siin\u00e4 yhdistyv\u00e4t luonnollinen havupuuhartsi ja meren parantava voima ja energia. Vartalokuorintaa seuraa rentouttava hieronta meripihkaa sis\u00e4lt\u00e4v\u00e4ll\u00e4 hierontabalsamilla. HUOM! Suosittelemme suunnittelemaan hoidon kylpyl\u00e4k\u00e4ynnin [&hellip;]\" \/>\n<meta property=\"og:url\" content=\"https:\/\/elamusspa.ee\/fi\/artikkeli\/luksuslik-merevaigu-kehahoolitsus-45-min-65-eur\/\" \/>\n<meta property=\"og:site_name\" content=\"Elamus Spa\" \/>\n<meta property=\"article:modified_time\" content=\"2024-09-11T06:13:04+00:00\" \/>\n<meta property=\"og:image\" content=\"https:\/\/elamusspa.ee\/wp-content\/uploads\/2024\/09\/loogastav-merevaigu-hoolitsus.jpeg\" \/>\n\t<meta property=\"og:image:width\" content=\"2560\" \/>\n\t<meta property=\"og:image:height\" content=\"1709\" \/>\n\t<meta property=\"og:image:type\" content=\"image\/jpeg\" \/>\n<meta name=\"twitter:card\" content=\"summary_large_image\" \/>\n<meta name=\"twitter:label1\" content=\"Arvioitu lukuaika\" \/>\n\t<meta name=\"twitter:data1\" content=\"1 minuutti\" \/>\n<script type=\"application\/ld+json\" class=\"yoast-schema-graph\">{\"@context\":\"https:\/\/schema.org\",\"@graph\":[{\"@type\":\"WebPage\",\"@id\":\"https:\/\/elamusspa.ee\/fi\/artikkeli\/luksuslik-merevaigu-kehahoolitsus-45-min-65-eur\/\",\"url\":\"https:\/\/elamusspa.ee\/fi\/artikkeli\/luksuslik-merevaigu-kehahoolitsus-45-min-65-eur\/\",\"name\":\"Ylellinen meripihkan vartalonhoito - Elamus Spa\",\"isPartOf\":{\"@id\":\"https:\/\/elamusspa.ee\/#website\"},\"primaryImageOfPage\":{\"@id\":\"https:\/\/elamusspa.ee\/fi\/artikkeli\/luksuslik-merevaigu-kehahoolitsus-45-min-65-eur\/#primaryimage\"},\"image\":{\"@id\":\"https:\/\/elamusspa.ee\/fi\/artikkeli\/luksuslik-merevaigu-kehahoolitsus-45-min-65-eur\/#primaryimage\"},\"thumbnailUrl\":\"https:\/\/elamusspa.ee\/wp-content\/uploads\/2024\/09\/loogastav-merevaigu-hoolitsus.jpeg\",\"datePublished\":\"2024-09-11T06:04:15+00:00\",\"dateModified\":\"2024-09-11T06:13:04+00:00\",\"breadcrumb\":{\"@id\":\"https:\/\/elamusspa.ee\/fi\/artikkeli\/luksuslik-merevaigu-kehahoolitsus-45-min-65-eur\/#breadcrumb\"},\"inLanguage\":\"fi\",\"potentialAction\":[{\"@type\":\"ReadAction\",\"target\":[\"https:\/\/elamusspa.ee\/fi\/artikkeli\/luksuslik-merevaigu-kehahoolitsus-45-min-65-eur\/\"]}]},{\"@type\":\"ImageObject\",\"inLanguage\":\"fi\",\"@id\":\"https:\/\/elamusspa.ee\/fi\/artikkeli\/luksuslik-merevaigu-kehahoolitsus-45-min-65-eur\/#primaryimage\",\"url\":\"https:\/\/elamusspa.ee\/wp-content\/uploads\/2024\/09\/loogastav-merevaigu-hoolitsus.jpeg\",\"contentUrl\":\"https:\/\/elamusspa.ee\/wp-content\/uploads\/2024\/09\/loogastav-merevaigu-hoolitsus.jpeg\",\"width\":2560,\"height\":1709},{\"@type\":\"BreadcrumbList\",\"@id\":\"https:\/\/elamusspa.ee\/fi\/artikkeli\/luksuslik-merevaigu-kehahoolitsus-45-min-65-eur\/#breadcrumb\",\"itemListElement\":[{\"@type\":\"ListItem\",\"position\":1,\"name\":\"Avaleht\",\"item\":\"https:\/\/elamusspa.ee\/fi\/\"},{\"@type\":\"ListItem\",\"position\":2,\"name\":\"Varaa hoito\",\"item\":\"https:\/\/elamusspa.ee\/fi\/varaa-hoito\/\"},{\"@type\":\"ListItem\",\"position\":3,\"name\":\"Ylellinen meripihkan vartalonhoito\"}]},{\"@type\":\"WebSite\",\"@id\":\"https:\/\/elamusspa.ee\/#website\",\"url\":\"https:\/\/elamusspa.ee\/\",\"name\":\"Elamus Spa\",\"description\":\"Baltikumi suurim SPA\",\"publisher\":{\"@id\":\"https:\/\/elamusspa.ee\/#organization\"},\"potentialAction\":[{\"@type\":\"SearchAction\",\"target\":{\"@type\":\"EntryPoint\",\"urlTemplate\":\"https:\/\/elamusspa.ee\/?s={search_term_string}\"},\"query-input\":{\"@type\":\"PropertyValueSpecification\",\"valueRequired\":true,\"valueName\":\"search_term_string\"}}],\"inLanguage\":\"fi\"},{\"@type\":\"Organization\",\"@id\":\"https:\/\/elamusspa.ee\/#organization\",\"name\":\"Elamuste SPA\",\"url\":\"https:\/\/elamusspa.ee\/\",\"logo\":{\"@type\":\"ImageObject\",\"inLanguage\":\"fi\",\"@id\":\"https:\/\/elamusspa.ee\/#\/schema\/logo\/image\/\",\"url\":\"https:\/\/elamusspa.ee\/wp-content\/uploads\/2020\/11\/asset-9elamusspa.png\",\"contentUrl\":\"https:\/\/elamusspa.ee\/wp-content\/uploads\/2020\/11\/asset-9elamusspa.png\",\"width\":184,\"height\":77,\"caption\":\"Elamuste SPA\"},\"image\":{\"@id\":\"https:\/\/elamusspa.ee\/#\/schema\/logo\/image\/\"}}]}<\/script>\n<!-- \/ Yoast SEO plugin. -->","yoast_head_json":{"title":"Ylellinen meripihkan vartalonhoito - Elamus Spa","robots":{"index":"index","follow":"follow","max-snippet":"max-snippet:-1","max-image-preview":"max-image-preview:large","max-video-preview":"max-video-preview:-1"},"canonical":"https:\/\/elamusspa.ee\/fi\/artikkeli\/luksuslik-merevaigu-kehahoolitsus-45-min-65-eur\/","og_locale":"fi_FI","og_type":"article","og_title":"Ylellinen meripihkan vartalonhoito - Elamus Spa","og_description":"Vartalohoidon aikana vartalo kuoritaan aromaattisella meripihkaisella vartalokuorintamalla, joka sis\u00e4lt\u00e4\u00e4 merisuolaa ja parantavaa meripihkajauhetta. Meripihka symboloi rohkeutta ja menestyst\u00e4 ja on yleinen kehon puhdistusaine, joka poistaa negatiivista energiaa kehosta. Meripihkaa kutsutaan my\u00f6s &#8221;meren kullaksi&#8221;, siin\u00e4 yhdistyv\u00e4t luonnollinen havupuuhartsi ja meren parantava voima ja energia. Vartalokuorintaa seuraa rentouttava hieronta meripihkaa sis\u00e4lt\u00e4v\u00e4ll\u00e4 hierontabalsamilla. HUOM! Suosittelemme suunnittelemaan hoidon kylpyl\u00e4k\u00e4ynnin [&hellip;]","og_url":"https:\/\/elamusspa.ee\/fi\/artikkeli\/luksuslik-merevaigu-kehahoolitsus-45-min-65-eur\/","og_site_name":"Elamus Spa","article_modified_time":"2024-09-11T06:13:04+00:00","og_image":[{"width":2560,"height":1709,"url":"https:\/\/elamusspa.ee\/wp-content\/uploads\/2024\/09\/loogastav-merevaigu-hoolitsus.jpeg","type":"image\/jpeg"}],"twitter_card":"summary_large_image","twitter_misc":{"Arvioitu lukuaika":"1 minuutti"},"schema":{"@context":"https:\/\/schema.org","@graph":[{"@type":"WebPage","@id":"https:\/\/elamusspa.ee\/fi\/artikkeli\/luksuslik-merevaigu-kehahoolitsus-45-min-65-eur\/","url":"https:\/\/elamusspa.ee\/fi\/artikkeli\/luksuslik-merevaigu-kehahoolitsus-45-min-65-eur\/","name":"Ylellinen meripihkan vartalonhoito - Elamus Spa","isPartOf":{"@id":"https:\/\/elamusspa.ee\/#website"},"primaryImageOfPage":{"@id":"https:\/\/elamusspa.ee\/fi\/artikkeli\/luksuslik-merevaigu-kehahoolitsus-45-min-65-eur\/#primaryimage"},"image":{"@id":"https:\/\/elamusspa.ee\/fi\/artikkeli\/luksuslik-merevaigu-kehahoolitsus-45-min-65-eur\/#primaryimage"},"thumbnailUrl":"https:\/\/elamusspa.ee\/wp-content\/uploads\/2024\/09\/loogastav-merevaigu-hoolitsus.jpeg","datePublished":"2024-09-11T06:04:15+00:00","dateModified":"2024-09-11T06:13:04+00:00","breadcrumb":{"@id":"https:\/\/elamusspa.ee\/fi\/artikkeli\/luksuslik-merevaigu-kehahoolitsus-45-min-65-eur\/#breadcrumb"},"inLanguage":"fi","potentialAction":[{"@type":"ReadAction","target":["https:\/\/elamusspa.ee\/fi\/artikkeli\/luksuslik-merevaigu-kehahoolitsus-45-min-65-eur\/"]}]},{"@type":"ImageObject","inLanguage":"fi","@id":"https:\/\/elamusspa.ee\/fi\/artikkeli\/luksuslik-merevaigu-kehahoolitsus-45-min-65-eur\/#primaryimage","url":"https:\/\/elamusspa.ee\/wp-content\/uploads\/2024\/09\/loogastav-merevaigu-hoolitsus.jpeg","contentUrl":"https:\/\/elamusspa.ee\/wp-content\/uploads\/2024\/09\/loogastav-merevaigu-hoolitsus.jpeg","width":2560,"height":1709},{"@type":"BreadcrumbList","@id":"https:\/\/elamusspa.ee\/fi\/artikkeli\/luksuslik-merevaigu-kehahoolitsus-45-min-65-eur\/#breadcrumb","itemListElement":[{"@type":"ListItem","position":1,"name":"Avaleht","item":"https:\/\/elamusspa.ee\/fi\/"},{"@type":"ListItem","position":2,"name":"Varaa hoito","item":"https:\/\/elamusspa.ee\/fi\/varaa-hoito\/"},{"@type":"ListItem","position":3,"name":"Ylellinen meripihkan vartalonhoito"}]},{"@type":"WebSite","@id":"https:\/\/elamusspa.ee\/#website","url":"https:\/\/elamusspa.ee\/","name":"Elamus Spa","description":"Baltikumi suurim SPA","publisher":{"@id":"https:\/\/elamusspa.ee\/#organization"},"potentialAction":[{"@type":"SearchAction","target":{"@type":"EntryPoint","urlTemplate":"https:\/\/elamusspa.ee\/?s={search_term_string}"},"query-input":{"@type":"PropertyValueSpecification","valueRequired":true,"valueName":"search_term_string"}}],"inLanguage":"fi"},{"@type":"Organization","@id":"https:\/\/elamusspa.ee\/#organization","name":"Elamuste SPA","url":"https:\/\/elamusspa.ee\/","logo":{"@type":"ImageObject","inLanguage":"fi","@id":"https:\/\/elamusspa.ee\/#\/schema\/logo\/image\/","url":"https:\/\/elamusspa.ee\/wp-content\/uploads\/2020\/11\/asset-9elamusspa.png","contentUrl":"https:\/\/elamusspa.ee\/wp-content\/uploads\/2020\/11\/asset-9elamusspa.png","width":184,"height":77,"caption":"Elamuste SPA"},"image":{"@id":"https:\/\/elamusspa.ee\/#\/schema\/logo\/image\/"}}]}},"_links":{"self":[{"href":"https:\/\/elamusspa.ee\/fi\/wp-json\/wp\/v2\/product\/73447"}],"collection":[{"href":"https:\/\/elamusspa.ee\/fi\/wp-json\/wp\/v2\/product"}],"about":[{"href":"https:\/\/elamusspa.ee\/fi\/wp-json\/wp\/v2\/types\/product"}],"wp:featuredmedia":[{"embeddable":true,"href":"https:\/\/elamusspa.ee\/fi\/wp-json\/wp\/v2\/media\/73439"}],"wp:attachment":[{"href":"https:\/\/elamusspa.ee\/fi\/wp-json\/wp\/v2\/media?parent=73447"}],"wp:term":[{"taxonomy":"product_cat","embeddable":true,"href":"https:\/\/elamusspa.ee\/fi\/wp-json\/wp\/v2\/product_cat?post=73447"},{"taxonomy":"product_tag","embeddable":true,"href":"https:\/\/elamusspa.ee\/fi\/wp-json\/wp\/v2\/product_tag?post=73447"}],"curies":[{"name":"wp","href":"https:\/\/api.w.org\/{rel}","templated":true}]}}