{"id":2747,"date":"2019-10-10T11:09:24","date_gmt":"2019-10-10T11:09:24","guid":{"rendered":"https:\/\/elamusspa-ee.vserver.zonevs.eu\/sales-terms\/"},"modified":"2019-11-16T16:06:04","modified_gmt":"2019-11-16T16:06:04","slug":"sales-terms","status":"publish","type":"page","link":"https:\/\/elamusspa.ee\/ru\/sales-terms\/","title":{"rendered":"Sales terms"},"content":{"rendered":"<ol>\n<li><strong>M\u00fc\u00fcgitingimused<\/strong>\n<ol>\n<li>K\u00e4esolevad Mustam\u00e4e Spa O\u00dc, edaspidi Elamus Spa veebilehe\/e-poe, m\u00fc\u00fcgitingimused (edaspidi Tingimused) reguleerivad aadressil www.elamusspa.ee asuva Elamus Spa veebilehe\/e-poe (edaspidi e-poe) haldaja, kelleks on Mustam\u00e4e Spa O\u00dc (registrikood 14490634, asukoht Akadeemia tee 30, Tallinn, e-post info@elamusspa.ee, edaspidi M\u00fc\u00fcja), ja e-poe eraisikust kui ka juriidilisest isikust kasutaja (edaspidi Ostja) vahelisi e-poe kasutamisest ja selle k\u00e4igus s\u00f5lmitavatest tehingutest tulenevaid \u00f5igussuhteid.<\/li>\n<li>Lisaks k\u00e4esolevatele tingimustele reguleerivad Elamus Spa veebilehe\/e-poe vahendusel teenuste ostmisel tekkivaid \u00f5igussuhteid Eesti Vabariigis kehtivad \u00f5igusaktid.<\/li>\n<li>Tingimustes ja m\u00fc\u00fcgilepingus sisalduvate s\u00e4tete vastuolu korral l\u00e4htutakse prioriteetsuse m\u00e4\u00e4ramisel m\u00fc\u00fcgilepingust.<\/li>\n<li>Elamus Spa on \u00f5igustatud Elamus Spa e-poe arengust tulenevalt ning e-poe parema ja turvalisema kasutamise huvides k\u00e4esolevaid tingimusi ja hinnakirja muutma ning t\u00e4iendama. Tingimuste ning hinnakirja muudatustest ja t\u00e4iendustest teatatakse interneti lehek\u00fclje www.elamusspa.ee kaudu.<\/li>\n<\/ol>\n<\/li>\n<\/ol>\n<p>&nbsp;<\/p>\n<ol start=\"2\">\n<li><strong>Hinnad<\/strong>\n<ol>\n<li>K\u00f5ikide e-poes m\u00fc\u00fcdavate teenuste (edaspidi Kaup) hinnad on eurodes ja sisaldavad Eesti Vabariigis m\u00fc\u00fcgitehingu sooritamise hetkel kehtivat k\u00e4ibemaksu, samuti muid riiklikke v\u00f5i kohaliku omavalitsuse poolt kehtestatud makse.<\/li>\n<li>Teenuse hind ja Teenuse saadavus v\u00f5ivad jooksvalt ja ette teatamata muutuda. Kui ostja on esitanud tellimuse enne Teenuse hinna muutmist, rakendatakse tellimuse hetkel kehtinud hinda.<\/li>\n<li>M\u00fc\u00fcjal on \u00f5igus e-poe vahendusel s\u00f5lmitud m\u00fc\u00fcgilepingust sanktsioonideta taganeda ning broneeritud Teenus teenus osutamata kui Teenust ei ole ajutiselt v\u00f5i l\u00f5plikult v\u00f5imalik osutada, Teenuse hinda v\u00f5i omadusi on e-poes kuvatud s\u00fcsteemivea t\u00f5ttu valesti.<\/li>\n<li>Kui M\u00fc\u00fcjal ei ole v\u00f5imalik tellimust t\u00e4ita, v\u00f5etakse Ostjaga \u00fchendust ning tagastatakse tasutud summa juhul, kui Ostja on j\u00f5udnud Teenuse eest ettemaksu teha.<\/li>\n<li>Kinkekaardi ostmise j\u00e4rel edastatakse see koheselt emailiga ostja emaili aadressile.<\/li>\n<li>Kinkekaardi kehtivus on 1 kalendriaasta ostukuup\u00e4evast alates ja on kehtiv koheselt.<\/li>\n<li>Kinkekaardi eest saab tasuda teenuste ees kassas selle etten\u00e4itaja.<\/li>\n<li>Kinkekaardi summat saab kasutada osamaksetena.<\/li>\n<li>Kinkekaarti ei saa rahaks vahetada.<\/li>\n<\/ol>\n<\/li>\n<\/ol>\n<ol start=\"3\">\n<li><strong>Ostukorv ja m\u00fc\u00fcgilepingu s\u00f5lmimine<\/strong>\n<ol>\n<li>Ostja poolt e-poest v\u00e4lja valitud Teenuse m\u00fc\u00fcgitehingu sooritamiseks tuleb Ostjal esmalt lisada soovitav Teenus virtuaalsesse ostukorvi (edaspidi Ostukorv), klikkides selleks teenuse tooteinfo lehek\u00fcljel asuvale lisamise nuple, vastavalt 1 haaval v\u00f5i suurema kogusega. Juhul, kui Ostja soovib sama m\u00fc\u00fcgitehingu raames osta veel Teenuseid, peab ta eelkirjeldatud toimingu sooritama iga tema poolt soovitava Teenuse puhul.<\/li>\n<li>Tootepildid on illustratiivse t\u00e4hendusega.<\/li>\n<li>Tellimuse vormistamise j\u00e4tkamiseks tuleb sisestada kontaktandmed, sest selle informatsiooni alusel edastatakse elektrooniline t\u00f5end Teenuse ostmisest emailiga.<\/li>\n<li>Toodete m\u00fc\u00fcgileping loetakse s\u00f5lmituks (Lepingu j\u00f5ustumine) arvates tellimuskinnituse j\u00e4rgi tasumisele kuuluva summa tasumist Maksekeskuse makseliidese kaudu.<\/li>\n<\/ol>\n<\/li>\n<\/ol>\n<p>&nbsp;<\/p>\n<ol start=\"4\">\n<li><strong>M\u00fc\u00fcgilepingu eest tasumine<\/strong>\n<ol>\n<li>Pangalingiga-E-poes saab tasuda Teenuse eest j\u00e4rgnevate pankade pangalingi kaudu: Swedbank, SEB, Coop, LHV ja Luminor.<\/li>\n<\/ol>\n<\/li>\n<li><strong>Teenuse osutamine<\/strong>\n<ol>\n<li>M\u00fc\u00fcja kohustub p\u00e4rast Lepingu j\u00f5ustumise informatsiooni saamist tagama m\u00fc\u00fcgitehingus s\u00e4testatud Teenuseid t\u00e4itmise mm\u00fc\u00fcgitehingus m\u00e4rgitud kuup\u00e4eval, kella-aegadel, mahus, Ostja poolt valitud ruumides.<\/li>\n<li>M\u00fc\u00fcja kohustub v\u00f5imaldama Ostja poolt valitud ja tasutud Teenuse aega, mahtu, ruumi muutma, kui selleks on vakantsi.<\/li>\n<li>Ostja peab j\u00e4lgima tellimuse vormistamisel esitatavate kontaktandmete \u00f5igsust v\u00e4ltimaks viivitusi ja arusaamatusi Teenuse informatsiooni ja elektroonilise kinnituse edastamisel.<\/li>\n<\/ol>\n<\/li>\n<\/ol>\n<p>&nbsp;<\/p>\n<ol start=\"6\">\n<li><strong>M\u00fc\u00fcgilepingust taganemine<\/strong>\n<ol>\n<li>Ostjal on \u00f5igus peale Teenuse eest tasumist, kuid enne Teenuse tarbimis oma tellimus t\u00fchistada hiljemalt 3 p\u00e4eva enne t\u00e4itmise kuup\u00e4eva, saates M\u00fc\u00fcja elektronposti aadressile info@elamusspa.ee vastavasisulise teate koos tellimuse numbri ning oma panga arvelduskonto numbriga v\u00f5i helistades Elamus Spa kontakttelefonil +372 650 2000.<\/li>\n<li>F\u00fc\u00fcsilisest isikust Ostjal on \u00f5igus taganeda m\u00fc\u00fcgilepingust 14 kalendrip\u00e4eva jooksul alates Teenusest. Teenuse tarbimist t\u00f5endab Ostja k\u00fclastus M\u00fc\u00fcja ruumides. M\u00fc\u00fcgilepingust taganemiseks peab Ostja esitama M\u00fc\u00fcjale nimetatud t\u00e4htaja jooksul kirjalikku taasesitamist v\u00f5imaldavas vormis taganemisavalduse, milles Ostja m\u00e4rgib, kas ta soovib l\u00e4bi lepingust taganemise saada M\u00fc\u00fcjalt tagasi Teenuse hinna v\u00f5i vahetada ostetud Teenus m\u00f5ne muu M\u00fc\u00fcja poolt pakutava Teenuse vastu. Taganemis\u00f5iguse kasutamiseks v\u00f5ib Ostja kasutada Tingimuste 14 p\u00e4evane taganemis\u00f5igus all olevat taganemisavalduse n\u00e4idet. Ostja loetakse asja tagastamise kohustuse t\u00e4htaegselt t\u00e4itnuks, kui ta on lepingu esemeks olnud asja tagasi saatnud 14 p\u00e4eva jooksul taganemisavalduse tegemise p\u00e4evast.<\/li>\n<li>F\u00fc\u00fcsilisest isikust Ostjal puudub \u00f5igus Tingimuste p 6.2. alusel m\u00fc\u00fcgilepingust taganeda, kui m\u00fc\u00fcgilepingu objektiks olevaks Kaubaks on:\n<ol>\n<li>Teenus, mis on valmistatud, arvestades Ostja isiklikke vajadusi;<\/li>\n<li>Teenus, mida ei saa selle olemuse t\u00f5ttu tagastada, mis on kiiresti riknev v\u00f5i mille kasutamist\u00e4htaeg on m\u00f6\u00f6dunud.<\/li>\n<\/ol>\n<\/li>\n<\/ol>\n<\/li>\n<\/ol>\n<p>&nbsp;<\/p>\n<ol start=\"7\">\n<li><strong>Pretensioonide esitamise kord ja M\u00fc\u00fcja vastutus Teenuse mittevastavuse puhul<\/strong>\n<ol>\n<li>Pretensioonide esitamise \u00f5igus\n<ol>\n<li>M\u00fc\u00fcja vastutab Teenuse lepingutingimustele mittevastavuse ja puuduste eest, mis ilmnevad Teenuse tarbimise ajal. Teenuse osutamisel Ostjale eeldatakse, et Teenust osutati vastavalt n\u00f5uetele. Vastava eelduse \u00fcmberl\u00fckkamine on Ostja kohustus. Pretensiooni esitamise korral kannab Teenuse asendamisega seotud kulud, eelk\u00f5ige t\u00f6\u00f6- ja materjalikulud alati M\u00fc\u00fcja (V\u00d5S \u00a7 222 lg 4).<\/li>\n<li>Teenuse puuduse ilmnemisel palume l\u00f5petada kohselt Teenuse tarbimine.<\/li>\n<li>Puudusega Teenuse puhul on Ostjal \u00f5igus esitada M\u00fc\u00fcjale kaebus. Kaebus tuleb esitada viivitamatult, kuid mitte hiljem kui kahe kuu jooksul alates Teenuse puuduse avastamisest. Teenuse n\u00f5uetele mittevastavuse v\u00f5i puuduste ilmnemisel palume edastada e-postiaadressile info@elamusspa.ee pretensiooni, kus on m\u00e4rgitud Ostja nimi, kontakttelefon, tellimuse number ja toote tingimustele mittevastavuse v\u00f5i puuduse t\u00e4pne kirjeldus. Pretensioonide lahendamiseks peab Ostja s\u00e4ilitama ostudokumendid (arve, leping jne), mis t\u00f5endavad Kauba ostmist. Ilma m\u00fc\u00fcki t\u00f5endava dokumendita v\u00f5ib M\u00fc\u00fcja probleemi lahendamata j\u00e4tta.<\/li>\n<li>K\u00f5ik pretensioonid vaadatakse l\u00e4bi ja Ostjaga v\u00f5etakse \u00fchendust esimesel v\u00f5imalusel, kuid mitte hiljem kui 15 p\u00e4eva jooksul alates pretensiooni k\u00e4ttesaamisest.<\/li>\n<li>M\u00fc\u00fcja ei vastuta Teenuse puuduste eest, mis on tekkinud Teenuse otstarbele mittevastava kasutamise v\u00f5i tarbimise t\u00f5ttu.<\/li>\n<li>Ostjal on \u00f5igus n\u00f5uda M\u00fc\u00fcjalt ostuhinna alandamist v\u00f5i lepingu l\u00f5petamist ja Teenuse eest raha tagasi n\u00f5uda, kui M\u00fc\u00fcjal ei ole v\u00f5imalik Teenuse kvaliteeti parandada v\u00f5i asendada; Teenuse kvaliteedi parandamine v\u00f5i asendamine eba\u00f5nnestub; M\u00fc\u00fcja ei ole Teenuse puudust m\u00f5istliku aja jooksul k\u00f5rvaldanud ja Ostjale on sellest tingituna tekitatud p\u00f5hjendamatuid ebamugavusi.<\/li>\n<li>Ostjal on v\u00f5imalik Teenuse lepingutingimustele mittevastavuse korral, tugineda seaduses s\u00e4testatud \u00f5iguskaitsevahenditele sh n\u00f5uda lepingu t\u00e4itmist, alandada hinda, n\u00f5uda kahju h\u00fcvitamist ja leping \u00fcles \u00f6elda.<\/li>\n<li>Lepingu \u00fcles\u00fctlemise korral tagastatakse Ostjale lepingu alusel saadu 14 p\u00e4eva jooksul arvates otsuse tegemisest.<\/li>\n<\/ol>\n<\/li>\n<li><strong>M\u00fc\u00fcja vastutus Teenuse mittevastavuse puhul<\/strong>\n<ol>\n<li>M\u00fc\u00fcja ei vastuta Teenuse puuduste eest, mis on tekkinud Teenuse otstarbele mittevastava kasutamise, hooldamise v\u00f5i rikkumise t\u00f5ttu.<\/li>\n<li>Lisaks m\u00fc\u00fcgigarantiist tulenevatele \u00f5igustele on Ostjal ka muud seadusest tulenevad \u00f5igused. Ostjal on v\u00f5imalik Teenuse lepingutingimuste mittevastavuse korral tugineda seaduses s\u00e4testatud \u00f5iguskaitsevahenditele sh n\u00f5uda lepingu t\u00e4itmist, alandada hinda, n\u00f5uda kahju h\u00fcvitamist ja leping \u00fcles \u00f6elda.<\/li>\n<li>Lepingu \u00fcles\u00fctlemise korral tagastatakse Ostjale lepingu alusel saadu 14 p\u00e4eva jooksul arvates otsuse tegemisest.<\/li>\n<\/ol>\n<\/li>\n<\/ol>\n<\/li>\n<\/ol>\n<p>&nbsp;<\/p>\n<ol start=\"8\">\n<li><strong>Tingimuste muutmine, vaidluste lahendamine<\/strong>\n<ol>\n<li>M\u00fc\u00fcjal on \u00f5igus Tingimusi osaliselt v\u00f5i t\u00e4ielikult \u00fchepoolselt ja ilma etteteatamata muuta. Muudatused j\u00f5ustuvad alates nende avaldamisest kodulehek\u00fcljel www.elamusspa.ee. Kui Ostja esitas tellimuse enne Tingimuste muudatuste j\u00f5ustumist, kohaldatakse Ostja ja M\u00fc\u00fcja vahelisele \u00f5igussuhtele Ostja poolt tellimuse esitamise hetkel kehtinud Tingimusi,v.a kui seaduses v\u00f5i Tingimustes on ette n\u00e4htud teisiti.<\/li>\n<li>Tingimuste osapooled vastutavad teineteise ees Tingimuste rikkumisega tekitatud kahju eest Eesti Vabariigis kehtivates \u00f5igusaktides s\u00e4testatud juhtudel ja ulatuses. M\u00fc\u00fcja ei vastuta Ostjale tekitatud kahju eest v\u00f5i teenuse mittekasutamise eest juhul, kui kahju v\u00f5i teenuse mittekasutamine on tingitud asjaolust, mida M\u00fc\u00fcja ei saanud m\u00f5jutada ning mille saabumist M\u00fc\u00fcja ette ei n\u00e4inud ega v\u00f5inud ette n\u00e4ha (v\u00e4\u00e4ramatu j\u00f5ud).<\/li>\n<li>Ostjal on M\u00fc\u00fcja e-poe osas tekkinud pretensioonide korral \u00f5igus edastada need e-posti teel info@elamusspa.ee v\u00f5i helistada telefonil +372 650 2000.<\/li>\n<li>Kui M\u00fc\u00fcja on keeldunud Ostja kaebust lahendamast v\u00f5i Ostja ei ole n\u00f5us M\u00fc\u00fcja pakutud lahendusega ja leiab, et on rikutud tema \u00f5igusi v\u00f5i kahjustatud tema huve, v\u00f5ib Ostja esitada kaebuse tarbijavaidluste komisjonile Tarbijakaitseameti kaudu, veebikeskkonna http:\/\/ec.europa.eu\/odr kaudu v\u00f5i kohtule. Menetlustingimustega saab tutvuda siin. Ostja v\u00f5ib esitada kaebuse ise v\u00f5i esindaja kaudu. Tarbijavaidluste komisjoni andmed on toodud Tarbijakaitseameti kodulehel. Tarbijavaidluste komisjoni p\u00e4devuses on lahendada Ostja ja M\u00fc\u00fcja vahel s\u00f5lmitud lepingust tulenevaid vaidlusi. Euroopa Liidu liikmesriikides tekkivate probleemide lahendamiseks p\u00f6\u00f6rduda Euroopa Liidu tarbijate N\u00f5ustamiskeskusse. Kohtusse p\u00f6\u00f6rdumise korral on Ostja ja M\u00fc\u00fcja leppinud kokkuleppelise kohtualluvusena kokku M\u00fc\u00fcja asukohaj\u00e4rgse kohtu.<\/li>\n<\/ol>\n<\/li>\n<\/ol>\n<p><strong>\u00a0<\/strong><\/p>\n<ol start=\"9\">\n<li><strong>Isikuandmete t\u00f6\u00f6tlemine<\/strong>\n<ol>\n<li>Ostja annab veebipoes andmeid sisestades ning vastava kinnitusega \u00f5iguse koguda ja t\u00f6\u00f6delda Ostja isikuandmeid (nimi, kontakttelefon, e-postiaadress) ning edastada logistikapartnerile isikuandmeid emaili kohaletoimetamiseks. Isikuandmeid edastatakse vaid vajalikul m\u00e4\u00e4ral tellitud teenuste t\u00e4itmiseks.<\/li>\n<li>Elamus Spa veebipoel on \u00f5igus kasutada Ostja emaili aadressi reklaami ja muu informatsiooni edastamiseks Ostjale.<\/li>\n<li>Ostjal on igal ajal \u00f5igus keelata oma isikuandmete kogumine ning kasutamine, v\u00e4lja arvatud juhul, kui see on vajalik lepingust tuleneva n\u00f5ude sissen\u00f5udmiseks v\u00f5i kauba kohaletoimetamiseks.<\/li>\n<li>Elektrooniliste isikuandmete kasutamine otsepostituseks toimub ainult siis, kui Ostja on selle jaoks andnud eraldi n\u00f5usoleku veebilehel.<\/li>\n<li>Kr\u00fcpteeritud andmeside pankadega ostude eest tasumisel tagab Ostja personaalsete pangatunnuste turvalisuse ja neile puudub ka M\u00fc\u00fcjal ligip\u00e4\u00e4s.<\/li>\n<\/ol>\n<\/li>\n<\/ol>\n<p>&nbsp;<\/p>\n","protected":false},"excerpt":{"rendered":"<p>M\u00fc\u00fcgitingimused K\u00e4esolevad Mustam\u00e4e Spa O\u00dc, edaspidi Elamus Spa veebilehe\/e-poe, m\u00fc\u00fcgitingimused (edaspidi Tingimused) reguleerivad aadressil www.elamusspa.ee asuva Elamus Spa veebilehe\/e-poe (edaspidi e-poe) haldaja, kelleks on Mustam\u00e4e Spa O\u00dc (registrikood 14490634, asukoht Akadeemia tee 30, Tallinn, e-post info@elamusspa.ee, edaspidi M\u00fc\u00fcja), ja e-poe eraisikust kui ka juriidilisest isikust kasutaja (edaspidi Ostja) vahelisi e-poe kasutamisest ja selle k\u00e4igus s\u00f5lmitavatest [&hellip;]<\/p>\n","protected":false},"author":1,"featured_media":0,"parent":0,"menu_order":53,"comment_status":"closed","ping_status":"closed","template":"","meta":{"_acf_changed":false,"footnotes":""},"acf":[],"yoast_head":"<!-- This site is optimized with the Yoast SEO plugin v24.0 - https:\/\/yoast.com\/wordpress\/plugins\/seo\/ -->\n<title>Sales terms - Elamus Spa<\/title>\n<meta name=\"robots\" content=\"index, follow, max-snippet:-1, max-image-preview:large, max-video-preview:-1\" \/>\n<link rel=\"canonical\" href=\"https:\/\/elamusspa.ee\/ru\/sales-terms\/\" \/>\n<meta property=\"og:locale\" content=\"ru_RU\" \/>\n<meta property=\"og:type\" content=\"article\" \/>\n<meta property=\"og:title\" content=\"Sales terms - Elamus Spa\" \/>\n<meta property=\"og:description\" content=\"M\u00fc\u00fcgitingimused K\u00e4esolevad Mustam\u00e4e Spa O\u00dc, edaspidi Elamus Spa veebilehe\/e-poe, m\u00fc\u00fcgitingimused (edaspidi Tingimused) reguleerivad aadressil www.elamusspa.ee asuva Elamus Spa veebilehe\/e-poe (edaspidi e-poe) haldaja, kelleks on Mustam\u00e4e Spa O\u00dc (registrikood 14490634, asukoht Akadeemia tee 30, Tallinn, e-post info@elamusspa.ee, edaspidi M\u00fc\u00fcja), ja e-poe eraisikust kui ka juriidilisest isikust kasutaja (edaspidi Ostja) vahelisi e-poe kasutamisest ja selle k\u00e4igus s\u00f5lmitavatest [&hellip;]\" \/>\n<meta property=\"og:url\" content=\"https:\/\/elamusspa.ee\/ru\/sales-terms\/\" \/>\n<meta property=\"og:site_name\" content=\"Elamus Spa\" \/>\n<meta property=\"article:modified_time\" content=\"2019-11-16T16:06:04+00:00\" \/>\n<meta property=\"og:image\" content=\"https:\/\/elamusspa.ee\/wp-content\/uploads\/2020\/11\/asset-9elamusspa.png\" \/>\n\t<meta property=\"og:image:width\" content=\"184\" \/>\n\t<meta property=\"og:image:height\" content=\"77\" \/>\n\t<meta property=\"og:image:type\" content=\"image\/png\" \/>\n<meta name=\"twitter:card\" content=\"summary_large_image\" \/>\n<meta name=\"twitter:label1\" content=\"\u041f\u0440\u0438\u043c\u0435\u0440\u043d\u043e\u0435 \u0432\u0440\u0435\u043c\u044f \u0434\u043b\u044f \u0447\u0442\u0435\u043d\u0438\u044f\" \/>\n\t<meta name=\"twitter:data1\" content=\"8 \u043c\u0438\u043d\u0443\u0442\" \/>\n<script type=\"application\/ld+json\" class=\"yoast-schema-graph\">{\"@context\":\"https:\/\/schema.org\",\"@graph\":[{\"@type\":\"WebPage\",\"@id\":\"https:\/\/elamusspa.ee\/ru\/sales-terms\/\",\"url\":\"https:\/\/elamusspa.ee\/ru\/sales-terms\/\",\"name\":\"Sales terms - Elamus Spa\",\"isPartOf\":{\"@id\":\"https:\/\/elamusspa.ee\/#website\"},\"datePublished\":\"2019-10-10T11:09:24+00:00\",\"dateModified\":\"2019-11-16T16:06:04+00:00\",\"breadcrumb\":{\"@id\":\"https:\/\/elamusspa.ee\/ru\/sales-terms\/#breadcrumb\"},\"inLanguage\":\"ru-RU\",\"potentialAction\":[{\"@type\":\"ReadAction\",\"target\":[\"https:\/\/elamusspa.ee\/ru\/sales-terms\/\"]}]},{\"@type\":\"BreadcrumbList\",\"@id\":\"https:\/\/elamusspa.ee\/ru\/sales-terms\/#breadcrumb\",\"itemListElement\":[{\"@type\":\"ListItem\",\"position\":1,\"name\":\"\u0413\u041b\u0410\u0412\u041d\u0410\u042f \u0421\u0422\u0420\u0410\u041d\u0418\u0426\u0410\",\"item\":\"https:\/\/elamusspa.ee\/ru\/\"},{\"@type\":\"ListItem\",\"position\":2,\"name\":\"Sales terms\"}]},{\"@type\":\"WebSite\",\"@id\":\"https:\/\/elamusspa.ee\/#website\",\"url\":\"https:\/\/elamusspa.ee\/\",\"name\":\"Elamus Spa\",\"description\":\"Baltikumi suurim SPA\",\"publisher\":{\"@id\":\"https:\/\/elamusspa.ee\/#organization\"},\"potentialAction\":[{\"@type\":\"SearchAction\",\"target\":{\"@type\":\"EntryPoint\",\"urlTemplate\":\"https:\/\/elamusspa.ee\/?s={search_term_string}\"},\"query-input\":{\"@type\":\"PropertyValueSpecification\",\"valueRequired\":true,\"valueName\":\"search_term_string\"}}],\"inLanguage\":\"ru-RU\"},{\"@type\":\"Organization\",\"@id\":\"https:\/\/elamusspa.ee\/#organization\",\"name\":\"Elamuste SPA\",\"url\":\"https:\/\/elamusspa.ee\/\",\"logo\":{\"@type\":\"ImageObject\",\"inLanguage\":\"ru-RU\",\"@id\":\"https:\/\/elamusspa.ee\/#\/schema\/logo\/image\/\",\"url\":\"https:\/\/elamusspa.ee\/wp-content\/uploads\/2020\/11\/asset-9elamusspa.png\",\"contentUrl\":\"https:\/\/elamusspa.ee\/wp-content\/uploads\/2020\/11\/asset-9elamusspa.png\",\"width\":184,\"height\":77,\"caption\":\"Elamuste SPA\"},\"image\":{\"@id\":\"https:\/\/elamusspa.ee\/#\/schema\/logo\/image\/\"}}]}<\/script>\n<!-- \/ Yoast SEO plugin. -->","yoast_head_json":{"title":"Sales terms - Elamus Spa","robots":{"index":"index","follow":"follow","max-snippet":"max-snippet:-1","max-image-preview":"max-image-preview:large","max-video-preview":"max-video-preview:-1"},"canonical":"https:\/\/elamusspa.ee\/ru\/sales-terms\/","og_locale":"ru_RU","og_type":"article","og_title":"Sales terms - Elamus Spa","og_description":"M\u00fc\u00fcgitingimused K\u00e4esolevad Mustam\u00e4e Spa O\u00dc, edaspidi Elamus Spa veebilehe\/e-poe, m\u00fc\u00fcgitingimused (edaspidi Tingimused) reguleerivad aadressil www.elamusspa.ee asuva Elamus Spa veebilehe\/e-poe (edaspidi e-poe) haldaja, kelleks on Mustam\u00e4e Spa O\u00dc (registrikood 14490634, asukoht Akadeemia tee 30, Tallinn, e-post info@elamusspa.ee, edaspidi M\u00fc\u00fcja), ja e-poe eraisikust kui ka juriidilisest isikust kasutaja (edaspidi Ostja) vahelisi e-poe kasutamisest ja selle k\u00e4igus s\u00f5lmitavatest [&hellip;]","og_url":"https:\/\/elamusspa.ee\/ru\/sales-terms\/","og_site_name":"Elamus Spa","article_modified_time":"2019-11-16T16:06:04+00:00","og_image":[{"width":184,"height":77,"url":"https:\/\/elamusspa.ee\/wp-content\/uploads\/2020\/11\/asset-9elamusspa.png","type":"image\/png"}],"twitter_card":"summary_large_image","twitter_misc":{"\u041f\u0440\u0438\u043c\u0435\u0440\u043d\u043e\u0435 \u0432\u0440\u0435\u043c\u044f \u0434\u043b\u044f \u0447\u0442\u0435\u043d\u0438\u044f":"8 \u043c\u0438\u043d\u0443\u0442"},"schema":{"@context":"https:\/\/schema.org","@graph":[{"@type":"WebPage","@id":"https:\/\/elamusspa.ee\/ru\/sales-terms\/","url":"https:\/\/elamusspa.ee\/ru\/sales-terms\/","name":"Sales terms - Elamus Spa","isPartOf":{"@id":"https:\/\/elamusspa.ee\/#website"},"datePublished":"2019-10-10T11:09:24+00:00","dateModified":"2019-11-16T16:06:04+00:00","breadcrumb":{"@id":"https:\/\/elamusspa.ee\/ru\/sales-terms\/#breadcrumb"},"inLanguage":"ru-RU","potentialAction":[{"@type":"ReadAction","target":["https:\/\/elamusspa.ee\/ru\/sales-terms\/"]}]},{"@type":"BreadcrumbList","@id":"https:\/\/elamusspa.ee\/ru\/sales-terms\/#breadcrumb","itemListElement":[{"@type":"ListItem","position":1,"name":"\u0413\u041b\u0410\u0412\u041d\u0410\u042f \u0421\u0422\u0420\u0410\u041d\u0418\u0426\u0410","item":"https:\/\/elamusspa.ee\/ru\/"},{"@type":"ListItem","position":2,"name":"Sales terms"}]},{"@type":"WebSite","@id":"https:\/\/elamusspa.ee\/#website","url":"https:\/\/elamusspa.ee\/","name":"Elamus Spa","description":"Baltikumi suurim SPA","publisher":{"@id":"https:\/\/elamusspa.ee\/#organization"},"potentialAction":[{"@type":"SearchAction","target":{"@type":"EntryPoint","urlTemplate":"https:\/\/elamusspa.ee\/?s={search_term_string}"},"query-input":{"@type":"PropertyValueSpecification","valueRequired":true,"valueName":"search_term_string"}}],"inLanguage":"ru-RU"},{"@type":"Organization","@id":"https:\/\/elamusspa.ee\/#organization","name":"Elamuste SPA","url":"https:\/\/elamusspa.ee\/","logo":{"@type":"ImageObject","inLanguage":"ru-RU","@id":"https:\/\/elamusspa.ee\/#\/schema\/logo\/image\/","url":"https:\/\/elamusspa.ee\/wp-content\/uploads\/2020\/11\/asset-9elamusspa.png","contentUrl":"https:\/\/elamusspa.ee\/wp-content\/uploads\/2020\/11\/asset-9elamusspa.png","width":184,"height":77,"caption":"Elamuste SPA"},"image":{"@id":"https:\/\/elamusspa.ee\/#\/schema\/logo\/image\/"}}]}},"_links":{"self":[{"href":"https:\/\/elamusspa.ee\/ru\/wp-json\/wp\/v2\/pages\/2747"}],"collection":[{"href":"https:\/\/elamusspa.ee\/ru\/wp-json\/wp\/v2\/pages"}],"about":[{"href":"https:\/\/elamusspa.ee\/ru\/wp-json\/wp\/v2\/types\/page"}],"author":[{"embeddable":true,"href":"https:\/\/elamusspa.ee\/ru\/wp-json\/wp\/v2\/users\/1"}],"replies":[{"embeddable":true,"href":"https:\/\/elamusspa.ee\/ru\/wp-json\/wp\/v2\/comments?post=2747"}],"version-history":[{"count":0,"href":"https:\/\/elamusspa.ee\/ru\/wp-json\/wp\/v2\/pages\/2747\/revisions"}],"wp:attachment":[{"href":"https:\/\/elamusspa.ee\/ru\/wp-json\/wp\/v2\/media?parent=2747"}],"curies":[{"name":"wp","href":"https:\/\/api.w.org\/{rel}","templated":true}]}}