{"id":105479,"date":"2025-11-01T12:15:46","date_gmt":"2025-11-01T12:15:46","guid":{"rendered":"https:\/\/elamusspa.ee\/?post_type=product&#038;p=105479"},"modified":"2025-12-18T01:02:32","modified_gmt":"2025-12-18T01:02:32","slug":"bowling-kinkekaardid","status":"publish","type":"product","link":"https:\/\/elamusspa.ee\/ru\/toode\/bowling-kinkekaardid\/","title":{"rendered":"Elamus Bowling&#038;Pubi bowlingu kinkekaardid"},"content":{"rendered":"<p><a href=\"https:\/\/elamusbowling.ee\/\">Elamus Bowling&amp;Pubi<\/a> on Eesti suurim ja parima tehnilise varustusega bowlingusaal, 16 Brunswick bowlingurajaga. Rajad on ainulaadse SPARK multimeedia lahendusega, mis pakub p\u00f5nevaid eriefekte. 200-kohalises pubis on v\u00f5imalik t\u00e4histada s\u00fcnnip\u00e4evi, ettev\u00f5tte s\u00fcndmuseid, kaasa elada v\u00f5istlustele ja spordi\u00fclekannetele. Reede ja laup\u00e4eva \u00f5htuti loob meeleolu elav muusika. Koosolekute ja privaatsete s\u00fcndmuste l\u00e4biviimiseks on ruum, mis mahutab klassistiil 20 ja teatristiilis 40 inimest. L\u00e4bi klaasseinte on n\u00e4ha spaa dzunglikeskkonna veem\u00f6ll ja soovikorral soeta spaa pilet ning mine bowlingust otse spasse! K\u00fclastusaeg on ajapiiranguta! Tasuta parkimine!<\/p>\n<p>T\u00e4psem info ja broneerimine <a href=\"https:\/\/elamusbowling.ee\/\">siin.<\/a><\/p>\n<p><strong>Jalatsite rent<\/strong> lisandub kohapeal \u2013 2 \u20ac\/paar<\/p>\n","protected":false},"excerpt":{"rendered":"<p>Elamus Bowling&amp;Pubi on Eesti suurim ja parima tehnilise varustusega bowlingusaal, 16 Brunswick bowlingurajaga. Rajad on ainulaadse SPARK multimeedia lahendusega, mis pakub p\u00f5nevaid eriefekte. 200-kohalises pubis on v\u00f5imalik t\u00e4histada s\u00fcnnip\u00e4evi, ettev\u00f5tte s\u00fcndmuseid, kaasa elada v\u00f5istlustele ja spordi\u00fclekannetele. Reede ja laup\u00e4eva \u00f5htuti loob meeleolu elav muusika. Koosolekute ja privaatsete s\u00fcndmuste l\u00e4biviimiseks on ruum, mis mahutab klassistiil 20 [&hellip;]<\/p>\n","protected":false},"featured_media":0,"template":"","meta":{"_acf_changed":false},"product_cat":[23,196],"product_tag":[],"acf":[],"yoast_head":"<!-- This site is optimized with the Yoast SEO plugin v24.0 - https:\/\/yoast.com\/wordpress\/plugins\/seo\/ -->\n<title>Elamus Bowling&amp;Pubi bowlingu kinkekaardid - Elamus Spa<\/title>\n<meta name=\"robots\" content=\"index, follow, max-snippet:-1, max-image-preview:large, max-video-preview:-1\" \/>\n<link rel=\"canonical\" href=\"https:\/\/elamusspa.ee\/toode\/bowling-kinkekaardid\/\" \/>\n<meta property=\"og:locale\" content=\"ru_RU\" \/>\n<meta property=\"og:type\" content=\"article\" \/>\n<meta property=\"og:title\" content=\"Elamus Bowling&amp;Pubi bowlingu kinkekaardid - Elamus Spa\" \/>\n<meta property=\"og:description\" content=\"Elamus Bowling&amp;Pubi on Eesti suurim ja parima tehnilise varustusega bowlingusaal, 16 Brunswick bowlingurajaga. Rajad on ainulaadse SPARK multimeedia lahendusega, mis pakub p\u00f5nevaid eriefekte. 200-kohalises pubis on v\u00f5imalik t\u00e4histada s\u00fcnnip\u00e4evi, ettev\u00f5tte s\u00fcndmuseid, kaasa elada v\u00f5istlustele ja spordi\u00fclekannetele. Reede ja laup\u00e4eva \u00f5htuti loob meeleolu elav muusika. Koosolekute ja privaatsete s\u00fcndmuste l\u00e4biviimiseks on ruum, mis mahutab klassistiil 20 [&hellip;]\" \/>\n<meta property=\"og:url\" content=\"https:\/\/elamusspa.ee\/toode\/bowling-kinkekaardid\/\" \/>\n<meta property=\"og:site_name\" content=\"Elamus Spa\" \/>\n<meta property=\"article:modified_time\" content=\"2025-12-18T01:02:32+00:00\" \/>\n<meta property=\"og:image\" content=\"https:\/\/elamusspa.ee\/wp-content\/uploads\/2025\/11\/elamus_bowling_pubi_spark_tallinn_1.jpg\" \/>\n\t<meta property=\"og:image:width\" content=\"2048\" \/>\n\t<meta property=\"og:image:height\" content=\"1200\" \/>\n\t<meta property=\"og:image:type\" content=\"image\/jpeg\" \/>\n<meta name=\"twitter:card\" content=\"summary_large_image\" \/>\n<meta name=\"twitter:label1\" content=\"\u041f\u0440\u0438\u043c\u0435\u0440\u043d\u043e\u0435 \u0432\u0440\u0435\u043c\u044f \u0434\u043b\u044f \u0447\u0442\u0435\u043d\u0438\u044f\" \/>\n\t<meta name=\"twitter:data1\" content=\"1 \u043c\u0438\u043d\u0443\u0442\u0430\" \/>\n<script type=\"application\/ld+json\" class=\"yoast-schema-graph\">{\"@context\":\"https:\/\/schema.org\",\"@graph\":[{\"@type\":\"WebPage\",\"@id\":\"https:\/\/elamusspa.ee\/toode\/bowling-kinkekaardid\/\",\"url\":\"https:\/\/elamusspa.ee\/toode\/bowling-kinkekaardid\/\",\"name\":\"Elamus Bowling&Pubi bowlingu kinkekaardid - Elamus Spa\",\"isPartOf\":{\"@id\":\"https:\/\/elamusspa.ee\/#website\"},\"datePublished\":\"2025-11-01T12:15:46+00:00\",\"dateModified\":\"2025-12-18T01:02:32+00:00\",\"breadcrumb\":{\"@id\":\"https:\/\/elamusspa.ee\/toode\/bowling-kinkekaardid\/#breadcrumb\"},\"inLanguage\":\"ru-RU\",\"potentialAction\":[{\"@type\":\"ReadAction\",\"target\":[\"https:\/\/elamusspa.ee\/toode\/bowling-kinkekaardid\/\"]}]},{\"@type\":\"BreadcrumbList\",\"@id\":\"https:\/\/elamusspa.ee\/toode\/bowling-kinkekaardid\/#breadcrumb\",\"itemListElement\":[{\"@type\":\"ListItem\",\"position\":1,\"name\":\"\u0413\u041b\u0410\u0412\u041d\u0410\u042f \u0421\u0422\u0420\u0410\u041d\u0418\u0426\u0410\",\"item\":\"https:\/\/elamusspa.ee\/ru\/\"},{\"@type\":\"ListItem\",\"position\":2,\"name\":\"\u0417\u0430\u0431\u0440\u043e\u043d\u0438\u0440\u0443\u0439 \u0443\u0441\u043b\u0443\u0433\u0443\",\"item\":\"https:\/\/elamusspa.ee\/ru\/zabroniruj-uslugu\/\"},{\"@type\":\"ListItem\",\"position\":3,\"name\":\"Elamus Bowling&#038;Pubi bowlingu kinkekaardid\"}]},{\"@type\":\"WebSite\",\"@id\":\"https:\/\/elamusspa.ee\/#website\",\"url\":\"https:\/\/elamusspa.ee\/\",\"name\":\"Elamus Spa\",\"description\":\"Baltikumi suurim SPA\",\"publisher\":{\"@id\":\"https:\/\/elamusspa.ee\/#organization\"},\"potentialAction\":[{\"@type\":\"SearchAction\",\"target\":{\"@type\":\"EntryPoint\",\"urlTemplate\":\"https:\/\/elamusspa.ee\/?s={search_term_string}\"},\"query-input\":{\"@type\":\"PropertyValueSpecification\",\"valueRequired\":true,\"valueName\":\"search_term_string\"}}],\"inLanguage\":\"ru-RU\"},{\"@type\":\"Organization\",\"@id\":\"https:\/\/elamusspa.ee\/#organization\",\"name\":\"Elamuste SPA\",\"url\":\"https:\/\/elamusspa.ee\/\",\"logo\":{\"@type\":\"ImageObject\",\"inLanguage\":\"ru-RU\",\"@id\":\"https:\/\/elamusspa.ee\/#\/schema\/logo\/image\/\",\"url\":\"https:\/\/elamusspa.ee\/wp-content\/uploads\/2020\/11\/asset-9elamusspa.png\",\"contentUrl\":\"https:\/\/elamusspa.ee\/wp-content\/uploads\/2020\/11\/asset-9elamusspa.png\",\"width\":184,\"height\":77,\"caption\":\"Elamuste SPA\"},\"image\":{\"@id\":\"https:\/\/elamusspa.ee\/#\/schema\/logo\/image\/\"}}]}<\/script>\n<!-- \/ Yoast SEO plugin. -->","yoast_head_json":{"title":"Elamus Bowling&Pubi bowlingu kinkekaardid - Elamus Spa","robots":{"index":"index","follow":"follow","max-snippet":"max-snippet:-1","max-image-preview":"max-image-preview:large","max-video-preview":"max-video-preview:-1"},"canonical":"https:\/\/elamusspa.ee\/toode\/bowling-kinkekaardid\/","og_locale":"ru_RU","og_type":"article","og_title":"Elamus Bowling&Pubi bowlingu kinkekaardid - Elamus Spa","og_description":"Elamus Bowling&amp;Pubi on Eesti suurim ja parima tehnilise varustusega bowlingusaal, 16 Brunswick bowlingurajaga. Rajad on ainulaadse SPARK multimeedia lahendusega, mis pakub p\u00f5nevaid eriefekte. 200-kohalises pubis on v\u00f5imalik t\u00e4histada s\u00fcnnip\u00e4evi, ettev\u00f5tte s\u00fcndmuseid, kaasa elada v\u00f5istlustele ja spordi\u00fclekannetele. Reede ja laup\u00e4eva \u00f5htuti loob meeleolu elav muusika. Koosolekute ja privaatsete s\u00fcndmuste l\u00e4biviimiseks on ruum, mis mahutab klassistiil 20 [&hellip;]","og_url":"https:\/\/elamusspa.ee\/toode\/bowling-kinkekaardid\/","og_site_name":"Elamus Spa","article_modified_time":"2025-12-18T01:02:32+00:00","og_image":[{"width":2048,"height":1200,"url":"https:\/\/elamusspa.ee\/wp-content\/uploads\/2025\/11\/elamus_bowling_pubi_spark_tallinn_1.jpg","type":"image\/jpeg"}],"twitter_card":"summary_large_image","twitter_misc":{"\u041f\u0440\u0438\u043c\u0435\u0440\u043d\u043e\u0435 \u0432\u0440\u0435\u043c\u044f \u0434\u043b\u044f \u0447\u0442\u0435\u043d\u0438\u044f":"1 \u043c\u0438\u043d\u0443\u0442\u0430"},"schema":{"@context":"https:\/\/schema.org","@graph":[{"@type":"WebPage","@id":"https:\/\/elamusspa.ee\/toode\/bowling-kinkekaardid\/","url":"https:\/\/elamusspa.ee\/toode\/bowling-kinkekaardid\/","name":"Elamus Bowling&Pubi bowlingu kinkekaardid - Elamus Spa","isPartOf":{"@id":"https:\/\/elamusspa.ee\/#website"},"datePublished":"2025-11-01T12:15:46+00:00","dateModified":"2025-12-18T01:02:32+00:00","breadcrumb":{"@id":"https:\/\/elamusspa.ee\/toode\/bowling-kinkekaardid\/#breadcrumb"},"inLanguage":"ru-RU","potentialAction":[{"@type":"ReadAction","target":["https:\/\/elamusspa.ee\/toode\/bowling-kinkekaardid\/"]}]},{"@type":"BreadcrumbList","@id":"https:\/\/elamusspa.ee\/toode\/bowling-kinkekaardid\/#breadcrumb","itemListElement":[{"@type":"ListItem","position":1,"name":"\u0413\u041b\u0410\u0412\u041d\u0410\u042f \u0421\u0422\u0420\u0410\u041d\u0418\u0426\u0410","item":"https:\/\/elamusspa.ee\/ru\/"},{"@type":"ListItem","position":2,"name":"\u0417\u0430\u0431\u0440\u043e\u043d\u0438\u0440\u0443\u0439 \u0443\u0441\u043b\u0443\u0433\u0443","item":"https:\/\/elamusspa.ee\/ru\/zabroniruj-uslugu\/"},{"@type":"ListItem","position":3,"name":"Elamus Bowling&#038;Pubi bowlingu kinkekaardid"}]},{"@type":"WebSite","@id":"https:\/\/elamusspa.ee\/#website","url":"https:\/\/elamusspa.ee\/","name":"Elamus Spa","description":"Baltikumi suurim SPA","publisher":{"@id":"https:\/\/elamusspa.ee\/#organization"},"potentialAction":[{"@type":"SearchAction","target":{"@type":"EntryPoint","urlTemplate":"https:\/\/elamusspa.ee\/?s={search_term_string}"},"query-input":{"@type":"PropertyValueSpecification","valueRequired":true,"valueName":"search_term_string"}}],"inLanguage":"ru-RU"},{"@type":"Organization","@id":"https:\/\/elamusspa.ee\/#organization","name":"Elamuste SPA","url":"https:\/\/elamusspa.ee\/","logo":{"@type":"ImageObject","inLanguage":"ru-RU","@id":"https:\/\/elamusspa.ee\/#\/schema\/logo\/image\/","url":"https:\/\/elamusspa.ee\/wp-content\/uploads\/2020\/11\/asset-9elamusspa.png","contentUrl":"https:\/\/elamusspa.ee\/wp-content\/uploads\/2020\/11\/asset-9elamusspa.png","width":184,"height":77,"caption":"Elamuste SPA"},"image":{"@id":"https:\/\/elamusspa.ee\/#\/schema\/logo\/image\/"}}]}},"_links":{"self":[{"href":"https:\/\/elamusspa.ee\/ru\/wp-json\/wp\/v2\/product\/105479"}],"collection":[{"href":"https:\/\/elamusspa.ee\/ru\/wp-json\/wp\/v2\/product"}],"about":[{"href":"https:\/\/elamusspa.ee\/ru\/wp-json\/wp\/v2\/types\/product"}],"wp:attachment":[{"href":"https:\/\/elamusspa.ee\/ru\/wp-json\/wp\/v2\/media?parent=105479"}],"wp:term":[{"taxonomy":"product_cat","embeddable":true,"href":"https:\/\/elamusspa.ee\/ru\/wp-json\/wp\/v2\/product_cat?post=105479"},{"taxonomy":"product_tag","embeddable":true,"href":"https:\/\/elamusspa.ee\/ru\/wp-json\/wp\/v2\/product_tag?post=105479"}],"curies":[{"name":"wp","href":"https:\/\/api.w.org\/{rel}","templated":true}]}}