{"id":114227,"date":"2026-01-11T22:14:36","date_gmt":"2026-01-11T22:14:36","guid":{"rendered":"https:\/\/elamusspa.ee\/?post_type=product&#038;p=114227"},"modified":"2026-01-12T00:11:07","modified_gmt":"2026-01-12T00:11:07","slug":"messipakkumine-kuni-31-08-2026-elamus-bowlingpubi","status":"publish","type":"product","link":"https:\/\/elamusspa.ee\/ru\/toode\/messipakkumine-kuni-31-08-2026-elamus-bowlingpubi\/","title":{"rendered":"Messipakkumine kuni 31.08.2026 Elamus Bowling&#038;Pubi"},"content":{"rendered":"<p><a href=\"https:\/\/elamusbowling.ee\/\">Elamus Bowling&amp;Pubi<\/a> on Eesti suurim ja parima tehnilise varustusega bowlingusaal, 16 Brunswick bowlingurajaga. Rajad on ainulaadse SPARK multimeedia lahendusega, mis pakub p\u00f5nevaid eriefekte. 200-kohalises pubis on v\u00f5imalik t\u00e4histada s\u00fcnnip\u00e4evi, ettev\u00f5tte s\u00fcndmuseid, kaasa elada v\u00f5istlustele ja spordi\u00fclekannetele.\u00a0T\u00e4psem info ja broneerimine <a href=\"https:\/\/elamusbowling.ee\/\">siin. <\/a><strong>Jalatsite rent<\/strong>\u00a0lisandub kohapeal \u2013 2 \u20ac\/paar<\/p>\n<p><strong>Messipakkumise soodustuse saamiseks lisa soodustuse kood ostukorvi v\u00f5i skaneeri see QR-koodilt. Pakkumine ja soodustus kehtivad kuni 31.08.2026.<\/strong><\/p>\n<p>&nbsp;<\/p>\n","protected":false},"excerpt":{"rendered":"<p>Elamus Bowling&amp;Pubi on Eesti suurim ja parima tehnilise varustusega bowlingusaal, 16 Brunswick bowlingurajaga. Rajad on ainulaadse SPARK multimeedia lahendusega, mis pakub p\u00f5nevaid eriefekte. 200-kohalises pubis on v\u00f5imalik t\u00e4histada s\u00fcnnip\u00e4evi, ettev\u00f5tte s\u00fcndmuseid, kaasa elada v\u00f5istlustele ja spordi\u00fclekannetele.\u00a0T\u00e4psem info ja broneerimine siin. Jalatsite rent\u00a0lisandub kohapeal \u2013 2 \u20ac\/paar Messipakkumise soodustuse saamiseks lisa soodustuse kood ostukorvi v\u00f5i skaneeri [&hellip;]<\/p>\n","protected":false},"featured_media":105034,"template":"","meta":{"_acf_changed":false},"product_cat":[23,196],"product_tag":[],"acf":[],"yoast_head":"<!-- This site is optimized with the Yoast SEO plugin v24.0 - https:\/\/yoast.com\/wordpress\/plugins\/seo\/ -->\n<title>Messipakkumine kuni 31.08.2026 Elamus Bowling&amp;Pubi - Elamus Spa<\/title>\n<meta name=\"robots\" content=\"index, follow, max-snippet:-1, max-image-preview:large, max-video-preview:-1\" \/>\n<link rel=\"canonical\" href=\"https:\/\/elamusspa.ee\/toode\/messipakkumine-kuni-31-08-2026-elamus-bowlingpubi\/\" \/>\n<meta property=\"og:locale\" content=\"ru_RU\" \/>\n<meta property=\"og:type\" content=\"article\" \/>\n<meta property=\"og:title\" content=\"Messipakkumine kuni 31.08.2026 Elamus Bowling&amp;Pubi - Elamus Spa\" \/>\n<meta property=\"og:description\" content=\"Elamus Bowling&amp;Pubi on Eesti suurim ja parima tehnilise varustusega bowlingusaal, 16 Brunswick bowlingurajaga. Rajad on ainulaadse SPARK multimeedia lahendusega, mis pakub p\u00f5nevaid eriefekte. 200-kohalises pubis on v\u00f5imalik t\u00e4histada s\u00fcnnip\u00e4evi, ettev\u00f5tte s\u00fcndmuseid, kaasa elada v\u00f5istlustele ja spordi\u00fclekannetele.\u00a0T\u00e4psem info ja broneerimine siin. Jalatsite rent\u00a0lisandub kohapeal \u2013 2 \u20ac\/paar Messipakkumise soodustuse saamiseks lisa soodustuse kood ostukorvi v\u00f5i skaneeri [&hellip;]\" \/>\n<meta property=\"og:url\" content=\"https:\/\/elamusspa.ee\/toode\/messipakkumine-kuni-31-08-2026-elamus-bowlingpubi\/\" \/>\n<meta property=\"og:site_name\" content=\"Elamus Spa\" \/>\n<meta property=\"article:modified_time\" content=\"2026-01-12T00:11:07+00:00\" \/>\n<meta property=\"og:image\" content=\"https:\/\/elamusspa.ee\/wp-content\/uploads\/2025\/10\/elamus-bowling-foto-joosep-ints-085.jpg\" \/>\n\t<meta property=\"og:image:width\" content=\"2048\" \/>\n\t<meta property=\"og:image:height\" content=\"1329\" \/>\n\t<meta property=\"og:image:type\" content=\"image\/jpeg\" \/>\n<meta name=\"twitter:card\" content=\"summary_large_image\" \/>\n<meta name=\"twitter:label1\" content=\"\u041f\u0440\u0438\u043c\u0435\u0440\u043d\u043e\u0435 \u0432\u0440\u0435\u043c\u044f \u0434\u043b\u044f \u0447\u0442\u0435\u043d\u0438\u044f\" \/>\n\t<meta name=\"twitter:data1\" content=\"1 \u043c\u0438\u043d\u0443\u0442\u0430\" \/>\n<script type=\"application\/ld+json\" class=\"yoast-schema-graph\">{\"@context\":\"https:\/\/schema.org\",\"@graph\":[{\"@type\":\"WebPage\",\"@id\":\"https:\/\/elamusspa.ee\/toode\/messipakkumine-kuni-31-08-2026-elamus-bowlingpubi\/\",\"url\":\"https:\/\/elamusspa.ee\/toode\/messipakkumine-kuni-31-08-2026-elamus-bowlingpubi\/\",\"name\":\"Messipakkumine kuni 31.08.2026 Elamus Bowling&Pubi - Elamus Spa\",\"isPartOf\":{\"@id\":\"https:\/\/elamusspa.ee\/#website\"},\"primaryImageOfPage\":{\"@id\":\"https:\/\/elamusspa.ee\/toode\/messipakkumine-kuni-31-08-2026-elamus-bowlingpubi\/#primaryimage\"},\"image\":{\"@id\":\"https:\/\/elamusspa.ee\/toode\/messipakkumine-kuni-31-08-2026-elamus-bowlingpubi\/#primaryimage\"},\"thumbnailUrl\":\"https:\/\/elamusspa.ee\/wp-content\/uploads\/2025\/10\/elamus-bowling-foto-joosep-ints-085.jpg\",\"datePublished\":\"2026-01-11T22:14:36+00:00\",\"dateModified\":\"2026-01-12T00:11:07+00:00\",\"breadcrumb\":{\"@id\":\"https:\/\/elamusspa.ee\/toode\/messipakkumine-kuni-31-08-2026-elamus-bowlingpubi\/#breadcrumb\"},\"inLanguage\":\"ru-RU\",\"potentialAction\":[{\"@type\":\"ReadAction\",\"target\":[\"https:\/\/elamusspa.ee\/toode\/messipakkumine-kuni-31-08-2026-elamus-bowlingpubi\/\"]}]},{\"@type\":\"ImageObject\",\"inLanguage\":\"ru-RU\",\"@id\":\"https:\/\/elamusspa.ee\/toode\/messipakkumine-kuni-31-08-2026-elamus-bowlingpubi\/#primaryimage\",\"url\":\"https:\/\/elamusspa.ee\/wp-content\/uploads\/2025\/10\/elamus-bowling-foto-joosep-ints-085.jpg\",\"contentUrl\":\"https:\/\/elamusspa.ee\/wp-content\/uploads\/2025\/10\/elamus-bowling-foto-joosep-ints-085.jpg\",\"width\":2048,\"height\":1329,\"caption\":\"Elamus Bowling. Foto: GoodNews, Joosep Ints\"},{\"@type\":\"BreadcrumbList\",\"@id\":\"https:\/\/elamusspa.ee\/toode\/messipakkumine-kuni-31-08-2026-elamus-bowlingpubi\/#breadcrumb\",\"itemListElement\":[{\"@type\":\"ListItem\",\"position\":1,\"name\":\"\u0413\u041b\u0410\u0412\u041d\u0410\u042f \u0421\u0422\u0420\u0410\u041d\u0418\u0426\u0410\",\"item\":\"https:\/\/elamusspa.ee\/ru\/\"},{\"@type\":\"ListItem\",\"position\":2,\"name\":\"\u0417\u0430\u0431\u0440\u043e\u043d\u0438\u0440\u0443\u0439 \u0443\u0441\u043b\u0443\u0433\u0443\",\"item\":\"https:\/\/elamusspa.ee\/ru\/zabroniruj-uslugu\/\"},{\"@type\":\"ListItem\",\"position\":3,\"name\":\"Messipakkumine kuni 31.08.2026 Elamus Bowling&#038;Pubi\"}]},{\"@type\":\"WebSite\",\"@id\":\"https:\/\/elamusspa.ee\/#website\",\"url\":\"https:\/\/elamusspa.ee\/\",\"name\":\"Elamus Spa\",\"description\":\"Baltikumi suurim SPA\",\"publisher\":{\"@id\":\"https:\/\/elamusspa.ee\/#organization\"},\"potentialAction\":[{\"@type\":\"SearchAction\",\"target\":{\"@type\":\"EntryPoint\",\"urlTemplate\":\"https:\/\/elamusspa.ee\/?s={search_term_string}\"},\"query-input\":{\"@type\":\"PropertyValueSpecification\",\"valueRequired\":true,\"valueName\":\"search_term_string\"}}],\"inLanguage\":\"ru-RU\"},{\"@type\":\"Organization\",\"@id\":\"https:\/\/elamusspa.ee\/#organization\",\"name\":\"Elamuste SPA\",\"url\":\"https:\/\/elamusspa.ee\/\",\"logo\":{\"@type\":\"ImageObject\",\"inLanguage\":\"ru-RU\",\"@id\":\"https:\/\/elamusspa.ee\/#\/schema\/logo\/image\/\",\"url\":\"https:\/\/elamusspa.ee\/wp-content\/uploads\/2020\/11\/asset-9elamusspa.png\",\"contentUrl\":\"https:\/\/elamusspa.ee\/wp-content\/uploads\/2020\/11\/asset-9elamusspa.png\",\"width\":184,\"height\":77,\"caption\":\"Elamuste SPA\"},\"image\":{\"@id\":\"https:\/\/elamusspa.ee\/#\/schema\/logo\/image\/\"}}]}<\/script>\n<!-- \/ Yoast SEO plugin. -->","yoast_head_json":{"title":"Messipakkumine kuni 31.08.2026 Elamus Bowling&Pubi - Elamus Spa","robots":{"index":"index","follow":"follow","max-snippet":"max-snippet:-1","max-image-preview":"max-image-preview:large","max-video-preview":"max-video-preview:-1"},"canonical":"https:\/\/elamusspa.ee\/toode\/messipakkumine-kuni-31-08-2026-elamus-bowlingpubi\/","og_locale":"ru_RU","og_type":"article","og_title":"Messipakkumine kuni 31.08.2026 Elamus Bowling&Pubi - Elamus Spa","og_description":"Elamus Bowling&amp;Pubi on Eesti suurim ja parima tehnilise varustusega bowlingusaal, 16 Brunswick bowlingurajaga. Rajad on ainulaadse SPARK multimeedia lahendusega, mis pakub p\u00f5nevaid eriefekte. 200-kohalises pubis on v\u00f5imalik t\u00e4histada s\u00fcnnip\u00e4evi, ettev\u00f5tte s\u00fcndmuseid, kaasa elada v\u00f5istlustele ja spordi\u00fclekannetele.\u00a0T\u00e4psem info ja broneerimine siin. Jalatsite rent\u00a0lisandub kohapeal \u2013 2 \u20ac\/paar Messipakkumise soodustuse saamiseks lisa soodustuse kood ostukorvi v\u00f5i skaneeri [&hellip;]","og_url":"https:\/\/elamusspa.ee\/toode\/messipakkumine-kuni-31-08-2026-elamus-bowlingpubi\/","og_site_name":"Elamus Spa","article_modified_time":"2026-01-12T00:11:07+00:00","og_image":[{"width":2048,"height":1329,"url":"https:\/\/elamusspa.ee\/wp-content\/uploads\/2025\/10\/elamus-bowling-foto-joosep-ints-085.jpg","type":"image\/jpeg"}],"twitter_card":"summary_large_image","twitter_misc":{"\u041f\u0440\u0438\u043c\u0435\u0440\u043d\u043e\u0435 \u0432\u0440\u0435\u043c\u044f \u0434\u043b\u044f \u0447\u0442\u0435\u043d\u0438\u044f":"1 \u043c\u0438\u043d\u0443\u0442\u0430"},"schema":{"@context":"https:\/\/schema.org","@graph":[{"@type":"WebPage","@id":"https:\/\/elamusspa.ee\/toode\/messipakkumine-kuni-31-08-2026-elamus-bowlingpubi\/","url":"https:\/\/elamusspa.ee\/toode\/messipakkumine-kuni-31-08-2026-elamus-bowlingpubi\/","name":"Messipakkumine kuni 31.08.2026 Elamus Bowling&Pubi - Elamus Spa","isPartOf":{"@id":"https:\/\/elamusspa.ee\/#website"},"primaryImageOfPage":{"@id":"https:\/\/elamusspa.ee\/toode\/messipakkumine-kuni-31-08-2026-elamus-bowlingpubi\/#primaryimage"},"image":{"@id":"https:\/\/elamusspa.ee\/toode\/messipakkumine-kuni-31-08-2026-elamus-bowlingpubi\/#primaryimage"},"thumbnailUrl":"https:\/\/elamusspa.ee\/wp-content\/uploads\/2025\/10\/elamus-bowling-foto-joosep-ints-085.jpg","datePublished":"2026-01-11T22:14:36+00:00","dateModified":"2026-01-12T00:11:07+00:00","breadcrumb":{"@id":"https:\/\/elamusspa.ee\/toode\/messipakkumine-kuni-31-08-2026-elamus-bowlingpubi\/#breadcrumb"},"inLanguage":"ru-RU","potentialAction":[{"@type":"ReadAction","target":["https:\/\/elamusspa.ee\/toode\/messipakkumine-kuni-31-08-2026-elamus-bowlingpubi\/"]}]},{"@type":"ImageObject","inLanguage":"ru-RU","@id":"https:\/\/elamusspa.ee\/toode\/messipakkumine-kuni-31-08-2026-elamus-bowlingpubi\/#primaryimage","url":"https:\/\/elamusspa.ee\/wp-content\/uploads\/2025\/10\/elamus-bowling-foto-joosep-ints-085.jpg","contentUrl":"https:\/\/elamusspa.ee\/wp-content\/uploads\/2025\/10\/elamus-bowling-foto-joosep-ints-085.jpg","width":2048,"height":1329,"caption":"Elamus Bowling. Foto: GoodNews, Joosep Ints"},{"@type":"BreadcrumbList","@id":"https:\/\/elamusspa.ee\/toode\/messipakkumine-kuni-31-08-2026-elamus-bowlingpubi\/#breadcrumb","itemListElement":[{"@type":"ListItem","position":1,"name":"\u0413\u041b\u0410\u0412\u041d\u0410\u042f \u0421\u0422\u0420\u0410\u041d\u0418\u0426\u0410","item":"https:\/\/elamusspa.ee\/ru\/"},{"@type":"ListItem","position":2,"name":"\u0417\u0430\u0431\u0440\u043e\u043d\u0438\u0440\u0443\u0439 \u0443\u0441\u043b\u0443\u0433\u0443","item":"https:\/\/elamusspa.ee\/ru\/zabroniruj-uslugu\/"},{"@type":"ListItem","position":3,"name":"Messipakkumine kuni 31.08.2026 Elamus Bowling&#038;Pubi"}]},{"@type":"WebSite","@id":"https:\/\/elamusspa.ee\/#website","url":"https:\/\/elamusspa.ee\/","name":"Elamus Spa","description":"Baltikumi suurim SPA","publisher":{"@id":"https:\/\/elamusspa.ee\/#organization"},"potentialAction":[{"@type":"SearchAction","target":{"@type":"EntryPoint","urlTemplate":"https:\/\/elamusspa.ee\/?s={search_term_string}"},"query-input":{"@type":"PropertyValueSpecification","valueRequired":true,"valueName":"search_term_string"}}],"inLanguage":"ru-RU"},{"@type":"Organization","@id":"https:\/\/elamusspa.ee\/#organization","name":"Elamuste SPA","url":"https:\/\/elamusspa.ee\/","logo":{"@type":"ImageObject","inLanguage":"ru-RU","@id":"https:\/\/elamusspa.ee\/#\/schema\/logo\/image\/","url":"https:\/\/elamusspa.ee\/wp-content\/uploads\/2020\/11\/asset-9elamusspa.png","contentUrl":"https:\/\/elamusspa.ee\/wp-content\/uploads\/2020\/11\/asset-9elamusspa.png","width":184,"height":77,"caption":"Elamuste SPA"},"image":{"@id":"https:\/\/elamusspa.ee\/#\/schema\/logo\/image\/"}}]}},"_links":{"self":[{"href":"https:\/\/elamusspa.ee\/ru\/wp-json\/wp\/v2\/product\/114227"}],"collection":[{"href":"https:\/\/elamusspa.ee\/ru\/wp-json\/wp\/v2\/product"}],"about":[{"href":"https:\/\/elamusspa.ee\/ru\/wp-json\/wp\/v2\/types\/product"}],"wp:featuredmedia":[{"embeddable":true,"href":"https:\/\/elamusspa.ee\/ru\/wp-json\/wp\/v2\/media\/105034"}],"wp:attachment":[{"href":"https:\/\/elamusspa.ee\/ru\/wp-json\/wp\/v2\/media?parent=114227"}],"wp:term":[{"taxonomy":"product_cat","embeddable":true,"href":"https:\/\/elamusspa.ee\/ru\/wp-json\/wp\/v2\/product_cat?post=114227"},{"taxonomy":"product_tag","embeddable":true,"href":"https:\/\/elamusspa.ee\/ru\/wp-json\/wp\/v2\/product_tag?post=114227"}],"curies":[{"name":"wp","href":"https:\/\/api.w.org\/{rel}","templated":true}]}}