{"id":126329,"date":"2026-05-14T08:22:56","date_gmt":"2026-05-14T08:22:56","guid":{"rendered":"https:\/\/elamusspa.ee\/?post_type=product&#038;p=126329"},"modified":"2026-05-14T12:45:21","modified_gmt":"2026-05-14T12:45:21","slug":"loogastav-rullimine-parnavihaga","status":"publish","type":"product","link":"https:\/\/elamusspa.ee\/ru\/statja\/loogastav-rullimine-parnavihaga\/","title":{"rendered":"L\u00f5\u00f5gastav &#171;rullimine&#187; p\u00e4rnavihaga 20-25min &#8212; 49\u20ac"},"content":{"rendered":"<p>Delikaatne protseduur v\u00e4ljendunud rahustava ja l\u00f5\u00f5gastava toimega. P\u00e4rnavihad m\u00f5juvad kehale \u00f5rnalt, aitavad v\u00e4hendada lihaspingeid, parandavad mikrovereringet ning m\u00f5juvad soodsalt naha seisundile. Ideaalne taastumiseks p\u00e4rast stressi ning emotsionaalset v\u00f5i vaimset \u00fclekoormust.<\/p>\n<p><strong>Hea teada:<br \/>\n*\u00a0<\/strong>Vihtlemine toimub Spa21+ Turba-suitsusaunas (Elamus spa p\u00e4\u00e4smega k\u00fclalised toimetatakse vihtlemise ajaks Spa21+ alale)<br \/>\n* Naistel palume kanda vihtlemisel soovitatavalt bikiine (vajadusel saab k\u00fcsida \u00fchekordse pesu).<br \/>\n* Palume olla sauna juures kohal 5-10 min enne vihtlemist.<\/p>\n<p>* Teenus ei sisalda spaap\u00e4\u00e4set.<\/p>\n","protected":false},"excerpt":{"rendered":"<p>Delikaatne protseduur v\u00e4ljendunud rahustava ja l\u00f5\u00f5gastava toimega. P\u00e4rnavihad m\u00f5juvad kehale \u00f5rnalt, aitavad v\u00e4hendada lihaspingeid, parandavad mikrovereringet ning m\u00f5juvad soodsalt naha seisundile. Ideaalne taastumiseks p\u00e4rast stressi ning emotsionaalset v\u00f5i vaimset \u00fclekoormust. Hea teada: *\u00a0Vihtlemine toimub Spa21+ Turba-suitsusaunas (Elamus spa p\u00e4\u00e4smega k\u00fclalised toimetatakse vihtlemise ajaks Spa21+ alale) * Naistel palume kanda vihtlemisel soovitatavalt bikiine (vajadusel saab k\u00fcsida [&hellip;]<\/p>\n","protected":false},"featured_media":125714,"template":"","meta":{"_acf_changed":false},"product_cat":[192,209],"product_tag":[],"exclude_global_add_ons":[],"addons":[],"acf":[],"yoast_head":"<!-- This site is optimized with the Yoast SEO plugin v24.0 - https:\/\/yoast.com\/wordpress\/plugins\/seo\/ -->\n<title>L\u00f5\u00f5gastav &quot;rullimine&quot; p\u00e4rnavihaga 20-25min - 49\u20ac - Elamus Spa<\/title>\n<meta name=\"robots\" content=\"index, follow, max-snippet:-1, max-image-preview:large, max-video-preview:-1\" \/>\n<link rel=\"canonical\" href=\"https:\/\/elamusspa.ee\/toode\/loogastav-rullimine-parnavihaga\/\" \/>\n<meta property=\"og:locale\" content=\"ru_RU\" \/>\n<meta property=\"og:type\" content=\"article\" \/>\n<meta property=\"og:title\" content=\"L\u00f5\u00f5gastav &quot;rullimine&quot; p\u00e4rnavihaga 20-25min - 49\u20ac - Elamus Spa\" \/>\n<meta property=\"og:description\" content=\"Delikaatne protseduur v\u00e4ljendunud rahustava ja l\u00f5\u00f5gastava toimega. P\u00e4rnavihad m\u00f5juvad kehale \u00f5rnalt, aitavad v\u00e4hendada lihaspingeid, parandavad mikrovereringet ning m\u00f5juvad soodsalt naha seisundile. Ideaalne taastumiseks p\u00e4rast stressi ning emotsionaalset v\u00f5i vaimset \u00fclekoormust. Hea teada: *\u00a0Vihtlemine toimub Spa21+ Turba-suitsusaunas (Elamus spa p\u00e4\u00e4smega k\u00fclalised toimetatakse vihtlemise ajaks Spa21+ alale) * Naistel palume kanda vihtlemisel soovitatavalt bikiine (vajadusel saab k\u00fcsida [&hellip;]\" \/>\n<meta property=\"og:url\" content=\"https:\/\/elamusspa.ee\/toode\/loogastav-rullimine-parnavihaga\/\" \/>\n<meta property=\"og:site_name\" content=\"Elamus Spa\" \/>\n<meta property=\"article:modified_time\" content=\"2026-05-14T12:45:21+00:00\" \/>\n<meta property=\"og:image\" content=\"https:\/\/elamusspa.ee\/wp-content\/uploads\/2026\/05\/privaatvihtlemine-foto-joosep-ints-47.jpg\" \/>\n\t<meta property=\"og:image:width\" content=\"2048\" \/>\n\t<meta property=\"og:image:height\" content=\"1365\" \/>\n\t<meta property=\"og:image:type\" content=\"image\/jpeg\" \/>\n<meta name=\"twitter:card\" content=\"summary_large_image\" \/>\n<meta name=\"twitter:label1\" content=\"\u041f\u0440\u0438\u043c\u0435\u0440\u043d\u043e\u0435 \u0432\u0440\u0435\u043c\u044f \u0434\u043b\u044f \u0447\u0442\u0435\u043d\u0438\u044f\" \/>\n\t<meta name=\"twitter:data1\" content=\"1 \u043c\u0438\u043d\u0443\u0442\u0430\" \/>\n<script type=\"application\/ld+json\" class=\"yoast-schema-graph\">{\"@context\":\"https:\/\/schema.org\",\"@graph\":[{\"@type\":\"WebPage\",\"@id\":\"https:\/\/elamusspa.ee\/toode\/loogastav-rullimine-parnavihaga\/\",\"url\":\"https:\/\/elamusspa.ee\/toode\/loogastav-rullimine-parnavihaga\/\",\"name\":\"L\u00f5\u00f5gastav \\\"rullimine\\\" p\u00e4rnavihaga 20-25min - 49\u20ac - Elamus Spa\",\"isPartOf\":{\"@id\":\"https:\/\/elamusspa.ee\/#website\"},\"primaryImageOfPage\":{\"@id\":\"https:\/\/elamusspa.ee\/toode\/loogastav-rullimine-parnavihaga\/#primaryimage\"},\"image\":{\"@id\":\"https:\/\/elamusspa.ee\/toode\/loogastav-rullimine-parnavihaga\/#primaryimage\"},\"thumbnailUrl\":\"https:\/\/elamusspa.ee\/wp-content\/uploads\/2026\/05\/privaatvihtlemine-foto-joosep-ints-47.jpg\",\"datePublished\":\"2026-05-14T08:22:56+00:00\",\"dateModified\":\"2026-05-14T12:45:21+00:00\",\"breadcrumb\":{\"@id\":\"https:\/\/elamusspa.ee\/toode\/loogastav-rullimine-parnavihaga\/#breadcrumb\"},\"inLanguage\":\"ru-RU\",\"potentialAction\":[{\"@type\":\"ReadAction\",\"target\":[\"https:\/\/elamusspa.ee\/toode\/loogastav-rullimine-parnavihaga\/\"]}]},{\"@type\":\"ImageObject\",\"inLanguage\":\"ru-RU\",\"@id\":\"https:\/\/elamusspa.ee\/toode\/loogastav-rullimine-parnavihaga\/#primaryimage\",\"url\":\"https:\/\/elamusspa.ee\/wp-content\/uploads\/2026\/05\/privaatvihtlemine-foto-joosep-ints-47.jpg\",\"contentUrl\":\"https:\/\/elamusspa.ee\/wp-content\/uploads\/2026\/05\/privaatvihtlemine-foto-joosep-ints-47.jpg\",\"width\":2048,\"height\":1365},{\"@type\":\"BreadcrumbList\",\"@id\":\"https:\/\/elamusspa.ee\/toode\/loogastav-rullimine-parnavihaga\/#breadcrumb\",\"itemListElement\":[{\"@type\":\"ListItem\",\"position\":1,\"name\":\"\u0413\u041b\u0410\u0412\u041d\u0410\u042f \u0421\u0422\u0420\u0410\u041d\u0418\u0426\u0410\",\"item\":\"https:\/\/elamusspa.ee\/ru\/\"},{\"@type\":\"ListItem\",\"position\":2,\"name\":\"\u0417\u0430\u0431\u0440\u043e\u043d\u0438\u0440\u0443\u0439 \u0443\u0441\u043b\u0443\u0433\u0443\",\"item\":\"https:\/\/elamusspa.ee\/ru\/zabroniruj-uslugu\/\"},{\"@type\":\"ListItem\",\"position\":3,\"name\":\"L\u00f5\u00f5gastav &#8220;rullimine&#8221; p\u00e4rnavihaga 20-25min &#8211; 49\u20ac\"}]},{\"@type\":\"WebSite\",\"@id\":\"https:\/\/elamusspa.ee\/#website\",\"url\":\"https:\/\/elamusspa.ee\/\",\"name\":\"Elamus Spa\",\"description\":\"Baltikumi suurim SPA\",\"publisher\":{\"@id\":\"https:\/\/elamusspa.ee\/#organization\"},\"potentialAction\":[{\"@type\":\"SearchAction\",\"target\":{\"@type\":\"EntryPoint\",\"urlTemplate\":\"https:\/\/elamusspa.ee\/?s={search_term_string}\"},\"query-input\":{\"@type\":\"PropertyValueSpecification\",\"valueRequired\":true,\"valueName\":\"search_term_string\"}}],\"inLanguage\":\"ru-RU\"},{\"@type\":\"Organization\",\"@id\":\"https:\/\/elamusspa.ee\/#organization\",\"name\":\"Elamuste SPA\",\"url\":\"https:\/\/elamusspa.ee\/\",\"logo\":{\"@type\":\"ImageObject\",\"inLanguage\":\"ru-RU\",\"@id\":\"https:\/\/elamusspa.ee\/#\/schema\/logo\/image\/\",\"url\":\"https:\/\/elamusspa.ee\/wp-content\/uploads\/2020\/11\/asset-9elamusspa.png\",\"contentUrl\":\"https:\/\/elamusspa.ee\/wp-content\/uploads\/2020\/11\/asset-9elamusspa.png\",\"width\":184,\"height\":77,\"caption\":\"Elamuste SPA\"},\"image\":{\"@id\":\"https:\/\/elamusspa.ee\/#\/schema\/logo\/image\/\"}}]}<\/script>\n<!-- \/ Yoast SEO plugin. -->","yoast_head_json":{"title":"L\u00f5\u00f5gastav \"rullimine\" p\u00e4rnavihaga 20-25min - 49\u20ac - Elamus Spa","robots":{"index":"index","follow":"follow","max-snippet":"max-snippet:-1","max-image-preview":"max-image-preview:large","max-video-preview":"max-video-preview:-1"},"canonical":"https:\/\/elamusspa.ee\/toode\/loogastav-rullimine-parnavihaga\/","og_locale":"ru_RU","og_type":"article","og_title":"L\u00f5\u00f5gastav \"rullimine\" p\u00e4rnavihaga 20-25min - 49\u20ac - Elamus Spa","og_description":"Delikaatne protseduur v\u00e4ljendunud rahustava ja l\u00f5\u00f5gastava toimega. P\u00e4rnavihad m\u00f5juvad kehale \u00f5rnalt, aitavad v\u00e4hendada lihaspingeid, parandavad mikrovereringet ning m\u00f5juvad soodsalt naha seisundile. Ideaalne taastumiseks p\u00e4rast stressi ning emotsionaalset v\u00f5i vaimset \u00fclekoormust. Hea teada: *\u00a0Vihtlemine toimub Spa21+ Turba-suitsusaunas (Elamus spa p\u00e4\u00e4smega k\u00fclalised toimetatakse vihtlemise ajaks Spa21+ alale) * Naistel palume kanda vihtlemisel soovitatavalt bikiine (vajadusel saab k\u00fcsida [&hellip;]","og_url":"https:\/\/elamusspa.ee\/toode\/loogastav-rullimine-parnavihaga\/","og_site_name":"Elamus Spa","article_modified_time":"2026-05-14T12:45:21+00:00","og_image":[{"width":2048,"height":1365,"url":"https:\/\/elamusspa.ee\/wp-content\/uploads\/2026\/05\/privaatvihtlemine-foto-joosep-ints-47.jpg","type":"image\/jpeg"}],"twitter_card":"summary_large_image","twitter_misc":{"\u041f\u0440\u0438\u043c\u0435\u0440\u043d\u043e\u0435 \u0432\u0440\u0435\u043c\u044f \u0434\u043b\u044f \u0447\u0442\u0435\u043d\u0438\u044f":"1 \u043c\u0438\u043d\u0443\u0442\u0430"},"schema":{"@context":"https:\/\/schema.org","@graph":[{"@type":"WebPage","@id":"https:\/\/elamusspa.ee\/toode\/loogastav-rullimine-parnavihaga\/","url":"https:\/\/elamusspa.ee\/toode\/loogastav-rullimine-parnavihaga\/","name":"L\u00f5\u00f5gastav \"rullimine\" p\u00e4rnavihaga 20-25min - 49\u20ac - Elamus Spa","isPartOf":{"@id":"https:\/\/elamusspa.ee\/#website"},"primaryImageOfPage":{"@id":"https:\/\/elamusspa.ee\/toode\/loogastav-rullimine-parnavihaga\/#primaryimage"},"image":{"@id":"https:\/\/elamusspa.ee\/toode\/loogastav-rullimine-parnavihaga\/#primaryimage"},"thumbnailUrl":"https:\/\/elamusspa.ee\/wp-content\/uploads\/2026\/05\/privaatvihtlemine-foto-joosep-ints-47.jpg","datePublished":"2026-05-14T08:22:56+00:00","dateModified":"2026-05-14T12:45:21+00:00","breadcrumb":{"@id":"https:\/\/elamusspa.ee\/toode\/loogastav-rullimine-parnavihaga\/#breadcrumb"},"inLanguage":"ru-RU","potentialAction":[{"@type":"ReadAction","target":["https:\/\/elamusspa.ee\/toode\/loogastav-rullimine-parnavihaga\/"]}]},{"@type":"ImageObject","inLanguage":"ru-RU","@id":"https:\/\/elamusspa.ee\/toode\/loogastav-rullimine-parnavihaga\/#primaryimage","url":"https:\/\/elamusspa.ee\/wp-content\/uploads\/2026\/05\/privaatvihtlemine-foto-joosep-ints-47.jpg","contentUrl":"https:\/\/elamusspa.ee\/wp-content\/uploads\/2026\/05\/privaatvihtlemine-foto-joosep-ints-47.jpg","width":2048,"height":1365},{"@type":"BreadcrumbList","@id":"https:\/\/elamusspa.ee\/toode\/loogastav-rullimine-parnavihaga\/#breadcrumb","itemListElement":[{"@type":"ListItem","position":1,"name":"\u0413\u041b\u0410\u0412\u041d\u0410\u042f \u0421\u0422\u0420\u0410\u041d\u0418\u0426\u0410","item":"https:\/\/elamusspa.ee\/ru\/"},{"@type":"ListItem","position":2,"name":"\u0417\u0430\u0431\u0440\u043e\u043d\u0438\u0440\u0443\u0439 \u0443\u0441\u043b\u0443\u0433\u0443","item":"https:\/\/elamusspa.ee\/ru\/zabroniruj-uslugu\/"},{"@type":"ListItem","position":3,"name":"L\u00f5\u00f5gastav &#8220;rullimine&#8221; p\u00e4rnavihaga 20-25min &#8211; 49\u20ac"}]},{"@type":"WebSite","@id":"https:\/\/elamusspa.ee\/#website","url":"https:\/\/elamusspa.ee\/","name":"Elamus Spa","description":"Baltikumi suurim SPA","publisher":{"@id":"https:\/\/elamusspa.ee\/#organization"},"potentialAction":[{"@type":"SearchAction","target":{"@type":"EntryPoint","urlTemplate":"https:\/\/elamusspa.ee\/?s={search_term_string}"},"query-input":{"@type":"PropertyValueSpecification","valueRequired":true,"valueName":"search_term_string"}}],"inLanguage":"ru-RU"},{"@type":"Organization","@id":"https:\/\/elamusspa.ee\/#organization","name":"Elamuste SPA","url":"https:\/\/elamusspa.ee\/","logo":{"@type":"ImageObject","inLanguage":"ru-RU","@id":"https:\/\/elamusspa.ee\/#\/schema\/logo\/image\/","url":"https:\/\/elamusspa.ee\/wp-content\/uploads\/2020\/11\/asset-9elamusspa.png","contentUrl":"https:\/\/elamusspa.ee\/wp-content\/uploads\/2020\/11\/asset-9elamusspa.png","width":184,"height":77,"caption":"Elamuste SPA"},"image":{"@id":"https:\/\/elamusspa.ee\/#\/schema\/logo\/image\/"}}]}},"_links":{"self":[{"href":"https:\/\/elamusspa.ee\/ru\/wp-json\/wp\/v2\/product\/126329"}],"collection":[{"href":"https:\/\/elamusspa.ee\/ru\/wp-json\/wp\/v2\/product"}],"about":[{"href":"https:\/\/elamusspa.ee\/ru\/wp-json\/wp\/v2\/types\/product"}],"wp:featuredmedia":[{"embeddable":true,"href":"https:\/\/elamusspa.ee\/ru\/wp-json\/wp\/v2\/media\/125714"}],"wp:attachment":[{"href":"https:\/\/elamusspa.ee\/ru\/wp-json\/wp\/v2\/media?parent=126329"}],"wp:term":[{"taxonomy":"product_cat","embeddable":true,"href":"https:\/\/elamusspa.ee\/ru\/wp-json\/wp\/v2\/product_cat?post=126329"},{"taxonomy":"product_tag","embeddable":true,"href":"https:\/\/elamusspa.ee\/ru\/wp-json\/wp\/v2\/product_tag?post=126329"}],"curies":[{"name":"wp","href":"https:\/\/api.w.org\/{rel}","templated":true}]}}